{"id":2337,"date":"2025-03-24T23:19:40","date_gmt":"2025-03-24T23:19:40","guid":{"rendered":"http:\/\/hk.sdwailian.com\/?page_id=2337"},"modified":"2026-03-25T01:24:56","modified_gmt":"2026-03-25T01:24:56","slug":"about-us","status":"publish","type":"page","link":"https:\/\/www.sxwelding.com\/de\/uber-uns\/","title":{"rendered":"\u00dcber uns"},"content":{"rendered":"<div data-elementor-type=\"wp-page\" data-elementor-id=\"2337\" class=\"elementor elementor-2337\" data-elementor-post-type=\"page\">\n\t\t\t\t<div class=\"elementor-element elementor-element-939e1fd e-con-full e-flex e-con e-parent\" data-id=\"939e1fd\" data-element_type=\"container\" data-e-type=\"container\">\n\t\t<div class=\"elementor-element elementor-element-3965d0c e-con-full e-flex e-con e-child\" data-id=\"3965d0c\" data-element_type=\"container\" data-e-type=\"container\" data-settings=\"{&quot;background_background&quot;:&quot;classic&quot;}\">\n\t\t\t\t<\/div>\n\t\t\t\t<\/div>\n\t\t<div class=\"elementor-element elementor-element-6ea9c28 e-flex e-con-boxed e-con e-parent\" data-id=\"6ea9c28\" data-element_type=\"container\" data-e-type=\"container\">\n\t\t\t\t\t<div class=\"e-con-inner\">\n\t\t\t\t<div class=\"elementor-element elementor-element-73da30b elementor-widget elementor-widget-heading\" data-id=\"73da30b\" data-element_type=\"widget\" data-e-type=\"widget\" data-widget_type=\"heading.default\">\n\t\t\t\t<div class=\"elementor-widget-container\">\n\t\t\t\t\t<h3 class=\"elementor-heading-title elementor-size-default\">\u00dcber SHENG XIANG: Wer wir sind<\/h3>\t\t\t\t<\/div>\n\t\t\t\t<\/div>\n\t\t\t\t<div class=\"elementor-element elementor-element-f470684 elementor-widget elementor-widget-text-editor\" data-id=\"f470684\" data-element_type=\"widget\" data-e-type=\"widget\" data-widget_type=\"text-editor.default\">\n\t\t\t\t<div class=\"elementor-widget-container\">\n\t\t\t\t\t\t\t\t\tDie 2006 gegr\u00fcndete Dezhou Shengxiang Metal Products Co. Ltd. befindet sich in der Wirtschaftsentwicklungszone des Bezirks Lingcheng der Stadt Dezhou in der Provinz Shandong. Das Unternehmen ist eine Gesellschaft mit beschr\u00e4nkter Haftung, die sich auf die integrierte Forschung und Entwicklung, die Produktion und den Vertrieb von Schwei\u00dfmaterialien spezialisiert hat und eine Fl\u00e4che von mehr als 100 Hektar umfasst. Das Hauptproduktportfolio umfasst kupferfreie Schwei\u00dfdr\u00e4hte, Schutzgasschwei\u00dfdr\u00e4hte, Unterpulverschwei\u00dfdr\u00e4hte, WIG-Schwei\u00dfdr\u00e4hte, witterungs- und hitzebest\u00e4ndige Schwei\u00dfdr\u00e4hte, hochfeste Schwei\u00dfdr\u00e4hte, Schwei\u00dfdr\u00e4hte aus Aluminiumlegierungen, Schwei\u00dfdr\u00e4hte aus Titanlegierungen, Schwei\u00dfdr\u00e4hte aus Kupferlegierungen und eine breite Palette von Schwei\u00dfelektroden. Diese Produkte werden in verschiedenen Sektoren wie Schiffbau, Druckbeh\u00e4lter, Br\u00fcckenbau, Schienenfahrzeuge und Schwermaschinenbau eingesetzt. Dar\u00fcber hinaus erf\u00fcllen die High-End-Produkte des Unternehmens die strengen Anforderungen fortschrittlicher Industrien wie Verteidigung, Offshore-Technik und Kernkraft.\t\t\t\t\t\t\t\t<\/div>\n\t\t\t\t<\/div>\n\t\t\t\t<div class=\"elementor-element elementor-element-fd07934 elementor-widget elementor-widget-text-editor\" data-id=\"fd07934\" data-element_type=\"widget\" data-e-type=\"widget\" data-widget_type=\"text-editor.default\">\n\t\t\t\t<div class=\"elementor-widget-container\">\n\t\t\t\t\t\t\t\t\t<p>In der digitalisierten Werkstatt dieser intelligenten Fabrik werden automatisierte und intelligente Ger\u00e4te in jeder Phase eingesetzt - von der Rohmaterialannahme bis zur Lagerung der fertigen Produkte. Durch die Implementierung eines Manufacturing Execution Systems (MES) hat das Werk vernetzte Produktionsanlagen erreicht, ein \"Werkstatt-IoT\" etabliert, die Prozesstransparenz sichergestellt und die Echtzeit-Visualisierung von Produktionsdaten erm\u00f6glicht, wodurch die hohe Qualit\u00e4t seiner Produkte gew\u00e4hrleistet wird.<\/p>\t\t\t\t\t\t\t\t<\/div>\n\t\t\t\t<\/div>\n\t\t<div class=\"elementor-element elementor-element-58438a7 e-con-full e-flex e-con e-child\" data-id=\"58438a7\" data-element_type=\"container\" data-e-type=\"container\">\n\t\t\t\t<div class=\"elementor-element elementor-element-22af75c elementor-widget elementor-widget-image-gallery\" data-id=\"22af75c\" data-element_type=\"widget\" data-e-type=\"widget\" data-widget_type=\"image-gallery.default\">\n\t\t\t\t<div class=\"elementor-widget-container\">\n\t\t\t\t\t\t\t<div class=\"elementor-image-gallery\">\n\t\t\t<div id='gallery-1' class='gallery galleryid-2337 gallery-columns-4 gallery-size-full'><figure class='gallery-item'>\n\t\t\t<div class='gallery-icon landscape'>\n\t\t\t\t<a data-elementor-open-lightbox=\"yes\" data-elementor-lightbox-slideshow=\"22af75c\" data-elementor-lightbox-title=\"3\" data-e-action-hash=\"#elementor-action%3Aaction%3Dlightbox%26settings%3DeyJpZCI6ODcxMiwidXJsIjoiaHR0cHM6XC9cL3d3dy5zeHdlbGRpbmcuY29tXC93cC1jb250ZW50XC91cGxvYWRzXC8yMDI2XC8wM1wvMy5qcGciLCJzbGlkZXNob3ciOiIyMmFmNzVjIn0%3D\" href='https:\/\/www.sxwelding.com\/wp-content\/uploads\/2026\/03\/3.jpg'><img fetchpriority=\"high\" decoding=\"async\" width=\"360\" height=\"270\" src=\"https:\/\/www.sxwelding.com\/wp-content\/uploads\/2026\/03\/3.jpg\" class=\"attachment-full size-full\" alt=\"\" srcset=\"https:\/\/www.sxwelding.com\/wp-content\/uploads\/2026\/03\/3.jpg 360w, https:\/\/www.sxwelding.com\/wp-content\/uploads\/2026\/03\/3-300x225.jpg 300w, https:\/\/www.sxwelding.com\/wp-content\/uploads\/2026\/03\/3-16x12.jpg 16w\" sizes=\"(max-width: 360px) 100vw, 360px\" \/><\/a>\n\t\t\t<\/div><\/figure><figure class='gallery-item'>\n\t\t\t<div class='gallery-icon landscape'>\n\t\t\t\t<a data-elementor-open-lightbox=\"yes\" data-elementor-lightbox-slideshow=\"22af75c\" data-elementor-lightbox-title=\"1\" data-e-action-hash=\"#elementor-action%3Aaction%3Dlightbox%26settings%3DeyJpZCI6OTI0MSwidXJsIjoiaHR0cHM6XC9cL3d3dy5zeHdlbGRpbmcuY29tXC93cC1jb250ZW50XC91cGxvYWRzXC8yMDI2XC8wM1wvMS5wbmciLCJzbGlkZXNob3ciOiIyMmFmNzVjIn0%3D\" href='https:\/\/www.sxwelding.com\/wp-content\/uploads\/2026\/03\/1.png'><img decoding=\"async\" width=\"360\" height=\"270\" src=\"https:\/\/www.sxwelding.com\/wp-content\/uploads\/2026\/03\/1.png\" class=\"attachment-full size-full\" alt=\"\" srcset=\"https:\/\/www.sxwelding.com\/wp-content\/uploads\/2026\/03\/1.png 360w, https:\/\/www.sxwelding.com\/wp-content\/uploads\/2026\/03\/1-300x225.png 300w, https:\/\/www.sxwelding.com\/wp-content\/uploads\/2026\/03\/1-16x12.png 16w\" sizes=\"(max-width: 360px) 100vw, 360px\" \/><\/a>\n\t\t\t<\/div><\/figure><figure class='gallery-item'>\n\t\t\t<div class='gallery-icon landscape'>\n\t\t\t\t<a data-elementor-open-lightbox=\"yes\" data-elementor-lightbox-slideshow=\"22af75c\" data-elementor-lightbox-title=\"2\" data-e-action-hash=\"#elementor-action%3Aaction%3Dlightbox%26settings%3DeyJpZCI6ODcxMSwidXJsIjoiaHR0cHM6XC9cL3d3dy5zeHdlbGRpbmcuY29tXC93cC1jb250ZW50XC91cGxvYWRzXC8yMDI2XC8wM1wvMi5qcGciLCJzbGlkZXNob3ciOiIyMmFmNzVjIn0%3D\" href='https:\/\/www.sxwelding.com\/wp-content\/uploads\/2026\/03\/2.jpg'><img decoding=\"async\" width=\"360\" height=\"270\" src=\"https:\/\/www.sxwelding.com\/wp-content\/uploads\/2026\/03\/2.jpg\" class=\"attachment-full size-full\" alt=\"\" srcset=\"https:\/\/www.sxwelding.com\/wp-content\/uploads\/2026\/03\/2.jpg 360w, https:\/\/www.sxwelding.com\/wp-content\/uploads\/2026\/03\/2-300x225.jpg 300w, https:\/\/www.sxwelding.com\/wp-content\/uploads\/2026\/03\/2-16x12.jpg 16w\" sizes=\"(max-width: 360px) 100vw, 360px\" \/><\/a>\n\t\t\t<\/div><\/figure><figure class='gallery-item'>\n\t\t\t<div class='gallery-icon landscape'>\n\t\t\t\t<a data-elementor-open-lightbox=\"yes\" data-elementor-lightbox-slideshow=\"22af75c\" data-elementor-lightbox-title=\"4\" data-e-action-hash=\"#elementor-action%3Aaction%3Dlightbox%26settings%3DeyJpZCI6ODcxMywidXJsIjoiaHR0cHM6XC9cL3d3dy5zeHdlbGRpbmcuY29tXC93cC1jb250ZW50XC91cGxvYWRzXC8yMDI2XC8wM1wvNC5qcGciLCJzbGlkZXNob3ciOiIyMmFmNzVjIn0%3D\" href='https:\/\/www.sxwelding.com\/wp-content\/uploads\/2026\/03\/4.jpg'><img loading=\"lazy\" decoding=\"async\" width=\"360\" height=\"270\" src=\"https:\/\/www.sxwelding.com\/wp-content\/uploads\/2026\/03\/4.jpg\" class=\"attachment-full size-full\" alt=\"\" srcset=\"https:\/\/www.sxwelding.com\/wp-content\/uploads\/2026\/03\/4.jpg 360w, https:\/\/www.sxwelding.com\/wp-content\/uploads\/2026\/03\/4-300x225.jpg 300w, https:\/\/www.sxwelding.com\/wp-content\/uploads\/2026\/03\/4-16x12.jpg 16w\" sizes=\"(max-width: 360px) 100vw, 360px\" \/><\/a>\n\t\t\t<\/div><\/figure>\n\t\t<\/div>\n\t\t<\/div>\n\t\t\t\t\t\t<\/div>\n\t\t\t\t<\/div>\n\t\t\t\t<\/div>\n\t\t\t\t\t<\/div>\n\t\t\t\t<\/div>\n\t\t<div class=\"elementor-element elementor-element-12bf7c3 e-con-full e-flex e-con e-parent\" data-id=\"12bf7c3\" data-element_type=\"container\" data-e-type=\"container\" data-settings=\"{&quot;background_background&quot;:&quot;classic&quot;}\">\n\t\t\t\t<div class=\"elementor-element elementor-element-2265adb elementor-widget elementor-widget-heading\" data-id=\"2265adb\" data-element_type=\"widget\" data-e-type=\"widget\" data-widget_type=\"heading.default\">\n\t\t\t\t<div class=\"elementor-widget-container\">\n\t\t\t\t\t<h3 class=\"elementor-heading-title elementor-size-default\">Zentrale St\u00e4rken<\/h3>\t\t\t\t<\/div>\n\t\t\t\t<\/div>\n\t\t<div class=\"elementor-element elementor-element-64d14b8 e-flex e-con-boxed e-con e-child\" data-id=\"64d14b8\" data-element_type=\"container\" data-e-type=\"container\">\n\t\t\t\t\t<div class=\"e-con-inner\">\n\t\t<div class=\"elementor-element elementor-element-f8a0a4d e-grid e-con-full e-con e-child\" data-id=\"f8a0a4d\" data-element_type=\"container\" data-e-type=\"container\">\n\t\t\t\t<div class=\"elementor-element elementor-element-bac1f46 elementor-position-left elementor-vertical-align-middle elementor-widget elementor-widget-image-box\" data-id=\"bac1f46\" data-element_type=\"widget\" data-e-type=\"widget\" data-widget_type=\"image-box.default\">\n\t\t\t\t<div class=\"elementor-widget-container\">\n\t\t\t\t\t<div class=\"elementor-image-box-wrapper\"><figure class=\"elementor-image-box-img\"><img alt=\"\" loading=\"lazy\" decoding=\"async\" width=\"128\" height=\"128\" src=\"https:\/\/www.sxwelding.com\/wp-content\/uploads\/2026\/03\/\u4ea7\u54c1.png\" class=\"attachment-full size-full wp-image-8735\" srcset=\"https:\/\/www.sxwelding.com\/wp-content\/uploads\/2026\/03\/\u4ea7\u54c1.png 128w, https:\/\/www.sxwelding.com\/wp-content\/uploads\/2026\/03\/\u4ea7\u54c1-12x12.png 12w, https:\/\/www.sxwelding.com\/wp-content\/uploads\/2026\/03\/\u4ea7\u54c1-100x100.png 100w\" sizes=\"(max-width: 128px) 100vw, 128px\" \/><\/figure><div class=\"elementor-image-box-content\"><h3 class=\"elementor-image-box-title\">Vollst\u00e4ndige Produktpalette f\u00fcr mehrere Branchen<\/h3><p class=\"elementor-image-box-description\">Wir bieten ein komplettes Sortiment an Schwei\u00dfwerkstoffen, darunter MIG-, TIG- und SAW-Dr\u00e4hte und -Elektroden, die im Schiffbau, bei Br\u00fccken, Druckbeh\u00e4ltern, im Schienenverkehr und im Schwermaschinenbau sowie in High-End-Industrien wie der Nuklear- und Offshore-Technik weit verbreitet sind.<\/p><\/div><\/div>\t\t\t\t<\/div>\n\t\t\t\t<\/div>\n\t\t\t\t<div class=\"elementor-element elementor-element-df6f283 elementor-position-left elementor-vertical-align-middle elementor-widget elementor-widget-image-box\" data-id=\"df6f283\" data-element_type=\"widget\" data-e-type=\"widget\" data-widget_type=\"image-box.default\">\n\t\t\t\t<div class=\"elementor-widget-container\">\n\t\t\t\t\t<div class=\"elementor-image-box-wrapper\"><figure class=\"elementor-image-box-img\"><img alt=\"\" loading=\"lazy\" decoding=\"async\" width=\"128\" height=\"128\" src=\"https:\/\/www.sxwelding.com\/wp-content\/uploads\/2026\/03\/\u4ea7\u54c1\u8d28\u91cf.png\" class=\"attachment-full size-full wp-image-8772\" srcset=\"https:\/\/www.sxwelding.com\/wp-content\/uploads\/2026\/03\/\u4ea7\u54c1\u8d28\u91cf.png 128w, https:\/\/www.sxwelding.com\/wp-content\/uploads\/2026\/03\/\u4ea7\u54c1\u8d28\u91cf-12x12.png 12w, https:\/\/www.sxwelding.com\/wp-content\/uploads\/2026\/03\/\u4ea7\u54c1\u8d28\u91cf-100x100.png 100w\" sizes=\"(max-width: 128px) 100vw, 128px\" \/><\/figure><div class=\"elementor-image-box-content\"><h3 class=\"elementor-image-box-title\">Intelligente Fertigung &amp; stabile Qualit\u00e4t<\/h3><p class=\"elementor-image-box-description\">Ausgestattet mit einer intelligenten Fabrik und einem MES-System erreichen wir eine automatisierte Produktion, ein IoT-basiertes Management und eine vollst\u00e4ndige Prozesskontrolle, die eine gleichbleibende Qualit\u00e4t und vollst\u00e4ndige R\u00fcckverfolgbarkeit gew\u00e4hrleisten.<\/p><\/div><\/div>\t\t\t\t<\/div>\n\t\t\t\t<\/div>\n\t\t\t\t<div class=\"elementor-element elementor-element-2ecbabc elementor-position-left elementor-vertical-align-middle elementor-widget elementor-widget-image-box\" data-id=\"2ecbabc\" data-element_type=\"widget\" data-e-type=\"widget\" data-widget_type=\"image-box.default\">\n\t\t\t\t<div class=\"elementor-widget-container\">\n\t\t\t\t\t<div class=\"elementor-image-box-wrapper\"><figure class=\"elementor-image-box-img\"><img alt=\"\" loading=\"lazy\" decoding=\"async\" width=\"128\" height=\"128\" src=\"https:\/\/www.sxwelding.com\/wp-content\/uploads\/2026\/03\/01\u4ea7\u54c1\u7814\u53d1.png\" class=\"attachment-full size-full wp-image-8776\" srcset=\"https:\/\/www.sxwelding.com\/wp-content\/uploads\/2026\/03\/01\u4ea7\u54c1\u7814\u53d1.png 128w, https:\/\/www.sxwelding.com\/wp-content\/uploads\/2026\/03\/01\u4ea7\u54c1\u7814\u53d1-12x12.png 12w, https:\/\/www.sxwelding.com\/wp-content\/uploads\/2026\/03\/01\u4ea7\u54c1\u7814\u53d1-100x100.png 100w\" sizes=\"(max-width: 128px) 100vw, 128px\" \/><\/figure><div class=\"elementor-image-box-content\"><h3 class=\"elementor-image-box-title\">Starke F&amp;E- und Anpassungskapazit\u00e4ten<\/h3><p class=\"elementor-image-box-description\">Mit 43 geistigen Eigentumsrechten und 13 Erfindungspatenten bieten wir kontinuierliche Innovation und ma\u00dfgeschneiderte Schwei\u00dfl\u00f6sungen f\u00fcr die unterschiedlichsten Anwendungsanforderungen.<\/p><\/div><\/div>\t\t\t\t<\/div>\n\t\t\t\t<\/div>\n\t\t\t\t<div class=\"elementor-element elementor-element-50a5469 elementor-position-left elementor-vertical-align-middle elementor-widget elementor-widget-image-box\" data-id=\"50a5469\" data-element_type=\"widget\" data-e-type=\"widget\" data-widget_type=\"image-box.default\">\n\t\t\t\t<div class=\"elementor-widget-container\">\n\t\t\t\t\t<div class=\"elementor-image-box-wrapper\"><figure class=\"elementor-image-box-img\"><img alt=\"\" loading=\"lazy\" decoding=\"async\" width=\"512\" height=\"512\" src=\"https:\/\/www.sxwelding.com\/wp-content\/uploads\/2026\/03\/4564-202508291623274254.png\" class=\"attachment-full size-full wp-image-8777\" srcset=\"https:\/\/www.sxwelding.com\/wp-content\/uploads\/2026\/03\/4564-202508291623274254.png 512w, https:\/\/www.sxwelding.com\/wp-content\/uploads\/2026\/03\/4564-202508291623274254-300x300.png 300w, https:\/\/www.sxwelding.com\/wp-content\/uploads\/2026\/03\/4564-202508291623274254-150x150.png 150w, https:\/\/www.sxwelding.com\/wp-content\/uploads\/2026\/03\/4564-202508291623274254-12x12.png 12w, https:\/\/www.sxwelding.com\/wp-content\/uploads\/2026\/03\/4564-202508291623274254-100x100.png 100w\" sizes=\"(max-width: 512px) 100vw, 512px\" \/><\/figure><div class=\"elementor-image-box-content\"><h3 class=\"elementor-image-box-title\">Zertifizierte Qualit\u00e4t und weltweite Anerkennung<\/h3><p class=\"elementor-image-box-description\">Unsere Produkte sind nach ISO9001, CE und milit\u00e4rischen Standards zertifiziert, erf\u00fcllen internationale Anforderungen und genie\u00dfen das Vertrauen von Kunden in aller Welt.<\/p><\/div><\/div>\t\t\t\t<\/div>\n\t\t\t\t<\/div>\n\t\t\t\t<\/div>\n\t\t\t\t\t<\/div>\n\t\t\t\t<\/div>\n\t\t\t\t<\/div>\n\t\t<div class=\"elementor-element elementor-element-231583e e-flex e-con-boxed e-con e-parent\" data-id=\"231583e\" data-element_type=\"container\" data-e-type=\"container\">\n\t\t\t\t\t<div class=\"e-con-inner\">\n\t\t\t\t<div class=\"elementor-element elementor-element-6184d23 elementor-widget elementor-widget-heading\" data-id=\"6184d23\" data-element_type=\"widget\" data-e-type=\"widget\" data-widget_type=\"heading.default\">\n\t\t\t\t<div class=\"elementor-widget-container\">\n\t\t\t\t\t<h3 class=\"elementor-heading-title elementor-size-default\">Zertifizierungen und Ehrungen<\/h3>\t\t\t\t<\/div>\n\t\t\t\t<\/div>\n\t\t<div class=\"elementor-element elementor-element-7d7b43d e-con-full e-flex e-con e-child\" data-id=\"7d7b43d\" data-element_type=\"container\" data-e-type=\"container\">\n\t\t\t\t<div class=\"elementor-element elementor-element-baae389 elementor-widget elementor-widget-text-editor\" data-id=\"baae389\" data-element_type=\"widget\" data-e-type=\"widget\" data-widget_type=\"text-editor.default\">\n\t\t\t\t<div class=\"elementor-widget-container\">\n\t\t\t\t\t\t\t\t\t<p data-start=\"36\" data-end=\"399\">Das Unternehmen hat zahlreiche Auszeichnungen erhalten, darunter <strong data-start=\"88\" data-end=\"121\">Nationales High-Tech-Unternehmen<\/strong>, <strong data-start=\"123\" data-end=\"173\">Spezialisiertes und innovatives Unternehmen aus Shandong<\/strong>und <strong data-start=\"179\" data-end=\"221\">Shandong Manufacturing Single Champion<\/strong>. Es wird auch als ein <strong data-start=\"250\" data-end=\"306\">Top 50 Unternehmen f\u00fcr neue Materialien in der Provinz Shandong<\/strong> und eine <strong data-start=\"313\" data-end=\"361\">Vertragstreues und kreditw\u00fcrdiges Unternehmen<\/strong>, mit einem <strong data-start=\"371\" data-end=\"398\">Kreditw\u00fcrdigkeit auf AAA-Niveau<\/strong>.<\/p><p data-start=\"401\" data-end=\"629\">Wir halten mehrere Erfindungspatente und waren unter den ersten in der Branche, die den <strong data-start=\"487\" data-end=\"539\">Zertifizierung des Qualit\u00e4tsmanagementsystems nach ISO 9001<\/strong>, <strong data-start=\"541\" data-end=\"561\">CE-Zertifizierung<\/strong>und Zulassungen von verschiedenen internationalen Klassifikationsgesellschaften.<\/p><p data-start=\"631\" data-end=\"781\">Unsere Produkte sind in der Branche anerkannt und genie\u00dfen bei Kunden auf der ganzen Welt ein hohes Ma\u00df an Vertrauen und einen ausgezeichneten Ruf f\u00fcr Qualit\u00e4t und Zuverl\u00e4ssigkeit.<\/p>\t\t\t\t\t\t\t\t<\/div>\n\t\t\t\t<\/div>\n\t\t\t\t<div class=\"elementor-element elementor-element-5a7a7b8 elementor-widget elementor-widget-image\" data-id=\"5a7a7b8\" data-element_type=\"widget\" data-e-type=\"widget\" data-widget_type=\"image.default\">\n\t\t\t\t<div class=\"elementor-widget-container\">\n\t\t\t\t\t\t\t\t\t\t\t\t\t\t\t<img alt=\"\" loading=\"lazy\" decoding=\"async\" width=\"1251\" height=\"772\" src=\"https:\/\/www.sxwelding.com\/wp-content\/uploads\/2026\/03\/sss.jpg\" class=\"attachment-full size-full wp-image-8806\" srcset=\"https:\/\/www.sxwelding.com\/wp-content\/uploads\/2026\/03\/sss.jpg 1251w, https:\/\/www.sxwelding.com\/wp-content\/uploads\/2026\/03\/sss-300x185.jpg 300w, https:\/\/www.sxwelding.com\/wp-content\/uploads\/2026\/03\/sss-1024x632.jpg 1024w, https:\/\/www.sxwelding.com\/wp-content\/uploads\/2026\/03\/sss-768x474.jpg 768w, https:\/\/www.sxwelding.com\/wp-content\/uploads\/2026\/03\/sss-18x12.jpg 18w, https:\/\/www.sxwelding.com\/wp-content\/uploads\/2026\/03\/sss-600x370.jpg 600w\" sizes=\"(max-width: 1251px) 100vw, 1251px\" \/>\t\t\t\t\t\t\t\t\t\t\t\t\t\t\t<\/div>\n\t\t\t\t<\/div>\n\t\t\t\t<div class=\"elementor-element elementor-element-6b40df7 elementor-widget elementor-widget-text-editor\" data-id=\"6b40df7\" data-element_type=\"widget\" data-e-type=\"widget\" data-widget_type=\"text-editor.default\">\n\t\t\t\t<div class=\"elementor-widget-container\">\n\t\t\t\t\t\t\t\t\t<p>Gem\u00e4\u00df der Gesch\u00e4ftsphilosophie \"Qualit\u00e4t ist das Leben und Integrit\u00e4t ist die Seele\" und dem Marketingkonzept \"Betonung von Marke und Ruf\" ist das Unternehmen bestrebt, seinen Kunden im In- und Ausland hochwertige und zuverl\u00e4ssige Produkte und Dienstleistungen anzubieten.<\/p>\t\t\t\t\t\t\t\t<\/div>\n\t\t\t\t<\/div>\n\t\t\t\t<\/div>\n\t\t\t\t\t<\/div>\n\t\t\t\t<\/div>\n\t\t\t\t<\/div>","protected":false},"excerpt":{"rendered":"<p>About SHENG XIANG: Who We Are Dezhou Shengxiang Metal Products Co., Ltd., established in 2006, is situated in the Economic Development Zone of Lingcheng District, Dezhou City, Shandong Province. Spanning an area of \u200b\u200bover 100 mu, it is a limited liability company specializing in the integrated research and development, production, and sales of welding materials. [&hellip;]<\/p>","protected":false},"author":1,"featured_media":0,"parent":0,"menu_order":0,"comment_status":"closed","ping_status":"closed","template":"","meta":{"_seopress_robots_primary_cat":"","_seopress_titles_title":"","_seopress_titles_desc":"","_seopress_robots_index":"","site-sidebar-layout":"no-sidebar","site-content-layout":"page-builder","ast-site-content-layout":"full-width-container","site-content-style":"default","site-sidebar-style":"default","ast-global-header-display":"","ast-banner-title-visibility":"","ast-main-header-display":"","ast-hfb-above-header-display":"","ast-hfb-below-header-display":"","ast-hfb-mobile-header-display":"","site-post-title":"disabled","ast-breadcrumbs-content":"","ast-featured-img":"disabled","footer-sml-layout":"","theme-transparent-header-meta":"","adv-header-id-meta":"","stick-header-meta":"","header-above-stick-meta":"","header-main-stick-meta":"","header-below-stick-meta":"","astra-migrate-meta-layouts":"set","ast-page-background-enabled":"default","ast-page-background-meta":{"desktop":{"background-color":"var(--ast-global-color-4)","background-image":"","background-repeat":"repeat","background-position":"center center","background-size":"auto","background-attachment":"scroll","background-type":"","background-media":"","overlay-type":"","overlay-color":"","overlay-opacity":"","overlay-gradient":""},"tablet":{"background-color":"","background-image":"","background-repeat":"repeat","background-position":"center center","background-size":"auto","background-attachment":"scroll","background-type":"","background-media":"","overlay-type":"","overlay-color":"","overlay-opacity":"","overlay-gradient":""},"mobile":{"background-color":"","background-image":"","background-repeat":"repeat","background-position":"center center","background-size":"auto","background-attachment":"scroll","background-type":"","background-media":"","overlay-type":"","overlay-color":"","overlay-opacity":"","overlay-gradient":""}},"ast-content-background-meta":{"desktop":{"background-color":"var(--ast-global-color-5)","background-image":"","background-repeat":"repeat","background-position":"center center","background-size":"auto","background-attachment":"scroll","background-type":"","background-media":"","overlay-type":"","overlay-color":"","overlay-opacity":"","overlay-gradient":""},"tablet":{"background-color":"var(--ast-global-color-5)","background-image":"","background-repeat":"repeat","background-position":"center center","background-size":"auto","background-attachment":"scroll","background-type":"","background-media":"","overlay-type":"","overlay-color":"","overlay-opacity":"","overlay-gradient":""},"mobile":{"background-color":"var(--ast-global-color-5)","background-image":"","background-repeat":"repeat","background-position":"center center","background-size":"auto","background-attachment":"scroll","background-type":"","background-media":"","overlay-type":"","overlay-color":"","overlay-opacity":"","overlay-gradient":""}},"footnotes":""},"class_list":["post-2337","page","type-page","status-publish","hentry"],"_links":{"self":[{"href":"https:\/\/www.sxwelding.com\/de\/wp-json\/wp\/v2\/pages\/2337","targetHints":{"allow":["GET"]}}],"collection":[{"href":"https:\/\/www.sxwelding.com\/de\/wp-json\/wp\/v2\/pages"}],"about":[{"href":"https:\/\/www.sxwelding.com\/de\/wp-json\/wp\/v2\/types\/page"}],"author":[{"embeddable":true,"href":"https:\/\/www.sxwelding.com\/de\/wp-json\/wp\/v2\/users\/1"}],"replies":[{"embeddable":true,"href":"https:\/\/www.sxwelding.com\/de\/wp-json\/wp\/v2\/comments?post=2337"}],"version-history":[{"count":454,"href":"https:\/\/www.sxwelding.com\/de\/wp-json\/wp\/v2\/pages\/2337\/revisions"}],"predecessor-version":[{"id":9244,"href":"https:\/\/www.sxwelding.com\/de\/wp-json\/wp\/v2\/pages\/2337\/revisions\/9244"}],"wp:attachment":[{"href":"https:\/\/www.sxwelding.com\/de\/wp-json\/wp\/v2\/media?parent=2337"}],"curies":[{"name":"wp","href":"https:\/\/api.w.org\/{rel}","templated":true}]}}