{"id":9281,"date":"2026-03-01T01:16:48","date_gmt":"2026-03-01T01:16:48","guid":{"rendered":"http:\/\/www.sxwelding.com\/?post_type=product&#038;p=9281"},"modified":"2026-04-16T01:57:47","modified_gmt":"2026-04-16T01:57:47","slug":"non-copper-coated-welding-wire","status":"publish","type":"product","link":"https:\/\/www.sxwelding.com\/de\/product\/nicht-kupferbeschichteter-schweisdraht\/","title":{"rendered":"Nicht kupferbeschichteter Schwei\u00dfdraht"},"content":{"rendered":"<p data-start=\"135\" data-end=\"454\">Kupferfreier Schwei\u00dfdraht ist ein fortschrittliches Schwei\u00dfmaterial, das die Verunreinigung durch Kupfer sowohl bei der Herstellung als auch bei der Anwendung vollst\u00e4ndig beseitigt. Durch den Einsatz einer speziellen Oberfl\u00e4chenaktivierungstechnologie erreicht der Draht eine glatte Oberfl\u00e4che, einen ausgezeichneten Rostschutz und eine hervorragende elektrische Leitf\u00e4higkeit.<\/p>\n<p data-start=\"456\" data-end=\"612\">Dies gew\u00e4hrleistet einen stabilen Drahtvorschub, eine gleichm\u00e4\u00dfige Lichtbogenleistung und eine zuverl\u00e4ssige Schwei\u00dfqualit\u00e4t und ist somit ideal f\u00fcr lang andauernde Schwei\u00dfvorg\u00e4nge.<\/p>\n<table>\n<tbody>\n<tr class=\"firstRow\">\n<td colspan=\"15\" valign=\"top\" width=\"627\"><strong>ER50-6 chemische Zusammensetzung(%)<\/strong><\/td>\n<\/tr>\n<tr>\n<td valign=\"top\" width=\"47\"><strong>Element<\/strong><\/td>\n<td colspan=\"2\" valign=\"top\" width=\"53\"><strong>C<\/strong><\/td>\n<td valign=\"top\" width=\"55\"><strong>S<\/strong><\/td>\n<td colspan=\"2\" valign=\"top\" width=\"59\"><strong>Mn<\/strong><\/td>\n<td valign=\"top\" width=\"59\"><strong>Si<\/strong><\/td>\n<td valign=\"top\" width=\"59\"><strong>P<\/strong><\/td>\n<td colspan=\"2\" valign=\"top\" width=\"59\"><strong>Cr<\/strong><\/td>\n<td valign=\"top\" width=\"59\"><strong>Ni<\/strong><\/td>\n<td colspan=\"2\" valign=\"top\" width=\"59\"><strong>Mo<\/strong><\/td>\n<td valign=\"top\" width=\"59\"><strong>Cu<\/strong><\/td>\n<td valign=\"top\" width=\"60\"><strong>V<\/strong><\/td>\n<\/tr>\n<tr>\n<td valign=\"top\" width=\"47\">Standard<\/td>\n<td colspan=\"2\" valign=\"top\" width=\"53\">0.06-0.14<\/td>\n<td valign=\"top\" width=\"55\">\u22640.025<\/td>\n<td colspan=\"2\" valign=\"top\" width=\"59\">1.40-1.85<\/td>\n<td valign=\"top\" width=\"59\">0.80-1.15<\/td>\n<td valign=\"top\" width=\"59\">\u22640.025<\/td>\n<td colspan=\"2\" valign=\"top\" width=\"59\">\u22640.015<\/td>\n<td valign=\"top\" width=\"59\">\u22640.015<\/td>\n<td colspan=\"2\" valign=\"top\" width=\"59\">\u22640.015<\/td>\n<td valign=\"top\" width=\"59\">\u22640.35<\/td>\n<td valign=\"top\" width=\"60\">\u22640.03<\/td>\n<\/tr>\n<tr>\n<td valign=\"top\" width=\"47\">Beispielwert<\/td>\n<td colspan=\"2\" valign=\"top\" width=\"53\">0.075<\/td>\n<td valign=\"top\" width=\"55\">0.017<\/td>\n<td colspan=\"2\" valign=\"top\" width=\"59\">1.48<\/td>\n<td valign=\"top\" width=\"59\">0.87<\/td>\n<td valign=\"top\" width=\"59\">0.016<\/td>\n<td colspan=\"2\" valign=\"top\" width=\"59\">0.026<\/td>\n<td valign=\"top\" width=\"59\">0.013<\/td>\n<td colspan=\"2\" valign=\"top\" width=\"59\">0.015<\/td>\n<td valign=\"top\" width=\"59\">0.12<\/td>\n<td valign=\"top\" width=\"60\">0.01<\/td>\n<\/tr>\n<tr>\n<td colspan=\"15\" valign=\"top\" width=\"627\"><strong>Mechanische Eigenschaften des abgeschiedenen Metalls<\/strong><\/td>\n<\/tr>\n<tr>\n<td colspan=\"2\" valign=\"top\" width=\"79\"><strong>Experimentelles Projekt<\/strong><\/td>\n<td colspan=\"3\" valign=\"top\" width=\"131\"><strong>St\u00e4rke Rm\uff08Mpa\uff09<\/strong><\/td>\n<td colspan=\"4\" valign=\"top\" width=\"144\"><strong>Streckgrenze Rm\uff08Mpa\uff09<\/strong><\/td>\n<td colspan=\"3\" valign=\"top\" width=\"116\"><strong>Dehnung A\uff08%\uff09<\/strong><\/td>\n<td colspan=\"3\" valign=\"top\" width=\"157\"><strong>V-Schlagpr\u00fcfung (J)-30\u2103<\/strong><\/td>\n<\/tr>\n<tr>\n<td colspan=\"2\" valign=\"top\" width=\"79\">Standard<\/td>\n<td colspan=\"3\" valign=\"top\" width=\"131\">\u2265500<\/td>\n<td colspan=\"4\" valign=\"top\" width=\"144\">\u2265420<\/td>\n<td colspan=\"3\" valign=\"top\" width=\"116\">\u226522<\/td>\n<td colspan=\"3\" valign=\"top\" width=\"157\">\u226527<\/td>\n<\/tr>\n<tr>\n<td colspan=\"2\" valign=\"top\" width=\"79\">Beispielwert<\/td>\n<td colspan=\"3\" valign=\"top\" width=\"131\">553<\/td>\n<td colspan=\"4\" valign=\"top\" width=\"144\">458<\/td>\n<td colspan=\"3\" valign=\"top\" width=\"116\">32<\/td>\n<td colspan=\"3\" valign=\"top\" width=\"157\">91<\/td>\n<\/tr>\n<\/tbody>\n<\/table>\n<div id='gallery-1' class='gallery galleryid-9281 gallery-columns-3 gallery-size-full'><figure class='gallery-item'>\n\t\t\t<div class='gallery-icon landscape'>\n\t\t\t\t<a href='https:\/\/www.sxwelding.com\/de\/?attachment_id=9287'><img fetchpriority=\"high\" decoding=\"async\" width=\"800\" height=\"600\" src=\"https:\/\/www.sxwelding.com\/wp-content\/uploads\/2026\/03\/1745311480742930.jpg\" class=\"attachment-full size-full\" alt=\"\" srcset=\"https:\/\/www.sxwelding.com\/wp-content\/uploads\/2026\/03\/1745311480742930.jpg 800w, https:\/\/www.sxwelding.com\/wp-content\/uploads\/2026\/03\/1745311480742930-300x225.jpg 300w, https:\/\/www.sxwelding.com\/wp-content\/uploads\/2026\/03\/1745311480742930-768x576.jpg 768w, https:\/\/www.sxwelding.com\/wp-content\/uploads\/2026\/03\/1745311480742930-16x12.jpg 16w, https:\/\/www.sxwelding.com\/wp-content\/uploads\/2026\/03\/1745311480742930-600x450.jpg 600w\" sizes=\"(max-width: 800px) 100vw, 800px\" \/><\/a>\n\t\t\t<\/div><\/figure><figure class='gallery-item'>\n\t\t\t<div class='gallery-icon landscape'>\n\t\t\t\t<a href='https:\/\/www.sxwelding.com\/de\/?attachment_id=9288'><img decoding=\"async\" width=\"800\" height=\"600\" src=\"https:\/\/www.sxwelding.com\/wp-content\/uploads\/2026\/03\/1745311526203421.jpg\" class=\"attachment-full size-full\" alt=\"\" srcset=\"https:\/\/www.sxwelding.com\/wp-content\/uploads\/2026\/03\/1745311526203421.jpg 800w, https:\/\/www.sxwelding.com\/wp-content\/uploads\/2026\/03\/1745311526203421-300x225.jpg 300w, https:\/\/www.sxwelding.com\/wp-content\/uploads\/2026\/03\/1745311526203421-600x450.jpg 600w, https:\/\/www.sxwelding.com\/wp-content\/uploads\/2026\/03\/1745311526203421-768x576.jpg 768w, https:\/\/www.sxwelding.com\/wp-content\/uploads\/2026\/03\/1745311526203421-16x12.jpg 16w\" sizes=\"(max-width: 800px) 100vw, 800px\" \/><\/a>\n\t\t\t<\/div><\/figure><figure class='gallery-item'>\n\t\t\t<div class='gallery-icon landscape'>\n\t\t\t\t<a href='https:\/\/www.sxwelding.com\/de\/?attachment_id=9289'><img decoding=\"async\" width=\"800\" height=\"600\" src=\"https:\/\/www.sxwelding.com\/wp-content\/uploads\/2026\/03\/1745311536923533.jpg\" class=\"attachment-full size-full\" alt=\"\" srcset=\"https:\/\/www.sxwelding.com\/wp-content\/uploads\/2026\/03\/1745311536923533.jpg 800w, https:\/\/www.sxwelding.com\/wp-content\/uploads\/2026\/03\/1745311536923533-300x225.jpg 300w, https:\/\/www.sxwelding.com\/wp-content\/uploads\/2026\/03\/1745311536923533-600x450.jpg 600w, https:\/\/www.sxwelding.com\/wp-content\/uploads\/2026\/03\/1745311536923533-768x576.jpg 768w, https:\/\/www.sxwelding.com\/wp-content\/uploads\/2026\/03\/1745311536923533-16x12.jpg 16w\" sizes=\"(max-width: 800px) 100vw, 800px\" \/><\/a>\n\t\t\t<\/div><\/figure>\n\t\t<\/div>\n\n\t\t<div data-elementor-type=\"container\" data-elementor-id=\"9430\" class=\"elementor elementor-9430\" data-elementor-post-type=\"elementor_library\">\n\t\t\t\t<div class=\"elementor-element elementor-element-70aac977 e-flex e-con-boxed e-con e-parent\" data-id=\"70aac977\" data-element_type=\"container\" data-e-type=\"container\">\n\t\t\t\t\t<div class=\"e-con-inner\">\n\t\t\t\t<div class=\"elementor-element elementor-element-7240c1f9 elementor-widget elementor-widget-heading\" data-id=\"7240c1f9\" data-element_type=\"widget\" data-e-type=\"widget\" data-widget_type=\"heading.default\">\n\t\t\t\t<div class=\"elementor-widget-container\">\n\t\t\t\t\t<h2 class=\"elementor-heading-title elementor-size-default\">Beschreibung<\/h2>\t\t\t\t<\/div>\n\t\t\t\t<\/div>\n\t\t<div class=\"elementor-element elementor-element-5685a292 e-con-full e-flex e-con e-child\" data-id=\"5685a292\" data-element_type=\"container\" data-e-type=\"container\">\n\t\t<div class=\"elementor-element elementor-element-18eb16e3 e-grid e-con-full e-con e-child\" data-id=\"18eb16e3\" data-element_type=\"container\" data-e-type=\"container\">\n\t\t<div class=\"elementor-element elementor-element-71d95ce3 e-con-full e-flex e-con e-child\" data-id=\"71d95ce3\" data-element_type=\"container\" data-e-type=\"container\">\n\t\t\t\t<div class=\"elementor-element elementor-element-5fdd70e1 elementor-widget elementor-widget-heading\" data-id=\"5fdd70e1\" data-element_type=\"widget\" data-e-type=\"widget\" data-widget_type=\"heading.default\">\n\t\t\t\t<div class=\"elementor-widget-container\">\n\t\t\t\t\t<h2 class=\"elementor-heading-title elementor-size-default\">Wesentliche Merkmale<\/h2>\t\t\t\t<\/div>\n\t\t\t\t<\/div>\n\t\t\t\t<div class=\"elementor-element elementor-element-5e5190a9 elementor-widget elementor-widget-text-editor\" data-id=\"5e5190a9\" data-element_type=\"widget\" data-e-type=\"widget\" data-widget_type=\"text-editor.default\">\n\t\t\t\t<div class=\"elementor-widget-container\">\n\t\t\t\t\t\t\t\t\t<ul data-start=\"640\" data-end=\"1331\"><li data-section-id=\"12li4s\" data-start=\"640\" data-end=\"769\"><strong data-start=\"642\" data-end=\"663\">Keine Kupferbeschichtung<\/strong><br data-start=\"663\" data-end=\"666\" \/>Eliminiert die Verschmutzung durch Kupfer und macht es umweltfreundlicher und sauberer f\u00fcr Schwei\u00dfsysteme.<\/li><li data-section-id=\"vcjy6b\" data-start=\"771\" data-end=\"891\"><strong data-start=\"773\" data-end=\"815\">Fortschrittliche Technologie zur Oberfl\u00e4chenaktivierung<\/strong><br data-start=\"815\" data-end=\"818\" \/>Glatte Oberfl\u00e4che, erh\u00f6hte Korrosionsbest\u00e4ndigkeit und verbesserte Haltbarkeit.<\/li><li data-section-id=\"1jz369d\" data-start=\"893\" data-end=\"1000\"><strong data-start=\"895\" data-end=\"932\">Ausgezeichnete elektrische Leitf\u00e4higkeit<\/strong><br data-start=\"932\" data-end=\"935\" \/>Sorgt f\u00fcr eine stabile Lichtbogenz\u00fcndung und gleichm\u00e4\u00dfige Schwei\u00dfleistung.<\/li><li data-section-id=\"23hz25\" data-start=\"1002\" data-end=\"1106\"><strong data-start=\"1004\" data-end=\"1027\">Stabile Drahtzuf\u00fchrung<\/strong><br data-start=\"1027\" data-end=\"1030\" \/>Reduziert den Vorschubwiderstand, geeignet f\u00fcr Hochgeschwindigkeits- und automatisiertes Schwei\u00dfen.<\/li><li data-section-id=\"1oaffc5\" data-start=\"1108\" data-end=\"1217\"><strong data-start=\"1110\" data-end=\"1148\">Geringe Spritzerbildung und gutes Schwei\u00dfbild<\/strong><br data-start=\"1148\" data-end=\"1151\" \/>Erzeugt saubere Schwei\u00dfn\u00e4hte mit minimalen Nachbearbeitungsaufwand.<\/li><li data-section-id=\"1xwj9lb\" data-start=\"1219\" data-end=\"1331\"><strong data-start=\"1221\" data-end=\"1263\">Hohe Effizienz f\u00fcr kontinuierliches Schwei\u00dfen<\/strong><br data-start=\"1263\" data-end=\"1266\" \/>Ideal f\u00fcr lange Arbeitszeiten und industrielle Anwendungen.<\/li><\/ul>\t\t\t\t\t\t\t\t<\/div>\n\t\t\t\t<\/div>\n\t\t\t\t<\/div>\n\t\t<div class=\"elementor-element elementor-element-4db891b9 e-con-full e-flex e-con e-child\" data-id=\"4db891b9\" data-element_type=\"container\" data-e-type=\"container\">\n\t\t\t\t<div class=\"elementor-element elementor-element-4be9901c elementor-widget elementor-widget-heading\" data-id=\"4be9901c\" data-element_type=\"widget\" data-e-type=\"widget\" data-widget_type=\"heading.default\">\n\t\t\t\t<div class=\"elementor-widget-container\">\n\t\t\t\t\t<h2 class=\"elementor-heading-title elementor-size-default\">Technische Leistung<\/h2>\t\t\t\t<\/div>\n\t\t\t\t<\/div>\n\t\t\t\t<div class=\"elementor-element elementor-element-6682860f elementor-widget elementor-widget-text-editor\" data-id=\"6682860f\" data-element_type=\"widget\" data-e-type=\"widget\" data-widget_type=\"text-editor.default\">\n\t\t\t\t<div class=\"elementor-widget-container\">\n\t\t\t\t\t\t\t\t\t<ul data-start=\"2262\" data-end=\"2394\">\n \t<li data-section-id=\"80n4ue\" data-start=\"2262\" data-end=\"2302\">Stabiler Lichtbogen und gleichm\u00e4\u00dfiger Metalltransfer<\/li>\n \t<li data-section-id=\"zfa6ys\" data-start=\"2303\" data-end=\"2331\">Geringe Porosit\u00e4tsempfindlichkeit<\/li>\n \t<li data-section-id=\"1vf3tgp\" data-start=\"2332\" data-end=\"2362\">Hohe Abscheidungseffizienz<\/li>\n \t<li data-section-id=\"k7cmlb\" data-start=\"2363\" data-end=\"2394\">Gleichm\u00e4\u00dfige Schwei\u00dfraupenbildung<\/li>\n<\/ul>\nTests zeigen, dass die mechanischen Eigenschaften von kupferfreiem Schwei\u00dfdraht, wie z. B. die Zugfestigkeit der Schwei\u00dfnaht und die Kerbschlagarbeit, mit denen von kupferbeschichtetem Schwei\u00dfdraht vergleichbar und unter bestimmten Bedingungen (z. B. Kerbschlagarbeit bei niedrigen Temperaturen) sogar besser sind, so dass die Schwei\u00dfanforderungen von hochfestem Stahl erf\u00fcllt werden.\t\t\t\t\t\t\t\t<\/div>\n\t\t\t\t<\/div>\n\t\t\t\t<\/div>\n\t\t<div class=\"elementor-element elementor-element-33f9f378 e-con-full e-flex e-con e-child\" data-id=\"33f9f378\" data-element_type=\"container\" data-e-type=\"container\">\n\t\t\t\t<div class=\"elementor-element elementor-element-2a26c6a1 elementor-widget elementor-widget-heading\" data-id=\"2a26c6a1\" data-element_type=\"widget\" data-e-type=\"widget\" data-widget_type=\"heading.default\">\n\t\t\t\t<div class=\"elementor-widget-container\">\n\t\t\t\t\t<h2 class=\"elementor-heading-title elementor-size-default\">Anwendungen<\/h2>\t\t\t\t<\/div>\n\t\t\t\t<\/div>\n\t\t\t\t<div class=\"elementor-element elementor-element-1f0f7fdf elementor-widget elementor-widget-text-editor\" data-id=\"1f0f7fdf\" data-element_type=\"widget\" data-e-type=\"widget\" data-widget_type=\"text-editor.default\">\n\t\t\t\t<div class=\"elementor-widget-container\">\n\t\t\t\t\t\t\t\t\t<p data-start=\"1359\" data-end=\"1432\">Kupferfreier Schwei\u00dfdraht wird in verschiedenen Industriezweigen eingesetzt, u. a:<\/p><ul data-start=\"1434\" data-end=\"1616\"><li data-section-id=\"unide5\" data-start=\"1434\" data-end=\"1459\">Maschinen f\u00fcr den Steinkohlenbergbau<\/li><li data-section-id=\"19d9gij\" data-start=\"1460\" data-end=\"1486\">Baumaschinen<\/li><li data-section-id=\"x6kl1i\" data-start=\"1487\" data-end=\"1512\">Schiffbauindustrie<\/li><li data-section-id=\"su4pla\" data-start=\"1513\" data-end=\"1535\">Br\u00fcckenbau<\/li><li data-section-id=\"1hf4m10\" data-start=\"1536\" data-end=\"1556\">Druckbeh\u00e4lter<\/li><li data-section-id=\"14x245y\" data-start=\"1557\" data-end=\"1588\">Herstellung von Stahlkonstruktionen<\/li><li data-section-id=\"c82j21\" data-start=\"1589\" data-end=\"1616\">Geb\u00e4ude-Infrastruktur<\/li><\/ul><p data-start=\"1618\" data-end=\"1642\">Es ist auch geeignet f\u00fcr:<\/p><ul data-start=\"1643\" data-end=\"1756\"><li data-section-id=\"ttcr13\" data-start=\"1643\" data-end=\"1670\">Schwei\u00dfen von niedrig legiertem Stahl<\/li><li data-section-id=\"3me6md\" data-start=\"1671\" data-end=\"1693\">D\u00fcnnblechschwei\u00dfen<\/li><li data-section-id=\"prsm3f\" data-start=\"1694\" data-end=\"1720\">Schwei\u00dfen von Pipelinestahl<\/li><li data-section-id=\"p9rif3\" data-start=\"1721\" data-end=\"1756\">Hochgeschwindigkeits-Schwei\u00dfanwendungen<\/li><\/ul>\t\t\t\t\t\t\t\t<\/div>\n\t\t\t\t<\/div>\n\t\t\t\t<\/div>\n\t\t<div class=\"elementor-element elementor-element-5bb4d65e e-con-full e-flex e-con e-child\" data-id=\"5bb4d65e\" data-element_type=\"container\" data-e-type=\"container\">\n\t\t\t\t<div class=\"elementor-element elementor-element-3c65a2b6 elementor-widget elementor-widget-heading\" data-id=\"3c65a2b6\" data-element_type=\"widget\" data-e-type=\"widget\" data-widget_type=\"heading.default\">\n\t\t\t\t<div class=\"elementor-widget-container\">\n\t\t\t\t\t<h2 class=\"elementor-heading-title elementor-size-default\">Produktvorteile<\/h2>\t\t\t\t<\/div>\n\t\t\t\t<\/div>\n\t\t\t\t<div class=\"elementor-element elementor-element-2ea5f744 elementor-widget elementor-widget-text-editor\" data-id=\"2ea5f744\" data-element_type=\"widget\" data-e-type=\"widget\" data-widget_type=\"text-editor.default\">\n\t\t\t\t<div class=\"elementor-widget-container\">\n\t\t\t\t\t\t\t\t\t<ul data-start=\"1790\" data-end=\"2225\"><li data-section-id=\"dyr4bi\" data-start=\"1790\" data-end=\"1901\">Verbesserte Schwei\u00dfstabilit\u00e4t: Die Oberfl\u00e4chenbeschichtung von kupferfreiem Schwei\u00dfdraht enth\u00e4lt Wirkstoffe, die die Lichtbogenstabilit\u00e4t verbessern, die Schmelztr\u00f6pfchen verfeinern und Spritzer reduzieren. Durch die spezielle Behandlung werden Spritzerschutz und Lichtbogenstabilit\u00e4t erreicht.<\/li><li data-section-id=\"qcoaro\" data-start=\"1903\" data-end=\"2021\">Verbesserte Korrosionsbest\u00e4ndigkeit: Einige Technologien zur Oberfl\u00e4chenbehandlung von kupferfreiem Schwei\u00dfdraht kombinieren Rostschutz und Korrosionsbest\u00e4ndigkeit und verl\u00e4ngern so die Lagerf\u00e4higkeit des Drahtes, insbesondere in feuchten Umgebungen.<\/li><li data-section-id=\"2riw35\" data-start=\"2023\" data-end=\"2125\">Breite Anwendbarkeit: Kupferfreier Schwei\u00dfdraht weist eine gute Anpassungsf\u00e4higkeit beim CO2-Schutzgasschwei\u00dfen und Mischgasschwei\u00dfen (wie Ar+CO2) auf und eignet sich zum Schwei\u00dfen verschiedener St\u00e4hle (wie Q345B, kohlenstoffarmer Stahl usw.).<\/li><li data-section-id=\"1y0ezdm\" data-start=\"2127\" data-end=\"2225\">Betriebliche Sicherheit: Da kupferfreier Schwei\u00dfdraht keine Kupferschicht enth\u00e4lt, entstehen beim Schwei\u00dfen weder Kupferd\u00e4mpfe noch sch\u00e4dliche Gase, was die Gesundheitsrisiken f\u00fcr das Bedienpersonal verringert. Er ist besonders f\u00fcr geschlossene oder schlecht bel\u00fcftete Arbeitsumgebungen geeignet.<\/li><\/ul>\t\t\t\t\t\t\t\t<\/div>\n\t\t\t\t<\/div>\n\t\t\t\t<\/div>\n\t\t\t\t<\/div>\n\t\t\t\t<\/div>\n\t\t\t\t\t<\/div>\n\t\t\t\t<\/div>\n\t\t\t\t<\/div>","protected":false},"excerpt":{"rendered":"<p>Kupferfreier Schwei\u00dfdraht ist ein fortschrittliches Material, das sowohl bei der Herstellung als auch bei der Verwendung keine Kupferverunreinigungen aufweist. Mit einer speziellen Oberfl\u00e4chenaktivierungstechnologie bietet er eine glatte Oberfl\u00e4che, starken Rostschutz und eine hervorragende elektrische Leitf\u00e4higkeit.<\/p>","protected":false},"featured_media":9614,"comment_status":"closed","ping_status":"closed","template":"","meta":{"_seopress_robots_primary_cat":"none","_seopress_titles_title":"Copper-Free Welding Wire Manufacturer | Non Copper Coated Welding Wire Supplier","_seopress_titles_desc":"High-quality copper-free welding wire with no copper contamination, excellent conductivity, and stable feeding. Ideal for steel structures, pipelines, and industrial welding applications.","_seopress_robots_index":"","site-sidebar-layout":"default","site-content-layout":"","ast-site-content-layout":"default","site-content-style":"default","site-sidebar-style":"default","ast-global-header-display":"","ast-banner-title-visibility":"","ast-main-header-display":"","ast-hfb-above-header-display":"","ast-hfb-below-header-display":"","ast-hfb-mobile-header-display":"","site-post-title":"","ast-breadcrumbs-content":"","ast-featured-img":"","footer-sml-layout":"","theme-transparent-header-meta":"default","adv-header-id-meta":"","stick-header-meta":"default","header-above-stick-meta":"","header-main-stick-meta":"","header-below-stick-meta":"","astra-migrate-meta-layouts":"set","ast-page-background-enabled":"default","ast-page-background-meta":{"desktop":{"background-color":"var(--ast-global-color-4)","background-image":"","background-repeat":"repeat","background-position":"center center","background-size":"auto","background-attachment":"scroll","background-type":"","background-media":"","overlay-type":"","overlay-color":"","overlay-opacity":"","overlay-gradient":""},"tablet":{"background-color":"","background-image":"","background-repeat":"repeat","background-position":"center center","background-size":"auto","background-attachment":"scroll","background-type":"","background-media":"","overlay-type":"","overlay-color":"","overlay-opacity":"","overlay-gradient":""},"mobile":{"background-color":"","background-image":"","background-repeat":"repeat","background-position":"center center","background-size":"auto","background-attachment":"scroll","background-type":"","background-media":"","overlay-type":"","overlay-color":"","overlay-opacity":"","overlay-gradient":""}},"ast-content-background-meta":{"desktop":{"background-color":"var(--ast-global-color-5)","background-image":"","background-repeat":"repeat","background-position":"center center","background-size":"auto","background-attachment":"scroll","background-type":"","background-media":"","overlay-type":"","overlay-color":"","overlay-opacity":"","overlay-gradient":""},"tablet":{"background-color":"var(--ast-global-color-5)","background-image":"","background-repeat":"repeat","background-position":"center center","background-size":"auto","background-attachment":"scroll","background-type":"","background-media":"","overlay-type":"","overlay-color":"","overlay-opacity":"","overlay-gradient":""},"mobile":{"background-color":"var(--ast-global-color-5)","background-image":"","background-repeat":"repeat","background-position":"center center","background-size":"auto","background-attachment":"scroll","background-type":"","background-media":"","overlay-type":"","overlay-color":"","overlay-opacity":"","overlay-gradient":""}}},"product_brand":[],"product_cat":[94],"product_tag":[],"class_list":{"0":"post-9281","1":"product","2":"type-product","3":"status-publish","4":"has-post-thumbnail","6":"product_cat-non-copper-coated-welding-wire","7":"desktop-align-center","8":"tablet-align-left","9":"mobile-align-left","10":"ast-product-gallery-layout-horizontal-slider","11":"ast-product-tabs-layout-horizontal","13":"first","14":"instock","15":"shipping-taxable","16":"product-type-simple"},"_links":{"self":[{"href":"https:\/\/www.sxwelding.com\/de\/wp-json\/wp\/v2\/product\/9281","targetHints":{"allow":["GET"]}}],"collection":[{"href":"https:\/\/www.sxwelding.com\/de\/wp-json\/wp\/v2\/product"}],"about":[{"href":"https:\/\/www.sxwelding.com\/de\/wp-json\/wp\/v2\/types\/product"}],"replies":[{"embeddable":true,"href":"https:\/\/www.sxwelding.com\/de\/wp-json\/wp\/v2\/comments?post=9281"}],"wp:featuredmedia":[{"embeddable":true,"href":"https:\/\/www.sxwelding.com\/de\/wp-json\/wp\/v2\/media\/9614"}],"wp:attachment":[{"href":"https:\/\/www.sxwelding.com\/de\/wp-json\/wp\/v2\/media?parent=9281"}],"wp:term":[{"taxonomy":"product_brand","embeddable":true,"href":"https:\/\/www.sxwelding.com\/de\/wp-json\/wp\/v2\/product_brand?post=9281"},{"taxonomy":"product_cat","embeddable":true,"href":"https:\/\/www.sxwelding.com\/de\/wp-json\/wp\/v2\/product_cat?post=9281"},{"taxonomy":"product_tag","embeddable":true,"href":"https:\/\/www.sxwelding.com\/de\/wp-json\/wp\/v2\/product_tag?post=9281"}],"curies":[{"name":"wp","href":"https:\/\/api.w.org\/{rel}","templated":true}]}}