{"id":9296,"date":"2026-03-27T01:55:46","date_gmt":"2026-03-27T01:55:46","guid":{"rendered":"http:\/\/www.sxwelding.com\/?post_type=product&#038;p=9296"},"modified":"2026-03-28T02:28:50","modified_gmt":"2026-03-28T02:28:50","slug":"argon-arc-welding-wire","status":"publish","type":"product","link":"https:\/\/www.sxwelding.com\/de\/product\/argon-lichtbogenschweisdraht\/","title":{"rendered":"Argon-Lichtbogen-Schwei\u00dfdraht"},"content":{"rendered":"<p data-start=\"140\" data-end=\"323\">Unser WIG-Schwei\u00dfdraht ist in zwei Hauptfestigkeitsstufen erh\u00e4ltlich: <strong data-start=\"203\" data-end=\"213\">500MPa<\/strong> und <strong data-start=\"218\" data-end=\"235\">600MPa-Reihe<\/strong>, die mehr als 20 Spezifikationen mit Durchmessern von <strong data-start=\"302\" data-end=\"320\">1,6 mm bis 4,0 mm<\/strong>.<\/p>\n<p data-start=\"325\" data-end=\"519\">Dieses Produkt wurde f\u00fcr Pr\u00e4zisionsschwei\u00dfanwendungen entwickelt und bietet eine stabile Lichtbogenleistung, konzentrierte Hitze und eine hohe Schwei\u00dfeffizienz, wodurch es sich f\u00fcr eine Vielzahl von industriellen Anwendungen eignet.<\/p>\n<table>\n<tbody>\n<tr class=\"firstRow\">\n<td colspan=\"13\" valign=\"top\" width=\"648\"><strong>ER50-6 chemische Zusammensetzung(%)<\/strong><\/td>\n<\/tr>\n<tr>\n<td valign=\"top\" width=\"67\"><strong>Element<\/strong><\/td>\n<td valign=\"top\" width=\"53\"><strong>C<\/strong><\/td>\n<td valign=\"top\" width=\"55\"><strong>S<\/strong><\/td>\n<td colspan=\"2\" valign=\"top\" width=\"59\"><strong>Mn<\/strong><\/td>\n<td valign=\"top\" width=\"59\"><strong>Si<\/strong><\/td>\n<td valign=\"top\" width=\"59\"><strong>P<\/strong><\/td>\n<td colspan=\"2\" valign=\"top\" width=\"59\"><strong>Cr<\/strong><\/td>\n<td valign=\"top\" width=\"59\"><strong>Ni<\/strong><\/td>\n<td valign=\"top\" width=\"59\"><strong>Mo<\/strong><\/td>\n<td valign=\"top\" width=\"59\"><strong>Cu<\/strong><\/td>\n<td valign=\"top\" width=\"60\"><strong>V<\/strong><\/td>\n<\/tr>\n<tr>\n<td valign=\"top\" width=\"67\">Standard<\/td>\n<td valign=\"top\" width=\"53\">0.06-<\/p>\n<p>0.14<\/td>\n<td valign=\"top\" width=\"55\">\u22640.025<\/td>\n<td colspan=\"2\" valign=\"top\" width=\"59\">1.40-1.85<\/td>\n<td valign=\"top\" width=\"79\">0.80-1.15<\/td>\n<td valign=\"top\" width=\"59\">\u22640.025<\/td>\n<td colspan=\"2\" valign=\"top\" width=\"59\">\u22640.015<\/td>\n<td valign=\"top\" width=\"59\">\u22640.015<\/td>\n<td valign=\"top\" width=\"59\">\u22640.015<\/td>\n<td valign=\"top\" width=\"59\">\u22640.35<\/td>\n<td valign=\"top\" width=\"60\">\u22640.03<\/td>\n<\/tr>\n<tr>\n<td valign=\"top\" width=\"67\">Beispielwert<\/td>\n<td valign=\"top\" width=\"53\">0.075<\/td>\n<td valign=\"top\" width=\"55\">0.017<\/td>\n<td colspan=\"2\" valign=\"top\" width=\"59\">1.48<\/td>\n<td valign=\"top\" width=\"59\">0.87<\/td>\n<td valign=\"top\" width=\"59\">0.016<\/td>\n<td colspan=\"2\" valign=\"top\" width=\"59\">0.026<\/td>\n<td valign=\"top\" width=\"59\">0.013<\/td>\n<td valign=\"top\" width=\"59\">0.015<\/td>\n<td valign=\"top\" width=\"59\">0.12<\/td>\n<td valign=\"top\" width=\"60\">0.01<\/td>\n<\/tr>\n<tr>\n<td colspan=\"13\" valign=\"top\" width=\"648\"><strong>Mechanische Eigenschaften des Schwei\u00dfguts ER50-6\/TG50<\/strong><\/td>\n<\/tr>\n<tr>\n<td valign=\"top\" width=\"67\"><strong>Test<\/strong><\/td>\n<td colspan=\"3\" valign=\"top\" width=\"135\"><strong>St\u00e4rke Rm\uff08Mpa\uff09<\/strong><\/td>\n<td colspan=\"4\" valign=\"top\" width=\"157\"><strong>Streckgrenze Rm\uff08Mpa\uff09<\/strong><\/td>\n<td colspan=\"2\" valign=\"top\" width=\"111\"><strong>Dehnung A\uff08%\uff09<\/strong><\/td>\n<td colspan=\"3\" valign=\"top\" width=\"178\"><strong>V-Schlagpr\u00fcfung (J)-30\u2103<\/strong><\/td>\n<\/tr>\n<tr>\n<td valign=\"top\" width=\"67\">Standard<\/td>\n<td colspan=\"3\" valign=\"top\" width=\"135\">\u2265500<\/td>\n<td colspan=\"4\" valign=\"top\" width=\"157\">\u2265420<\/td>\n<td colspan=\"2\" valign=\"top\" width=\"111\">\u226522<\/td>\n<td colspan=\"3\" valign=\"top\" width=\"178\">\u226527<\/td>\n<\/tr>\n<tr>\n<td valign=\"top\" width=\"67\">Beispielwert<\/td>\n<td colspan=\"3\" valign=\"top\" width=\"135\">557<\/td>\n<td colspan=\"4\" valign=\"top\" width=\"157\">439<\/td>\n<td colspan=\"2\" valign=\"top\" width=\"111\">28<\/td>\n<td colspan=\"3\" valign=\"top\" width=\"178\">90<\/td>\n<\/tr>\n<\/tbody>\n<\/table>\n<div id='gallery-1' class='gallery galleryid-9296 gallery-columns-3 gallery-size-full'><figure class='gallery-item'>\n\t\t\t<div class='gallery-icon landscape'>\n\t\t\t\t<a href='https:\/\/www.sxwelding.com\/de\/?attachment_id=9416'><img fetchpriority=\"high\" decoding=\"async\" width=\"600\" height=\"600\" src=\"https:\/\/www.sxwelding.com\/wp-content\/uploads\/2026\/03\/01-17.png\" class=\"attachment-full size-full\" alt=\"\" srcset=\"https:\/\/www.sxwelding.com\/wp-content\/uploads\/2026\/03\/01-17.png 600w, https:\/\/www.sxwelding.com\/wp-content\/uploads\/2026\/03\/01-17-300x300.png 300w, https:\/\/www.sxwelding.com\/wp-content\/uploads\/2026\/03\/01-17-150x150.png 150w, https:\/\/www.sxwelding.com\/wp-content\/uploads\/2026\/03\/01-17-12x12.png 12w, https:\/\/www.sxwelding.com\/wp-content\/uploads\/2026\/03\/01-17-100x100.png 100w\" sizes=\"(max-width: 600px) 100vw, 600px\" \/><\/a>\n\t\t\t<\/div><\/figure><figure class='gallery-item'>\n\t\t\t<div class='gallery-icon landscape'>\n\t\t\t\t<a href='https:\/\/www.sxwelding.com\/de\/?attachment_id=9299'><img decoding=\"async\" width=\"600\" height=\"600\" src=\"https:\/\/www.sxwelding.com\/wp-content\/uploads\/2026\/03\/01-3.png\" class=\"attachment-full size-full\" alt=\"\" srcset=\"https:\/\/www.sxwelding.com\/wp-content\/uploads\/2026\/03\/01-3.png 600w, https:\/\/www.sxwelding.com\/wp-content\/uploads\/2026\/03\/01-3-300x300.png 300w, https:\/\/www.sxwelding.com\/wp-content\/uploads\/2026\/03\/01-3-150x150.png 150w, https:\/\/www.sxwelding.com\/wp-content\/uploads\/2026\/03\/01-3-12x12.png 12w, https:\/\/www.sxwelding.com\/wp-content\/uploads\/2026\/03\/01-3-100x100.png 100w\" sizes=\"(max-width: 600px) 100vw, 600px\" \/><\/a>\n\t\t\t<\/div><\/figure><figure class='gallery-item'>\n\t\t\t<div class='gallery-icon landscape'>\n\t\t\t\t<a href='https:\/\/www.sxwelding.com\/de\/?attachment_id=9300'><img decoding=\"async\" width=\"600\" height=\"600\" src=\"https:\/\/www.sxwelding.com\/wp-content\/uploads\/2026\/03\/02-2.png\" class=\"attachment-full size-full\" alt=\"\" srcset=\"https:\/\/www.sxwelding.com\/wp-content\/uploads\/2026\/03\/02-2.png 600w, https:\/\/www.sxwelding.com\/wp-content\/uploads\/2026\/03\/02-2-300x300.png 300w, https:\/\/www.sxwelding.com\/wp-content\/uploads\/2026\/03\/02-2-150x150.png 150w, https:\/\/www.sxwelding.com\/wp-content\/uploads\/2026\/03\/02-2-12x12.png 12w, https:\/\/www.sxwelding.com\/wp-content\/uploads\/2026\/03\/02-2-100x100.png 100w\" sizes=\"(max-width: 600px) 100vw, 600px\" \/><\/a>\n\t\t\t<\/div><\/figure>\n\t\t<\/div>\n\n\t\t<div data-elementor-type=\"container\" data-elementor-id=\"9420\" class=\"elementor elementor-9420\" data-elementor-post-type=\"elementor_library\">\n\t\t\t\t<div class=\"elementor-element elementor-element-b6c29de e-flex e-con-boxed e-con e-parent\" data-id=\"b6c29de\" data-element_type=\"container\" data-e-type=\"container\">\n\t\t\t\t\t<div class=\"e-con-inner\">\n\t\t\t\t<div class=\"elementor-element elementor-element-4d4bf83 elementor-widget elementor-widget-heading\" data-id=\"4d4bf83\" data-element_type=\"widget\" data-e-type=\"widget\" data-widget_type=\"heading.default\">\n\t\t\t\t<div class=\"elementor-widget-container\">\n\t\t\t\t\t<h2 class=\"elementor-heading-title elementor-size-default\">Beschreibung<\/h2>\t\t\t\t<\/div>\n\t\t\t\t<\/div>\n\t\t<div class=\"elementor-element elementor-element-9f0b7d7 e-con-full e-flex e-con e-child\" data-id=\"9f0b7d7\" data-element_type=\"container\" data-e-type=\"container\">\n\t\t<div class=\"elementor-element elementor-element-db2625f e-grid e-con-full e-con e-child\" data-id=\"db2625f\" data-element_type=\"container\" data-e-type=\"container\">\n\t\t<div class=\"elementor-element elementor-element-57bccad e-con-full e-flex e-con e-child\" data-id=\"57bccad\" data-element_type=\"container\" data-e-type=\"container\">\n\t\t\t\t<div class=\"elementor-element elementor-element-9ddd846 elementor-widget elementor-widget-heading\" data-id=\"9ddd846\" data-element_type=\"widget\" data-e-type=\"widget\" data-widget_type=\"heading.default\">\n\t\t\t\t<div class=\"elementor-widget-container\">\n\t\t\t\t\t<h2 class=\"elementor-heading-title elementor-size-default\">Wesentliche Merkmale<\/h2>\t\t\t\t<\/div>\n\t\t\t\t<\/div>\n\t\t\t\t<div class=\"elementor-element elementor-element-9573b21 elementor-widget elementor-widget-text-editor\" data-id=\"9573b21\" data-element_type=\"widget\" data-e-type=\"widget\" data-widget_type=\"text-editor.default\">\n\t\t\t\t<div class=\"elementor-widget-container\">\n\t\t\t\t\t\t\t\t\t<ul data-start=\"547\" data-end=\"1129\"><li data-section-id=\"1ps902j\" data-start=\"547\" data-end=\"639\"><strong data-start=\"549\" data-end=\"575\">Stabile Lichtbogenleistung<\/strong><br data-start=\"575\" data-end=\"578\" \/>Sorgt f\u00fcr eine gleichm\u00e4\u00dfige Z\u00fcndung des Lichtbogens und gleichbleibende Schwei\u00dfqualit\u00e4t.<\/li><li data-section-id=\"1vdf5sb\" data-start=\"641\" data-end=\"745\"><strong data-start=\"643\" data-end=\"687\">Hohe Lichtbogentemperatur und konzentrierte Hitze<\/strong><br data-start=\"687\" data-end=\"690\" \/>Verbessert die Eindringtiefe und erh\u00f6ht die Schwei\u00dfleistung.<\/li><li data-section-id=\"e2ziw0\" data-start=\"747\" data-end=\"854\"><strong data-start=\"749\" data-end=\"784\">Schmale W\u00e4rmeeinflusszone (HAZ)<\/strong><br data-start=\"784\" data-end=\"787\" \/>Minimiert die Materialverformung und erh\u00e4lt die strukturelle Integrit\u00e4t.<\/li><li data-section-id=\"1n800yy\" data-start=\"856\" data-end=\"953\"><strong data-start=\"858\" data-end=\"894\">Geringe Verformung und Rissneigung<\/strong><br data-start=\"894\" data-end=\"897\" \/>Reduziert innere Spannungen und verbessert die Zuverl\u00e4ssigkeit der Schwei\u00dfnaht.<\/li><li data-section-id=\"1iiz3ij\" data-start=\"955\" data-end=\"1033\"><strong data-start=\"957\" data-end=\"980\">Glatte Drahtoberfl\u00e4che<\/strong><br data-start=\"980\" data-end=\"983\" \/>Verbessert die Lichtbogenstabilit\u00e4t und das Aussehen der Schwei\u00dfnaht.<\/li><li data-section-id=\"nuvkxx\" data-start=\"1035\" data-end=\"1129\"><strong data-start=\"1037\" data-end=\"1066\">Ausgezeichnetes Aussehen der Schwei\u00dfnaht<\/strong><br data-start=\"1066\" data-end=\"1069\" \/>Erzeugt gleichm\u00e4\u00dfige, saubere und \u00e4sthetisch ansprechende Schwei\u00dfn\u00e4hte.<\/li><\/ul>\t\t\t\t\t\t\t\t<\/div>\n\t\t\t\t<\/div>\n\t\t\t\t<\/div>\n\t\t<div class=\"elementor-element elementor-element-f436910 e-con-full e-flex e-con e-child\" data-id=\"f436910\" data-element_type=\"container\" data-e-type=\"container\">\n\t\t\t\t<div class=\"elementor-element elementor-element-80d426e elementor-widget elementor-widget-heading\" data-id=\"80d426e\" data-element_type=\"widget\" data-e-type=\"widget\" data-widget_type=\"heading.default\">\n\t\t\t\t<div class=\"elementor-widget-container\">\n\t\t\t\t\t<h2 class=\"elementor-heading-title elementor-size-default\">Fortgeschrittene Fertigungstechnologie<\/h2>\t\t\t\t<\/div>\n\t\t\t\t<\/div>\n\t\t\t\t<div class=\"elementor-element elementor-element-36eba0a elementor-widget elementor-widget-text-editor\" data-id=\"36eba0a\" data-element_type=\"widget\" data-e-type=\"widget\" data-widget_type=\"text-editor.default\">\n\t\t\t\t<div class=\"elementor-widget-container\">\n\t\t\t\t\t\t\t\t\t<ul data-start=\"1178\" data-end=\"1424\"><li data-section-id=\"iula08\" data-start=\"1178\" data-end=\"1254\">Verwendet\u00a0<strong data-start=\"1185\" data-end=\"1224\">spezielle hochpr\u00e4zise Ziehwerkzeuge<\/strong>\u00a0und\u00a0<strong data-start=\"1229\" data-end=\"1252\">Richtschablonen<\/strong><\/li><li data-section-id=\"hfr0su\" data-start=\"1255\" data-end=\"1322\">Gew\u00e4hrleistet\u00a0<strong data-start=\"1265\" data-end=\"1290\">einheitlicher Drahtdurchmesser<\/strong>\u00a0und hohe Ma\u00dfhaltigkeit<\/li><li data-section-id=\"ywtj6l\" data-start=\"1323\" data-end=\"1369\">Minimiert die Oberfl\u00e4chenbesch\u00e4digung w\u00e4hrend der Produktion<\/li><li data-section-id=\"1l8uno\" data-start=\"1370\" data-end=\"1424\">Verbessert die allgemeine Schwei\u00dfstabilit\u00e4t und -konsistenz<\/li><\/ul>\t\t\t\t\t\t\t\t<\/div>\n\t\t\t\t<\/div>\n\t\t\t\t<\/div>\n\t\t<div class=\"elementor-element elementor-element-d1dd6d4 e-con-full e-flex e-con e-child\" data-id=\"d1dd6d4\" data-element_type=\"container\" data-e-type=\"container\">\n\t\t\t\t<div class=\"elementor-element elementor-element-a956d28 elementor-widget elementor-widget-heading\" data-id=\"a956d28\" data-element_type=\"widget\" data-e-type=\"widget\" data-widget_type=\"heading.default\">\n\t\t\t\t<div class=\"elementor-widget-container\">\n\t\t\t\t\t<h2 class=\"elementor-heading-title elementor-size-default\">Anwendungen<\/h2>\t\t\t\t<\/div>\n\t\t\t\t<\/div>\n\t\t\t\t<div class=\"elementor-element elementor-element-bb54019 elementor-widget elementor-widget-text-editor\" data-id=\"bb54019\" data-element_type=\"widget\" data-e-type=\"widget\" data-widget_type=\"text-editor.default\">\n\t\t\t\t<div class=\"elementor-widget-container\">\n\t\t\t\t\t\t\t\t\t<p>WIG-Schwei\u00dfdraht ist weit verbreitet in:<br \/>- Herstellung von Stahlkonstruktionen<br \/>- Druckbeh\u00e4lter<br \/>- Schwei\u00dfen von Rohrleitungen<br \/>- Mechanische Fertigung<br \/>- Schiffbauindustrie<br \/>- Schwei\u00dfen von Pr\u00e4zisionskomponenten<br \/>Geeignet f\u00fcr:<br \/>- Kohlenstoffstahl und niedrig legierter Stahl<br \/>- Schwei\u00dfanwendungen in voller Position<br \/>- Hohe Anforderungen an Qualit\u00e4t und Pr\u00e4zision beim Schwei\u00dfen<\/p>\t\t\t\t\t\t\t\t<\/div>\n\t\t\t\t<\/div>\n\t\t\t\t<\/div>\n\t\t<div class=\"elementor-element elementor-element-13cdeee e-con-full e-flex e-con e-child\" data-id=\"13cdeee\" data-element_type=\"container\" data-e-type=\"container\">\n\t\t\t\t<div class=\"elementor-element elementor-element-b4a0aab elementor-widget elementor-widget-heading\" data-id=\"b4a0aab\" data-element_type=\"widget\" data-e-type=\"widget\" data-widget_type=\"heading.default\">\n\t\t\t\t<div class=\"elementor-widget-container\">\n\t\t\t\t\t<h2 class=\"elementor-heading-title elementor-size-default\">Produktvorteile<\/h2>\t\t\t\t<\/div>\n\t\t\t\t<\/div>\n\t\t\t\t<div class=\"elementor-element elementor-element-b90ff0a elementor-widget elementor-widget-text-editor\" data-id=\"b90ff0a\" data-element_type=\"widget\" data-e-type=\"widget\" data-widget_type=\"text-editor.default\">\n\t\t\t\t<div class=\"elementor-widget-container\">\n\t\t\t\t\t\t\t\t\t<p>Breites Spektrum an Spezifikationen (1,6mm-4,0mm)<br \/>- Deckt mehrere Festigkeitsklassen ab (500MPa \/ 600MPa)<br \/>- Geeignet f\u00fcr automatisiertes und manuelles WIG-Schwei\u00dfen<br \/>- Flexible Schwei\u00dfleistung mit hoher Effizienz<br \/>- Gleichbleibende Qualit\u00e4t nach Industriestandards<\/p>\t\t\t\t\t\t\t\t<\/div>\n\t\t\t\t<\/div>\n\t\t\t\t<\/div>\n\t\t\t\t<\/div>\n\t\t\t\t<\/div>\n\t\t\t\t\t<\/div>\n\t\t\t\t<\/div>\n\t\t\t\t<\/div>\n\t\t\n<p>&nbsp;<\/p>","protected":false},"excerpt":{"rendered":"<p>Unser WIG-Schwei\u00dfdraht ist in zwei Hauptfestigkeitsstufen erh\u00e4ltlich: 500MPa- und 600MPa-Serien, die mehr als 20 Spezifikationen mit Durchmessern von 1,6 mm bis 4,0 mm umfassen.<\/p>","protected":false},"featured_media":9415,"comment_status":"closed","ping_status":"closed","template":"","meta":{"_seopress_robots_primary_cat":"none","_seopress_titles_title":"TIG Welding Wire Manufacturer | Argon Arc Welding Wire 500MPa 600MPa","_seopress_titles_desc":"High-quality TIG welding wire with stable arc, smooth surface, and excellent weld performance. Available in 500MPa & 600MPa grades for precision welding applications.","_seopress_robots_index":"","site-sidebar-layout":"default","site-content-layout":"","ast-site-content-layout":"default","site-content-style":"default","site-sidebar-style":"default","ast-global-header-display":"","ast-banner-title-visibility":"","ast-main-header-display":"","ast-hfb-above-header-display":"","ast-hfb-below-header-display":"","ast-hfb-mobile-header-display":"","site-post-title":"","ast-breadcrumbs-content":"","ast-featured-img":"","footer-sml-layout":"","theme-transparent-header-meta":"default","adv-header-id-meta":"","stick-header-meta":"default","header-above-stick-meta":"","header-main-stick-meta":"","header-below-stick-meta":"","astra-migrate-meta-layouts":"set","ast-page-background-enabled":"default","ast-page-background-meta":{"desktop":{"background-color":"var(--ast-global-color-4)","background-image":"","background-repeat":"repeat","background-position":"center center","background-size":"auto","background-attachment":"scroll","background-type":"","background-media":"","overlay-type":"","overlay-color":"","overlay-opacity":"","overlay-gradient":""},"tablet":{"background-color":"","background-image":"","background-repeat":"repeat","background-position":"center center","background-size":"auto","background-attachment":"scroll","background-type":"","background-media":"","overlay-type":"","overlay-color":"","overlay-opacity":"","overlay-gradient":""},"mobile":{"background-color":"","background-image":"","background-repeat":"repeat","background-position":"center center","background-size":"auto","background-attachment":"scroll","background-type":"","background-media":"","overlay-type":"","overlay-color":"","overlay-opacity":"","overlay-gradient":""}},"ast-content-background-meta":{"desktop":{"background-color":"var(--ast-global-color-5)","background-image":"","background-repeat":"repeat","background-position":"center center","background-size":"auto","background-attachment":"scroll","background-type":"","background-media":"","overlay-type":"","overlay-color":"","overlay-opacity":"","overlay-gradient":""},"tablet":{"background-color":"var(--ast-global-color-5)","background-image":"","background-repeat":"repeat","background-position":"center center","background-size":"auto","background-attachment":"scroll","background-type":"","background-media":"","overlay-type":"","overlay-color":"","overlay-opacity":"","overlay-gradient":""},"mobile":{"background-color":"var(--ast-global-color-5)","background-image":"","background-repeat":"repeat","background-position":"center center","background-size":"auto","background-attachment":"scroll","background-type":"","background-media":"","overlay-type":"","overlay-color":"","overlay-opacity":"","overlay-gradient":""}}},"product_brand":[],"product_cat":[89],"product_tag":[],"class_list":{"0":"post-9296","1":"product","2":"type-product","3":"status-publish","4":"has-post-thumbnail","6":"product_cat-argon-arc-welding-wire","7":"desktop-align-center","8":"tablet-align-left","9":"mobile-align-left","10":"ast-product-gallery-layout-horizontal-slider","11":"ast-product-tabs-layout-horizontal","13":"first","14":"instock","15":"shipping-taxable","16":"product-type-simple"},"_links":{"self":[{"href":"https:\/\/www.sxwelding.com\/de\/wp-json\/wp\/v2\/product\/9296","targetHints":{"allow":["GET"]}}],"collection":[{"href":"https:\/\/www.sxwelding.com\/de\/wp-json\/wp\/v2\/product"}],"about":[{"href":"https:\/\/www.sxwelding.com\/de\/wp-json\/wp\/v2\/types\/product"}],"replies":[{"embeddable":true,"href":"https:\/\/www.sxwelding.com\/de\/wp-json\/wp\/v2\/comments?post=9296"}],"wp:featuredmedia":[{"embeddable":true,"href":"https:\/\/www.sxwelding.com\/de\/wp-json\/wp\/v2\/media\/9415"}],"wp:attachment":[{"href":"https:\/\/www.sxwelding.com\/de\/wp-json\/wp\/v2\/media?parent=9296"}],"wp:term":[{"taxonomy":"product_brand","embeddable":true,"href":"https:\/\/www.sxwelding.com\/de\/wp-json\/wp\/v2\/product_brand?post=9296"},{"taxonomy":"product_cat","embeddable":true,"href":"https:\/\/www.sxwelding.com\/de\/wp-json\/wp\/v2\/product_cat?post=9296"},{"taxonomy":"product_tag","embeddable":true,"href":"https:\/\/www.sxwelding.com\/de\/wp-json\/wp\/v2\/product_tag?post=9296"}],"curies":[{"name":"wp","href":"https:\/\/api.w.org\/{rel}","templated":true}]}}