{"id":9367,"date":"2026-03-27T06:03:21","date_gmt":"2026-03-27T06:03:21","guid":{"rendered":"http:\/\/www.sxwelding.com\/?post_type=product&#038;p=9367"},"modified":"2026-03-28T03:11:08","modified_gmt":"2026-03-28T03:11:08","slug":"heat-resistant-steel-welding-wire","status":"publish","type":"product","link":"https:\/\/www.sxwelding.com\/de\/product\/hitzebestandiger-stahlschweisdraht\/","title":{"rendered":"Hitzebest\u00e4ndiger Stahlschwei\u00dfdraht"},"content":{"rendered":"<p data-start=\"152\" data-end=\"317\">Unser hitzebest\u00e4ndiger Stahlschwei\u00dfdraht ist in zwei Haupttypen erh\u00e4ltlich: <strong data-start=\"222\" data-end=\"264\">Chrom-Molybd\u00e4n-Vanadium (Cr-Mo-V)<\/strong> Serien und <strong data-start=\"276\" data-end=\"307\">Chrom-Molybd\u00e4n (Cr-Mo)<\/strong> Serie.<\/p>\n<p data-start=\"319\" data-end=\"500\">Dieser f\u00fcr Hochtemperaturanwendungen konzipierte Schwei\u00dfdraht bietet eine hervorragende Best\u00e4ndigkeit gegen thermische Rissbildung und Oxidation und gew\u00e4hrleistet eine zuverl\u00e4ssige Leistung in anspruchsvollen Umgebungen.<\/p>\n<p data-start=\"319\" data-end=\"500\"><strong>H13CrMoA-Schwei\u00dfdraht:<\/strong><\/p>\n<table>\n<tbody>\n<tr class=\"firstRow\">\n<td colspan=\"14\" valign=\"top\" width=\"652\"><strong>chemische Zusammensetzung\uff08%\uff09<\/strong><\/td>\n<\/tr>\n<tr>\n<td valign=\"top\" width=\"71\"><strong>Element<\/strong><\/td>\n<td colspan=\"2\" valign=\"top\" width=\"65\"><strong>C<\/strong><\/td>\n<td valign=\"top\" width=\"65\"><strong>S<\/strong><\/td>\n<td colspan=\"2\" valign=\"top\" width=\"65\"><strong>Mn<\/strong><\/td>\n<td valign=\"top\" width=\"65\"><strong>Si<\/strong><\/td>\n<td colspan=\"2\" valign=\"top\" width=\"65\"><strong>P<\/strong><\/td>\n<td valign=\"top\" width=\"65\"><strong>Cr<\/strong><\/td>\n<td colspan=\"2\" valign=\"top\" width=\"65\"><strong>Ni<\/strong><\/td>\n<td valign=\"top\" width=\"65\"><strong>Cu<\/strong><\/td>\n<td valign=\"top\" width=\"65\"><strong>Mo<\/strong><\/td>\n<\/tr>\n<tr>\n<td valign=\"top\" width=\"71\">Beispielwert<\/td>\n<td colspan=\"2\" valign=\"top\" width=\"65\">0.13<\/td>\n<td valign=\"top\" width=\"65\">0.014<\/td>\n<td colspan=\"2\" valign=\"top\" width=\"65\">0.56<\/td>\n<td valign=\"top\" width=\"65\">0.27<\/td>\n<td colspan=\"2\" valign=\"top\" width=\"65\">0.015<\/td>\n<td valign=\"top\" width=\"65\">0.94<\/td>\n<td colspan=\"2\" valign=\"top\" width=\"65\">0.030<\/td>\n<td valign=\"top\" width=\"65\">0.16<\/td>\n<td valign=\"top\" width=\"65\">0.50<\/td>\n<\/tr>\n<tr>\n<td colspan=\"14\" valign=\"top\" width=\"652\"><strong>Mechanische Eigenschaften des abgeschiedenen Metalls<\/strong><\/td>\n<\/tr>\n<tr>\n<td colspan=\"2\" valign=\"top\" width=\"130\"><strong>Experimentelles Projekt<\/strong><\/td>\n<td colspan=\"3\" valign=\"top\" width=\"130\"><strong>St\u00e4rke Rm\uff08Mpa\uff09<\/strong><\/td>\n<td colspan=\"3\" valign=\"top\" width=\"130\"><strong>Streckgrenze\uff08Mpa\uff09<\/strong><\/td>\n<td colspan=\"3\" valign=\"top\" width=\"120\"><strong>Dehnung A\uff08%\uff09<\/strong><\/td>\n<td colspan=\"3\" valign=\"top\" width=\"141\"><strong>V-f\u00f6rmige Schlagpr\u00fcfung (J)0\u2103<\/strong><\/td>\n<\/tr>\n<tr>\n<td colspan=\"2\" valign=\"top\" width=\"130\">Beispielwert<\/td>\n<td colspan=\"3\" valign=\"top\" width=\"130\">568<\/td>\n<td colspan=\"3\" valign=\"top\" width=\"130\">480<\/td>\n<td colspan=\"3\" valign=\"top\" width=\"120\">26<\/td>\n<td colspan=\"3\" valign=\"top\" width=\"141\">68<\/td>\n<\/tr>\n<\/tbody>\n<\/table>\n<p data-section-id=\"pm8yra\" data-start=\"507\" data-end=\"527\"><strong>H08CrMoVA-Schwei\u00dfdraht:<\/strong><\/p>\n<table>\n<tbody>\n<tr class=\"firstRow\">\n<td colspan=\"14\" valign=\"top\" width=\"652\"><strong>chemische Zusammensetzung\uff08%\uff09<\/strong><\/td>\n<\/tr>\n<tr>\n<td valign=\"top\" width=\"71\"><strong>Element<\/strong><\/td>\n<td colspan=\"2\" valign=\"top\" width=\"65\"><strong>C<\/strong><\/td>\n<td valign=\"top\" width=\"65\"><strong>S<\/strong><\/td>\n<td colspan=\"2\" valign=\"top\" width=\"65\"><strong>Mn<\/strong><\/td>\n<td valign=\"top\" width=\"65\"><strong>Si<\/strong><\/td>\n<td colspan=\"2\" valign=\"top\" width=\"65\"><strong>P<\/strong><\/td>\n<td valign=\"top\" width=\"65\"><strong>Cr<\/strong><\/td>\n<td colspan=\"2\" valign=\"top\" width=\"65\"><strong>Ni<\/strong><\/td>\n<td valign=\"top\" width=\"65\"><strong>Cu<\/strong><\/td>\n<td valign=\"top\" width=\"65\"><strong>Mo<\/strong><\/td>\n<\/tr>\n<tr>\n<td valign=\"top\" width=\"71\">Beispielwert<\/td>\n<td colspan=\"2\" valign=\"top\" width=\"65\">0.08<\/td>\n<td valign=\"top\" width=\"65\">0.012<\/td>\n<td colspan=\"2\" valign=\"top\" width=\"65\">0.61<\/td>\n<td valign=\"top\" width=\"65\">0.25<\/td>\n<td colspan=\"2\" valign=\"top\" width=\"65\">0.018<\/td>\n<td valign=\"top\" width=\"65\">1.10<\/td>\n<td colspan=\"2\" valign=\"top\" width=\"65\">0.030<\/td>\n<td valign=\"top\" width=\"65\">0.16<\/td>\n<td valign=\"top\" width=\"65\">0.58<\/td>\n<\/tr>\n<tr>\n<td colspan=\"14\" valign=\"top\" width=\"652\"><strong>Mechanische Eigenschaften des abgeschiedenen Metalls<\/strong><\/td>\n<\/tr>\n<tr>\n<td colspan=\"2\" valign=\"top\" width=\"130\"><strong>Experimentelles Projekt<\/strong><\/td>\n<td colspan=\"3\" valign=\"top\" width=\"130\"><strong>St\u00e4rke Rm\uff08Mpa\uff09<\/strong><\/td>\n<td colspan=\"3\" valign=\"top\" width=\"130\"><strong>Streckgrenze\uff08Mpa\uff09<\/strong><\/td>\n<td colspan=\"3\" valign=\"top\" width=\"120\"><strong>Dehnung A\uff08%\uff09<\/strong><\/td>\n<td colspan=\"3\" valign=\"top\" width=\"141\"><strong>V-f\u00f6rmige Schlagpr\u00fcfung (J)0\u2103<\/strong><\/td>\n<\/tr>\n<tr>\n<td colspan=\"2\" valign=\"top\" width=\"130\">Beispielwert<\/td>\n<td colspan=\"3\" valign=\"top\" width=\"130\">585<\/td>\n<td colspan=\"3\" valign=\"top\" width=\"130\">490<\/td>\n<td colspan=\"3\" valign=\"top\" width=\"120\">23<\/td>\n<td colspan=\"3\" valign=\"top\" width=\"141\">70<\/td>\n<\/tr>\n<\/tbody>\n<\/table>\n<div id='gallery-1' class='gallery galleryid-9367 gallery-columns-2 gallery-size-full'><figure class='gallery-item'>\n\t\t\t<div class='gallery-icon landscape'>\n\t\t\t\t<a href='https:\/\/www.sxwelding.com\/de\/?attachment_id=9372'><img fetchpriority=\"high\" decoding=\"async\" width=\"600\" height=\"600\" src=\"https:\/\/www.sxwelding.com\/wp-content\/uploads\/2026\/03\/01-8.png\" class=\"attachment-full size-full\" alt=\"\" srcset=\"https:\/\/www.sxwelding.com\/wp-content\/uploads\/2026\/03\/01-8.png 600w, https:\/\/www.sxwelding.com\/wp-content\/uploads\/2026\/03\/01-8-300x300.png 300w, https:\/\/www.sxwelding.com\/wp-content\/uploads\/2026\/03\/01-8-150x150.png 150w, https:\/\/www.sxwelding.com\/wp-content\/uploads\/2026\/03\/01-8-12x12.png 12w, https:\/\/www.sxwelding.com\/wp-content\/uploads\/2026\/03\/01-8-100x100.png 100w\" sizes=\"(max-width: 600px) 100vw, 600px\" \/><\/a>\n\t\t\t<\/div><\/figure><figure class='gallery-item'>\n\t\t\t<div class='gallery-icon landscape'>\n\t\t\t\t<a href='https:\/\/www.sxwelding.com\/de\/?attachment_id=9373'><img decoding=\"async\" width=\"600\" height=\"600\" src=\"https:\/\/www.sxwelding.com\/wp-content\/uploads\/2026\/03\/2.png\" class=\"attachment-full size-full\" alt=\"\" srcset=\"https:\/\/www.sxwelding.com\/wp-content\/uploads\/2026\/03\/2.png 600w, https:\/\/www.sxwelding.com\/wp-content\/uploads\/2026\/03\/2-300x300.png 300w, https:\/\/www.sxwelding.com\/wp-content\/uploads\/2026\/03\/2-150x150.png 150w, https:\/\/www.sxwelding.com\/wp-content\/uploads\/2026\/03\/2-12x12.png 12w, https:\/\/www.sxwelding.com\/wp-content\/uploads\/2026\/03\/2-100x100.png 100w\" sizes=\"(max-width: 600px) 100vw, 600px\" \/><\/a>\n\t\t\t<\/div><\/figure>\n\t\t<\/div>\n\n\t\t<div data-elementor-type=\"container\" data-elementor-id=\"9445\" class=\"elementor elementor-9445\" data-elementor-post-type=\"elementor_library\">\n\t\t\t\t<div class=\"elementor-element elementor-element-53d41c81 e-flex e-con-boxed e-con e-parent\" data-id=\"53d41c81\" data-element_type=\"container\" data-e-type=\"container\">\n\t\t\t\t\t<div class=\"e-con-inner\">\n\t\t\t\t<div class=\"elementor-element elementor-element-6dabf9e6 elementor-widget elementor-widget-heading\" data-id=\"6dabf9e6\" data-element_type=\"widget\" data-e-type=\"widget\" data-widget_type=\"heading.default\">\n\t\t\t\t<div class=\"elementor-widget-container\">\n\t\t\t\t\t<h2 class=\"elementor-heading-title elementor-size-default\">Beschreibung<\/h2>\t\t\t\t<\/div>\n\t\t\t\t<\/div>\n\t\t<div class=\"elementor-element elementor-element-2094ea1d e-con-full e-flex e-con e-child\" data-id=\"2094ea1d\" data-element_type=\"container\" data-e-type=\"container\">\n\t\t<div class=\"elementor-element elementor-element-72dfd4eb e-grid e-con-full e-con e-child\" data-id=\"72dfd4eb\" data-element_type=\"container\" data-e-type=\"container\">\n\t\t<div class=\"elementor-element elementor-element-735dde37 e-con-full e-flex e-con e-child\" data-id=\"735dde37\" data-element_type=\"container\" data-e-type=\"container\">\n\t\t\t\t<div class=\"elementor-element elementor-element-39bae5b0 elementor-widget elementor-widget-heading\" data-id=\"39bae5b0\" data-element_type=\"widget\" data-e-type=\"widget\" data-widget_type=\"heading.default\">\n\t\t\t\t<div class=\"elementor-widget-container\">\n\t\t\t\t\t<h2 class=\"elementor-heading-title elementor-size-default\">Wesentliche Merkmale<\/h2>\t\t\t\t<\/div>\n\t\t\t\t<\/div>\n\t\t\t\t<div class=\"elementor-element elementor-element-3c82d61b elementor-widget elementor-widget-text-editor\" data-id=\"3c82d61b\" data-element_type=\"widget\" data-e-type=\"widget\" data-widget_type=\"text-editor.default\">\n\t\t\t\t<div class=\"elementor-widget-container\">\n\t\t\t\t\t\t\t\t\t<ul data-start=\"528\" data-end=\"1161\"><li data-section-id=\"1cc8br6\" data-start=\"528\" data-end=\"633\"><strong data-start=\"530\" data-end=\"571\">Ausgezeichnete Hochtemperaturbest\u00e4ndigkeit<\/strong><br data-start=\"571\" data-end=\"574\" \/>Beh\u00e4lt seine stabile Leistung auch bei hohen Temperaturen bei.<\/li><li data-section-id=\"dmww9i\" data-start=\"635\" data-end=\"730\"><strong data-start=\"637\" data-end=\"665\">Thermische Rissbest\u00e4ndigkeit<\/strong><br data-start=\"665\" data-end=\"668\" \/>Verringert wirksam das Risiko der Hei\u00dfrissbildung beim Schwei\u00dfen.<\/li><li data-section-id=\"1lblw6l\" data-start=\"732\" data-end=\"829\"><strong data-start=\"734\" data-end=\"765\">Starke Oxidationsbest\u00e4ndigkeit<\/strong><br data-start=\"765\" data-end=\"768\" \/>Gew\u00e4hrleistet eine lange Lebensdauer in Umgebungen mit hohen Temperaturen.<\/li><li data-section-id=\"19g205m\" data-start=\"831\" data-end=\"914\"><strong data-start=\"833\" data-end=\"859\">Stabile Lichtbogenleistung<\/strong><br data-start=\"859\" data-end=\"862\" \/>Gleichm\u00e4\u00dfiges Lichtbogenbrennen und gleichm\u00e4\u00dfiger Schwei\u00dfprozess.<\/li><li data-section-id=\"1p7yjkp\" data-start=\"916\" data-end=\"995\"><strong data-start=\"918\" data-end=\"939\">Einfache Schlackenentfernung<\/strong><br data-start=\"939\" data-end=\"942\" \/>Verbessert die Effizienz und reduziert die Reinigung nach dem Schwei\u00dfen.<\/li><li data-section-id=\"1zpbll\" data-start=\"997\" data-end=\"1084\"><strong data-start=\"999\" data-end=\"1029\">Hohe Abscheidungseffizienz<\/strong><br data-start=\"1029\" data-end=\"1032\" \/>Unterst\u00fctzt schnelle Schwei\u00dfgeschwindigkeit und hohe Produktivit\u00e4t.<\/li><li data-section-id=\"1sn78w5\" data-start=\"1086\" data-end=\"1161\"><strong data-start=\"1088\" data-end=\"1111\">Gute Schwei\u00dfnahtformung<\/strong><br data-start=\"1111\" data-end=\"1114\" \/>Erzeugt gleichm\u00e4\u00dfige und hochwertige Schwei\u00dfn\u00e4hte.<\/li><\/ul>\t\t\t\t\t\t\t\t<\/div>\n\t\t\t\t<\/div>\n\t\t\t\t<\/div>\n\t\t<div class=\"elementor-element elementor-element-53115cc0 e-con-full e-flex e-con e-child\" data-id=\"53115cc0\" data-element_type=\"container\" data-e-type=\"container\">\n\t\t\t\t<div class=\"elementor-element elementor-element-2afb1029 elementor-widget elementor-widget-heading\" data-id=\"2afb1029\" data-element_type=\"widget\" data-e-type=\"widget\" data-widget_type=\"heading.default\">\n\t\t\t\t<div class=\"elementor-widget-container\">\n\t\t\t\t\t<h2 class=\"elementor-heading-title elementor-size-default\">Technische Leistung<\/h2>\t\t\t\t<\/div>\n\t\t\t\t<\/div>\n\t\t\t\t<div class=\"elementor-element elementor-element-5b9d4d55 elementor-widget elementor-widget-text-editor\" data-id=\"5b9d4d55\" data-element_type=\"widget\" data-e-type=\"widget\" data-widget_type=\"text-editor.default\">\n\t\t\t\t<div class=\"elementor-widget-container\">\n\t\t\t\t\t\t\t\t\t<ul data-start=\"2139\" data-end=\"2324\"><li data-section-id=\"1dv6ril\" data-start=\"2139\" data-end=\"2180\">Stabiler Lichtbogen und reibungsloser Schwei\u00dfprozess<\/li><li data-section-id=\"k7cmlb\" data-start=\"2181\" data-end=\"2212\">Gleichm\u00e4\u00dfige Schwei\u00dfraupenbildung<\/li><li data-section-id=\"1srs1k9\" data-start=\"2213\" data-end=\"2238\">Geringe Rissempfindlichkeit<\/li><li data-section-id=\"jm69s0\" data-start=\"2239\" data-end=\"2278\">Hohe Schwei\u00dfgeschwindigkeit und Produktivit\u00e4t<\/li><li data-section-id=\"v850n3\" data-start=\"2279\" data-end=\"2324\">Hohe mechanische Festigkeit und Haltbarkeit<\/li><\/ul><p>Geeignet f\u00fcr die Verwendung mit verschiedenen Arten von Schwei\u00dfpulvern<br \/>Ideal f\u00fcr das Unterpulverschwei\u00dfen (SAW) und verwandte Verfahren<br \/>Kompatibel mit mechanisierten und automatisierten Schwei\u00dfsystemen<\/p><h5 data-section-id=\"c03k92\" data-start=\"1168\" data-end=\"1189\"><span role=\"text\"><strong data-start=\"1172\" data-end=\"1189\">Typen<\/strong><\/span><\/h5><ul data-start=\"1190\" data-end=\"1395\"><li data-section-id=\"gfhp7n\" data-start=\"1190\" data-end=\"1304\"><strong data-start=\"1192\" data-end=\"1223\">Cr-Mo-V Serie Schwei\u00dfdraht<\/strong><br data-start=\"1223\" data-end=\"1226\" \/>Geeignet f\u00fcr h\u00f6here Festigkeit und anspruchsvollere hitzebest\u00e4ndige Anwendungen.<\/li><li data-section-id=\"bds7n3\" data-start=\"1306\" data-end=\"1395\"><strong data-start=\"1308\" data-end=\"1337\">Cr-Mo-Serie Schwei\u00dfdraht<\/strong><br data-start=\"1337\" data-end=\"1340\" \/>Weit verbreitet f\u00fcr das allgemeine Schwei\u00dfen von hitzebest\u00e4ndigem Stahl.<\/li><\/ul><p>\u00a0<\/p>\t\t\t\t\t\t\t\t<\/div>\n\t\t\t\t<\/div>\n\t\t\t\t<\/div>\n\t\t<div class=\"elementor-element elementor-element-13540b23 e-con-full e-flex e-con e-child\" data-id=\"13540b23\" data-element_type=\"container\" data-e-type=\"container\">\n\t\t\t\t<div class=\"elementor-element elementor-element-1dc25b26 elementor-widget elementor-widget-heading\" data-id=\"1dc25b26\" data-element_type=\"widget\" data-e-type=\"widget\" data-widget_type=\"heading.default\">\n\t\t\t\t<div class=\"elementor-widget-container\">\n\t\t\t\t\t<h2 class=\"elementor-heading-title elementor-size-default\">Anwendungen<\/h2>\t\t\t\t<\/div>\n\t\t\t\t<\/div>\n\t\t\t\t<div class=\"elementor-element elementor-element-68686a94 elementor-widget elementor-widget-text-editor\" data-id=\"68686a94\" data-element_type=\"widget\" data-e-type=\"widget\" data-widget_type=\"text-editor.default\">\n\t\t\t\t<div class=\"elementor-widget-container\">\n\t\t\t\t\t\t\t\t\t<p data-start=\"1423\" data-end=\"1492\">Weit verbreitet beim Schwei\u00dfen von hitzebest\u00e4ndigen Stahlteilen, einschlie\u00dflich:<\/p><ul data-start=\"1494\" data-end=\"1640\"><li data-section-id=\"1hf4m10\" data-start=\"1494\" data-end=\"1514\">Druckbeh\u00e4lter<\/li><li data-section-id=\"7271x2\" data-start=\"1515\" data-end=\"1545\">Hochtemperatur-Pipelines<\/li><li data-section-id=\"h5jfdm\" data-start=\"1546\" data-end=\"1571\">Kraftwerksausr\u00fcstung<\/li><li data-section-id=\"k96uct\" data-start=\"1572\" data-end=\"1603\">Heizkessel und W\u00e4rmetauscher<\/li><li data-section-id=\"1x4ve68\" data-start=\"1604\" data-end=\"1640\">Ausr\u00fcstung f\u00fcr die petrochemische Industrie<\/li><\/ul>\t\t\t\t\t\t\t\t<\/div>\n\t\t\t\t<\/div>\n\t\t\t\t<\/div>\n\t\t<div class=\"elementor-element elementor-element-1600b4fc e-con-full e-flex e-con e-child\" data-id=\"1600b4fc\" data-element_type=\"container\" data-e-type=\"container\">\n\t\t\t\t<div class=\"elementor-element elementor-element-1e72260 elementor-widget elementor-widget-heading\" data-id=\"1e72260\" data-element_type=\"widget\" data-e-type=\"widget\" data-widget_type=\"heading.default\">\n\t\t\t\t<div class=\"elementor-widget-container\">\n\t\t\t\t\t<h2 class=\"elementor-heading-title elementor-size-default\">Produktvorteile<\/h2>\t\t\t\t<\/div>\n\t\t\t\t<\/div>\n\t\t\t\t<div class=\"elementor-element elementor-element-b718b04 elementor-widget elementor-widget-text-editor\" data-id=\"b718b04\" data-element_type=\"widget\" data-e-type=\"widget\" data-widget_type=\"text-editor.default\">\n\t\t\t\t<div class=\"elementor-widget-container\">\n\t\t\t\t\t\t\t\t\t<ul data-start=\"1887\" data-end=\"2102\"><li data-section-id=\"zaubjj\" data-start=\"1887\" data-end=\"1941\">Ausgezeichnete mechanische Eigenschaften des abgeschiedenen Metalls<\/li><li data-section-id=\"9jsmbk\" data-start=\"1942\" data-end=\"1993\">Stabile Schwei\u00dfleistung mit minimalen Fehlern<\/li><li data-section-id=\"vu5aqn\" data-start=\"1994\" data-end=\"2048\">Hohe Effizienz f\u00fcr industrielles Schwei\u00dfen in gro\u00dfem Ma\u00dfstab<\/li><li data-section-id=\"rxyzmz\" data-start=\"2049\" data-end=\"2102\">Einfach zu erreichende Automatisierung und kontinuierliches Schwei\u00dfen<\/li><\/ul>\t\t\t\t\t\t\t\t<\/div>\n\t\t\t\t<\/div>\n\t\t\t\t<\/div>\n\t\t\t\t<\/div>\n\t\t\t\t<\/div>\n\t\t\t\t\t<\/div>\n\t\t\t\t<\/div>\n\t\t\t\t<\/div>","protected":false},"excerpt":{"rendered":"<p>Unser Unternehmen stellt hitzebest\u00e4ndigen Stahlschwei\u00dfdraht in zwei Typen her: Chrom-Molybd\u00e4n-Vanadium-Serie und Chrom-Molybd\u00e4n-Serie. Diese Dr\u00e4hte zeichnen sich durch Best\u00e4ndigkeit gegen thermische Rissbildung und Oxidation bei hohen Temperaturen aus.<\/p>","protected":false},"featured_media":9371,"comment_status":"closed","ping_status":"closed","template":"","meta":{"_seopress_robots_primary_cat":"none","_seopress_titles_title":"Heat-Resistant Steel Welding Wire | Cr-Mo & Cr-Mo-V Welding Wire Supplier","_seopress_titles_desc":"High-quality heat-resistant steel welding wire with excellent thermal crack resistance and oxidation resistance. Ideal for pressure vessels, pipelines, and high-temperature applications.","_seopress_robots_index":"","site-sidebar-layout":"default","site-content-layout":"","ast-site-content-layout":"default","site-content-style":"default","site-sidebar-style":"default","ast-global-header-display":"","ast-banner-title-visibility":"","ast-main-header-display":"","ast-hfb-above-header-display":"","ast-hfb-below-header-display":"","ast-hfb-mobile-header-display":"","site-post-title":"","ast-breadcrumbs-content":"","ast-featured-img":"","footer-sml-layout":"","theme-transparent-header-meta":"default","adv-header-id-meta":"","stick-header-meta":"default","header-above-stick-meta":"","header-main-stick-meta":"","header-below-stick-meta":"","astra-migrate-meta-layouts":"set","ast-page-background-enabled":"default","ast-page-background-meta":{"desktop":{"background-color":"var(--ast-global-color-4)","background-image":"","background-repeat":"repeat","background-position":"center center","background-size":"auto","background-attachment":"scroll","background-type":"","background-media":"","overlay-type":"","overlay-color":"","overlay-opacity":"","overlay-gradient":""},"tablet":{"background-color":"","background-image":"","background-repeat":"repeat","background-position":"center center","background-size":"auto","background-attachment":"scroll","background-type":"","background-media":"","overlay-type":"","overlay-color":"","overlay-opacity":"","overlay-gradient":""},"mobile":{"background-color":"","background-image":"","background-repeat":"repeat","background-position":"center center","background-size":"auto","background-attachment":"scroll","background-type":"","background-media":"","overlay-type":"","overlay-color":"","overlay-opacity":"","overlay-gradient":""}},"ast-content-background-meta":{"desktop":{"background-color":"var(--ast-global-color-5)","background-image":"","background-repeat":"repeat","background-position":"center center","background-size":"auto","background-attachment":"scroll","background-type":"","background-media":"","overlay-type":"","overlay-color":"","overlay-opacity":"","overlay-gradient":""},"tablet":{"background-color":"var(--ast-global-color-5)","background-image":"","background-repeat":"repeat","background-position":"center center","background-size":"auto","background-attachment":"scroll","background-type":"","background-media":"","overlay-type":"","overlay-color":"","overlay-opacity":"","overlay-gradient":""},"mobile":{"background-color":"var(--ast-global-color-5)","background-image":"","background-repeat":"repeat","background-position":"center center","background-size":"auto","background-attachment":"scroll","background-type":"","background-media":"","overlay-type":"","overlay-color":"","overlay-opacity":"","overlay-gradient":""}}},"product_brand":[],"product_cat":[91],"product_tag":[],"class_list":{"0":"post-9367","1":"product","2":"type-product","3":"status-publish","4":"has-post-thumbnail","6":"product_cat-heat-resistant-steel-welding-wire","7":"desktop-align-center","8":"tablet-align-left","9":"mobile-align-left","10":"ast-product-gallery-layout-horizontal-slider","11":"ast-product-gallery-with-no-image","12":"ast-product-tabs-layout-horizontal","14":"first","15":"instock","16":"shipping-taxable","17":"product-type-simple"},"_links":{"self":[{"href":"https:\/\/www.sxwelding.com\/de\/wp-json\/wp\/v2\/product\/9367","targetHints":{"allow":["GET"]}}],"collection":[{"href":"https:\/\/www.sxwelding.com\/de\/wp-json\/wp\/v2\/product"}],"about":[{"href":"https:\/\/www.sxwelding.com\/de\/wp-json\/wp\/v2\/types\/product"}],"replies":[{"embeddable":true,"href":"https:\/\/www.sxwelding.com\/de\/wp-json\/wp\/v2\/comments?post=9367"}],"wp:featuredmedia":[{"embeddable":true,"href":"https:\/\/www.sxwelding.com\/de\/wp-json\/wp\/v2\/media\/9371"}],"wp:attachment":[{"href":"https:\/\/www.sxwelding.com\/de\/wp-json\/wp\/v2\/media?parent=9367"}],"wp:term":[{"taxonomy":"product_brand","embeddable":true,"href":"https:\/\/www.sxwelding.com\/de\/wp-json\/wp\/v2\/product_brand?post=9367"},{"taxonomy":"product_cat","embeddable":true,"href":"https:\/\/www.sxwelding.com\/de\/wp-json\/wp\/v2\/product_cat?post=9367"},{"taxonomy":"product_tag","embeddable":true,"href":"https:\/\/www.sxwelding.com\/de\/wp-json\/wp\/v2\/product_tag?post=9367"}],"curies":[{"name":"wp","href":"https:\/\/api.w.org\/{rel}","templated":true}]}}