{"id":8887,"date":"2026-03-20T07:23:30","date_gmt":"2026-03-20T07:23:30","guid":{"rendered":"http:\/\/www.sxwelding.com\/?post_type=product&#038;p=8887"},"modified":"2026-03-28T03:02:17","modified_gmt":"2026-03-28T03:02:17","slug":"gas-shielded-arc-welding-wire","status":"publish","type":"product","link":"https:\/\/www.sxwelding.com\/es\/producto\/alambre-de-soldadura-por-arco-con-proteccion-de-gas\/","title":{"rendered":"Alambre de soldadura por arco con protecci\u00f3n de gas"},"content":{"rendered":"<p data-start=\"144\" data-end=\"477\">Nuestra <strong data-start=\"148\" data-end=\"177\">Alambre de soldadura con gas de protecci\u00f3n<\/strong> est\u00e1 dise\u00f1ado para <strong data-start=\"194\" data-end=\"231\">aplicaciones de soldadura en todas las posiciones<\/strong>y ofrece un excelente rendimiento en una amplia gama de industrias. Con una avanzada tecnolog\u00eda de fabricaci\u00f3n y un estricto control de calidad, nuestro alambre de soldadura garantiza una estabilidad de arco superior, una alta eficiencia de deposici\u00f3n y un aspecto de soldadura excepcional.<\/p>\n<p data-start=\"479\" data-end=\"654\">Comparado con productos similares en el mercado, nuestro alambre de soldadura destaca en <strong data-start=\"556\" data-end=\"616\">calidad de aspecto, facilidad de uso y propiedades mec\u00e1nicas<\/strong>alcanzando un nivel industrial avanzado.<\/p>\n<table>\n<tbody>\n<tr class=\"firstRow\">\n<td colspan=\"15\" valign=\"top\" width=\"627\"><strong>ER50-6 composici\u00f3n qu\u00edmica\uff08%\uff09<\/strong><\/td>\n<\/tr>\n<tr>\n<td valign=\"top\" width=\"47\"><strong>elemento<\/strong><\/td>\n<td colspan=\"2\" valign=\"top\" width=\"53\"><strong>C<\/strong><\/td>\n<td valign=\"top\" width=\"55\"><strong>\u00a0S<\/strong><\/td>\n<td valign=\"top\" width=\"59\"><strong>\u00a0Mn<\/strong><\/td>\n<td colspan=\"2\" valign=\"top\" width=\"59\"><strong>\u00a0Si<\/strong><\/td>\n<td valign=\"top\" width=\"59\"><strong>\u00a0P<\/strong><\/td>\n<td colspan=\"2\" valign=\"top\" width=\"59\"><strong>\u00a0Cr<\/strong><\/td>\n<td valign=\"top\" width=\"59\"><strong>\u00a0Ni<\/strong><\/td>\n<td colspan=\"2\" valign=\"top\" width=\"59\"><strong>\u00a0Mo<\/strong><\/td>\n<td valign=\"top\" width=\"59\"><strong>\u00a0Cu<\/strong><\/td>\n<td valign=\"top\" width=\"60\"><strong>\u00a0V<\/strong><\/td>\n<\/tr>\n<tr>\n<td valign=\"top\" width=\"47\">est\u00e1ndar<\/td>\n<td colspan=\"2\" valign=\"top\" width=\"53\">0.06-0.14<\/td>\n<td valign=\"top\" width=\"55\">\u22640.025<\/td>\n<td valign=\"top\" width=\"59\">1.40-.85<\/td>\n<td colspan=\"2\" valign=\"top\" width=\"59\">0.80-1.15<\/td>\n<td valign=\"top\" width=\"59\">\u22640.025<\/td>\n<td colspan=\"2\" valign=\"top\" width=\"59\">\u22640.015<\/td>\n<td valign=\"top\" width=\"59\">\u22640.015<\/td>\n<td colspan=\"2\" valign=\"top\" width=\"59\">\u22640.015<\/td>\n<td valign=\"top\" width=\"59\">\u22640.35<\/td>\n<td valign=\"top\" width=\"60\">\u22640.03<\/td>\n<\/tr>\n<tr>\n<td valign=\"top\" width=\"47\">est\u00e1ndar<\/td>\n<td colspan=\"2\" valign=\"top\" width=\"53\">0.075<\/td>\n<td valign=\"top\" width=\"55\">0.017<\/td>\n<td valign=\"top\" width=\"59\">1.48<\/td>\n<td colspan=\"2\" valign=\"top\" width=\"59\">0.87<\/td>\n<td valign=\"top\" width=\"59\">0.016<\/td>\n<td colspan=\"2\" valign=\"top\" width=\"59\">0.026<\/td>\n<td valign=\"top\" width=\"59\">0.013<\/td>\n<td colspan=\"2\" valign=\"top\" width=\"59\">0.015<\/td>\n<td valign=\"top\" width=\"59\">0.12<\/td>\n<td valign=\"top\" width=\"60\">0.01<\/td>\n<\/tr>\n<tr>\n<td colspan=\"15\" valign=\"top\" width=\"627\"><strong>Propiedades mec\u00e1nicas del metal de soldadura ER50-6<\/strong><\/td>\n<\/tr>\n<tr>\n<td colspan=\"2\" valign=\"top\" width=\"88\"><strong>Proyecto de prueba<\/strong><\/td>\n<td colspan=\"4\" valign=\"top\" width=\"130\"><strong>Resistencia Rm\uff08Mpa\uff09<\/strong><\/td>\n<td colspan=\"3\" valign=\"top\" width=\"140\"><strong>L\u00edmite el\u00e1stico Rm\uff08Mpa\uff09<\/strong><\/td>\n<td colspan=\"3\" valign=\"top\" width=\"134\"><strong>elongaci\u00f3n A\uff08%\uff09<\/strong><\/td>\n<td colspan=\"3\" valign=\"top\" width=\"136\"><strong>Ensayo de impacto en V (J)-30\u2103<\/strong><\/td>\n<\/tr>\n<tr>\n<td colspan=\"2\" valign=\"top\" width=\"88\">est\u00e1ndar<\/td>\n<td colspan=\"4\" valign=\"top\" width=\"130\">\u2265500<\/td>\n<td colspan=\"3\" valign=\"top\" width=\"140\">\u2265420<\/td>\n<td colspan=\"3\" valign=\"top\" width=\"134\">\u226522<\/td>\n<td colspan=\"3\" valign=\"top\" width=\"136\">\u226527<\/td>\n<\/tr>\n<tr>\n<td colspan=\"2\" valign=\"top\" width=\"88\">Valor de ejemplo<\/td>\n<td colspan=\"4\" valign=\"top\" width=\"130\">553<\/td>\n<td colspan=\"3\" valign=\"top\" width=\"140\">458<\/td>\n<td colspan=\"3\" valign=\"top\" width=\"134\">32<\/td>\n<td colspan=\"3\" valign=\"top\" width=\"136\">91<\/td>\n<\/tr>\n<\/tbody>\n<\/table>\n<div id='gallery-1' class='gallery galleryid-8887 gallery-columns-4 gallery-size-full'><figure class='gallery-item'>\n\t\t\t<div class='gallery-icon landscape'>\n\t\t\t\t<a href='https:\/\/www.sxwelding.com\/es\/?attachment_id=9269'><img fetchpriority=\"high\" decoding=\"async\" width=\"600\" height=\"600\" src=\"https:\/\/www.sxwelding.com\/wp-content\/uploads\/2026\/03\/04.jpg\" class=\"attachment-full size-full\" alt=\"\" srcset=\"https:\/\/www.sxwelding.com\/wp-content\/uploads\/2026\/03\/04.jpg 600w, https:\/\/www.sxwelding.com\/wp-content\/uploads\/2026\/03\/04-300x300.jpg 300w, https:\/\/www.sxwelding.com\/wp-content\/uploads\/2026\/03\/04-150x150.jpg 150w, https:\/\/www.sxwelding.com\/wp-content\/uploads\/2026\/03\/04-12x12.jpg 12w, https:\/\/www.sxwelding.com\/wp-content\/uploads\/2026\/03\/04-100x100.jpg 100w\" sizes=\"(max-width: 600px) 100vw, 600px\" \/><\/a>\n\t\t\t<\/div><\/figure><figure class='gallery-item'>\n\t\t\t<div class='gallery-icon landscape'>\n\t\t\t\t<a href='https:\/\/www.sxwelding.com\/es\/?attachment_id=9266'><img decoding=\"async\" width=\"600\" height=\"600\" src=\"https:\/\/www.sxwelding.com\/wp-content\/uploads\/2026\/03\/02.jpg\" class=\"attachment-full size-full\" alt=\"\" srcset=\"https:\/\/www.sxwelding.com\/wp-content\/uploads\/2026\/03\/02.jpg 600w, https:\/\/www.sxwelding.com\/wp-content\/uploads\/2026\/03\/02-300x300.jpg 300w, https:\/\/www.sxwelding.com\/wp-content\/uploads\/2026\/03\/02-150x150.jpg 150w, https:\/\/www.sxwelding.com\/wp-content\/uploads\/2026\/03\/02-12x12.jpg 12w, https:\/\/www.sxwelding.com\/wp-content\/uploads\/2026\/03\/02-100x100.jpg 100w\" sizes=\"(max-width: 600px) 100vw, 600px\" \/><\/a>\n\t\t\t<\/div><\/figure><figure class='gallery-item'>\n\t\t\t<div class='gallery-icon landscape'>\n\t\t\t\t<a href='https:\/\/www.sxwelding.com\/es\/?attachment_id=9401'><img decoding=\"async\" width=\"600\" height=\"600\" src=\"https:\/\/www.sxwelding.com\/wp-content\/uploads\/2026\/03\/04-2.png\" class=\"attachment-full size-full\" alt=\"\" srcset=\"https:\/\/www.sxwelding.com\/wp-content\/uploads\/2026\/03\/04-2.png 600w, https:\/\/www.sxwelding.com\/wp-content\/uploads\/2026\/03\/04-2-300x300.png 300w, https:\/\/www.sxwelding.com\/wp-content\/uploads\/2026\/03\/04-2-150x150.png 150w, https:\/\/www.sxwelding.com\/wp-content\/uploads\/2026\/03\/04-2-12x12.png 12w, https:\/\/www.sxwelding.com\/wp-content\/uploads\/2026\/03\/04-2-100x100.png 100w\" sizes=\"(max-width: 600px) 100vw, 600px\" \/><\/a>\n\t\t\t<\/div><\/figure><figure class='gallery-item'>\n\t\t\t<div class='gallery-icon landscape'>\n\t\t\t\t<a href='https:\/\/www.sxwelding.com\/es\/?attachment_id=9402'><img loading=\"lazy\" decoding=\"async\" width=\"600\" height=\"600\" src=\"https:\/\/www.sxwelding.com\/wp-content\/uploads\/2026\/03\/05-1.png\" class=\"attachment-full size-full\" alt=\"\" srcset=\"https:\/\/www.sxwelding.com\/wp-content\/uploads\/2026\/03\/05-1.png 600w, https:\/\/www.sxwelding.com\/wp-content\/uploads\/2026\/03\/05-1-300x300.png 300w, https:\/\/www.sxwelding.com\/wp-content\/uploads\/2026\/03\/05-1-150x150.png 150w, https:\/\/www.sxwelding.com\/wp-content\/uploads\/2026\/03\/05-1-12x12.png 12w, https:\/\/www.sxwelding.com\/wp-content\/uploads\/2026\/03\/05-1-100x100.png 100w\" sizes=\"(max-width: 600px) 100vw, 600px\" \/><\/a>\n\t\t\t<\/div><\/figure>\n\t\t<\/div>\n\n\t\t<div data-elementor-type=\"container\" data-elementor-id=\"9441\" class=\"elementor elementor-9441\" data-elementor-post-type=\"elementor_library\">\n\t\t\t\t<div class=\"elementor-element elementor-element-6f07241f e-flex e-con-boxed e-con e-parent\" data-id=\"6f07241f\" data-element_type=\"container\" data-e-type=\"container\">\n\t\t\t\t\t<div class=\"e-con-inner\">\n\t\t\t\t<div class=\"elementor-element elementor-element-3dba06aa elementor-widget elementor-widget-heading\" data-id=\"3dba06aa\" data-element_type=\"widget\" data-e-type=\"widget\" data-widget_type=\"heading.default\">\n\t\t\t\t<div class=\"elementor-widget-container\">\n\t\t\t\t\t<h2 class=\"elementor-heading-title elementor-size-default\">Descripci\u00f3n<\/h2>\t\t\t\t<\/div>\n\t\t\t\t<\/div>\n\t\t<div class=\"elementor-element elementor-element-22696eee e-con-full e-flex e-con e-child\" data-id=\"22696eee\" data-element_type=\"container\" data-e-type=\"container\">\n\t\t<div class=\"elementor-element elementor-element-2a986a51 e-grid e-con-full e-con e-child\" data-id=\"2a986a51\" data-element_type=\"container\" data-e-type=\"container\">\n\t\t<div class=\"elementor-element elementor-element-619f5472 e-con-full e-flex e-con e-child\" data-id=\"619f5472\" data-element_type=\"container\" data-e-type=\"container\">\n\t\t\t\t<div class=\"elementor-element elementor-element-37f2791e elementor-widget elementor-widget-heading\" data-id=\"37f2791e\" data-element_type=\"widget\" data-e-type=\"widget\" data-widget_type=\"heading.default\">\n\t\t\t\t<div class=\"elementor-widget-container\">\n\t\t\t\t\t<h2 class=\"elementor-heading-title elementor-size-default\">Caracter\u00edsticas principales<\/h2>\t\t\t\t<\/div>\n\t\t\t\t<\/div>\n\t\t\t\t<div class=\"elementor-element elementor-element-78589951 elementor-widget elementor-widget-text-editor\" data-id=\"78589951\" data-element_type=\"widget\" data-e-type=\"widget\" data-widget_type=\"text-editor.default\">\n\t\t\t\t<div class=\"elementor-widget-container\">\n\t\t\t\t\t\t\t\t\t<ul data-start=\"682\" data-end=\"1144\"><li data-section-id=\"1noszvx\" data-start=\"682\" data-end=\"721\"><p data-start=\"684\" data-end=\"721\">Adecuado para\u00a0<strong data-start=\"697\" data-end=\"721\">soldadura en todas las posiciones<\/strong><\/p><\/li><li data-section-id=\"1owsj95\" data-start=\"722\" data-end=\"767\"><p data-start=\"724\" data-end=\"767\">Ancho\u00a0<strong data-start=\"729\" data-end=\"767\">adaptabilidad del rango de corriente de soldadura<\/strong><\/p><\/li><li data-section-id=\"fbsue3\" data-start=\"768\" data-end=\"815\"><p data-start=\"770\" data-end=\"815\"><strong data-start=\"770\" data-end=\"796\">Rendimiento estable del arco<\/strong>\u00a0durante el funcionamiento<\/p><\/li><li data-section-id=\"jk07nz\" data-start=\"816\" data-end=\"863\"><p data-start=\"818\" data-end=\"863\"><strong data-start=\"818\" data-end=\"833\">Pocas salpicaduras<\/strong>Reducci\u00f3n de la limpieza posterior a la soldadura<\/p><\/li><li data-section-id=\"1kzoqjn\" data-start=\"864\" data-end=\"912\"><p data-start=\"866\" data-end=\"912\">Suave y\u00a0<strong data-start=\"877\" data-end=\"910\">hermosa formaci\u00f3n del cord\u00f3n de soldadura<\/strong><\/p><\/li><li data-section-id=\"88hjcs\" data-start=\"913\" data-end=\"973\"><p data-start=\"915\" data-end=\"973\"><strong data-start=\"915\" data-end=\"945\">Alta eficacia de deposici\u00f3n<\/strong>\u00a0para mejorar la productividad<\/p><\/li><li data-section-id=\"1yu1ycv\" data-start=\"974\" data-end=\"1048\"><p data-start=\"976\" data-end=\"1048\">Fuerte resistencia a\u00a0<strong data-start=\"997\" data-end=\"1021\">contaminantes superficiales<\/strong>\u00a0(\u00f3xido, aceite, cascarilla de \u00f3xido)<\/p><\/li><li data-section-id=\"1lji2xl\" data-start=\"1049\" data-end=\"1092\"><p data-start=\"1051\" data-end=\"1092\">Baja sensibilidad a\u00a0<strong data-start=\"1070\" data-end=\"1090\">defectos de porosidad<\/strong><\/p><\/li><li data-section-id=\"14m4pfo\" data-start=\"1093\" data-end=\"1144\"><p data-start=\"1095\" data-end=\"1144\">Excelente\u00a0<strong data-start=\"1105\" data-end=\"1144\">propiedades mec\u00e1nicas del metal de soldadura<\/strong><\/p><\/li><\/ul>\t\t\t\t\t\t\t\t<\/div>\n\t\t\t\t<\/div>\n\t\t\t\t<\/div>\n\t\t<div class=\"elementor-element elementor-element-34b8d286 e-con-full e-flex e-con e-child\" data-id=\"34b8d286\" data-element_type=\"container\" data-e-type=\"container\">\n\t\t\t\t<div class=\"elementor-element elementor-element-1b45f158 elementor-widget elementor-widget-heading\" data-id=\"1b45f158\" data-element_type=\"widget\" data-e-type=\"widget\" data-widget_type=\"heading.default\">\n\t\t\t\t<div class=\"elementor-widget-container\">\n\t\t\t\t\t<h2 class=\"elementor-heading-title elementor-size-default\">Por qu\u00e9 elegir nuestro alambre de soldadura<\/h2>\t\t\t\t<\/div>\n\t\t\t\t<\/div>\n\t\t\t\t<div class=\"elementor-element elementor-element-71da28f6 elementor-widget elementor-widget-text-editor\" data-id=\"71da28f6\" data-element_type=\"widget\" data-e-type=\"widget\" data-widget_type=\"text-editor.default\">\n\t\t\t\t<div class=\"elementor-widget-container\">\n\t\t\t\t\t\t\t\t\t<ul data-start=\"1843\" data-end=\"2031\"><li data-section-id=\"6zdkpf\" data-start=\"1843\" data-end=\"1877\"><p data-start=\"1845\" data-end=\"1877\">Tecnolog\u00eda de producci\u00f3n avanzada<\/p><\/li><li data-section-id=\"11ogifp\" data-start=\"1878\" data-end=\"1914\"><p data-start=\"1880\" data-end=\"1914\">Estricto sistema de inspecci\u00f3n de calidad<\/p><\/li><li data-section-id=\"np9pvj\" data-start=\"1915\" data-end=\"1960\"><p data-start=\"1917\" data-end=\"1960\">Rendimiento competitivo frente a las marcas mundiales<\/p><\/li><li data-section-id=\"il3x11\" data-start=\"1961\" data-end=\"1996\"><p data-start=\"1963\" data-end=\"1996\">Suministro fiable para pedidos al por mayor<\/p><\/li><li data-section-id=\"hy5eca\" data-start=\"1997\" data-end=\"2031\"><p data-start=\"1999\" data-end=\"2031\">Soluciones personalizadas<\/p><\/li><\/ul>\t\t\t\t\t\t\t\t<\/div>\n\t\t\t\t<\/div>\n\t\t\t\t<\/div>\n\t\t<div class=\"elementor-element elementor-element-5291b6cb e-con-full e-flex e-con e-child\" data-id=\"5291b6cb\" data-element_type=\"container\" data-e-type=\"container\">\n\t\t\t\t<div class=\"elementor-element elementor-element-69507db3 elementor-widget elementor-widget-heading\" data-id=\"69507db3\" data-element_type=\"widget\" data-e-type=\"widget\" data-widget_type=\"heading.default\">\n\t\t\t\t<div class=\"elementor-widget-container\">\n\t\t\t\t\t<h2 class=\"elementor-heading-title elementor-size-default\">Aplicaciones<\/h2>\t\t\t\t<\/div>\n\t\t\t\t<\/div>\n\t\t\t\t<div class=\"elementor-element elementor-element-68d215da elementor-widget elementor-widget-text-editor\" data-id=\"68d215da\" data-element_type=\"widget\" data-e-type=\"widget\" data-widget_type=\"text-editor.default\">\n\t\t\t\t<div class=\"elementor-widget-container\">\n\t\t\t\t\t\t\t\t\t<p data-start=\"1172\" data-end=\"1221\">Este alambre de soldadura con protecci\u00f3n de gas se utiliza ampliamente en:<\/p><ul data-start=\"1223\" data-end=\"1375\"><li data-section-id=\"unide5\" data-start=\"1223\" data-end=\"1248\"><p data-start=\"1225\" data-end=\"1248\">Maquinaria para la miner\u00eda del carb\u00f3n<\/p><\/li><li data-section-id=\"19d9gij\" data-start=\"1249\" data-end=\"1275\"><p data-start=\"1251\" data-end=\"1275\">Maquinaria de construcci\u00f3n<\/p><\/li><li data-section-id=\"x6kl1i\" data-start=\"1276\" data-end=\"1301\"><p data-start=\"1278\" data-end=\"1301\">Industria naval<\/p><\/li><li data-section-id=\"su4pla\" data-start=\"1302\" data-end=\"1324\"><p data-start=\"1304\" data-end=\"1324\">Ingenier\u00eda de puentes<\/p><\/li><li data-section-id=\"1hf4m10\" data-start=\"1325\" data-end=\"1345\"><p data-start=\"1327\" data-end=\"1345\">Recipientes a presi\u00f3n<\/p><\/li><li data-section-id=\"9swzf7\" data-start=\"1346\" data-end=\"1375\"><p data-start=\"1348\" data-end=\"1375\">Construcci\u00f3n de estructuras de acero<\/p><\/li><\/ul><p data-start=\"1377\" data-end=\"1401\">Tambi\u00e9n es adecuado para:<\/p><ul data-start=\"1402\" data-end=\"1563\"><li data-section-id=\"14nzy1o\" data-start=\"1402\" data-end=\"1466\"><p data-start=\"1404\" data-end=\"1466\">Soldadura de\u00a0<strong data-start=\"1415\" data-end=\"1464\">Acero al carbono y acero de baja aleaci\u00f3n de calidad 500MPa<\/strong><\/p><\/li><li data-section-id=\"558fti\" data-start=\"1467\" data-end=\"1494\"><p data-start=\"1469\" data-end=\"1494\"><strong data-start=\"1469\" data-end=\"1492\">Soldadura de chapas finas<\/strong><\/p><\/li><li data-section-id=\"cotdgb\" data-start=\"1495\" data-end=\"1525\"><p data-start=\"1497\" data-end=\"1525\"><strong data-start=\"1497\" data-end=\"1523\">Soldadura de tuber\u00edas de acero<\/strong><\/p><\/li><li data-section-id=\"j73fgf\" data-start=\"1526\" data-end=\"1563\"><p data-start=\"1528\" data-end=\"1563\"><strong data-start=\"1528\" data-end=\"1563\">Aplicaciones de soldadura de alta velocidad<\/strong><\/p><\/li><\/ul>\t\t\t\t\t\t\t\t<\/div>\n\t\t\t\t<\/div>\n\t\t\t\t<\/div>\n\t\t<div class=\"elementor-element elementor-element-4e3e6b5a e-con-full e-flex e-con e-child\" data-id=\"4e3e6b5a\" data-element_type=\"container\" data-e-type=\"container\">\n\t\t\t\t<div class=\"elementor-element elementor-element-12449b6b elementor-widget elementor-widget-heading\" data-id=\"12449b6b\" data-element_type=\"widget\" data-e-type=\"widget\" data-widget_type=\"heading.default\">\n\t\t\t\t<div class=\"elementor-widget-container\">\n\t\t\t\t\t<h2 class=\"elementor-heading-title elementor-size-default\">Ventajas del producto<\/h2>\t\t\t\t<\/div>\n\t\t\t\t<\/div>\n\t\t\t\t<div class=\"elementor-element elementor-element-68977a0b elementor-widget elementor-widget-text-editor\" data-id=\"68977a0b\" data-element_type=\"widget\" data-e-type=\"widget\" data-widget_type=\"text-editor.default\">\n\t\t\t\t<div class=\"elementor-widget-container\">\n\t\t\t\t\t\t\t\t\t<ul data-start=\"1599\" data-end=\"1800\"><li data-section-id=\"1uv121n\" data-start=\"1599\" data-end=\"1638\"><p data-start=\"1601\" data-end=\"1638\">Alimentaci\u00f3n uniforme del alambre<\/p><\/li><li data-section-id=\"1jymwur\" data-start=\"1639\" data-end=\"1686\"><p data-start=\"1641\" data-end=\"1686\">Proceso de soldadura estable con defectos m\u00ednimos<\/p><\/li><li data-section-id=\"h0qq8w\" data-start=\"1687\" data-end=\"1744\"><p data-start=\"1689\" data-end=\"1744\">Gran adaptabilidad a diferentes entornos de trabajo<\/p><\/li><li data-section-id=\"1m5mq9q\" data-start=\"1745\" data-end=\"1800\"><p data-start=\"1747\" data-end=\"1800\">Mejora de la eficacia de la soldadura y reducci\u00f3n de los costes de mano de obra<\/p><\/li><\/ul>\t\t\t\t\t\t\t\t<\/div>\n\t\t\t\t<\/div>\n\t\t\t\t<\/div>\n\t\t\t\t<\/div>\n\t\t\t\t<\/div>\n\t\t\t\t\t<\/div>\n\t\t\t\t<\/div>\n\t\t\t\t<\/div>\n\t\t\n<p>&nbsp;<\/p>","protected":false},"excerpt":{"rendered":"<p>Los productos se utilizan ampliamente en la soldadura de estructuras de acero, como maquinaria de ingenier\u00eda, maquinaria de miner\u00eda del carb\u00f3n, puentes, barcos y recipientes a presi\u00f3n, y tambi\u00e9n pueden utilizarse para la soldadura de alta velocidad de acero para tuber\u00edas.<\/p>","protected":false},"featured_media":9398,"comment_status":"closed","ping_status":"closed","template":"","meta":{"_seopress_robots_primary_cat":"none","_seopress_titles_title":"Gas Shielded Welding Wire Supplier | GMAW MIG Welding Wire for Carbon Steel & Low Alloy Steel","_seopress_titles_desc":"High-quality gas shielded welding wire for all-position welding. Stable arc, low spatter, high efficiency. Ideal for carbon steel, low alloy steel, pipelines and structural welding. Reliable MIG welding wire supplier.","_seopress_robots_index":"","site-sidebar-layout":"default","site-content-layout":"","ast-site-content-layout":"default","site-content-style":"default","site-sidebar-style":"default","ast-global-header-display":"","ast-banner-title-visibility":"","ast-main-header-display":"","ast-hfb-above-header-display":"","ast-hfb-below-header-display":"","ast-hfb-mobile-header-display":"","site-post-title":"","ast-breadcrumbs-content":"","ast-featured-img":"","footer-sml-layout":"","theme-transparent-header-meta":"default","adv-header-id-meta":"","stick-header-meta":"default","header-above-stick-meta":"","header-main-stick-meta":"","header-below-stick-meta":"","astra-migrate-meta-layouts":"set","ast-page-background-enabled":"default","ast-page-background-meta":{"desktop":{"background-color":"var(--ast-global-color-4)","background-image":"","background-repeat":"repeat","background-position":"center center","background-size":"auto","background-attachment":"scroll","background-type":"","background-media":"","overlay-type":"","overlay-color":"","overlay-opacity":"","overlay-gradient":""},"tablet":{"background-color":"","background-image":"","background-repeat":"repeat","background-position":"center center","background-size":"auto","background-attachment":"scroll","background-type":"","background-media":"","overlay-type":"","overlay-color":"","overlay-opacity":"","overlay-gradient":""},"mobile":{"background-color":"","background-image":"","background-repeat":"repeat","background-position":"center center","background-size":"auto","background-attachment":"scroll","background-type":"","background-media":"","overlay-type":"","overlay-color":"","overlay-opacity":"","overlay-gradient":""}},"ast-content-background-meta":{"desktop":{"background-color":"var(--ast-global-color-5)","background-image":"","background-repeat":"repeat","background-position":"center center","background-size":"auto","background-attachment":"scroll","background-type":"","background-media":"","overlay-type":"","overlay-color":"","overlay-opacity":"","overlay-gradient":""},"tablet":{"background-color":"var(--ast-global-color-5)","background-image":"","background-repeat":"repeat","background-position":"center center","background-size":"auto","background-attachment":"scroll","background-type":"","background-media":"","overlay-type":"","overlay-color":"","overlay-opacity":"","overlay-gradient":""},"mobile":{"background-color":"var(--ast-global-color-5)","background-image":"","background-repeat":"repeat","background-position":"center center","background-size":"auto","background-attachment":"scroll","background-type":"","background-media":"","overlay-type":"","overlay-color":"","overlay-opacity":"","overlay-gradient":""}}},"product_brand":[],"product_cat":[87],"product_tag":[],"class_list":{"0":"post-8887","1":"product","2":"type-product","3":"status-publish","4":"has-post-thumbnail","6":"product_cat-gas-shielded-welding-wire","7":"desktop-align-center","8":"tablet-align-left","9":"mobile-align-left","10":"ast-product-gallery-layout-horizontal-slider","11":"ast-product-tabs-layout-horizontal","13":"first","14":"instock","15":"shipping-taxable","16":"product-type-simple"},"_links":{"self":[{"href":"https:\/\/www.sxwelding.com\/es\/wp-json\/wp\/v2\/product\/8887","targetHints":{"allow":["GET"]}}],"collection":[{"href":"https:\/\/www.sxwelding.com\/es\/wp-json\/wp\/v2\/product"}],"about":[{"href":"https:\/\/www.sxwelding.com\/es\/wp-json\/wp\/v2\/types\/product"}],"replies":[{"embeddable":true,"href":"https:\/\/www.sxwelding.com\/es\/wp-json\/wp\/v2\/comments?post=8887"}],"wp:featuredmedia":[{"embeddable":true,"href":"https:\/\/www.sxwelding.com\/es\/wp-json\/wp\/v2\/media\/9398"}],"wp:attachment":[{"href":"https:\/\/www.sxwelding.com\/es\/wp-json\/wp\/v2\/media?parent=8887"}],"wp:term":[{"taxonomy":"product_brand","embeddable":true,"href":"https:\/\/www.sxwelding.com\/es\/wp-json\/wp\/v2\/product_brand?post=8887"},{"taxonomy":"product_cat","embeddable":true,"href":"https:\/\/www.sxwelding.com\/es\/wp-json\/wp\/v2\/product_cat?post=8887"},{"taxonomy":"product_tag","embeddable":true,"href":"https:\/\/www.sxwelding.com\/es\/wp-json\/wp\/v2\/product_tag?post=8887"}],"curies":[{"name":"wp","href":"https:\/\/api.w.org\/{rel}","templated":true}]}}