{"id":9281,"date":"2026-03-01T01:16:48","date_gmt":"2026-03-01T01:16:48","guid":{"rendered":"http:\/\/www.sxwelding.com\/?post_type=product&#038;p=9281"},"modified":"2026-04-16T01:57:47","modified_gmt":"2026-04-16T01:57:47","slug":"non-copper-coated-welding-wire","status":"publish","type":"product","link":"https:\/\/www.sxwelding.com\/es\/producto\/non-copper-coated-welding-wire\/","title":{"rendered":"Alambre de soldadura sin revestimiento de cobre"},"content":{"rendered":"<p data-start=\"135\" data-end=\"454\">Copper-Free Welding Wire is an advanced welding material designed to completely eliminate copper contamination during both production and application processes. By adopting a special surface activation technology, the wire achieves a smooth finish, excellent anti-rust performance, and superior electrical conductivity.<\/p>\n<p data-start=\"456\" data-end=\"612\">This ensures stable wire feeding, consistent arc performance, and reliable welding quality, making it ideal for long-duration continuous welding operations.<\/p>\n<table>\n<tbody>\n<tr class=\"firstRow\">\n<td colspan=\"15\" valign=\"top\" width=\"627\"><strong>ER50-6 chemical composition(%)<\/strong><\/td>\n<\/tr>\n<tr>\n<td valign=\"top\" width=\"47\"><strong>elemento<\/strong><\/td>\n<td colspan=\"2\" valign=\"top\" width=\"53\"><strong>C<\/strong><\/td>\n<td valign=\"top\" width=\"55\"><strong>S<\/strong><\/td>\n<td colspan=\"2\" valign=\"top\" width=\"59\"><strong>Mn<\/strong><\/td>\n<td valign=\"top\" width=\"59\"><strong>Si<\/strong><\/td>\n<td valign=\"top\" width=\"59\"><strong>P<\/strong><\/td>\n<td colspan=\"2\" valign=\"top\" width=\"59\"><strong>Cr<\/strong><\/td>\n<td valign=\"top\" width=\"59\"><strong>Ni<\/strong><\/td>\n<td colspan=\"2\" valign=\"top\" width=\"59\"><strong>Mo<\/strong><\/td>\n<td valign=\"top\" width=\"59\"><strong>Cu<\/strong><\/td>\n<td valign=\"top\" width=\"60\"><strong>V<\/strong><\/td>\n<\/tr>\n<tr>\n<td valign=\"top\" width=\"47\">est\u00e1ndar<\/td>\n<td colspan=\"2\" valign=\"top\" width=\"53\">0.06-0.14<\/td>\n<td valign=\"top\" width=\"55\">\u22640.025<\/td>\n<td colspan=\"2\" valign=\"top\" width=\"59\">1.40-1.85<\/td>\n<td valign=\"top\" width=\"59\">0.80-1.15<\/td>\n<td valign=\"top\" width=\"59\">\u22640.025<\/td>\n<td colspan=\"2\" valign=\"top\" width=\"59\">\u22640.015<\/td>\n<td valign=\"top\" width=\"59\">\u22640.015<\/td>\n<td colspan=\"2\" valign=\"top\" width=\"59\">\u22640.015<\/td>\n<td valign=\"top\" width=\"59\">\u22640.35<\/td>\n<td valign=\"top\" width=\"60\">\u22640.03<\/td>\n<\/tr>\n<tr>\n<td valign=\"top\" width=\"47\">Valor de ejemplo<\/td>\n<td colspan=\"2\" valign=\"top\" width=\"53\">0.075<\/td>\n<td valign=\"top\" width=\"55\">0.017<\/td>\n<td colspan=\"2\" valign=\"top\" width=\"59\">1.48<\/td>\n<td valign=\"top\" width=\"59\">0.87<\/td>\n<td valign=\"top\" width=\"59\">0.016<\/td>\n<td colspan=\"2\" valign=\"top\" width=\"59\">0.026<\/td>\n<td valign=\"top\" width=\"59\">0.013<\/td>\n<td colspan=\"2\" valign=\"top\" width=\"59\">0.015<\/td>\n<td valign=\"top\" width=\"59\">0.12<\/td>\n<td valign=\"top\" width=\"60\">0.01<\/td>\n<\/tr>\n<tr>\n<td colspan=\"15\" valign=\"top\" width=\"627\"><strong>Propiedades mec\u00e1nicas del metal depositado<\/strong><\/td>\n<\/tr>\n<tr>\n<td colspan=\"2\" valign=\"top\" width=\"79\"><strong>Proyecto experimental<\/strong><\/td>\n<td colspan=\"3\" valign=\"top\" width=\"131\"><strong>Strength \u00a0Rm\uff08Mpa\uff09<\/strong><\/td>\n<td colspan=\"4\" valign=\"top\" width=\"144\"><strong>Yield strength\u00a0Rm\uff08Mpa\uff09<\/strong><\/td>\n<td colspan=\"3\" valign=\"top\" width=\"116\"><strong>elongaci\u00f3n A\uff08%\uff09<\/strong><\/td>\n<td colspan=\"3\" valign=\"top\" width=\"157\"><strong>Ensayo de impacto en V (J)-30\u2103<\/strong><\/td>\n<\/tr>\n<tr>\n<td colspan=\"2\" valign=\"top\" width=\"79\">est\u00e1ndar<\/td>\n<td colspan=\"3\" valign=\"top\" width=\"131\">\u2265500<\/td>\n<td colspan=\"4\" valign=\"top\" width=\"144\">\u2265420<\/td>\n<td colspan=\"3\" valign=\"top\" width=\"116\">\u226522<\/td>\n<td colspan=\"3\" valign=\"top\" width=\"157\">\u226527<\/td>\n<\/tr>\n<tr>\n<td colspan=\"2\" valign=\"top\" width=\"79\">Valor de ejemplo<\/td>\n<td colspan=\"3\" valign=\"top\" width=\"131\">553<\/td>\n<td colspan=\"4\" valign=\"top\" width=\"144\">458<\/td>\n<td colspan=\"3\" valign=\"top\" width=\"116\">32<\/td>\n<td colspan=\"3\" valign=\"top\" width=\"157\">91<\/td>\n<\/tr>\n<\/tbody>\n<\/table>\n<div id='gallery-1' class='gallery galleryid-9281 gallery-columns-3 gallery-size-full'><figure class='gallery-item'>\n\t\t\t<div class='gallery-icon landscape'>\n\t\t\t\t<a href='https:\/\/www.sxwelding.com\/es\/?attachment_id=9287'><img fetchpriority=\"high\" decoding=\"async\" width=\"800\" height=\"600\" src=\"https:\/\/www.sxwelding.com\/wp-content\/uploads\/2026\/03\/1745311480742930.jpg\" class=\"attachment-full size-full\" alt=\"\" srcset=\"https:\/\/www.sxwelding.com\/wp-content\/uploads\/2026\/03\/1745311480742930.jpg 800w, https:\/\/www.sxwelding.com\/wp-content\/uploads\/2026\/03\/1745311480742930-300x225.jpg 300w, https:\/\/www.sxwelding.com\/wp-content\/uploads\/2026\/03\/1745311480742930-768x576.jpg 768w, https:\/\/www.sxwelding.com\/wp-content\/uploads\/2026\/03\/1745311480742930-16x12.jpg 16w, https:\/\/www.sxwelding.com\/wp-content\/uploads\/2026\/03\/1745311480742930-600x450.jpg 600w\" sizes=\"(max-width: 800px) 100vw, 800px\" \/><\/a>\n\t\t\t<\/div><\/figure><figure class='gallery-item'>\n\t\t\t<div class='gallery-icon landscape'>\n\t\t\t\t<a href='https:\/\/www.sxwelding.com\/es\/?attachment_id=9288'><img decoding=\"async\" width=\"800\" height=\"600\" src=\"https:\/\/www.sxwelding.com\/wp-content\/uploads\/2026\/03\/1745311526203421.jpg\" class=\"attachment-full size-full\" alt=\"\" srcset=\"https:\/\/www.sxwelding.com\/wp-content\/uploads\/2026\/03\/1745311526203421.jpg 800w, https:\/\/www.sxwelding.com\/wp-content\/uploads\/2026\/03\/1745311526203421-300x225.jpg 300w, https:\/\/www.sxwelding.com\/wp-content\/uploads\/2026\/03\/1745311526203421-600x450.jpg 600w, https:\/\/www.sxwelding.com\/wp-content\/uploads\/2026\/03\/1745311526203421-768x576.jpg 768w, https:\/\/www.sxwelding.com\/wp-content\/uploads\/2026\/03\/1745311526203421-16x12.jpg 16w\" sizes=\"(max-width: 800px) 100vw, 800px\" \/><\/a>\n\t\t\t<\/div><\/figure><figure class='gallery-item'>\n\t\t\t<div class='gallery-icon landscape'>\n\t\t\t\t<a href='https:\/\/www.sxwelding.com\/es\/?attachment_id=9289'><img decoding=\"async\" width=\"800\" height=\"600\" src=\"https:\/\/www.sxwelding.com\/wp-content\/uploads\/2026\/03\/1745311536923533.jpg\" class=\"attachment-full size-full\" alt=\"\" srcset=\"https:\/\/www.sxwelding.com\/wp-content\/uploads\/2026\/03\/1745311536923533.jpg 800w, https:\/\/www.sxwelding.com\/wp-content\/uploads\/2026\/03\/1745311536923533-300x225.jpg 300w, https:\/\/www.sxwelding.com\/wp-content\/uploads\/2026\/03\/1745311536923533-600x450.jpg 600w, https:\/\/www.sxwelding.com\/wp-content\/uploads\/2026\/03\/1745311536923533-768x576.jpg 768w, https:\/\/www.sxwelding.com\/wp-content\/uploads\/2026\/03\/1745311536923533-16x12.jpg 16w\" sizes=\"(max-width: 800px) 100vw, 800px\" \/><\/a>\n\t\t\t<\/div><\/figure>\n\t\t<\/div>\n\n\t\t<div data-elementor-type=\"container\" data-elementor-id=\"9430\" class=\"elementor elementor-9430\" data-elementor-post-type=\"elementor_library\">\n\t\t\t\t<div class=\"elementor-element elementor-element-70aac977 e-flex e-con-boxed e-con e-parent\" data-id=\"70aac977\" data-element_type=\"container\" data-e-type=\"container\">\n\t\t\t\t\t<div class=\"e-con-inner\">\n\t\t\t\t<div class=\"elementor-element elementor-element-7240c1f9 elementor-widget elementor-widget-heading\" data-id=\"7240c1f9\" data-element_type=\"widget\" data-e-type=\"widget\" data-widget_type=\"heading.default\">\n\t\t\t\t<div class=\"elementor-widget-container\">\n\t\t\t\t\t<h2 class=\"elementor-heading-title elementor-size-default\">Descripci\u00f3n<\/h2>\t\t\t\t<\/div>\n\t\t\t\t<\/div>\n\t\t<div class=\"elementor-element elementor-element-5685a292 e-con-full e-flex e-con e-child\" data-id=\"5685a292\" data-element_type=\"container\" data-e-type=\"container\">\n\t\t<div class=\"elementor-element elementor-element-18eb16e3 e-grid e-con-full e-con e-child\" data-id=\"18eb16e3\" data-element_type=\"container\" data-e-type=\"container\">\n\t\t<div class=\"elementor-element elementor-element-71d95ce3 e-con-full e-flex e-con e-child\" data-id=\"71d95ce3\" data-element_type=\"container\" data-e-type=\"container\">\n\t\t\t\t<div class=\"elementor-element elementor-element-5fdd70e1 elementor-widget elementor-widget-heading\" data-id=\"5fdd70e1\" data-element_type=\"widget\" data-e-type=\"widget\" data-widget_type=\"heading.default\">\n\t\t\t\t<div class=\"elementor-widget-container\">\n\t\t\t\t\t<h2 class=\"elementor-heading-title elementor-size-default\">Caracter\u00edsticas principales<\/h2>\t\t\t\t<\/div>\n\t\t\t\t<\/div>\n\t\t\t\t<div class=\"elementor-element elementor-element-5e5190a9 elementor-widget elementor-widget-text-editor\" data-id=\"5e5190a9\" data-element_type=\"widget\" data-e-type=\"widget\" data-widget_type=\"text-editor.default\">\n\t\t\t\t<div class=\"elementor-widget-container\">\n\t\t\t\t\t\t\t\t\t<ul data-start=\"640\" data-end=\"1331\"><li data-section-id=\"12li4s\" data-start=\"640\" data-end=\"769\"><strong data-start=\"642\" data-end=\"663\">No Copper Coating<\/strong><br data-start=\"663\" data-end=\"666\" \/>Eliminates copper pollution, making it more environmentally friendly and cleaner for welding systems.<\/li><li data-section-id=\"vcjy6b\" data-start=\"771\" data-end=\"891\"><strong data-start=\"773\" data-end=\"815\">Advanced Surface Activation Technology<\/strong><br data-start=\"815\" data-end=\"818\" \/>Smooth surface, enhanced corrosion resistance, and improved durability.<\/li><li data-section-id=\"1jz369d\" data-start=\"893\" data-end=\"1000\"><strong data-start=\"895\" data-end=\"932\">Excellent Electrical Conductivity<\/strong><br data-start=\"932\" data-end=\"935\" \/>Ensures stable arc ignition and consistent welding performance.<\/li><li data-section-id=\"23hz25\" data-start=\"1002\" data-end=\"1106\"><strong data-start=\"1004\" data-end=\"1027\">Stable Wire Feeding<\/strong><br data-start=\"1027\" data-end=\"1030\" \/>Reduces feeding resistance, suitable for high-speed and automated welding.<\/li><li data-section-id=\"1oaffc5\" data-start=\"1108\" data-end=\"1217\"><strong data-start=\"1110\" data-end=\"1148\">Low Spatter &amp; Good Weld Appearance<\/strong><br data-start=\"1148\" data-end=\"1151\" \/>Produces clean weld seams with minimal post-processing required.<\/li><li data-section-id=\"1xwj9lb\" data-start=\"1219\" data-end=\"1331\"><strong data-start=\"1221\" data-end=\"1263\">High Efficiency for Continuous Welding<\/strong><br data-start=\"1263\" data-end=\"1266\" \/>Ideal for long working hours and industrial-scale applications.<\/li><\/ul>\t\t\t\t\t\t\t\t<\/div>\n\t\t\t\t<\/div>\n\t\t\t\t<\/div>\n\t\t<div class=\"elementor-element elementor-element-4db891b9 e-con-full e-flex e-con e-child\" data-id=\"4db891b9\" data-element_type=\"container\" data-e-type=\"container\">\n\t\t\t\t<div class=\"elementor-element elementor-element-4be9901c elementor-widget elementor-widget-heading\" data-id=\"4be9901c\" data-element_type=\"widget\" data-e-type=\"widget\" data-widget_type=\"heading.default\">\n\t\t\t\t<div class=\"elementor-widget-container\">\n\t\t\t\t\t<h2 class=\"elementor-heading-title elementor-size-default\">Rendimiento t\u00e9cnico<\/h2>\t\t\t\t<\/div>\n\t\t\t\t<\/div>\n\t\t\t\t<div class=\"elementor-element elementor-element-6682860f elementor-widget elementor-widget-text-editor\" data-id=\"6682860f\" data-element_type=\"widget\" data-e-type=\"widget\" data-widget_type=\"text-editor.default\">\n\t\t\t\t<div class=\"elementor-widget-container\">\n\t\t\t\t\t\t\t\t\t<ul data-start=\"2262\" data-end=\"2394\">\n \t<li data-section-id=\"80n4ue\" data-start=\"2262\" data-end=\"2302\">Stable arc and smooth metal transfer<\/li>\n \t<li data-section-id=\"zfa6ys\" data-start=\"2303\" data-end=\"2331\">Low porosity sensitivity<\/li>\n \t<li data-section-id=\"1vf3tgp\" data-start=\"2332\" data-end=\"2362\">Alta eficacia de deposici\u00f3n<\/li>\n \t<li data-section-id=\"k7cmlb\" data-start=\"2363\" data-end=\"2394\">Formaci\u00f3n uniforme del cord\u00f3n de soldadura<\/li>\n<\/ul>\nTests show that the mechanical properties of copper-free welding wire, such as weld tensile strength and impact absorption energy, are comparable to those of copper-plated welding wire, and even superior under certain conditions (such as low-temperature impact), meeting the welding requirements of high-strength steel.\t\t\t\t\t\t\t\t<\/div>\n\t\t\t\t<\/div>\n\t\t\t\t<\/div>\n\t\t<div class=\"elementor-element elementor-element-33f9f378 e-con-full e-flex e-con e-child\" data-id=\"33f9f378\" data-element_type=\"container\" data-e-type=\"container\">\n\t\t\t\t<div class=\"elementor-element elementor-element-2a26c6a1 elementor-widget elementor-widget-heading\" data-id=\"2a26c6a1\" data-element_type=\"widget\" data-e-type=\"widget\" data-widget_type=\"heading.default\">\n\t\t\t\t<div class=\"elementor-widget-container\">\n\t\t\t\t\t<h2 class=\"elementor-heading-title elementor-size-default\">Aplicaciones<\/h2>\t\t\t\t<\/div>\n\t\t\t\t<\/div>\n\t\t\t\t<div class=\"elementor-element elementor-element-1f0f7fdf elementor-widget elementor-widget-text-editor\" data-id=\"1f0f7fdf\" data-element_type=\"widget\" data-e-type=\"widget\" data-widget_type=\"text-editor.default\">\n\t\t\t\t<div class=\"elementor-widget-container\">\n\t\t\t\t\t\t\t\t\t<p data-start=\"1359\" data-end=\"1432\">Copper-Free Welding Wire is widely used in various industries, including:<\/p><ul data-start=\"1434\" data-end=\"1616\"><li data-section-id=\"unide5\" data-start=\"1434\" data-end=\"1459\">Maquinaria para la miner\u00eda del carb\u00f3n<\/li><li data-section-id=\"19d9gij\" data-start=\"1460\" data-end=\"1486\">Maquinaria de construcci\u00f3n<\/li><li data-section-id=\"x6kl1i\" data-start=\"1487\" data-end=\"1512\">Industria naval<\/li><li data-section-id=\"su4pla\" data-start=\"1513\" data-end=\"1535\">Ingenier\u00eda de puentes<\/li><li data-section-id=\"1hf4m10\" data-start=\"1536\" data-end=\"1556\">Recipientes a presi\u00f3n<\/li><li data-section-id=\"14x245y\" data-start=\"1557\" data-end=\"1588\">Steel structure fabrication<\/li><li data-section-id=\"c82j21\" data-start=\"1589\" data-end=\"1616\">Building infrastructure<\/li><\/ul><p data-start=\"1618\" data-end=\"1642\">Tambi\u00e9n es adecuado para:<\/p><ul data-start=\"1643\" data-end=\"1756\"><li data-section-id=\"ttcr13\" data-start=\"1643\" data-end=\"1670\">Low-alloy steel welding<\/li><li data-section-id=\"3me6md\" data-start=\"1671\" data-end=\"1693\">Thin plate welding<\/li><li data-section-id=\"prsm3f\" data-start=\"1694\" data-end=\"1720\">Soldadura de tuber\u00edas de acero<\/li><li data-section-id=\"p9rif3\" data-start=\"1721\" data-end=\"1756\">Aplicaciones de soldadura de alta velocidad<\/li><\/ul>\t\t\t\t\t\t\t\t<\/div>\n\t\t\t\t<\/div>\n\t\t\t\t<\/div>\n\t\t<div class=\"elementor-element elementor-element-5bb4d65e e-con-full e-flex e-con e-child\" data-id=\"5bb4d65e\" data-element_type=\"container\" data-e-type=\"container\">\n\t\t\t\t<div class=\"elementor-element elementor-element-3c65a2b6 elementor-widget elementor-widget-heading\" data-id=\"3c65a2b6\" data-element_type=\"widget\" data-e-type=\"widget\" data-widget_type=\"heading.default\">\n\t\t\t\t<div class=\"elementor-widget-container\">\n\t\t\t\t\t<h2 class=\"elementor-heading-title elementor-size-default\">Ventajas del producto<\/h2>\t\t\t\t<\/div>\n\t\t\t\t<\/div>\n\t\t\t\t<div class=\"elementor-element elementor-element-2ea5f744 elementor-widget elementor-widget-text-editor\" data-id=\"2ea5f744\" data-element_type=\"widget\" data-e-type=\"widget\" data-widget_type=\"text-editor.default\">\n\t\t\t\t<div class=\"elementor-widget-container\">\n\t\t\t\t\t\t\t\t\t<ul data-start=\"1790\" data-end=\"2225\"><li data-section-id=\"dyr4bi\" data-start=\"1790\" data-end=\"1901\">Improved Welding Stability: The surface coating of copper-free welding wire contains active ingredients that improve arc stability, refine molten droplets, and reduce spatter. Special treatment achieves spatter control and arc stability.<\/li><li data-section-id=\"qcoaro\" data-start=\"1903\" data-end=\"2021\">Enhanced Corrosion Resistance: Some copper-free welding wire surface treatment technologies combine rust prevention and corrosion resistance, extending the wire\u2019s storage life, especially in humid environments.<\/li><li data-section-id=\"2riw35\" data-start=\"2023\" data-end=\"2125\">Wide Applicability: Copper-free welding wire exhibits good adaptability in CO2 gas shielded welding and mixed gas shielded welding (such as Ar+CO2), and is suitable for welding various steels (such as Q345B, low-carbon steel, etc.).<\/li><li data-section-id=\"1y0ezdm\" data-start=\"2127\" data-end=\"2225\">Operational Safety: Copper-free welding wire does not contain a copper layer, so it does not produce copper fumes or harmful gases during welding, reducing health threats to operators, and is especially suitable for enclosed or poorly ventilated working environments.<\/li><\/ul>\t\t\t\t\t\t\t\t<\/div>\n\t\t\t\t<\/div>\n\t\t\t\t<\/div>\n\t\t\t\t<\/div>\n\t\t\t\t<\/div>\n\t\t\t\t\t<\/div>\n\t\t\t\t<\/div>\n\t\t\t\t<\/div>","protected":false},"excerpt":{"rendered":"<p>El alambre de soldadura sin cobre es un material avanzado que elimina la contaminaci\u00f3n por cobre durante la producci\u00f3n y el uso. Con una tecnolog\u00eda especial de activaci\u00f3n de la superficie, ofrece un acabado liso, un fuerte rendimiento antioxidante y una excelente conductividad el\u00e9ctrica.<\/p>","protected":false},"featured_media":9614,"comment_status":"closed","ping_status":"closed","template":"","meta":{"_seopress_robots_primary_cat":"none","_seopress_titles_title":"Copper-Free Welding Wire Manufacturer | Non Copper Coated Welding Wire Supplier","_seopress_titles_desc":"High-quality copper-free welding wire with no copper contamination, excellent conductivity, and stable feeding. Ideal for steel structures, pipelines, and industrial welding applications.","_seopress_robots_index":"","site-sidebar-layout":"default","site-content-layout":"","ast-site-content-layout":"default","site-content-style":"default","site-sidebar-style":"default","ast-global-header-display":"","ast-banner-title-visibility":"","ast-main-header-display":"","ast-hfb-above-header-display":"","ast-hfb-below-header-display":"","ast-hfb-mobile-header-display":"","site-post-title":"","ast-breadcrumbs-content":"","ast-featured-img":"","footer-sml-layout":"","theme-transparent-header-meta":"default","adv-header-id-meta":"","stick-header-meta":"default","header-above-stick-meta":"","header-main-stick-meta":"","header-below-stick-meta":"","astra-migrate-meta-layouts":"set","ast-page-background-enabled":"default","ast-page-background-meta":{"desktop":{"background-color":"var(--ast-global-color-4)","background-image":"","background-repeat":"repeat","background-position":"center center","background-size":"auto","background-attachment":"scroll","background-type":"","background-media":"","overlay-type":"","overlay-color":"","overlay-opacity":"","overlay-gradient":""},"tablet":{"background-color":"","background-image":"","background-repeat":"repeat","background-position":"center center","background-size":"auto","background-attachment":"scroll","background-type":"","background-media":"","overlay-type":"","overlay-color":"","overlay-opacity":"","overlay-gradient":""},"mobile":{"background-color":"","background-image":"","background-repeat":"repeat","background-position":"center center","background-size":"auto","background-attachment":"scroll","background-type":"","background-media":"","overlay-type":"","overlay-color":"","overlay-opacity":"","overlay-gradient":""}},"ast-content-background-meta":{"desktop":{"background-color":"var(--ast-global-color-5)","background-image":"","background-repeat":"repeat","background-position":"center center","background-size":"auto","background-attachment":"scroll","background-type":"","background-media":"","overlay-type":"","overlay-color":"","overlay-opacity":"","overlay-gradient":""},"tablet":{"background-color":"var(--ast-global-color-5)","background-image":"","background-repeat":"repeat","background-position":"center center","background-size":"auto","background-attachment":"scroll","background-type":"","background-media":"","overlay-type":"","overlay-color":"","overlay-opacity":"","overlay-gradient":""},"mobile":{"background-color":"var(--ast-global-color-5)","background-image":"","background-repeat":"repeat","background-position":"center center","background-size":"auto","background-attachment":"scroll","background-type":"","background-media":"","overlay-type":"","overlay-color":"","overlay-opacity":"","overlay-gradient":""}}},"product_brand":[],"product_cat":[94],"product_tag":[],"class_list":{"0":"post-9281","1":"product","2":"type-product","3":"status-publish","4":"has-post-thumbnail","6":"product_cat-non-copper-coated-welding-wire","7":"desktop-align-center","8":"tablet-align-left","9":"mobile-align-left","10":"ast-product-gallery-layout-horizontal-slider","11":"ast-product-tabs-layout-horizontal","13":"first","14":"instock","15":"shipping-taxable","16":"product-type-simple"},"_links":{"self":[{"href":"https:\/\/www.sxwelding.com\/es\/wp-json\/wp\/v2\/product\/9281","targetHints":{"allow":["GET"]}}],"collection":[{"href":"https:\/\/www.sxwelding.com\/es\/wp-json\/wp\/v2\/product"}],"about":[{"href":"https:\/\/www.sxwelding.com\/es\/wp-json\/wp\/v2\/types\/product"}],"replies":[{"embeddable":true,"href":"https:\/\/www.sxwelding.com\/es\/wp-json\/wp\/v2\/comments?post=9281"}],"wp:featuredmedia":[{"embeddable":true,"href":"https:\/\/www.sxwelding.com\/es\/wp-json\/wp\/v2\/media\/9614"}],"wp:attachment":[{"href":"https:\/\/www.sxwelding.com\/es\/wp-json\/wp\/v2\/media?parent=9281"}],"wp:term":[{"taxonomy":"product_brand","embeddable":true,"href":"https:\/\/www.sxwelding.com\/es\/wp-json\/wp\/v2\/product_brand?post=9281"},{"taxonomy":"product_cat","embeddable":true,"href":"https:\/\/www.sxwelding.com\/es\/wp-json\/wp\/v2\/product_cat?post=9281"},{"taxonomy":"product_tag","embeddable":true,"href":"https:\/\/www.sxwelding.com\/es\/wp-json\/wp\/v2\/product_tag?post=9281"}],"curies":[{"name":"wp","href":"https:\/\/api.w.org\/{rel}","templated":true}]}}