{"id":9367,"date":"2026-03-27T06:03:21","date_gmt":"2026-03-27T06:03:21","guid":{"rendered":"http:\/\/www.sxwelding.com\/?post_type=product&#038;p=9367"},"modified":"2026-03-28T03:11:08","modified_gmt":"2026-03-28T03:11:08","slug":"heat-resistant-steel-welding-wire","status":"publish","type":"product","link":"https:\/\/www.sxwelding.com\/es\/producto\/alambre-de-soldadura-de-acero-resistente-al-calor\/","title":{"rendered":"Alambre de acero resistente al calor"},"content":{"rendered":"<p data-start=\"152\" data-end=\"317\">Nuestro alambre de soldadura de acero resistente al calor est\u00e1 disponible en dos tipos principales: <strong data-start=\"222\" data-end=\"264\">Cromo-Molibdeno-Vanadio (Cr-Mo-V)<\/strong> y <strong data-start=\"276\" data-end=\"307\">Cromo-molibdeno (Cr-Mo)<\/strong> serie.<\/p>\n<p data-start=\"319\" data-end=\"500\">Dise\u00f1ado para aplicaciones de alta temperatura, este hilo de soldadura ofrece una excelente resistencia al agrietamiento t\u00e9rmico y a la oxidaci\u00f3n, garantizando un rendimiento fiable en entornos exigentes.<\/p>\n<p data-start=\"319\" data-end=\"500\"><strong>Hilo de soldadura H13CrMoA:<\/strong><\/p>\n<table>\n<tbody>\n<tr class=\"firstRow\">\n<td colspan=\"14\" valign=\"top\" width=\"652\"><strong>composici\u00f3n qu\u00edmica\uff08%\uff09<\/strong><\/td>\n<\/tr>\n<tr>\n<td valign=\"top\" width=\"71\"><strong>elemento<\/strong><\/td>\n<td colspan=\"2\" valign=\"top\" width=\"65\"><strong>C<\/strong><\/td>\n<td valign=\"top\" width=\"65\"><strong>S<\/strong><\/td>\n<td colspan=\"2\" valign=\"top\" width=\"65\"><strong>Mn<\/strong><\/td>\n<td valign=\"top\" width=\"65\"><strong>Si<\/strong><\/td>\n<td colspan=\"2\" valign=\"top\" width=\"65\"><strong>P<\/strong><\/td>\n<td valign=\"top\" width=\"65\"><strong>Cr<\/strong><\/td>\n<td colspan=\"2\" valign=\"top\" width=\"65\"><strong>Ni<\/strong><\/td>\n<td valign=\"top\" width=\"65\"><strong>Cu<\/strong><\/td>\n<td valign=\"top\" width=\"65\"><strong>Mo<\/strong><\/td>\n<\/tr>\n<tr>\n<td valign=\"top\" width=\"71\">Valor de ejemplo<\/td>\n<td colspan=\"2\" valign=\"top\" width=\"65\">0.13<\/td>\n<td valign=\"top\" width=\"65\">0.014<\/td>\n<td colspan=\"2\" valign=\"top\" width=\"65\">0.56<\/td>\n<td valign=\"top\" width=\"65\">0.27<\/td>\n<td colspan=\"2\" valign=\"top\" width=\"65\">0.015<\/td>\n<td valign=\"top\" width=\"65\">0.94<\/td>\n<td colspan=\"2\" valign=\"top\" width=\"65\">0.030<\/td>\n<td valign=\"top\" width=\"65\">0.16<\/td>\n<td valign=\"top\" width=\"65\">0.50<\/td>\n<\/tr>\n<tr>\n<td colspan=\"14\" valign=\"top\" width=\"652\"><strong>Propiedades mec\u00e1nicas del metal depositado<\/strong><\/td>\n<\/tr>\n<tr>\n<td colspan=\"2\" valign=\"top\" width=\"130\"><strong>Proyecto experimental<\/strong><\/td>\n<td colspan=\"3\" valign=\"top\" width=\"130\"><strong>Resistencia Rm\uff08Mpa\uff09<\/strong><\/td>\n<td colspan=\"3\" valign=\"top\" width=\"130\"><strong>L\u00edmite el\u00e1stico\uff08Mpa\uff09<\/strong><\/td>\n<td colspan=\"3\" valign=\"top\" width=\"120\"><strong>elongaci\u00f3n A\uff08%\uff09<\/strong><\/td>\n<td colspan=\"3\" valign=\"top\" width=\"141\"><strong>Ensayo de impacto en V (J)0\u2103<\/strong><\/td>\n<\/tr>\n<tr>\n<td colspan=\"2\" valign=\"top\" width=\"130\">Valor de ejemplo<\/td>\n<td colspan=\"3\" valign=\"top\" width=\"130\">568<\/td>\n<td colspan=\"3\" valign=\"top\" width=\"130\">480<\/td>\n<td colspan=\"3\" valign=\"top\" width=\"120\">26<\/td>\n<td colspan=\"3\" valign=\"top\" width=\"141\">68<\/td>\n<\/tr>\n<\/tbody>\n<\/table>\n<p data-section-id=\"pm8yra\" data-start=\"507\" data-end=\"527\"><strong>Hilo de soldadura H08CrMoVA:<\/strong><\/p>\n<table>\n<tbody>\n<tr class=\"firstRow\">\n<td colspan=\"14\" valign=\"top\" width=\"652\"><strong>composici\u00f3n qu\u00edmica\uff08%\uff09<\/strong><\/td>\n<\/tr>\n<tr>\n<td valign=\"top\" width=\"71\"><strong>elemento<\/strong><\/td>\n<td colspan=\"2\" valign=\"top\" width=\"65\"><strong>C<\/strong><\/td>\n<td valign=\"top\" width=\"65\"><strong>S<\/strong><\/td>\n<td colspan=\"2\" valign=\"top\" width=\"65\"><strong>Mn<\/strong><\/td>\n<td valign=\"top\" width=\"65\"><strong>Si<\/strong><\/td>\n<td colspan=\"2\" valign=\"top\" width=\"65\"><strong>P<\/strong><\/td>\n<td valign=\"top\" width=\"65\"><strong>Cr<\/strong><\/td>\n<td colspan=\"2\" valign=\"top\" width=\"65\"><strong>Ni<\/strong><\/td>\n<td valign=\"top\" width=\"65\"><strong>Cu<\/strong><\/td>\n<td valign=\"top\" width=\"65\"><strong>Mo<\/strong><\/td>\n<\/tr>\n<tr>\n<td valign=\"top\" width=\"71\">Valor de ejemplo<\/td>\n<td colspan=\"2\" valign=\"top\" width=\"65\">0.08<\/td>\n<td valign=\"top\" width=\"65\">0.012<\/td>\n<td colspan=\"2\" valign=\"top\" width=\"65\">0.61<\/td>\n<td valign=\"top\" width=\"65\">0.25<\/td>\n<td colspan=\"2\" valign=\"top\" width=\"65\">0.018<\/td>\n<td valign=\"top\" width=\"65\">1.10<\/td>\n<td colspan=\"2\" valign=\"top\" width=\"65\">0.030<\/td>\n<td valign=\"top\" width=\"65\">0.16<\/td>\n<td valign=\"top\" width=\"65\">0.58<\/td>\n<\/tr>\n<tr>\n<td colspan=\"14\" valign=\"top\" width=\"652\"><strong>Propiedades mec\u00e1nicas del metal depositado<\/strong><\/td>\n<\/tr>\n<tr>\n<td colspan=\"2\" valign=\"top\" width=\"130\"><strong>Proyecto experimental<\/strong><\/td>\n<td colspan=\"3\" valign=\"top\" width=\"130\"><strong>Resistencia Rm\uff08Mpa\uff09<\/strong><\/td>\n<td colspan=\"3\" valign=\"top\" width=\"130\"><strong>L\u00edmite el\u00e1stico\uff08Mpa\uff09<\/strong><\/td>\n<td colspan=\"3\" valign=\"top\" width=\"120\"><strong>elongaci\u00f3n A\uff08%\uff09<\/strong><\/td>\n<td colspan=\"3\" valign=\"top\" width=\"141\"><strong>Ensayo de impacto en V (J)0\u2103<\/strong><\/td>\n<\/tr>\n<tr>\n<td colspan=\"2\" valign=\"top\" width=\"130\">Valor de ejemplo<\/td>\n<td colspan=\"3\" valign=\"top\" width=\"130\">585<\/td>\n<td colspan=\"3\" valign=\"top\" width=\"130\">490<\/td>\n<td colspan=\"3\" valign=\"top\" width=\"120\">23<\/td>\n<td colspan=\"3\" valign=\"top\" width=\"141\">70<\/td>\n<\/tr>\n<\/tbody>\n<\/table>\n<div id='gallery-1' class='gallery galleryid-9367 gallery-columns-2 gallery-size-full'><figure class='gallery-item'>\n\t\t\t<div class='gallery-icon landscape'>\n\t\t\t\t<a href='https:\/\/www.sxwelding.com\/es\/?attachment_id=9372'><img fetchpriority=\"high\" decoding=\"async\" width=\"600\" height=\"600\" src=\"https:\/\/www.sxwelding.com\/wp-content\/uploads\/2026\/03\/01-8.png\" class=\"attachment-full size-full\" alt=\"\" srcset=\"https:\/\/www.sxwelding.com\/wp-content\/uploads\/2026\/03\/01-8.png 600w, https:\/\/www.sxwelding.com\/wp-content\/uploads\/2026\/03\/01-8-300x300.png 300w, https:\/\/www.sxwelding.com\/wp-content\/uploads\/2026\/03\/01-8-150x150.png 150w, https:\/\/www.sxwelding.com\/wp-content\/uploads\/2026\/03\/01-8-12x12.png 12w, https:\/\/www.sxwelding.com\/wp-content\/uploads\/2026\/03\/01-8-100x100.png 100w\" sizes=\"(max-width: 600px) 100vw, 600px\" \/><\/a>\n\t\t\t<\/div><\/figure><figure class='gallery-item'>\n\t\t\t<div class='gallery-icon landscape'>\n\t\t\t\t<a href='https:\/\/www.sxwelding.com\/es\/?attachment_id=9373'><img decoding=\"async\" width=\"600\" height=\"600\" src=\"https:\/\/www.sxwelding.com\/wp-content\/uploads\/2026\/03\/2.png\" class=\"attachment-full size-full\" alt=\"\" srcset=\"https:\/\/www.sxwelding.com\/wp-content\/uploads\/2026\/03\/2.png 600w, https:\/\/www.sxwelding.com\/wp-content\/uploads\/2026\/03\/2-300x300.png 300w, https:\/\/www.sxwelding.com\/wp-content\/uploads\/2026\/03\/2-150x150.png 150w, https:\/\/www.sxwelding.com\/wp-content\/uploads\/2026\/03\/2-12x12.png 12w, https:\/\/www.sxwelding.com\/wp-content\/uploads\/2026\/03\/2-100x100.png 100w\" sizes=\"(max-width: 600px) 100vw, 600px\" \/><\/a>\n\t\t\t<\/div><\/figure>\n\t\t<\/div>\n\n\t\t<div data-elementor-type=\"container\" data-elementor-id=\"9445\" class=\"elementor elementor-9445\" data-elementor-post-type=\"elementor_library\">\n\t\t\t\t<div class=\"elementor-element elementor-element-53d41c81 e-flex e-con-boxed e-con e-parent\" data-id=\"53d41c81\" data-element_type=\"container\" data-e-type=\"container\">\n\t\t\t\t\t<div class=\"e-con-inner\">\n\t\t\t\t<div class=\"elementor-element elementor-element-6dabf9e6 elementor-widget elementor-widget-heading\" data-id=\"6dabf9e6\" data-element_type=\"widget\" data-e-type=\"widget\" data-widget_type=\"heading.default\">\n\t\t\t\t<div class=\"elementor-widget-container\">\n\t\t\t\t\t<h2 class=\"elementor-heading-title elementor-size-default\">Descripci\u00f3n<\/h2>\t\t\t\t<\/div>\n\t\t\t\t<\/div>\n\t\t<div class=\"elementor-element elementor-element-2094ea1d e-con-full e-flex e-con e-child\" data-id=\"2094ea1d\" data-element_type=\"container\" data-e-type=\"container\">\n\t\t<div class=\"elementor-element elementor-element-72dfd4eb e-grid e-con-full e-con e-child\" data-id=\"72dfd4eb\" data-element_type=\"container\" data-e-type=\"container\">\n\t\t<div class=\"elementor-element elementor-element-735dde37 e-con-full e-flex e-con e-child\" data-id=\"735dde37\" data-element_type=\"container\" data-e-type=\"container\">\n\t\t\t\t<div class=\"elementor-element elementor-element-39bae5b0 elementor-widget elementor-widget-heading\" data-id=\"39bae5b0\" data-element_type=\"widget\" data-e-type=\"widget\" data-widget_type=\"heading.default\">\n\t\t\t\t<div class=\"elementor-widget-container\">\n\t\t\t\t\t<h2 class=\"elementor-heading-title elementor-size-default\">Caracter\u00edsticas principales<\/h2>\t\t\t\t<\/div>\n\t\t\t\t<\/div>\n\t\t\t\t<div class=\"elementor-element elementor-element-3c82d61b elementor-widget elementor-widget-text-editor\" data-id=\"3c82d61b\" data-element_type=\"widget\" data-e-type=\"widget\" data-widget_type=\"text-editor.default\">\n\t\t\t\t<div class=\"elementor-widget-container\">\n\t\t\t\t\t\t\t\t\t<ul data-start=\"528\" data-end=\"1161\"><li data-section-id=\"1cc8br6\" data-start=\"528\" data-end=\"633\"><strong data-start=\"530\" data-end=\"571\">Excelente resistencia a altas temperaturas<\/strong><br data-start=\"571\" data-end=\"574\" \/>Mantiene un rendimiento estable a temperaturas elevadas.<\/li><li data-section-id=\"dmww9i\" data-start=\"635\" data-end=\"730\"><strong data-start=\"637\" data-end=\"665\">Resistencia a las grietas t\u00e9rmicas<\/strong><br data-start=\"665\" data-end=\"668\" \/>Reduce eficazmente el riesgo de fisuraci\u00f3n en caliente durante la soldadura.<\/li><li data-section-id=\"1lblw6l\" data-start=\"732\" data-end=\"829\"><strong data-start=\"734\" data-end=\"765\">Gran resistencia a la oxidaci\u00f3n<\/strong><br data-start=\"765\" data-end=\"768\" \/>Garantiza una larga vida \u00fatil en entornos de altas temperaturas.<\/li><li data-section-id=\"19g205m\" data-start=\"831\" data-end=\"914\"><strong data-start=\"833\" data-end=\"859\">Rendimiento estable del arco<\/strong><br data-start=\"859\" data-end=\"862\" \/>Arco de combusti\u00f3n suave y proceso de soldadura consistente.<\/li><li data-section-id=\"1p7yjkp\" data-start=\"916\" data-end=\"995\"><strong data-start=\"918\" data-end=\"939\">F\u00e1cil eliminaci\u00f3n de escorias<\/strong><br data-start=\"939\" data-end=\"942\" \/>Mejora la eficacia y reduce la limpieza posterior a la soldadura.<\/li><li data-section-id=\"1zpbll\" data-start=\"997\" data-end=\"1084\"><strong data-start=\"999\" data-end=\"1029\">Alta eficiencia de deposici\u00f3n<\/strong><br data-start=\"1029\" data-end=\"1032\" \/>Admite una r\u00e1pida velocidad de soldadura y una alta productividad.<\/li><li data-section-id=\"1sn78w5\" data-start=\"1086\" data-end=\"1161\"><strong data-start=\"1088\" data-end=\"1111\">Buena formaci\u00f3n de la soldadura<\/strong><br data-start=\"1111\" data-end=\"1114\" \/>Produce cordones de soldadura uniformes y de alta calidad.<\/li><\/ul>\t\t\t\t\t\t\t\t<\/div>\n\t\t\t\t<\/div>\n\t\t\t\t<\/div>\n\t\t<div class=\"elementor-element elementor-element-53115cc0 e-con-full e-flex e-con e-child\" data-id=\"53115cc0\" data-element_type=\"container\" data-e-type=\"container\">\n\t\t\t\t<div class=\"elementor-element elementor-element-2afb1029 elementor-widget elementor-widget-heading\" data-id=\"2afb1029\" data-element_type=\"widget\" data-e-type=\"widget\" data-widget_type=\"heading.default\">\n\t\t\t\t<div class=\"elementor-widget-container\">\n\t\t\t\t\t<h2 class=\"elementor-heading-title elementor-size-default\">Rendimiento t\u00e9cnico<\/h2>\t\t\t\t<\/div>\n\t\t\t\t<\/div>\n\t\t\t\t<div class=\"elementor-element elementor-element-5b9d4d55 elementor-widget elementor-widget-text-editor\" data-id=\"5b9d4d55\" data-element_type=\"widget\" data-e-type=\"widget\" data-widget_type=\"text-editor.default\">\n\t\t\t\t<div class=\"elementor-widget-container\">\n\t\t\t\t\t\t\t\t\t<ul data-start=\"2139\" data-end=\"2324\"><li data-section-id=\"1dv6ril\" data-start=\"2139\" data-end=\"2180\">Arco estable y proceso de soldadura suave<\/li><li data-section-id=\"k7cmlb\" data-start=\"2181\" data-end=\"2212\">Formaci\u00f3n uniforme del cord\u00f3n de soldadura<\/li><li data-section-id=\"1srs1k9\" data-start=\"2213\" data-end=\"2238\">Baja sensibilidad a las grietas<\/li><li data-section-id=\"jm69s0\" data-start=\"2239\" data-end=\"2278\">Alta velocidad de soldadura y productividad<\/li><li data-section-id=\"v850n3\" data-start=\"2279\" data-end=\"2324\">Gran resistencia mec\u00e1nica y durabilidad<\/li><\/ul><p>Apto para varios tipos de fundentes de soldadura<br \/>Ideal para soldadura por arco sumergido (SAW) y procesos afines<br \/>Compatible con sistemas de soldadura mecanizados y automatizados<\/p><h5 data-section-id=\"c03k92\" data-start=\"1168\" data-end=\"1189\"><span role=\"text\"><strong data-start=\"1172\" data-end=\"1189\">Tipos<\/strong><\/span><\/h5><ul data-start=\"1190\" data-end=\"1395\"><li data-section-id=\"gfhp7n\" data-start=\"1190\" data-end=\"1304\"><strong data-start=\"1192\" data-end=\"1223\">Alambre de soldadura serie Cr-Mo-V<\/strong><br data-start=\"1223\" data-end=\"1226\" \/>Adecuado para aplicaciones de mayor resistencia y resistencia al calor m\u00e1s exigentes.<\/li><li data-section-id=\"bds7n3\" data-start=\"1306\" data-end=\"1395\"><strong data-start=\"1308\" data-end=\"1337\">Alambre de soldadura serie Cr-Mo<\/strong><br data-start=\"1337\" data-end=\"1340\" \/>Ampliamente utilizado para la soldadura general de acero resistente al calor.<\/li><\/ul><p>\u00a0<\/p>\t\t\t\t\t\t\t\t<\/div>\n\t\t\t\t<\/div>\n\t\t\t\t<\/div>\n\t\t<div class=\"elementor-element elementor-element-13540b23 e-con-full e-flex e-con e-child\" data-id=\"13540b23\" data-element_type=\"container\" data-e-type=\"container\">\n\t\t\t\t<div class=\"elementor-element elementor-element-1dc25b26 elementor-widget elementor-widget-heading\" data-id=\"1dc25b26\" data-element_type=\"widget\" data-e-type=\"widget\" data-widget_type=\"heading.default\">\n\t\t\t\t<div class=\"elementor-widget-container\">\n\t\t\t\t\t<h2 class=\"elementor-heading-title elementor-size-default\">Aplicaciones<\/h2>\t\t\t\t<\/div>\n\t\t\t\t<\/div>\n\t\t\t\t<div class=\"elementor-element elementor-element-68686a94 elementor-widget elementor-widget-text-editor\" data-id=\"68686a94\" data-element_type=\"widget\" data-e-type=\"widget\" data-widget_type=\"text-editor.default\">\n\t\t\t\t<div class=\"elementor-widget-container\">\n\t\t\t\t\t\t\t\t\t<p data-start=\"1423\" data-end=\"1492\">Ampliamente utilizado en la soldadura de componentes de acero resistentes al calor, incluyendo:<\/p><ul data-start=\"1494\" data-end=\"1640\"><li data-section-id=\"1hf4m10\" data-start=\"1494\" data-end=\"1514\">Recipientes a presi\u00f3n<\/li><li data-section-id=\"7271x2\" data-start=\"1515\" data-end=\"1545\">Tuber\u00edas de alta temperatura<\/li><li data-section-id=\"h5jfdm\" data-start=\"1546\" data-end=\"1571\">Equipos de centrales el\u00e9ctricas<\/li><li data-section-id=\"k96uct\" data-start=\"1572\" data-end=\"1603\">Calderas e intercambiadores de calor<\/li><li data-section-id=\"1x4ve68\" data-start=\"1604\" data-end=\"1640\">Equipos para la industria petroqu\u00edmica<\/li><\/ul>\t\t\t\t\t\t\t\t<\/div>\n\t\t\t\t<\/div>\n\t\t\t\t<\/div>\n\t\t<div class=\"elementor-element elementor-element-1600b4fc e-con-full e-flex e-con e-child\" data-id=\"1600b4fc\" data-element_type=\"container\" data-e-type=\"container\">\n\t\t\t\t<div class=\"elementor-element elementor-element-1e72260 elementor-widget elementor-widget-heading\" data-id=\"1e72260\" data-element_type=\"widget\" data-e-type=\"widget\" data-widget_type=\"heading.default\">\n\t\t\t\t<div class=\"elementor-widget-container\">\n\t\t\t\t\t<h2 class=\"elementor-heading-title elementor-size-default\">Ventajas del producto<\/h2>\t\t\t\t<\/div>\n\t\t\t\t<\/div>\n\t\t\t\t<div class=\"elementor-element elementor-element-b718b04 elementor-widget elementor-widget-text-editor\" data-id=\"b718b04\" data-element_type=\"widget\" data-e-type=\"widget\" data-widget_type=\"text-editor.default\">\n\t\t\t\t<div class=\"elementor-widget-container\">\n\t\t\t\t\t\t\t\t\t<ul data-start=\"1887\" data-end=\"2102\"><li data-section-id=\"zaubjj\" data-start=\"1887\" data-end=\"1941\">Excelentes propiedades mec\u00e1nicas del metal depositado<\/li><li data-section-id=\"9jsmbk\" data-start=\"1942\" data-end=\"1993\">Rendimiento de soldadura estable con defectos m\u00ednimos<\/li><li data-section-id=\"vu5aqn\" data-start=\"1994\" data-end=\"2048\">Alta eficiencia para soldadura industrial a gran escala<\/li><li data-section-id=\"rxyzmz\" data-start=\"2049\" data-end=\"2102\">F\u00e1cil automatizaci\u00f3n y soldadura continua<\/li><\/ul>\t\t\t\t\t\t\t\t<\/div>\n\t\t\t\t<\/div>\n\t\t\t\t<\/div>\n\t\t\t\t<\/div>\n\t\t\t\t<\/div>\n\t\t\t\t\t<\/div>\n\t\t\t\t<\/div>\n\t\t\t\t<\/div>","protected":false},"excerpt":{"rendered":"<p>Nuestra empresa produce alambre de soldadura de acero resistente al calor de dos tipos: serie de cromo-molibdeno-vanadio y serie de cromo-molibdeno. Estos alambres se caracterizan por su resistencia al agrietamiento t\u00e9rmico a alta temperatura y a la oxidaci\u00f3n.<\/p>","protected":false},"featured_media":9371,"comment_status":"closed","ping_status":"closed","template":"","meta":{"_seopress_robots_primary_cat":"none","_seopress_titles_title":"Heat-Resistant Steel Welding Wire | Cr-Mo & Cr-Mo-V Welding Wire Supplier","_seopress_titles_desc":"High-quality heat-resistant steel welding wire with excellent thermal crack resistance and oxidation resistance. Ideal for pressure vessels, pipelines, and high-temperature applications.","_seopress_robots_index":"","site-sidebar-layout":"default","site-content-layout":"","ast-site-content-layout":"default","site-content-style":"default","site-sidebar-style":"default","ast-global-header-display":"","ast-banner-title-visibility":"","ast-main-header-display":"","ast-hfb-above-header-display":"","ast-hfb-below-header-display":"","ast-hfb-mobile-header-display":"","site-post-title":"","ast-breadcrumbs-content":"","ast-featured-img":"","footer-sml-layout":"","theme-transparent-header-meta":"default","adv-header-id-meta":"","stick-header-meta":"default","header-above-stick-meta":"","header-main-stick-meta":"","header-below-stick-meta":"","astra-migrate-meta-layouts":"set","ast-page-background-enabled":"default","ast-page-background-meta":{"desktop":{"background-color":"var(--ast-global-color-4)","background-image":"","background-repeat":"repeat","background-position":"center center","background-size":"auto","background-attachment":"scroll","background-type":"","background-media":"","overlay-type":"","overlay-color":"","overlay-opacity":"","overlay-gradient":""},"tablet":{"background-color":"","background-image":"","background-repeat":"repeat","background-position":"center center","background-size":"auto","background-attachment":"scroll","background-type":"","background-media":"","overlay-type":"","overlay-color":"","overlay-opacity":"","overlay-gradient":""},"mobile":{"background-color":"","background-image":"","background-repeat":"repeat","background-position":"center center","background-size":"auto","background-attachment":"scroll","background-type":"","background-media":"","overlay-type":"","overlay-color":"","overlay-opacity":"","overlay-gradient":""}},"ast-content-background-meta":{"desktop":{"background-color":"var(--ast-global-color-5)","background-image":"","background-repeat":"repeat","background-position":"center center","background-size":"auto","background-attachment":"scroll","background-type":"","background-media":"","overlay-type":"","overlay-color":"","overlay-opacity":"","overlay-gradient":""},"tablet":{"background-color":"var(--ast-global-color-5)","background-image":"","background-repeat":"repeat","background-position":"center center","background-size":"auto","background-attachment":"scroll","background-type":"","background-media":"","overlay-type":"","overlay-color":"","overlay-opacity":"","overlay-gradient":""},"mobile":{"background-color":"var(--ast-global-color-5)","background-image":"","background-repeat":"repeat","background-position":"center center","background-size":"auto","background-attachment":"scroll","background-type":"","background-media":"","overlay-type":"","overlay-color":"","overlay-opacity":"","overlay-gradient":""}}},"product_brand":[],"product_cat":[91],"product_tag":[],"class_list":{"0":"post-9367","1":"product","2":"type-product","3":"status-publish","4":"has-post-thumbnail","6":"product_cat-heat-resistant-steel-welding-wire","7":"desktop-align-center","8":"tablet-align-left","9":"mobile-align-left","10":"ast-product-gallery-layout-horizontal-slider","11":"ast-product-gallery-with-no-image","12":"ast-product-tabs-layout-horizontal","14":"first","15":"instock","16":"shipping-taxable","17":"product-type-simple"},"_links":{"self":[{"href":"https:\/\/www.sxwelding.com\/es\/wp-json\/wp\/v2\/product\/9367","targetHints":{"allow":["GET"]}}],"collection":[{"href":"https:\/\/www.sxwelding.com\/es\/wp-json\/wp\/v2\/product"}],"about":[{"href":"https:\/\/www.sxwelding.com\/es\/wp-json\/wp\/v2\/types\/product"}],"replies":[{"embeddable":true,"href":"https:\/\/www.sxwelding.com\/es\/wp-json\/wp\/v2\/comments?post=9367"}],"wp:featuredmedia":[{"embeddable":true,"href":"https:\/\/www.sxwelding.com\/es\/wp-json\/wp\/v2\/media\/9371"}],"wp:attachment":[{"href":"https:\/\/www.sxwelding.com\/es\/wp-json\/wp\/v2\/media?parent=9367"}],"wp:term":[{"taxonomy":"product_brand","embeddable":true,"href":"https:\/\/www.sxwelding.com\/es\/wp-json\/wp\/v2\/product_brand?post=9367"},{"taxonomy":"product_cat","embeddable":true,"href":"https:\/\/www.sxwelding.com\/es\/wp-json\/wp\/v2\/product_cat?post=9367"},{"taxonomy":"product_tag","embeddable":true,"href":"https:\/\/www.sxwelding.com\/es\/wp-json\/wp\/v2\/product_tag?post=9367"}],"curies":[{"name":"wp","href":"https:\/\/api.w.org\/{rel}","templated":true}]}}