{"id":9359,"date":"2026-03-27T05:54:35","date_gmt":"2026-03-27T05:54:35","guid":{"rendered":"http:\/\/www.sxwelding.com\/?post_type=product&#038;p=9359"},"modified":"2026-03-28T03:42:12","modified_gmt":"2026-03-28T03:42:12","slug":"weathering-steel-welding-wire","status":"publish","type":"product","link":"https:\/\/www.sxwelding.com\/fr\/produit\/fil-de-soudure-en-acier-resistant-aux-intemperies\/","title":{"rendered":"Fil \u00e0 souder en acier r\u00e9sistant aux intemp\u00e9ries"},"content":{"rendered":"<p data-start=\"144\" data-end=\"283\">Notre fil \u00e0 souder en acier r\u00e9sistant aux intemp\u00e9ries comprend deux s\u00e9ries principales : <strong data-start=\"204\" data-end=\"239\">Fil de soudage sous protection gazeuse (MIG)<\/strong> et <strong data-start=\"244\" data-end=\"280\">Fil de soudage \u00e0 l'arc submerg\u00e9 (SAW)<\/strong>.<\/p>\n<p data-start=\"285\" data-end=\"554\">Con\u00e7u pour le soudage des aciers r\u00e9sistants aux intemp\u00e9ries, le m\u00e9tal d\u00e9pos\u00e9 pr\u00e9sente une excellente t\u00e9nacit\u00e9, ductilit\u00e9, r\u00e9sistance \u00e0 la corrosion, r\u00e9sistance aux hautes temp\u00e9ratures et r\u00e9sistance \u00e0 la fatigue. Il est id\u00e9al pour les structures en acier expos\u00e9es \u00e0 des environnements atmosph\u00e9riques difficiles pendant de longues p\u00e9riodes.<\/p>\n<table>\n<tbody>\n<tr class=\"firstRow\">\n<td colspan=\"9\" valign=\"top\" width=\"654\"><strong>Composition chimique de l'ER44-G\uff08%\uff09<\/strong><\/td>\n<\/tr>\n<tr>\n<td valign=\"top\" width=\"87\"><strong>\u00e9l\u00e9ment<\/strong><\/td>\n<td valign=\"top\" width=\"56\"><strong>C<\/strong><\/td>\n<td valign=\"top\" width=\"73\"><strong>S<\/strong><\/td>\n<td valign=\"top\" width=\"73\"><strong>Mn<\/strong><\/td>\n<td valign=\"top\" width=\"73\"><strong>Si<\/strong><\/td>\n<td valign=\"top\" width=\"73\"><strong>P<\/strong><\/td>\n<td valign=\"top\" width=\"63\"><strong>Cr<\/strong><\/td>\n<td valign=\"top\" width=\"83\"><strong>Ni<\/strong><\/td>\n<td valign=\"top\" width=\"73\"><strong>Cu<\/strong><\/td>\n<\/tr>\n<tr>\n<td valign=\"top\" width=\"87\">Exemple de valeur<\/td>\n<td valign=\"top\" width=\"56\">0.070<\/td>\n<td valign=\"top\" width=\"73\">0.012<\/td>\n<td valign=\"top\" width=\"73\">1.13<\/td>\n<td valign=\"top\" width=\"73\">0.42<\/td>\n<td valign=\"top\" width=\"73\">0.013<\/td>\n<td valign=\"top\" width=\"63\">0.32<\/td>\n<td valign=\"top\" width=\"83\">0.33<\/td>\n<td valign=\"top\" width=\"73\">0.12<\/td>\n<\/tr>\n<tr>\n<td colspan=\"9\" valign=\"top\" width=\"654\"><strong>Propri\u00e9t\u00e9s m\u00e9caniques du m\u00e9tal soud\u00e9 ER44-G<\/strong><\/td>\n<\/tr>\n<tr>\n<td valign=\"top\" width=\"87\"><strong>Projet exp\u00e9rimental<\/strong><\/td>\n<td colspan=\"2\" valign=\"top\" width=\"129\"><strong>Force Rm\uff08Mpa\uff09<\/strong><\/td>\n<td colspan=\"2\" valign=\"top\" width=\"146\"><strong>Limite d'\u00e9lasticit\u00e9 R\uff08Mpa\uff09<\/strong><\/td>\n<td colspan=\"2\" valign=\"top\" width=\"136\"><strong>\u00e9longation A\uff08%\uff09<\/strong><\/td>\n<td colspan=\"2\" valign=\"top\" width=\"157\"><strong>Essai d'impact en forme de V (J)-30\u2103<\/strong><\/td>\n<\/tr>\n<tr>\n<td valign=\"top\" width=\"87\">Exemple de valeur<\/td>\n<td colspan=\"2\" valign=\"top\" width=\"129\">522<\/td>\n<td colspan=\"2\" valign=\"top\" width=\"146\">421<\/td>\n<td colspan=\"2\" valign=\"top\" width=\"136\">27<\/td>\n<td colspan=\"2\" valign=\"top\" width=\"157\">90<\/td>\n<\/tr>\n<\/tbody>\n<\/table>\n<div id='gallery-1' class='gallery galleryid-9359 gallery-columns-2 gallery-size-full'><figure class='gallery-item'>\n\t\t\t<div class='gallery-icon landscape'>\n\t\t\t\t<a href='https:\/\/www.sxwelding.com\/fr\/?attachment_id=9365'><img fetchpriority=\"high\" decoding=\"async\" width=\"600\" height=\"600\" src=\"https:\/\/www.sxwelding.com\/wp-content\/uploads\/2026\/03\/01-6.png\" class=\"attachment-full size-full\" alt=\"\" srcset=\"https:\/\/www.sxwelding.com\/wp-content\/uploads\/2026\/03\/01-6.png 600w, https:\/\/www.sxwelding.com\/wp-content\/uploads\/2026\/03\/01-6-300x300.png 300w, https:\/\/www.sxwelding.com\/wp-content\/uploads\/2026\/03\/01-6-150x150.png 150w, https:\/\/www.sxwelding.com\/wp-content\/uploads\/2026\/03\/01-6-12x12.png 12w, https:\/\/www.sxwelding.com\/wp-content\/uploads\/2026\/03\/01-6-100x100.png 100w\" sizes=\"(max-width: 600px) 100vw, 600px\" \/><\/a>\n\t\t\t<\/div><\/figure><figure class='gallery-item'>\n\t\t\t<div class='gallery-icon landscape'>\n\t\t\t\t<a href='https:\/\/www.sxwelding.com\/fr\/?attachment_id=9366'><img decoding=\"async\" width=\"600\" height=\"600\" src=\"https:\/\/www.sxwelding.com\/wp-content\/uploads\/2026\/03\/02-4.png\" class=\"attachment-full size-full\" alt=\"\" srcset=\"https:\/\/www.sxwelding.com\/wp-content\/uploads\/2026\/03\/02-4.png 600w, https:\/\/www.sxwelding.com\/wp-content\/uploads\/2026\/03\/02-4-300x300.png 300w, https:\/\/www.sxwelding.com\/wp-content\/uploads\/2026\/03\/02-4-150x150.png 150w, https:\/\/www.sxwelding.com\/wp-content\/uploads\/2026\/03\/02-4-12x12.png 12w, https:\/\/www.sxwelding.com\/wp-content\/uploads\/2026\/03\/02-4-100x100.png 100w\" sizes=\"(max-width: 600px) 100vw, 600px\" \/><\/a>\n\t\t\t<\/div><\/figure>\n\t\t<\/div>\n\n\t\t<div data-elementor-type=\"container\" data-elementor-id=\"9462\" class=\"elementor elementor-9462\" data-elementor-post-type=\"elementor_library\">\n\t\t\t\t<div class=\"elementor-element elementor-element-5f2ce72f e-flex e-con-boxed e-con e-parent\" data-id=\"5f2ce72f\" data-element_type=\"container\" data-e-type=\"container\">\n\t\t\t\t\t<div class=\"e-con-inner\">\n\t\t\t\t<div class=\"elementor-element elementor-element-7292154a elementor-widget elementor-widget-heading\" data-id=\"7292154a\" data-element_type=\"widget\" data-e-type=\"widget\" data-widget_type=\"heading.default\">\n\t\t\t\t<div class=\"elementor-widget-container\">\n\t\t\t\t\t<h2 class=\"elementor-heading-title elementor-size-default\">Description<\/h2>\t\t\t\t<\/div>\n\t\t\t\t<\/div>\n\t\t<div class=\"elementor-element elementor-element-f94859a e-con-full e-flex e-con e-child\" data-id=\"f94859a\" data-element_type=\"container\" data-e-type=\"container\">\n\t\t<div class=\"elementor-element elementor-element-32e5883d e-grid e-con-full e-con e-child\" data-id=\"32e5883d\" data-element_type=\"container\" data-e-type=\"container\">\n\t\t<div class=\"elementor-element elementor-element-3817c835 e-con-full e-flex e-con e-child\" data-id=\"3817c835\" data-element_type=\"container\" data-e-type=\"container\">\n\t\t\t\t<div class=\"elementor-element elementor-element-1fe8dfab elementor-widget elementor-widget-heading\" data-id=\"1fe8dfab\" data-element_type=\"widget\" data-e-type=\"widget\" data-widget_type=\"heading.default\">\n\t\t\t\t<div class=\"elementor-widget-container\">\n\t\t\t\t\t<h2 class=\"elementor-heading-title elementor-size-default\">Caract\u00e9ristiques principales<\/h2>\t\t\t\t<\/div>\n\t\t\t\t<\/div>\n\t\t\t\t<div class=\"elementor-element elementor-element-198c4a07 elementor-widget elementor-widget-text-editor\" data-id=\"198c4a07\" data-element_type=\"widget\" data-e-type=\"widget\" data-widget_type=\"text-editor.default\">\n\t\t\t\t<div class=\"elementor-widget-container\">\n\t\t\t\t\t\t\t\t\t<ul data-start=\"582\" data-end=\"1106\"><li data-section-id=\"11xlb3y\" data-start=\"582\" data-end=\"718\"><strong data-start=\"584\" data-end=\"618\">Excellente r\u00e9sistance \u00e0 la corrosion<\/strong><br data-start=\"618\" data-end=\"621\" \/>Sp\u00e9cialement con\u00e7u pour l'acier r\u00e9sistant aux intemp\u00e9ries, il garantit une durabilit\u00e9 \u00e0 long terme dans les environnements ext\u00e9rieurs.<\/li><li data-section-id=\"cn3shu\" data-start=\"720\" data-end=\"823\"><strong data-start=\"722\" data-end=\"752\">Haute t\u00e9nacit\u00e9 et ductilit\u00e9<\/strong><br data-start=\"752\" data-end=\"755\" \/>Offre de solides performances m\u00e9caniques et une r\u00e9sistance \u00e0 la fissuration.<\/li><li data-section-id=\"fi9i6z\" data-start=\"825\" data-end=\"911\"><strong data-start=\"827\" data-end=\"858\">R\u00e9sistance sup\u00e9rieure \u00e0 la fatigue<\/strong><br data-start=\"858\" data-end=\"861\" \/>Am\u00e9liore la dur\u00e9e de vie de la structure en cas de charges cycliques.<\/li><li data-section-id=\"14xwazq\" data-start=\"913\" data-end=\"1001\"><strong data-start=\"915\" data-end=\"946\">R\u00e9sistance aux temp\u00e9ratures \u00e9lev\u00e9es<\/strong><br data-start=\"946\" data-end=\"949\" \/>Maintien des performances \u00e0 des temp\u00e9ratures \u00e9lev\u00e9es.<\/li><li data-section-id=\"uxixtr\" data-start=\"1003\" data-end=\"1106\"><strong data-start=\"1005\" data-end=\"1035\">Performance de soudage stable<\/strong><br data-start=\"1035\" data-end=\"1038\" \/>Arc lisse, bonne \u00e9limination du laitier (SAW) et excellente formation de la soudure.<\/li><\/ul>\t\t\t\t\t\t\t\t<\/div>\n\t\t\t\t<\/div>\n\t\t\t\t<\/div>\n\t\t<div class=\"elementor-element elementor-element-2c508af1 e-con-full e-flex e-con e-child\" data-id=\"2c508af1\" data-element_type=\"container\" data-e-type=\"container\">\n\t\t\t\t<div class=\"elementor-element elementor-element-1b064d68 elementor-widget elementor-widget-heading\" data-id=\"1b064d68\" data-element_type=\"widget\" data-e-type=\"widget\" data-widget_type=\"heading.default\">\n\t\t\t\t<div class=\"elementor-widget-container\">\n\t\t\t\t\t<h2 class=\"elementor-heading-title elementor-size-default\">S\u00e9rie de produits<\/h2>\t\t\t\t<\/div>\n\t\t\t\t<\/div>\n\t\t\t\t<div class=\"elementor-element elementor-element-1a07d349 elementor-widget elementor-widget-text-editor\" data-id=\"1a07d349\" data-element_type=\"widget\" data-e-type=\"widget\" data-widget_type=\"text-editor.default\">\n\t\t\t\t<div class=\"elementor-widget-container\">\n\t\t\t\t\t\t\t\t\t<ul data-start=\"1136\" data-end=\"1342\"><li data-section-id=\"1lukczx\" data-start=\"1136\" data-end=\"1236\"><strong data-start=\"1138\" data-end=\"1173\">Fil de soudage MIG (blind\u00e9 au gaz)<\/strong><br data-start=\"1173\" data-end=\"1176\" \/>Convient aux op\u00e9rations de soudage flexibles et \u00e0 haut rendement.<\/li><li data-section-id=\"goji12\" data-start=\"1238\" data-end=\"1342\"><strong data-start=\"1240\" data-end=\"1276\">Fil de soudage SAW (arc submerg\u00e9)<\/strong><br data-start=\"1276\" data-end=\"1279\" \/>Id\u00e9al pour les travaux de soudage intensifs avec une efficacit\u00e9 de d\u00e9p\u00f4t \u00e9lev\u00e9e.<\/li><\/ul><h5 data-section-id=\"cs6225\" data-start=\"2299\" data-end=\"2328\"><span role=\"text\"><strong data-start=\"2303\" data-end=\"2328\">Performance technique<\/strong><\/span><\/h5><ul data-start=\"2329\" data-end=\"2516\"><li data-section-id=\"g15s44\" data-start=\"2329\" data-end=\"2370\">M\u00e9tal de soudure r\u00e9sistant \u00e0 la corrosion<\/li><li data-section-id=\"k7cmlb\" data-start=\"2371\" data-end=\"2402\">Formation uniforme du cordon de soudure<\/li><li data-section-id=\"1srs1k9\" data-start=\"2403\" data-end=\"2428\">Faible sensibilit\u00e9 aux fissures<\/li><li data-section-id=\"k7fm4n\" data-start=\"2429\" data-end=\"2480\">Efficacit\u00e9 \u00e9lev\u00e9e du d\u00e9p\u00f4t (en particulier pour les SAW)<\/li><li data-section-id=\"vsat46\" data-start=\"2481\" data-end=\"2516\">Excellentes propri\u00e9t\u00e9s m\u00e9caniques<\/li><\/ul>\t\t\t\t\t\t\t\t<\/div>\n\t\t\t\t<\/div>\n\t\t\t\t<\/div>\n\t\t<div class=\"elementor-element elementor-element-6235f9fe e-con-full e-flex e-con e-child\" data-id=\"6235f9fe\" data-element_type=\"container\" data-e-type=\"container\">\n\t\t\t\t<div class=\"elementor-element elementor-element-17ab4626 elementor-widget elementor-widget-heading\" data-id=\"17ab4626\" data-element_type=\"widget\" data-e-type=\"widget\" data-widget_type=\"heading.default\">\n\t\t\t\t<div class=\"elementor-widget-container\">\n\t\t\t\t\t<h2 class=\"elementor-heading-title elementor-size-default\">Applications<\/h2>\t\t\t\t<\/div>\n\t\t\t\t<\/div>\n\t\t\t\t<div class=\"elementor-element elementor-element-34dc138 elementor-widget elementor-widget-text-editor\" data-id=\"34dc138\" data-element_type=\"widget\" data-e-type=\"widget\" data-widget_type=\"text-editor.default\">\n\t\t\t\t<div class=\"elementor-widget-container\">\n\t\t\t\t\t\t\t\t\t<p data-start=\"1370\" data-end=\"1432\">Largement utilis\u00e9 pour le soudage de structures en acier r\u00e9sistant aux intemp\u00e9ries, telles que :<\/p><ul data-start=\"1434\" data-end=\"1677\"><li data-section-id=\"naigb1\" data-start=\"1434\" data-end=\"1473\">\u00c9quipement ferroviaire et mat\u00e9riel roulant<\/li><li data-section-id=\"14cx8rg\" data-start=\"1474\" data-end=\"1515\">V\u00e9hicules et mat\u00e9riel de transport<\/li><li data-section-id=\"1m2kkwb\" data-start=\"1516\" data-end=\"1548\">Ponts et charpentes m\u00e9talliques<\/li><li data-section-id=\"1n80yr9\" data-start=\"1549\" data-end=\"1569\">Structures des tours<\/li><li data-section-id=\"hlbtjg\" data-start=\"1570\" data-end=\"1592\">Sculptures d'ext\u00e9rieur<\/li><li data-section-id=\"1sz66ge\" data-start=\"1593\" data-end=\"1616\">Conteneurs d'exp\u00e9dition<\/li><li data-section-id=\"w9ixa7\" data-start=\"1617\" data-end=\"1677\">Toutes les structures en acier expos\u00e9es \u00e0 des environnements atmosph\u00e9riques<\/li><\/ul>\t\t\t\t\t\t\t\t<\/div>\n\t\t\t\t<\/div>\n\t\t\t\t<\/div>\n\t\t<div class=\"elementor-element elementor-element-3f978946 e-con-full e-flex e-con e-child\" data-id=\"3f978946\" data-element_type=\"container\" data-e-type=\"container\">\n\t\t\t\t<div class=\"elementor-element elementor-element-5b281f26 elementor-widget elementor-widget-heading\" data-id=\"5b281f26\" data-element_type=\"widget\" data-e-type=\"widget\" data-widget_type=\"heading.default\">\n\t\t\t\t<div class=\"elementor-widget-container\">\n\t\t\t\t\t<h2 class=\"elementor-heading-title elementor-size-default\">Avantages du produit<\/h2>\t\t\t\t<\/div>\n\t\t\t\t<\/div>\n\t\t\t\t<div class=\"elementor-element elementor-element-460ceec5 elementor-widget elementor-widget-text-editor\" data-id=\"460ceec5\" data-element_type=\"widget\" data-e-type=\"widget\" data-widget_type=\"text-editor.default\">\n\t\t\t\t<div class=\"elementor-widget-container\">\n\t\t\t\t\t\t\t\t\t<ul data-start=\"2076\" data-end=\"2292\"><li data-section-id=\"1s1xxem\" data-start=\"2076\" data-end=\"2110\">Large gamme de grades disponibles<\/li><li data-section-id=\"6hz5bd\" data-start=\"2111\" data-end=\"2156\">Compatible avec divers aciers r\u00e9sistants aux intemp\u00e9ries<\/li><li data-section-id=\"tkhwhs\" data-start=\"2157\" data-end=\"2202\">Longue dur\u00e9e de vie dans les environnements ext\u00e9rieurs<\/li><li data-section-id=\"4e687w\" data-start=\"2203\" data-end=\"2248\">R\u00e9duction des co\u00fbts de maintenance et de remplacement<\/li><li data-section-id=\"1rvalik\" data-start=\"2249\" data-end=\"2292\">Qualit\u00e9 de soudage constante et fiable<\/li><\/ul>\t\t\t\t\t\t\t\t<\/div>\n\t\t\t\t<\/div>\n\t\t\t\t<\/div>\n\t\t\t\t<\/div>\n\t\t\t\t<\/div>\n\t\t\t\t\t<\/div>\n\t\t\t\t<\/div>\n\t\t\t\t<\/div>","protected":false},"excerpt":{"rendered":"<p>Notre soci\u00e9t\u00e9 produit deux s\u00e9ries principales de fils de soudure en acier r\u00e9sistant aux intemp\u00e9ries : le fil de soudure sous protection gazeuse et le fil de soudure \u00e0 l'arc submerg\u00e9. Les produits pr\u00e9sentent des avantages tels que la r\u00e9sistance, la t\u00e9nacit\u00e9, la ductilit\u00e9, la r\u00e9sistance \u00e0 la corrosion, la r\u00e9sistance aux temp\u00e9ratures \u00e9lev\u00e9es et la r\u00e9sistance \u00e0 la fatigue.<\/p>","protected":false},"featured_media":9363,"comment_status":"closed","ping_status":"closed","template":"","meta":{"_seopress_robots_primary_cat":"none","_seopress_titles_title":"Weathering Steel Welding Wire | MIG & SAW Welding Wire Supplier","_seopress_titles_desc":"High-quality weathering steel welding wire with excellent corrosion resistance, toughness, and durability. Suitable for bridges, containers, and outdoor steel structures.","_seopress_robots_index":"","site-sidebar-layout":"default","site-content-layout":"","ast-site-content-layout":"default","site-content-style":"default","site-sidebar-style":"default","ast-global-header-display":"","ast-banner-title-visibility":"","ast-main-header-display":"","ast-hfb-above-header-display":"","ast-hfb-below-header-display":"","ast-hfb-mobile-header-display":"","site-post-title":"","ast-breadcrumbs-content":"","ast-featured-img":"","footer-sml-layout":"","theme-transparent-header-meta":"default","adv-header-id-meta":"","stick-header-meta":"default","header-above-stick-meta":"","header-main-stick-meta":"","header-below-stick-meta":"","astra-migrate-meta-layouts":"set","ast-page-background-enabled":"default","ast-page-background-meta":{"desktop":{"background-color":"var(--ast-global-color-4)","background-image":"","background-repeat":"repeat","background-position":"center center","background-size":"auto","background-attachment":"scroll","background-type":"","background-media":"","overlay-type":"","overlay-color":"","overlay-opacity":"","overlay-gradient":""},"tablet":{"background-color":"","background-image":"","background-repeat":"repeat","background-position":"center center","background-size":"auto","background-attachment":"scroll","background-type":"","background-media":"","overlay-type":"","overlay-color":"","overlay-opacity":"","overlay-gradient":""},"mobile":{"background-color":"","background-image":"","background-repeat":"repeat","background-position":"center center","background-size":"auto","background-attachment":"scroll","background-type":"","background-media":"","overlay-type":"","overlay-color":"","overlay-opacity":"","overlay-gradient":""}},"ast-content-background-meta":{"desktop":{"background-color":"var(--ast-global-color-5)","background-image":"","background-repeat":"repeat","background-position":"center center","background-size":"auto","background-attachment":"scroll","background-type":"","background-media":"","overlay-type":"","overlay-color":"","overlay-opacity":"","overlay-gradient":""},"tablet":{"background-color":"var(--ast-global-color-5)","background-image":"","background-repeat":"repeat","background-position":"center center","background-size":"auto","background-attachment":"scroll","background-type":"","background-media":"","overlay-type":"","overlay-color":"","overlay-opacity":"","overlay-gradient":""},"mobile":{"background-color":"var(--ast-global-color-5)","background-image":"","background-repeat":"repeat","background-position":"center center","background-size":"auto","background-attachment":"scroll","background-type":"","background-media":"","overlay-type":"","overlay-color":"","overlay-opacity":"","overlay-gradient":""}}},"product_brand":[],"product_cat":[90],"product_tag":[],"class_list":{"0":"post-9359","1":"product","2":"type-product","3":"status-publish","4":"has-post-thumbnail","6":"product_cat-weathering-steel-welding-wire","7":"desktop-align-center","8":"tablet-align-left","9":"mobile-align-left","10":"ast-product-gallery-layout-horizontal-slider","11":"ast-product-tabs-layout-horizontal","13":"first","14":"instock","15":"shipping-taxable","16":"product-type-simple"},"_links":{"self":[{"href":"https:\/\/www.sxwelding.com\/fr\/wp-json\/wp\/v2\/product\/9359","targetHints":{"allow":["GET"]}}],"collection":[{"href":"https:\/\/www.sxwelding.com\/fr\/wp-json\/wp\/v2\/product"}],"about":[{"href":"https:\/\/www.sxwelding.com\/fr\/wp-json\/wp\/v2\/types\/product"}],"replies":[{"embeddable":true,"href":"https:\/\/www.sxwelding.com\/fr\/wp-json\/wp\/v2\/comments?post=9359"}],"wp:featuredmedia":[{"embeddable":true,"href":"https:\/\/www.sxwelding.com\/fr\/wp-json\/wp\/v2\/media\/9363"}],"wp:attachment":[{"href":"https:\/\/www.sxwelding.com\/fr\/wp-json\/wp\/v2\/media?parent=9359"}],"wp:term":[{"taxonomy":"product_brand","embeddable":true,"href":"https:\/\/www.sxwelding.com\/fr\/wp-json\/wp\/v2\/product_brand?post=9359"},{"taxonomy":"product_cat","embeddable":true,"href":"https:\/\/www.sxwelding.com\/fr\/wp-json\/wp\/v2\/product_cat?post=9359"},{"taxonomy":"product_tag","embeddable":true,"href":"https:\/\/www.sxwelding.com\/fr\/wp-json\/wp\/v2\/product_tag?post=9359"}],"curies":[{"name":"wp","href":"https:\/\/api.w.org\/{rel}","templated":true}]}}