{"id":9479,"date":"2026-03-28T05:39:03","date_gmt":"2026-03-28T05:39:03","guid":{"rendered":"http:\/\/www.sxwelding.com\/?post_type=product&#038;p=9479"},"modified":"2026-03-28T06:02:28","modified_gmt":"2026-03-28T06:02:28","slug":"low-temperature-steel-welding-wire","status":"publish","type":"product","link":"https:\/\/www.sxwelding.com\/fr\/produit\/fil-de-soudure-en-acier-a-basse-temperature\/","title":{"rendered":"Fil \u00e0 souder en acier \u00e0 basse temp\u00e9rature"},"content":{"rendered":"<p data-start=\"230\" data-end=\"380\">Le fil de soudure en acier basse temp\u00e9rature est sp\u00e9cialement con\u00e7u pour les applications de soudage n\u00e9cessitant d'excellentes performances dans des conditions de basse temp\u00e9rature.<\/p>\n<p data-start=\"382\" data-end=\"697\">Notre soci\u00e9t\u00e9 propose deux s\u00e9ries principales : le fil de soudage sous protection gazeuse (MIG) et le fil de soudage \u00e0 l'arc submerg\u00e9 (SAW), couvrant plusieurs qualit\u00e9s pour r\u00e9pondre aux diff\u00e9rents besoins industriels. Ces produits offrent des performances de soudage stables, une excellente formation de la soudure, ainsi qu'une t\u00e9nacit\u00e9 et une r\u00e9sistance \u00e0 la corrosion exceptionnelles \u00e0 basse temp\u00e9rature.<\/p>\n<h1 data-section-id=\"1g6i8y1\" data-start=\"704\" data-end=\"725\">S\u00e9rie de produits<\/h1>\n<h3 data-section-id=\"11m0r4o\" data-start=\"727\" data-end=\"767\">\u00a0Fil de soudage sous protection gazeuse (MIG)<\/h3>\n<p data-start=\"768\" data-end=\"841\">Con\u00e7ue pour les environnements de gaz de protection riches en argon, cette s\u00e9rie offre :<\/p>\n<ul data-start=\"842\" data-end=\"1062\">\n<li data-section-id=\"1qohvic\" data-start=\"842\" data-end=\"879\">Peu de projections et d'\u00e9missions de fum\u00e9es<\/li>\n<li data-section-id=\"1h6s0v8\" data-start=\"880\" data-end=\"917\">Arc \u00e9lectrique r\u00e9gulier et stable<\/li>\n<li data-section-id=\"wt3lpm\" data-start=\"918\" data-end=\"952\">Excellent aspect du cordon de soudure<\/li>\n<li data-section-id=\"15enrrz\" data-start=\"953\" data-end=\"990\">Convient pour le soudage \u00e0 haute intensit\u00e9<\/li>\n<li data-section-id=\"ddezgg\" data-start=\"991\" data-end=\"1022\">Forte r\u00e9sistance \u00e0 la corrosion<\/li>\n<li data-section-id=\"vrhxzn\" data-start=\"1023\" data-end=\"1062\">Excellente t\u00e9nacit\u00e9 \u00e0 basse temp\u00e9rature<\/li>\n<\/ul>\n<h3 data-section-id=\"3xxa1p\" data-start=\"1069\" data-end=\"1110\">Fil de soudage \u00e0 l'arc submerg\u00e9 (SAW)<\/h3>\n<p data-start=\"1111\" data-end=\"1160\">Utilis\u00e9 avec <strong data-start=\"1121\" data-end=\"1135\">SJ101 flux<\/strong>Cette s\u00e9rie pr\u00e9sente les caract\u00e9ristiques suivantes<\/p>\n<ul data-start=\"1161\" data-end=\"1312\">\n<li data-section-id=\"17ra0z1\" data-start=\"1161\" data-end=\"1187\">Performance stable de l'arc \u00e9lectrique<\/li>\n<li data-section-id=\"2leb4h\" data-start=\"1188\" data-end=\"1209\">\u00c9limination facile des scories<\/li>\n<li data-section-id=\"ja1l2y\" data-start=\"1210\" data-end=\"1247\">Soudures lisses et bien form\u00e9es<\/li>\n<li data-section-id=\"9vzhvf\" data-start=\"1248\" data-end=\"1270\">Vitesse de soudage \u00e9lev\u00e9e<\/li>\n<li data-section-id=\"1pzzq2p\" data-start=\"1271\" data-end=\"1312\">Excellente performance \u00e0 basse temp\u00e9rature<\/li>\n<\/ul>\n<table style=\"font-size: 16px; font-style: normal;\">\n<tbody>\n<tr class=\"firstRow\">\n<td colspan=\"13\" valign=\"top\" width=\"670\"><strong>SX-50D Composition chimique\uff08%\uff09<\/strong><\/td>\n<\/tr>\n<tr>\n<td valign=\"top\" width=\"59\">\u00e9l\u00e9ment<\/td>\n<td valign=\"top\" width=\"75\"><strong>C<\/strong><\/td>\n<td valign=\"top\" width=\"72\"><strong>Mn<\/strong><\/td>\n<td valign=\"top\" width=\"69\"><strong>Si<\/strong><\/td>\n<td valign=\"top\" width=\"67\"><strong>Cr<\/strong><\/td>\n<td colspan=\"2\" valign=\"top\" width=\"76\"><strong>Ni<\/strong><\/td>\n<td valign=\"top\" width=\"61\"><strong>Mo<\/strong><\/td>\n<td colspan=\"2\" valign=\"top\" width=\"66\"><strong>P<\/strong><\/td>\n<td valign=\"top\" width=\"64\"><strong>S<\/strong><\/td>\n<td valign=\"top\" width=\"61\"><strong>Cu<\/strong><\/td>\n<\/tr>\n<tr>\n<td valign=\"top\" width=\"59\">Exemple de valeur<\/td>\n<td valign=\"top\" width=\"75\">0.08<\/td>\n<td valign=\"top\" width=\"72\">1.15<\/td>\n<td valign=\"top\" width=\"69\">0.45<\/td>\n<td valign=\"top\" width=\"67\">Montant mod\u00e9r\u00e9<\/td>\n<td colspan=\"2\" valign=\"top\" width=\"76\">Montant mod\u00e9r\u00e9<\/td>\n<td valign=\"top\" width=\"61\"><strong>\/<\/strong><\/td>\n<td colspan=\"2\" valign=\"top\" width=\"66\">0.011<\/td>\n<td valign=\"top\" width=\"64\">0.010<\/td>\n<td valign=\"top\" width=\"61\">0.01<\/td>\n<\/tr>\n<tr>\n<td colspan=\"12\" valign=\"top\" width=\"670\"><strong>Propri\u00e9t\u00e9s m\u00e9caniques du m\u00e9tal d\u00e9pos\u00e9 par SX-50D<\/strong><\/td>\n<\/tr>\n<tr>\n<td colspan=\"2\" valign=\"top\" width=\"134\"><strong>\u00c9l\u00e9ments du test<\/strong><\/td>\n<td colspan=\"2\" valign=\"top\" width=\"141\"><strong>Laqiang Rm\uff08Mpa\uff09<\/strong><\/td>\n<td colspan=\"2\" valign=\"top\" width=\"126\"><strong>Limite d'\u00e9lasticit\u00e9\uff08Mpa\uff09<\/strong><\/td>\n<td colspan=\"3\" valign=\"top\" width=\"134\"><strong>Elongation A\uff08%\uff09<\/strong><\/td>\n<td colspan=\"3\" valign=\"top\" width=\"134\"><strong>V-Punch V\u00e9rification(J)-50\u2103<\/strong><\/td>\n<\/tr>\n<tr>\n<td colspan=\"2\" valign=\"top\" width=\"134\">Exemple de valeur<\/td>\n<td colspan=\"2\" valign=\"top\" width=\"141\">546<\/td>\n<td colspan=\"2\" valign=\"top\" width=\"126\">435<\/td>\n<td colspan=\"3\" valign=\"top\" width=\"134\">26<\/td>\n<td colspan=\"3\" valign=\"top\" width=\"134\">55<\/td>\n<\/tr>\n<\/tbody>\n<\/table>\n<p><div id='gallery-1' class='gallery galleryid-9479 gallery-columns-3 gallery-size-full'><figure class='gallery-item'>\n\t\t\t<div class='gallery-icon landscape'>\n\t\t\t\t<a href='https:\/\/www.sxwelding.com\/fr\/?attachment_id=9486'><img fetchpriority=\"high\" decoding=\"async\" width=\"600\" height=\"600\" src=\"https:\/\/www.sxwelding.com\/wp-content\/uploads\/2026\/03\/01-21.png\" class=\"attachment-full size-full\" alt=\"\" srcset=\"https:\/\/www.sxwelding.com\/wp-content\/uploads\/2026\/03\/01-21.png 600w, https:\/\/www.sxwelding.com\/wp-content\/uploads\/2026\/03\/01-21-300x300.png 300w, https:\/\/www.sxwelding.com\/wp-content\/uploads\/2026\/03\/01-21-150x150.png 150w, https:\/\/www.sxwelding.com\/wp-content\/uploads\/2026\/03\/01-21-12x12.png 12w, https:\/\/www.sxwelding.com\/wp-content\/uploads\/2026\/03\/01-21-100x100.png 100w\" sizes=\"(max-width: 600px) 100vw, 600px\" \/><\/a>\n\t\t\t<\/div><\/figure><figure class='gallery-item'>\n\t\t\t<div class='gallery-icon landscape'>\n\t\t\t\t<a href='https:\/\/www.sxwelding.com\/fr\/?attachment_id=9487'><img decoding=\"async\" width=\"600\" height=\"600\" src=\"https:\/\/www.sxwelding.com\/wp-content\/uploads\/2026\/03\/02-13.png\" class=\"attachment-full size-full\" alt=\"\" srcset=\"https:\/\/www.sxwelding.com\/wp-content\/uploads\/2026\/03\/02-13.png 600w, https:\/\/www.sxwelding.com\/wp-content\/uploads\/2026\/03\/02-13-300x300.png 300w, https:\/\/www.sxwelding.com\/wp-content\/uploads\/2026\/03\/02-13-150x150.png 150w, https:\/\/www.sxwelding.com\/wp-content\/uploads\/2026\/03\/02-13-12x12.png 12w, https:\/\/www.sxwelding.com\/wp-content\/uploads\/2026\/03\/02-13-100x100.png 100w\" sizes=\"(max-width: 600px) 100vw, 600px\" \/><\/a>\n\t\t\t<\/div><\/figure><figure class='gallery-item'>\n\t\t\t<div class='gallery-icon landscape'>\n\t\t\t\t<a href='https:\/\/www.sxwelding.com\/fr\/?attachment_id=9488'><img decoding=\"async\" width=\"600\" height=\"600\" src=\"https:\/\/www.sxwelding.com\/wp-content\/uploads\/2026\/03\/03-10.png\" class=\"attachment-full size-full\" alt=\"\" srcset=\"https:\/\/www.sxwelding.com\/wp-content\/uploads\/2026\/03\/03-10.png 600w, https:\/\/www.sxwelding.com\/wp-content\/uploads\/2026\/03\/03-10-300x300.png 300w, https:\/\/www.sxwelding.com\/wp-content\/uploads\/2026\/03\/03-10-150x150.png 150w, https:\/\/www.sxwelding.com\/wp-content\/uploads\/2026\/03\/03-10-12x12.png 12w, https:\/\/www.sxwelding.com\/wp-content\/uploads\/2026\/03\/03-10-100x100.png 100w\" sizes=\"(max-width: 600px) 100vw, 600px\" \/><\/a>\n\t\t\t<\/div><\/figure>\n\t\t<\/div>\n<br \/>\n\t\t<div data-elementor-type=\"container\" data-elementor-id=\"9489\" class=\"elementor elementor-9489\" data-elementor-post-type=\"elementor_library\">\n\t\t\t\t<div class=\"elementor-element elementor-element-346cb293 e-flex e-con-boxed e-con e-parent\" data-id=\"346cb293\" data-element_type=\"container\" data-e-type=\"container\">\n\t\t\t\t\t<div class=\"e-con-inner\">\n\t\t\t\t<div class=\"elementor-element elementor-element-5c40444a elementor-widget elementor-widget-heading\" data-id=\"5c40444a\" data-element_type=\"widget\" data-e-type=\"widget\" data-widget_type=\"heading.default\">\n\t\t\t\t<div class=\"elementor-widget-container\">\n\t\t\t\t\t<h2 class=\"elementor-heading-title elementor-size-default\">Description<\/h2>\t\t\t\t<\/div>\n\t\t\t\t<\/div>\n\t\t<div class=\"elementor-element elementor-element-3819d99d e-con-full e-flex e-con e-child\" data-id=\"3819d99d\" data-element_type=\"container\" data-e-type=\"container\">\n\t\t<div class=\"elementor-element elementor-element-abbed52 e-grid e-con-full e-con e-child\" data-id=\"abbed52\" data-element_type=\"container\" data-e-type=\"container\">\n\t\t<div class=\"elementor-element elementor-element-532bc35e e-con-full e-flex e-con e-child\" data-id=\"532bc35e\" data-element_type=\"container\" data-e-type=\"container\">\n\t\t\t\t<div class=\"elementor-element elementor-element-7b50001b elementor-widget elementor-widget-heading\" data-id=\"7b50001b\" data-element_type=\"widget\" data-e-type=\"widget\" data-widget_type=\"heading.default\">\n\t\t\t\t<div class=\"elementor-widget-container\">\n\t\t\t\t\t<h2 class=\"elementor-heading-title elementor-size-default\">Caract\u00e9ristiques principales<\/h2>\t\t\t\t<\/div>\n\t\t\t\t<\/div>\n\t\t\t\t<div class=\"elementor-element elementor-element-31e20a7e elementor-widget elementor-widget-text-editor\" data-id=\"31e20a7e\" data-element_type=\"widget\" data-e-type=\"widget\" data-widget_type=\"text-editor.default\">\n\t\t\t\t<div class=\"elementor-widget-container\">\n\t\t\t\t\t\t\t\t\t<ul><li data-section-id=\"ikr4t3\" data-start=\"1339\" data-end=\"1387\">Excellente r\u00e9sistance aux chocs \u00e0 basse temp\u00e9rature<\/li><li data-section-id=\"n6tikd\" data-start=\"1388\" data-end=\"1417\">Haute r\u00e9sistance \u00e0 la corrosion<\/li><li data-section-id=\"8ej7i3\" data-start=\"1418\" data-end=\"1468\">Processus de soudage stable avec une qualit\u00e9 constante<\/li><li data-section-id=\"gecn0o\" data-start=\"1469\" data-end=\"1512\">Excellente formation et apparence des soudures<\/li><li data-section-id=\"d11ysk\" data-start=\"1513\" data-end=\"1560\">Haute efficacit\u00e9 pour les applications industrielles<\/li><li data-section-id=\"1wrtue0\" data-start=\"1561\" data-end=\"1619\">Convient aux syst\u00e8mes de soudage manuels et automatis\u00e9s<\/li><\/ul>\t\t\t\t\t\t\t\t<\/div>\n\t\t\t\t<\/div>\n\t\t\t\t<\/div>\n\t\t<div class=\"elementor-element elementor-element-21cceffc e-con-full e-flex e-con e-child\" data-id=\"21cceffc\" data-element_type=\"container\" data-e-type=\"container\">\n\t\t\t\t<div class=\"elementor-element elementor-element-435dce02 elementor-widget elementor-widget-heading\" data-id=\"435dce02\" data-element_type=\"widget\" data-e-type=\"widget\" data-widget_type=\"heading.default\">\n\t\t\t\t<div class=\"elementor-widget-container\">\n\t\t\t\t\t<h2 class=\"elementor-heading-title elementor-size-default\">Sp\u00e9cifications des produits<\/h2>\t\t\t\t<\/div>\n\t\t\t\t<\/div>\n\t\t\t\t<div class=\"elementor-element elementor-element-7d6f5be0 elementor-widget elementor-widget-text-editor\" data-id=\"7d6f5be0\" data-element_type=\"widget\" data-e-type=\"widget\" data-widget_type=\"text-editor.default\">\n\t\t\t\t<div class=\"elementor-widget-container\">\n\t\t\t\t\t\t\t\t\t<ul><li data-section-id=\"1gzl6wx\" data-start=\"1656\" data-end=\"1708\">Type de produit : Fil de soudure en acier \u00e0 basse temp\u00e9rature<\/li><li data-section-id=\"1f9etuf\" data-start=\"1709\" data-end=\"1746\">Proc\u00e9d\u00e9 de soudage : MIG (GMAW) \/ SCIE<\/li><li data-section-id=\"1jd6cgq\" data-start=\"1747\" data-end=\"1792\">Gaz de protection (MIG) : Gaz mixte riche en argon<\/li><li data-section-id=\"6yj4ig\" data-start=\"1793\" data-end=\"1814\">Flux (SAW) : SJ101<\/li><li data-section-id=\"1n0rqa\" data-start=\"1815\" data-end=\"1862\">Niveaux disponibles : Plusieurs niveaux disponibles<\/li><\/ul>\t\t\t\t\t\t\t\t<\/div>\n\t\t\t\t<\/div>\n\t\t\t\t<\/div>\n\t\t<div class=\"elementor-element elementor-element-1a9a9936 e-con-full e-flex e-con e-child\" data-id=\"1a9a9936\" data-element_type=\"container\" data-e-type=\"container\">\n\t\t\t\t<div class=\"elementor-element elementor-element-4f52c3a9 elementor-widget elementor-widget-heading\" data-id=\"4f52c3a9\" data-element_type=\"widget\" data-e-type=\"widget\" data-widget_type=\"heading.default\">\n\t\t\t\t<div class=\"elementor-widget-container\">\n\t\t\t\t\t<h2 class=\"elementor-heading-title elementor-size-default\">Applications<\/h2>\t\t\t\t<\/div>\n\t\t\t\t<\/div>\n\t\t\t\t<div class=\"elementor-element elementor-element-108d6233 elementor-widget elementor-widget-text-editor\" data-id=\"108d6233\" data-element_type=\"widget\" data-e-type=\"widget\" data-widget_type=\"text-editor.default\">\n\t\t\t\t<div class=\"elementor-widget-container\">\n\t\t\t\t\t\t\t\t\t<p data-start=\"1917\" data-end=\"1934\">Largement utilis\u00e9 dans :<\/p><ul data-start=\"1935\" data-end=\"2075\"><li data-section-id=\"x6kl1i\" data-start=\"1935\" data-end=\"1960\">Industrie de la construction navale<\/li><li data-section-id=\"1593msq\" data-start=\"1961\" data-end=\"1984\">Construction d'un pont<\/li><li data-section-id=\"1j72q90\" data-start=\"1985\" data-end=\"2019\">Fabrication d'appareils \u00e0 pression<\/li><li data-section-id=\"ot6g2w\" data-start=\"2020\" data-end=\"2043\">Ing\u00e9nierie ferroviaire<\/li><li data-section-id=\"14x245y\" data-start=\"2044\" data-end=\"2075\">Fabrication de structures en acier<\/li><\/ul>\t\t\t\t\t\t\t\t<\/div>\n\t\t\t\t<\/div>\n\t\t\t\t<\/div>\n\t\t<div class=\"elementor-element elementor-element-1b95f9a0 e-con-full e-flex e-con e-child\" data-id=\"1b95f9a0\" data-element_type=\"container\" data-e-type=\"container\">\n\t\t\t\t<div class=\"elementor-element elementor-element-7ce20c0a elementor-widget elementor-widget-heading\" data-id=\"7ce20c0a\" data-element_type=\"widget\" data-e-type=\"widget\" data-widget_type=\"heading.default\">\n\t\t\t\t<div class=\"elementor-widget-container\">\n\t\t\t\t\t<h2 class=\"elementor-heading-title elementor-size-default\">Avantages du produit<\/h2>\t\t\t\t<\/div>\n\t\t\t\t<\/div>\n\t\t\t\t<div class=\"elementor-element elementor-element-e76dbb2 elementor-widget elementor-widget-text-editor\" data-id=\"e76dbb2\" data-element_type=\"widget\" data-e-type=\"widget\" data-widget_type=\"text-editor.default\">\n\t\t\t\t<div class=\"elementor-widget-container\">\n\t\t\t\t\t\t\t\t\t<ul data-start=\"2100\" data-end=\"2322\"><li data-section-id=\"c0mza4\" data-start=\"2100\" data-end=\"2156\">Des performances fiables dans les environnements \u00e0 basse temp\u00e9rature<\/li><li data-section-id=\"eqafcy\" data-start=\"2157\" data-end=\"2207\">Am\u00e9lioration de l'efficacit\u00e9 du soudage et r\u00e9duction des reprises<\/li><li data-section-id=\"2vo5tw\" data-start=\"2208\" data-end=\"2272\">Convient aux applications structurelles lourdes et critiques<\/li><li data-section-id=\"1gk9lir\" data-start=\"2273\" data-end=\"2322\">Moins d'\u00e9claboussures et un environnement de travail plus propre<\/li><\/ul>\t\t\t\t\t\t\t\t<\/div>\n\t\t\t\t<\/div>\n\t\t\t\t<\/div>\n\t\t\t\t<\/div>\n\t\t\t\t<\/div>\n\t\t\t\t\t<\/div>\n\t\t\t\t<\/div>\n\t\t\t\t<\/div>\n\t\t<\/p>","protected":false},"excerpt":{"rendered":"<p>Fil de soudage haute performance pour acier \u00e0 basse temp\u00e9rature, y compris fil de soudage MIG et \u00e0 l'arc submerg\u00e9. Faibles projections, arc stable, excellente t\u00e9nacit\u00e9 pour la construction navale, les ponts et les appareils \u00e0 pression.<\/p>","protected":false},"featured_media":9485,"comment_status":"closed","ping_status":"closed","template":"","meta":{"_seopress_robots_primary_cat":"none","_seopress_titles_title":"Low Temperature Steel Welding Wire | MIG & SAW Welding Wire Supplier","_seopress_titles_desc":"High-performance low temperature steel welding wire including MIG and submerged arc welding wire. Low spatter, stable arc, excellent toughness for shipbuilding, bridges, and pressure vessels.","_seopress_robots_index":"","site-sidebar-layout":"default","site-content-layout":"","ast-site-content-layout":"default","site-content-style":"default","site-sidebar-style":"default","ast-global-header-display":"","ast-banner-title-visibility":"","ast-main-header-display":"","ast-hfb-above-header-display":"","ast-hfb-below-header-display":"","ast-hfb-mobile-header-display":"","site-post-title":"","ast-breadcrumbs-content":"","ast-featured-img":"","footer-sml-layout":"","theme-transparent-header-meta":"default","adv-header-id-meta":"","stick-header-meta":"default","header-above-stick-meta":"","header-main-stick-meta":"","header-below-stick-meta":"","astra-migrate-meta-layouts":"set","ast-page-background-enabled":"default","ast-page-background-meta":{"desktop":{"background-color":"var(--ast-global-color-4)","background-image":"","background-repeat":"repeat","background-position":"center center","background-size":"auto","background-attachment":"scroll","background-type":"","background-media":"","overlay-type":"","overlay-color":"","overlay-opacity":"","overlay-gradient":""},"tablet":{"background-color":"","background-image":"","background-repeat":"repeat","background-position":"center center","background-size":"auto","background-attachment":"scroll","background-type":"","background-media":"","overlay-type":"","overlay-color":"","overlay-opacity":"","overlay-gradient":""},"mobile":{"background-color":"","background-image":"","background-repeat":"repeat","background-position":"center center","background-size":"auto","background-attachment":"scroll","background-type":"","background-media":"","overlay-type":"","overlay-color":"","overlay-opacity":"","overlay-gradient":""}},"ast-content-background-meta":{"desktop":{"background-color":"var(--ast-global-color-5)","background-image":"","background-repeat":"repeat","background-position":"center center","background-size":"auto","background-attachment":"scroll","background-type":"","background-media":"","overlay-type":"","overlay-color":"","overlay-opacity":"","overlay-gradient":""},"tablet":{"background-color":"var(--ast-global-color-5)","background-image":"","background-repeat":"repeat","background-position":"center center","background-size":"auto","background-attachment":"scroll","background-type":"","background-media":"","overlay-type":"","overlay-color":"","overlay-opacity":"","overlay-gradient":""},"mobile":{"background-color":"var(--ast-global-color-5)","background-image":"","background-repeat":"repeat","background-position":"center center","background-size":"auto","background-attachment":"scroll","background-type":"","background-media":"","overlay-type":"","overlay-color":"","overlay-opacity":"","overlay-gradient":""}}},"product_brand":[],"product_cat":[96],"product_tag":[],"class_list":{"0":"post-9479","1":"product","2":"type-product","3":"status-publish","4":"has-post-thumbnail","6":"product_cat-low-temperature-steel-welding-wire","7":"desktop-align-center","8":"tablet-align-left","9":"mobile-align-left","10":"ast-product-gallery-layout-horizontal-slider","11":"ast-product-tabs-layout-horizontal","13":"first","14":"instock","15":"shipping-taxable","16":"product-type-simple"},"_links":{"self":[{"href":"https:\/\/www.sxwelding.com\/fr\/wp-json\/wp\/v2\/product\/9479","targetHints":{"allow":["GET"]}}],"collection":[{"href":"https:\/\/www.sxwelding.com\/fr\/wp-json\/wp\/v2\/product"}],"about":[{"href":"https:\/\/www.sxwelding.com\/fr\/wp-json\/wp\/v2\/types\/product"}],"replies":[{"embeddable":true,"href":"https:\/\/www.sxwelding.com\/fr\/wp-json\/wp\/v2\/comments?post=9479"}],"wp:featuredmedia":[{"embeddable":true,"href":"https:\/\/www.sxwelding.com\/fr\/wp-json\/wp\/v2\/media\/9485"}],"wp:attachment":[{"href":"https:\/\/www.sxwelding.com\/fr\/wp-json\/wp\/v2\/media?parent=9479"}],"wp:term":[{"taxonomy":"product_brand","embeddable":true,"href":"https:\/\/www.sxwelding.com\/fr\/wp-json\/wp\/v2\/product_brand?post=9479"},{"taxonomy":"product_cat","embeddable":true,"href":"https:\/\/www.sxwelding.com\/fr\/wp-json\/wp\/v2\/product_cat?post=9479"},{"taxonomy":"product_tag","embeddable":true,"href":"https:\/\/www.sxwelding.com\/fr\/wp-json\/wp\/v2\/product_tag?post=9479"}],"curies":[{"name":"wp","href":"https:\/\/api.w.org\/{rel}","templated":true}]}}