{"id":9493,"date":"2026-03-28T06:19:03","date_gmt":"2026-03-28T06:19:03","guid":{"rendered":"http:\/\/www.sxwelding.com\/?post_type=product&#038;p=9493"},"modified":"2026-03-28T07:12:16","modified_gmt":"2026-03-28T07:12:16","slug":"carbon-steel-and-low-carbon-steel-flux-cored-welding-wire","status":"publish","type":"product","link":"https:\/\/www.sxwelding.com\/fr\/produit\/fil-de-soudage-fourre-en-acier-au-carbone-et-en-acier-a-faible-teneur-en-carbone\/","title":{"rendered":"Fil de soudage fourr\u00e9 en acier au carbone et en acier \u00e0 faible teneur en carbone"},"content":{"rendered":"<p>Flux cored welding wire for carbon and low carbon steel is designed for both automatic and semi-automatic welding applications. Available in gas shielded and self-shielded types, this product delivers excellent welding performance, high efficiency, and stable weld quality.<\/p>\n<p>With advanced alloy design and micro-element toughening treatment, the deposited metal offers superior low-temperature toughness, crack resistance, and reliable internal quality, making it ideal for demanding industrial applications.<\/p>\n<p><strong>E71T-1 GB\/T 10045-2018 AWS A 5.20 E71T-1C<\/strong><\/p>\n<table>\n<tbody>\n<tr class=\"firstRow\">\n<td colspan=\"9\" valign=\"top\" width=\"634\"><strong>E71T-1 Welding Wire Chemical Composition\uff08%\uff09<\/strong><\/td>\n<\/tr>\n<tr>\n<td valign=\"top\" width=\"106\">\u00e9l\u00e9ment<\/td>\n<td valign=\"top\" width=\"106\"><strong>C<\/strong><\/td>\n<td colspan=\"2\" valign=\"top\" width=\"106\"><strong>S<\/strong><\/td>\n<td colspan=\"2\" valign=\"top\" width=\"106\"><strong>Mn<\/strong><\/td>\n<td colspan=\"2\" valign=\"top\" width=\"106\"><strong>Si<\/strong><\/td>\n<td valign=\"top\" width=\"106\"><strong>P<\/strong><\/td>\n<\/tr>\n<tr>\n<td valign=\"top\" width=\"106\">standard<\/td>\n<td valign=\"top\" width=\"106\">\u22640.18<\/td>\n<td colspan=\"2\" valign=\"top\" width=\"106\">\u22640.030<\/td>\n<td colspan=\"2\" valign=\"top\" width=\"106\">\u2264\u00a02.0<\/td>\n<td colspan=\"2\" valign=\"top\" width=\"106\">\u2264\u00a00.9<\/td>\n<td valign=\"top\" width=\"106\">\u22640.030<\/td>\n<\/tr>\n<tr>\n<td valign=\"top\" width=\"106\">Exemple de valeur<\/td>\n<td valign=\"top\" width=\"106\">0.051<\/td>\n<td colspan=\"2\" valign=\"top\" width=\"106\">0.011<\/td>\n<td colspan=\"2\" valign=\"top\" width=\"106\">1.28<\/td>\n<td colspan=\"2\" valign=\"top\" width=\"106\">0.40<\/td>\n<td valign=\"top\" width=\"106\">0.016<\/td>\n<\/tr>\n<tr>\n<td colspan=\"9\" valign=\"top\" width=\"634\"><strong>Mechanical Properties of Deposited Metal (Shielding Gas: CO2)<\/strong><\/td>\n<\/tr>\n<tr>\n<td valign=\"top\" width=\"106\"><strong>\u00c9l\u00e9ments du test<\/strong><\/td>\n<td colspan=\"2\" valign=\"top\" width=\"132\"><strong>tensile strength Rm\uff08Mpa\uff09<\/strong><\/td>\n<td colspan=\"2\" valign=\"top\" width=\"132\"><strong>Yield Strength \u00a0 \u00a0 \u00a0 Rm\uff08Mpa\uff09<\/strong><\/td>\n<td colspan=\"2\" valign=\"top\" width=\"132\"><strong>Elongation \u00a0 \u00a0 \u00a0 A\uff08%\uff09<\/strong><\/td>\n<td colspan=\"2\" valign=\"top\" width=\"132\"><strong>V-notch Impact Test<\/strong><\/p>\n<p><strong>\u00a0(J)-30\u2103<\/strong><\/td>\n<\/tr>\n<tr>\n<td valign=\"top\" width=\"106\">standard<\/td>\n<td colspan=\"2\" valign=\"top\" width=\"132\"><strong>\u2265500<\/strong><\/td>\n<td colspan=\"2\" valign=\"top\" width=\"132\"><strong>\u2265400<\/strong><\/td>\n<td colspan=\"2\" valign=\"top\" width=\"132\"><strong>\u226522<\/strong><\/td>\n<td colspan=\"2\" valign=\"top\" width=\"132\"><strong>\u226527<\/strong><\/td>\n<\/tr>\n<tr>\n<td valign=\"top\" width=\"106\">Exemple de valeur<\/td>\n<td colspan=\"2\" valign=\"top\" width=\"132\"><strong>560<\/strong><\/td>\n<td colspan=\"2\" valign=\"top\" width=\"132\"><strong>480<\/strong><\/td>\n<td colspan=\"2\" valign=\"top\" width=\"132\"><strong>29<\/strong><\/td>\n<td colspan=\"2\" valign=\"top\" width=\"132\"><strong>110<\/strong><\/td>\n<\/tr>\n<\/tbody>\n<\/table>\n<p><div id='gallery-1' class='gallery galleryid-9493 gallery-columns-2 gallery-size-full'><figure class='gallery-item'>\n\t\t\t<div class='gallery-icon landscape'>\n\t\t\t\t<a href='https:\/\/www.sxwelding.com\/fr\/?attachment_id=9497'><img fetchpriority=\"high\" decoding=\"async\" width=\"600\" height=\"600\" src=\"https:\/\/www.sxwelding.com\/wp-content\/uploads\/2026\/03\/02-14.png\" class=\"attachment-full size-full\" alt=\"\" srcset=\"https:\/\/www.sxwelding.com\/wp-content\/uploads\/2026\/03\/02-14.png 600w, https:\/\/www.sxwelding.com\/wp-content\/uploads\/2026\/03\/02-14-300x300.png 300w, https:\/\/www.sxwelding.com\/wp-content\/uploads\/2026\/03\/02-14-150x150.png 150w, https:\/\/www.sxwelding.com\/wp-content\/uploads\/2026\/03\/02-14-12x12.png 12w, https:\/\/www.sxwelding.com\/wp-content\/uploads\/2026\/03\/02-14-100x100.png 100w\" sizes=\"(max-width: 600px) 100vw, 600px\" \/><\/a>\n\t\t\t<\/div><\/figure><figure class='gallery-item'>\n\t\t\t<div class='gallery-icon landscape'>\n\t\t\t\t<a href='https:\/\/www.sxwelding.com\/fr\/?attachment_id=9496'><img decoding=\"async\" width=\"600\" height=\"600\" src=\"https:\/\/www.sxwelding.com\/wp-content\/uploads\/2026\/03\/01-22.png\" class=\"attachment-full size-full\" alt=\"\" srcset=\"https:\/\/www.sxwelding.com\/wp-content\/uploads\/2026\/03\/01-22.png 600w, https:\/\/www.sxwelding.com\/wp-content\/uploads\/2026\/03\/01-22-300x300.png 300w, https:\/\/www.sxwelding.com\/wp-content\/uploads\/2026\/03\/01-22-150x150.png 150w, https:\/\/www.sxwelding.com\/wp-content\/uploads\/2026\/03\/01-22-12x12.png 12w, https:\/\/www.sxwelding.com\/wp-content\/uploads\/2026\/03\/01-22-100x100.png 100w\" sizes=\"(max-width: 600px) 100vw, 600px\" \/><\/a>\n\t\t\t<\/div><\/figure>\n\t\t<\/div>\n<br \/>\n\t\t<div data-elementor-type=\"container\" data-elementor-id=\"9498\" class=\"elementor elementor-9498\" data-elementor-post-type=\"elementor_library\">\n\t\t\t\t<div class=\"elementor-element elementor-element-33c3c1e5 e-flex e-con-boxed e-con e-parent\" data-id=\"33c3c1e5\" data-element_type=\"container\" data-e-type=\"container\">\n\t\t\t\t\t<div class=\"e-con-inner\">\n\t\t\t\t<div class=\"elementor-element elementor-element-34808085 elementor-widget elementor-widget-heading\" data-id=\"34808085\" data-element_type=\"widget\" data-e-type=\"widget\" data-widget_type=\"heading.default\">\n\t\t\t\t<div class=\"elementor-widget-container\">\n\t\t\t\t\t<h2 class=\"elementor-heading-title elementor-size-default\">Description<\/h2>\t\t\t\t<\/div>\n\t\t\t\t<\/div>\n\t\t<div class=\"elementor-element elementor-element-18a4b996 e-con-full e-flex e-con e-child\" data-id=\"18a4b996\" data-element_type=\"container\" data-e-type=\"container\">\n\t\t<div class=\"elementor-element elementor-element-52c23a93 e-grid e-con-full e-con e-child\" data-id=\"52c23a93\" data-element_type=\"container\" data-e-type=\"container\">\n\t\t<div class=\"elementor-element elementor-element-7c656a15 e-con-full e-flex e-con e-child\" data-id=\"7c656a15\" data-element_type=\"container\" data-e-type=\"container\">\n\t\t\t\t<div class=\"elementor-element elementor-element-116890a2 elementor-widget elementor-widget-heading\" data-id=\"116890a2\" data-element_type=\"widget\" data-e-type=\"widget\" data-widget_type=\"heading.default\">\n\t\t\t\t<div class=\"elementor-widget-container\">\n\t\t\t\t\t<h2 class=\"elementor-heading-title elementor-size-default\">Caract\u00e9ristiques principales<\/h2>\t\t\t\t<\/div>\n\t\t\t\t<\/div>\n\t\t\t\t<div class=\"elementor-element elementor-element-1d081301 elementor-widget elementor-widget-text-editor\" data-id=\"1d081301\" data-element_type=\"widget\" data-e-type=\"widget\" data-widget_type=\"text-editor.default\">\n\t\t\t\t<div class=\"elementor-widget-container\">\n\t\t\t\t\t\t\t\t\t<ul><li data-section-id=\"1165yp8\" data-start=\"1151\" data-end=\"1204\">Suitable for automatic and semi-automatic welding<\/li><li data-section-id=\"16kwo5k\" data-start=\"1205\" data-end=\"1240\">Soft and stable arc performance<\/li><li data-section-id=\"otvysb\" data-start=\"1241\" data-end=\"1278\">Low spatter and easy slag removal<\/li><li data-section-id=\"18r2htr\" data-start=\"1279\" data-end=\"1312\">Excellent weld bead formation<\/li><li data-section-id=\"1vf3tgp\" data-start=\"1313\" data-end=\"1343\">High deposition efficiency<\/li><li data-section-id=\"c68o7l\" data-start=\"1344\" data-end=\"1399\">Supports flat, horizontal, and all-position welding<\/li><li data-section-id=\"vrhxzn\" data-start=\"1400\" data-end=\"1439\">Excellente t\u00e9nacit\u00e9 \u00e0 basse temp\u00e9rature<\/li><li data-section-id=\"1bjtkao\" data-start=\"1440\" data-end=\"1467\">Strong crack resistance<\/li><li data-section-id=\"1hp92nk\" data-start=\"1468\" data-end=\"1510\">Stable and reliable weld metal quality<\/li><\/ul>\t\t\t\t\t\t\t\t<\/div>\n\t\t\t\t<\/div>\n\t\t\t\t<\/div>\n\t\t<div class=\"elementor-element elementor-element-3c79d5a9 e-con-full e-flex e-con e-child\" data-id=\"3c79d5a9\" data-element_type=\"container\" data-e-type=\"container\">\n\t\t\t\t<div class=\"elementor-element elementor-element-36f5ab3a elementor-widget elementor-widget-heading\" data-id=\"36f5ab3a\" data-element_type=\"widget\" data-e-type=\"widget\" data-widget_type=\"heading.default\">\n\t\t\t\t<div class=\"elementor-widget-container\">\n\t\t\t\t\t<h2 class=\"elementor-heading-title elementor-size-default\">Welding Performance<\/h2>\t\t\t\t<\/div>\n\t\t\t\t<\/div>\n\t\t\t\t<div class=\"elementor-element elementor-element-4ecd2835 elementor-widget elementor-widget-text-editor\" data-id=\"4ecd2835\" data-element_type=\"widget\" data-e-type=\"widget\" data-widget_type=\"text-editor.default\">\n\t\t\t\t<div class=\"elementor-widget-container\">\n\t\t\t\t\t\t\t\t\t<ul><li data-section-id=\"1m29lx9\" data-start=\"1544\" data-end=\"1584\">Smooth arc with consistent stability<\/li><li data-section-id=\"hw5b97\" data-start=\"1585\" data-end=\"1638\">High welding efficiency for continuous operations<\/li><li data-section-id=\"1qtye3r\" data-start=\"1639\" data-end=\"1691\">Good adaptability to different welding positions<\/li><li data-section-id=\"14r3ged\" data-start=\"1692\" data-end=\"1735\">Clean weld surface with minimal defects<\/li><\/ul>\t\t\t\t\t\t\t\t<\/div>\n\t\t\t\t<\/div>\n\t\t\t\t<\/div>\n\t\t<div class=\"elementor-element elementor-element-7d955b5c e-con-full e-flex e-con e-child\" data-id=\"7d955b5c\" data-element_type=\"container\" data-e-type=\"container\">\n\t\t\t\t<div class=\"elementor-element elementor-element-75e280df elementor-widget elementor-widget-heading\" data-id=\"75e280df\" data-element_type=\"widget\" data-e-type=\"widget\" data-widget_type=\"heading.default\">\n\t\t\t\t<div class=\"elementor-widget-container\">\n\t\t\t\t\t<h2 class=\"elementor-heading-title elementor-size-default\">Applications<\/h2>\t\t\t\t<\/div>\n\t\t\t\t<\/div>\n\t\t\t\t<div class=\"elementor-element elementor-element-254cd5b8 elementor-widget elementor-widget-text-editor\" data-id=\"254cd5b8\" data-element_type=\"widget\" data-e-type=\"widget\" data-widget_type=\"text-editor.default\">\n\t\t\t\t<div class=\"elementor-widget-container\">\n\t\t\t\t\t\t\t\t\t<p data-start=\"2075\" data-end=\"2092\">Largement utilis\u00e9 dans :<\/p><ul data-start=\"2093\" data-end=\"2253\"><li data-section-id=\"x6kl1i\" data-start=\"2093\" data-end=\"2118\">Industrie de la construction navale<\/li><li data-section-id=\"1bmo6li\" data-start=\"2119\" data-end=\"2146\">Machinery manufacturing<\/li><li data-section-id=\"cilkb3\" data-start=\"2147\" data-end=\"2170\">Petroleum equipment<\/li><li data-section-id=\"9nc9cy\" data-start=\"2171\" data-end=\"2193\">Chemical machinery<\/li><li data-section-id=\"tl1zzp\" data-start=\"2194\" data-end=\"2215\">Lifting equipment<\/li><li data-section-id=\"1rsno27\" data-start=\"2216\" data-end=\"2253\">Low alloy steel structure welding<\/li><\/ul>\t\t\t\t\t\t\t\t<\/div>\n\t\t\t\t<\/div>\n\t\t\t\t<\/div>\n\t\t<div class=\"elementor-element elementor-element-3ba08995 e-con-full e-flex e-con e-child\" data-id=\"3ba08995\" data-element_type=\"container\" data-e-type=\"container\">\n\t\t\t\t<div class=\"elementor-element elementor-element-32c41365 elementor-widget elementor-widget-heading\" data-id=\"32c41365\" data-element_type=\"widget\" data-e-type=\"widget\" data-widget_type=\"heading.default\">\n\t\t\t\t<div class=\"elementor-widget-container\">\n\t\t\t\t\t<h2 class=\"elementor-heading-title elementor-size-default\">Avantages du produit<\/h2>\t\t\t\t<\/div>\n\t\t\t\t<\/div>\n\t\t\t\t<div class=\"elementor-element elementor-element-5cd3ae73 elementor-widget elementor-widget-text-editor\" data-id=\"5cd3ae73\" data-element_type=\"widget\" data-e-type=\"widget\" data-widget_type=\"text-editor.default\">\n\t\t\t\t<div class=\"elementor-widget-container\">\n\t\t\t\t\t\t\t\t\t<ul><li data-section-id=\"5vkex3\" data-start=\"2278\" data-end=\"2320\">High efficiency and reduced labor cost<\/li><li data-section-id=\"1u065eo\" data-start=\"2321\" data-end=\"2378\">Excellent performance in low-temperature environments<\/li><li data-section-id=\"1prwldn\" data-start=\"2379\" data-end=\"2412\">Strong resistance to cracking<\/li><li data-section-id=\"3vgko0\" data-start=\"2413\" data-end=\"2466\">Consistent weld quality for industrial production<\/li><li data-section-id=\"yavyq3\" data-start=\"2467\" data-end=\"2515\">Suitable for both indoor and outdoor welding<\/li><\/ul>\t\t\t\t\t\t\t\t<\/div>\n\t\t\t\t<\/div>\n\t\t\t\t<\/div>\n\t\t\t\t<\/div>\n\t\t\t\t<\/div>\n\t\t\t\t\t<\/div>\n\t\t\t\t<\/div>\n\t\t\t\t<\/div>\n\t\t<\/p>","protected":false},"excerpt":{"rendered":"<p>High-quality flux cored welding wire for carbon and low carbon steel. Suitable for automatic and semi-automatic welding with stable arc, low spatter, and excellent weld quality.<\/p>","protected":false},"featured_media":9496,"comment_status":"closed","ping_status":"closed","template":"","meta":{"_seopress_robots_primary_cat":"none","_seopress_titles_title":"Flux Cored Welding Wire for Carbon Steel | Gas & Self Shielded Welding Wire","_seopress_titles_desc":"High-quality flux cored welding wire for carbon and low carbon steel. Suitable for automatic and semi-automatic welding with stable arc, low spatter, and excellent weld quality.","_seopress_robots_index":"","site-sidebar-layout":"default","site-content-layout":"","ast-site-content-layout":"default","site-content-style":"default","site-sidebar-style":"default","ast-global-header-display":"","ast-banner-title-visibility":"","ast-main-header-display":"","ast-hfb-above-header-display":"","ast-hfb-below-header-display":"","ast-hfb-mobile-header-display":"","site-post-title":"","ast-breadcrumbs-content":"","ast-featured-img":"","footer-sml-layout":"","theme-transparent-header-meta":"default","adv-header-id-meta":"","stick-header-meta":"default","header-above-stick-meta":"","header-main-stick-meta":"","header-below-stick-meta":"","astra-migrate-meta-layouts":"set","ast-page-background-enabled":"default","ast-page-background-meta":{"desktop":{"background-color":"var(--ast-global-color-4)","background-image":"","background-repeat":"repeat","background-position":"center center","background-size":"auto","background-attachment":"scroll","background-type":"","background-media":"","overlay-type":"","overlay-color":"","overlay-opacity":"","overlay-gradient":""},"tablet":{"background-color":"","background-image":"","background-repeat":"repeat","background-position":"center center","background-size":"auto","background-attachment":"scroll","background-type":"","background-media":"","overlay-type":"","overlay-color":"","overlay-opacity":"","overlay-gradient":""},"mobile":{"background-color":"","background-image":"","background-repeat":"repeat","background-position":"center center","background-size":"auto","background-attachment":"scroll","background-type":"","background-media":"","overlay-type":"","overlay-color":"","overlay-opacity":"","overlay-gradient":""}},"ast-content-background-meta":{"desktop":{"background-color":"var(--ast-global-color-5)","background-image":"","background-repeat":"repeat","background-position":"center center","background-size":"auto","background-attachment":"scroll","background-type":"","background-media":"","overlay-type":"","overlay-color":"","overlay-opacity":"","overlay-gradient":""},"tablet":{"background-color":"var(--ast-global-color-5)","background-image":"","background-repeat":"repeat","background-position":"center center","background-size":"auto","background-attachment":"scroll","background-type":"","background-media":"","overlay-type":"","overlay-color":"","overlay-opacity":"","overlay-gradient":""},"mobile":{"background-color":"var(--ast-global-color-5)","background-image":"","background-repeat":"repeat","background-position":"center center","background-size":"auto","background-attachment":"scroll","background-type":"","background-media":"","overlay-type":"","overlay-color":"","overlay-opacity":"","overlay-gradient":""}}},"product_brand":[],"product_cat":[97],"product_tag":[],"class_list":{"0":"post-9493","1":"product","2":"type-product","3":"status-publish","4":"has-post-thumbnail","6":"product_cat-carbon-steel-and-low-carbon-steel-flux-cored-welding-wire","7":"desktop-align-center","8":"tablet-align-left","9":"mobile-align-left","10":"ast-product-gallery-layout-horizontal-slider","11":"ast-product-tabs-layout-horizontal","13":"first","14":"instock","15":"shipping-taxable","16":"product-type-simple"},"_links":{"self":[{"href":"https:\/\/www.sxwelding.com\/fr\/wp-json\/wp\/v2\/product\/9493","targetHints":{"allow":["GET"]}}],"collection":[{"href":"https:\/\/www.sxwelding.com\/fr\/wp-json\/wp\/v2\/product"}],"about":[{"href":"https:\/\/www.sxwelding.com\/fr\/wp-json\/wp\/v2\/types\/product"}],"replies":[{"embeddable":true,"href":"https:\/\/www.sxwelding.com\/fr\/wp-json\/wp\/v2\/comments?post=9493"}],"wp:featuredmedia":[{"embeddable":true,"href":"https:\/\/www.sxwelding.com\/fr\/wp-json\/wp\/v2\/media\/9496"}],"wp:attachment":[{"href":"https:\/\/www.sxwelding.com\/fr\/wp-json\/wp\/v2\/media?parent=9493"}],"wp:term":[{"taxonomy":"product_brand","embeddable":true,"href":"https:\/\/www.sxwelding.com\/fr\/wp-json\/wp\/v2\/product_brand?post=9493"},{"taxonomy":"product_cat","embeddable":true,"href":"https:\/\/www.sxwelding.com\/fr\/wp-json\/wp\/v2\/product_cat?post=9493"},{"taxonomy":"product_tag","embeddable":true,"href":"https:\/\/www.sxwelding.com\/fr\/wp-json\/wp\/v2\/product_tag?post=9493"}],"curies":[{"name":"wp","href":"https:\/\/api.w.org\/{rel}","templated":true}]}}