{"id":9479,"date":"2026-03-28T05:39:03","date_gmt":"2026-03-28T05:39:03","guid":{"rendered":"http:\/\/www.sxwelding.com\/?post_type=product&#038;p=9479"},"modified":"2026-03-28T06:02:28","modified_gmt":"2026-03-28T06:02:28","slug":"low-temperature-steel-welding-wire","status":"publish","type":"product","link":"https:\/\/www.sxwelding.com\/pt\/produto\/low-temperature-steel-welding-wire\/","title":{"rendered":"Low-Temperature Steel Welding Wire"},"content":{"rendered":"<p data-start=\"230\" data-end=\"380\">Low temperature steel welding wire is specially developed for welding applications requiring excellent performance under low-temperature conditions.<\/p>\n<p data-start=\"382\" data-end=\"697\">Our company offers two main series: gas shielded welding wire (MIG) and submerged arc welding wire (SAW), covering multiple grades to meet different industrial needs. These products provide stable welding performance, excellent weld formation, and outstanding toughness and corrosion resistance at low temperatures.<\/p>\n<h1 data-section-id=\"1g6i8y1\" data-start=\"704\" data-end=\"725\">S\u00e9rie de produtos<\/h1>\n<h3 data-section-id=\"11m0r4o\" data-start=\"727\" data-end=\"767\">\u00a0Arame de solda com prote\u00e7\u00e3o gasosa (MIG)<\/h3>\n<p data-start=\"768\" data-end=\"841\">Designed for argon-rich shielding gas environments, this series offers:<\/p>\n<ul data-start=\"842\" data-end=\"1062\">\n<li data-section-id=\"1qohvic\" data-start=\"842\" data-end=\"879\">Low spatter and low fume emission<\/li>\n<li data-section-id=\"1h6s0v8\" data-start=\"880\" data-end=\"917\">Smooth and stable arc performance<\/li>\n<li data-section-id=\"wt3lpm\" data-start=\"918\" data-end=\"952\">Excellent weld bead appearance<\/li>\n<li data-section-id=\"15enrrz\" data-start=\"953\" data-end=\"990\">Suitable for high current welding<\/li>\n<li data-section-id=\"ddezgg\" data-start=\"991\" data-end=\"1022\">Strong corrosion resistance<\/li>\n<li data-section-id=\"vrhxzn\" data-start=\"1023\" data-end=\"1062\">Excellent low-temperature toughness<\/li>\n<\/ul>\n<h3 data-section-id=\"3xxa1p\" data-start=\"1069\" data-end=\"1110\">Arame de soldagem por arco submerso (SAW)<\/h3>\n<p data-start=\"1111\" data-end=\"1160\">Used with <strong data-start=\"1121\" data-end=\"1135\">SJ101 flux<\/strong>, this series features:<\/p>\n<ul data-start=\"1161\" data-end=\"1312\">\n<li data-section-id=\"17ra0z1\" data-start=\"1161\" data-end=\"1187\">Stable arc performance<\/li>\n<li data-section-id=\"2leb4h\" data-start=\"1188\" data-end=\"1209\">F\u00e1cil remo\u00e7\u00e3o de esc\u00f3ria<\/li>\n<li data-section-id=\"ja1l2y\" data-start=\"1210\" data-end=\"1247\">Smooth and well-formed weld seams<\/li>\n<li data-section-id=\"9vzhvf\" data-start=\"1248\" data-end=\"1270\">High welding speed<\/li>\n<li data-section-id=\"1pzzq2p\" data-start=\"1271\" data-end=\"1312\">Excellent low-temperature performance<\/li>\n<\/ul>\n<table style=\"font-size: 16px; font-style: normal;\">\n<tbody>\n<tr class=\"firstRow\">\n<td colspan=\"13\" valign=\"top\" width=\"670\"><strong>SX-50D Chemical Composition\uff08%\uff09<\/strong><\/td>\n<\/tr>\n<tr>\n<td valign=\"top\" width=\"59\">elemento<\/td>\n<td valign=\"top\" width=\"75\"><strong>C<\/strong><\/td>\n<td valign=\"top\" width=\"72\"><strong>Mn<\/strong><\/td>\n<td valign=\"top\" width=\"69\"><strong>Si<\/strong><\/td>\n<td valign=\"top\" width=\"67\"><strong>Cr<\/strong><\/td>\n<td colspan=\"2\" valign=\"top\" width=\"76\"><strong>Ni<\/strong><\/td>\n<td valign=\"top\" width=\"61\"><strong>Mo<\/strong><\/td>\n<td colspan=\"2\" valign=\"top\" width=\"66\"><strong>P<\/strong><\/td>\n<td valign=\"top\" width=\"64\"><strong>S<\/strong><\/td>\n<td valign=\"top\" width=\"61\"><strong>Cu<\/strong><\/td>\n<\/tr>\n<tr>\n<td valign=\"top\" width=\"59\">Example Value<\/td>\n<td valign=\"top\" width=\"75\">0.08<\/td>\n<td valign=\"top\" width=\"72\">1.15<\/td>\n<td valign=\"top\" width=\"69\">0.45<\/td>\n<td valign=\"top\" width=\"67\">Moderate amount<\/td>\n<td colspan=\"2\" valign=\"top\" width=\"76\">Moderate amount<\/td>\n<td valign=\"top\" width=\"61\"><strong>\/<\/strong><\/td>\n<td colspan=\"2\" valign=\"top\" width=\"66\">0.011<\/td>\n<td valign=\"top\" width=\"64\">0.010<\/td>\n<td valign=\"top\" width=\"61\">0.01<\/td>\n<\/tr>\n<tr>\n<td colspan=\"12\" valign=\"top\" width=\"670\"><strong>Mechanical Properties of SX-50D Deposited Metal<\/strong><\/td>\n<\/tr>\n<tr>\n<td colspan=\"2\" valign=\"top\" width=\"134\"><strong>Test Items<\/strong><\/td>\n<td colspan=\"2\" valign=\"top\" width=\"141\"><strong>Laqiang Rm\uff08Mpa\uff09<\/strong><\/td>\n<td colspan=\"2\" valign=\"top\" width=\"126\"><strong>Yield Strength\uff08Mpa\uff09<\/strong><\/td>\n<td colspan=\"3\" valign=\"top\" width=\"134\"><strong>Elongation A\uff08%\uff09<\/strong><\/td>\n<td colspan=\"3\" valign=\"top\" width=\"134\"><strong>V-Punch Verification(J)-50\u2103<\/strong><\/td>\n<\/tr>\n<tr>\n<td colspan=\"2\" valign=\"top\" width=\"134\">Example Value<\/td>\n<td colspan=\"2\" valign=\"top\" width=\"141\">546<\/td>\n<td colspan=\"2\" valign=\"top\" width=\"126\">435<\/td>\n<td colspan=\"3\" valign=\"top\" width=\"134\">26<\/td>\n<td colspan=\"3\" valign=\"top\" width=\"134\">55<\/td>\n<\/tr>\n<\/tbody>\n<\/table>\n<p><div id='gallery-1' class='gallery galleryid-9479 gallery-columns-3 gallery-size-full'><figure class='gallery-item'>\n\t\t\t<div class='gallery-icon landscape'>\n\t\t\t\t<a href='https:\/\/www.sxwelding.com\/pt\/?attachment_id=9486'><img fetchpriority=\"high\" decoding=\"async\" width=\"600\" height=\"600\" src=\"https:\/\/www.sxwelding.com\/wp-content\/uploads\/2026\/03\/01-21.png\" class=\"attachment-full size-full\" alt=\"\" srcset=\"https:\/\/www.sxwelding.com\/wp-content\/uploads\/2026\/03\/01-21.png 600w, https:\/\/www.sxwelding.com\/wp-content\/uploads\/2026\/03\/01-21-300x300.png 300w, https:\/\/www.sxwelding.com\/wp-content\/uploads\/2026\/03\/01-21-150x150.png 150w, https:\/\/www.sxwelding.com\/wp-content\/uploads\/2026\/03\/01-21-12x12.png 12w, https:\/\/www.sxwelding.com\/wp-content\/uploads\/2026\/03\/01-21-100x100.png 100w\" sizes=\"(max-width: 600px) 100vw, 600px\" \/><\/a>\n\t\t\t<\/div><\/figure><figure class='gallery-item'>\n\t\t\t<div class='gallery-icon landscape'>\n\t\t\t\t<a href='https:\/\/www.sxwelding.com\/pt\/?attachment_id=9487'><img decoding=\"async\" width=\"600\" height=\"600\" src=\"https:\/\/www.sxwelding.com\/wp-content\/uploads\/2026\/03\/02-13.png\" class=\"attachment-full size-full\" alt=\"\" srcset=\"https:\/\/www.sxwelding.com\/wp-content\/uploads\/2026\/03\/02-13.png 600w, https:\/\/www.sxwelding.com\/wp-content\/uploads\/2026\/03\/02-13-300x300.png 300w, https:\/\/www.sxwelding.com\/wp-content\/uploads\/2026\/03\/02-13-150x150.png 150w, https:\/\/www.sxwelding.com\/wp-content\/uploads\/2026\/03\/02-13-12x12.png 12w, https:\/\/www.sxwelding.com\/wp-content\/uploads\/2026\/03\/02-13-100x100.png 100w\" sizes=\"(max-width: 600px) 100vw, 600px\" \/><\/a>\n\t\t\t<\/div><\/figure><figure class='gallery-item'>\n\t\t\t<div class='gallery-icon landscape'>\n\t\t\t\t<a href='https:\/\/www.sxwelding.com\/pt\/?attachment_id=9488'><img decoding=\"async\" width=\"600\" height=\"600\" src=\"https:\/\/www.sxwelding.com\/wp-content\/uploads\/2026\/03\/03-10.png\" class=\"attachment-full size-full\" alt=\"\" srcset=\"https:\/\/www.sxwelding.com\/wp-content\/uploads\/2026\/03\/03-10.png 600w, https:\/\/www.sxwelding.com\/wp-content\/uploads\/2026\/03\/03-10-300x300.png 300w, https:\/\/www.sxwelding.com\/wp-content\/uploads\/2026\/03\/03-10-150x150.png 150w, https:\/\/www.sxwelding.com\/wp-content\/uploads\/2026\/03\/03-10-12x12.png 12w, https:\/\/www.sxwelding.com\/wp-content\/uploads\/2026\/03\/03-10-100x100.png 100w\" sizes=\"(max-width: 600px) 100vw, 600px\" \/><\/a>\n\t\t\t<\/div><\/figure>\n\t\t<\/div>\n<br \/>\n\t\t<div data-elementor-type=\"container\" data-elementor-id=\"9489\" class=\"elementor elementor-9489\" data-elementor-post-type=\"elementor_library\">\n\t\t\t\t<div class=\"elementor-element elementor-element-346cb293 e-flex e-con-boxed e-con e-parent\" data-id=\"346cb293\" data-element_type=\"container\" data-e-type=\"container\">\n\t\t\t\t\t<div class=\"e-con-inner\">\n\t\t\t\t<div class=\"elementor-element elementor-element-5c40444a elementor-widget elementor-widget-heading\" data-id=\"5c40444a\" data-element_type=\"widget\" data-e-type=\"widget\" data-widget_type=\"heading.default\">\n\t\t\t\t<div class=\"elementor-widget-container\">\n\t\t\t\t\t<h2 class=\"elementor-heading-title elementor-size-default\">Descri\u00e7\u00e3o<\/h2>\t\t\t\t<\/div>\n\t\t\t\t<\/div>\n\t\t<div class=\"elementor-element elementor-element-3819d99d e-con-full e-flex e-con e-child\" data-id=\"3819d99d\" data-element_type=\"container\" data-e-type=\"container\">\n\t\t<div class=\"elementor-element elementor-element-abbed52 e-grid e-con-full e-con e-child\" data-id=\"abbed52\" data-element_type=\"container\" data-e-type=\"container\">\n\t\t<div class=\"elementor-element elementor-element-532bc35e e-con-full e-flex e-con e-child\" data-id=\"532bc35e\" data-element_type=\"container\" data-e-type=\"container\">\n\t\t\t\t<div class=\"elementor-element elementor-element-7b50001b elementor-widget elementor-widget-heading\" data-id=\"7b50001b\" data-element_type=\"widget\" data-e-type=\"widget\" data-widget_type=\"heading.default\">\n\t\t\t\t<div class=\"elementor-widget-container\">\n\t\t\t\t\t<h2 class=\"elementor-heading-title elementor-size-default\">Principais recursos<\/h2>\t\t\t\t<\/div>\n\t\t\t\t<\/div>\n\t\t\t\t<div class=\"elementor-element elementor-element-31e20a7e elementor-widget elementor-widget-text-editor\" data-id=\"31e20a7e\" data-element_type=\"widget\" data-e-type=\"widget\" data-widget_type=\"text-editor.default\">\n\t\t\t\t<div class=\"elementor-widget-container\">\n\t\t\t\t\t\t\t\t\t<ul><li data-section-id=\"ikr4t3\" data-start=\"1339\" data-end=\"1387\">Outstanding low-temperature impact toughness<\/li><li data-section-id=\"n6tikd\" data-start=\"1388\" data-end=\"1417\">High corrosion resistance<\/li><li data-section-id=\"8ej7i3\" data-start=\"1418\" data-end=\"1468\">Stable welding process with consistent quality<\/li><li data-section-id=\"gecn0o\" data-start=\"1469\" data-end=\"1512\">Excellent weld formation and appearance<\/li><li data-section-id=\"d11ysk\" data-start=\"1513\" data-end=\"1560\">High efficiency for industrial applications<\/li><li data-section-id=\"1wrtue0\" data-start=\"1561\" data-end=\"1619\">Suitable for both manual and automated welding systems<\/li><\/ul>\t\t\t\t\t\t\t\t<\/div>\n\t\t\t\t<\/div>\n\t\t\t\t<\/div>\n\t\t<div class=\"elementor-element elementor-element-21cceffc e-con-full e-flex e-con e-child\" data-id=\"21cceffc\" data-element_type=\"container\" data-e-type=\"container\">\n\t\t\t\t<div class=\"elementor-element elementor-element-435dce02 elementor-widget elementor-widget-heading\" data-id=\"435dce02\" data-element_type=\"widget\" data-e-type=\"widget\" data-widget_type=\"heading.default\">\n\t\t\t\t<div class=\"elementor-widget-container\">\n\t\t\t\t\t<h2 class=\"elementor-heading-title elementor-size-default\">Product Specifications<\/h2>\t\t\t\t<\/div>\n\t\t\t\t<\/div>\n\t\t\t\t<div class=\"elementor-element elementor-element-7d6f5be0 elementor-widget elementor-widget-text-editor\" data-id=\"7d6f5be0\" data-element_type=\"widget\" data-e-type=\"widget\" data-widget_type=\"text-editor.default\">\n\t\t\t\t<div class=\"elementor-widget-container\">\n\t\t\t\t\t\t\t\t\t<ul><li data-section-id=\"1gzl6wx\" data-start=\"1656\" data-end=\"1708\">Product Type: Low temperature steel welding wire<\/li><li data-section-id=\"1f9etuf\" data-start=\"1709\" data-end=\"1746\">Welding Process: MIG (GMAW) \/ SAW<\/li><li data-section-id=\"1jd6cgq\" data-start=\"1747\" data-end=\"1792\">Shielding Gas (MIG): Argon-rich mixed gas<\/li><li data-section-id=\"6yj4ig\" data-start=\"1793\" data-end=\"1814\">Flux (SAW): SJ101<\/li><li data-section-id=\"1n0rqa\" data-start=\"1815\" data-end=\"1862\">Available Grades: Multiple grades available<\/li><\/ul>\t\t\t\t\t\t\t\t<\/div>\n\t\t\t\t<\/div>\n\t\t\t\t<\/div>\n\t\t<div class=\"elementor-element elementor-element-1a9a9936 e-con-full e-flex e-con e-child\" data-id=\"1a9a9936\" data-element_type=\"container\" data-e-type=\"container\">\n\t\t\t\t<div class=\"elementor-element elementor-element-4f52c3a9 elementor-widget elementor-widget-heading\" data-id=\"4f52c3a9\" data-element_type=\"widget\" data-e-type=\"widget\" data-widget_type=\"heading.default\">\n\t\t\t\t<div class=\"elementor-widget-container\">\n\t\t\t\t\t<h2 class=\"elementor-heading-title elementor-size-default\">Aplicativos<\/h2>\t\t\t\t<\/div>\n\t\t\t\t<\/div>\n\t\t\t\t<div class=\"elementor-element elementor-element-108d6233 elementor-widget elementor-widget-text-editor\" data-id=\"108d6233\" data-element_type=\"widget\" data-e-type=\"widget\" data-widget_type=\"text-editor.default\">\n\t\t\t\t<div class=\"elementor-widget-container\">\n\t\t\t\t\t\t\t\t\t<p data-start=\"1917\" data-end=\"1934\">Widely used in:<\/p><ul data-start=\"1935\" data-end=\"2075\"><li data-section-id=\"x6kl1i\" data-start=\"1935\" data-end=\"1960\">Ind\u00fastria de constru\u00e7\u00e3o naval<\/li><li data-section-id=\"1593msq\" data-start=\"1961\" data-end=\"1984\">Constru\u00e7\u00e3o de pontes<\/li><li data-section-id=\"1j72q90\" data-start=\"1985\" data-end=\"2019\">Pressure vessels manufacturing<\/li><li data-section-id=\"ot6g2w\" data-start=\"2020\" data-end=\"2043\">Railway engineering<\/li><li data-section-id=\"14x245y\" data-start=\"2044\" data-end=\"2075\">Steel structure fabrication<\/li><\/ul>\t\t\t\t\t\t\t\t<\/div>\n\t\t\t\t<\/div>\n\t\t\t\t<\/div>\n\t\t<div class=\"elementor-element elementor-element-1b95f9a0 e-con-full e-flex e-con e-child\" data-id=\"1b95f9a0\" data-element_type=\"container\" data-e-type=\"container\">\n\t\t\t\t<div class=\"elementor-element elementor-element-7ce20c0a elementor-widget elementor-widget-heading\" data-id=\"7ce20c0a\" data-element_type=\"widget\" data-e-type=\"widget\" data-widget_type=\"heading.default\">\n\t\t\t\t<div class=\"elementor-widget-container\">\n\t\t\t\t\t<h2 class=\"elementor-heading-title elementor-size-default\">Vantagens do produto<\/h2>\t\t\t\t<\/div>\n\t\t\t\t<\/div>\n\t\t\t\t<div class=\"elementor-element elementor-element-e76dbb2 elementor-widget elementor-widget-text-editor\" data-id=\"e76dbb2\" data-element_type=\"widget\" data-e-type=\"widget\" data-widget_type=\"text-editor.default\">\n\t\t\t\t<div class=\"elementor-widget-container\">\n\t\t\t\t\t\t\t\t\t<ul data-start=\"2100\" data-end=\"2322\"><li data-section-id=\"c0mza4\" data-start=\"2100\" data-end=\"2156\">Reliable performance in low-temperature environments<\/li><li data-section-id=\"eqafcy\" data-start=\"2157\" data-end=\"2207\">Improved welding efficiency and reduced rework<\/li><li data-section-id=\"2vo5tw\" data-start=\"2208\" data-end=\"2272\">Suitable for heavy-duty and critical structural applications<\/li><li data-section-id=\"1gk9lir\" data-start=\"2273\" data-end=\"2322\">Lower spatter and cleaner working environment<\/li><\/ul>\t\t\t\t\t\t\t\t<\/div>\n\t\t\t\t<\/div>\n\t\t\t\t<\/div>\n\t\t\t\t<\/div>\n\t\t\t\t<\/div>\n\t\t\t\t\t<\/div>\n\t\t\t\t<\/div>\n\t\t\t\t<\/div>\n\t\t<\/p>","protected":false},"excerpt":{"rendered":"<p>High-performance low temperature steel welding wire including MIG and submerged arc welding wire. Low spatter, stable arc, excellent toughness for shipbuilding, bridges, and pressure vessels.<\/p>","protected":false},"featured_media":9485,"comment_status":"closed","ping_status":"closed","template":"","meta":{"_seopress_robots_primary_cat":"none","_seopress_titles_title":"Low Temperature Steel Welding Wire | MIG & SAW Welding Wire Supplier","_seopress_titles_desc":"High-performance low temperature steel welding wire including MIG and submerged arc welding wire. Low spatter, stable arc, excellent toughness for shipbuilding, bridges, and pressure vessels.","_seopress_robots_index":"","site-sidebar-layout":"default","site-content-layout":"","ast-site-content-layout":"default","site-content-style":"default","site-sidebar-style":"default","ast-global-header-display":"","ast-banner-title-visibility":"","ast-main-header-display":"","ast-hfb-above-header-display":"","ast-hfb-below-header-display":"","ast-hfb-mobile-header-display":"","site-post-title":"","ast-breadcrumbs-content":"","ast-featured-img":"","footer-sml-layout":"","theme-transparent-header-meta":"default","adv-header-id-meta":"","stick-header-meta":"default","header-above-stick-meta":"","header-main-stick-meta":"","header-below-stick-meta":"","astra-migrate-meta-layouts":"set","ast-page-background-enabled":"default","ast-page-background-meta":{"desktop":{"background-color":"var(--ast-global-color-4)","background-image":"","background-repeat":"repeat","background-position":"center center","background-size":"auto","background-attachment":"scroll","background-type":"","background-media":"","overlay-type":"","overlay-color":"","overlay-opacity":"","overlay-gradient":""},"tablet":{"background-color":"","background-image":"","background-repeat":"repeat","background-position":"center center","background-size":"auto","background-attachment":"scroll","background-type":"","background-media":"","overlay-type":"","overlay-color":"","overlay-opacity":"","overlay-gradient":""},"mobile":{"background-color":"","background-image":"","background-repeat":"repeat","background-position":"center center","background-size":"auto","background-attachment":"scroll","background-type":"","background-media":"","overlay-type":"","overlay-color":"","overlay-opacity":"","overlay-gradient":""}},"ast-content-background-meta":{"desktop":{"background-color":"var(--ast-global-color-5)","background-image":"","background-repeat":"repeat","background-position":"center center","background-size":"auto","background-attachment":"scroll","background-type":"","background-media":"","overlay-type":"","overlay-color":"","overlay-opacity":"","overlay-gradient":""},"tablet":{"background-color":"var(--ast-global-color-5)","background-image":"","background-repeat":"repeat","background-position":"center center","background-size":"auto","background-attachment":"scroll","background-type":"","background-media":"","overlay-type":"","overlay-color":"","overlay-opacity":"","overlay-gradient":""},"mobile":{"background-color":"var(--ast-global-color-5)","background-image":"","background-repeat":"repeat","background-position":"center center","background-size":"auto","background-attachment":"scroll","background-type":"","background-media":"","overlay-type":"","overlay-color":"","overlay-opacity":"","overlay-gradient":""}}},"product_brand":[],"product_cat":[96],"product_tag":[],"class_list":{"0":"post-9479","1":"product","2":"type-product","3":"status-publish","4":"has-post-thumbnail","6":"product_cat-low-temperature-steel-welding-wire","7":"desktop-align-center","8":"tablet-align-left","9":"mobile-align-left","10":"ast-product-gallery-layout-horizontal-slider","11":"ast-product-tabs-layout-horizontal","13":"first","14":"instock","15":"shipping-taxable","16":"product-type-simple"},"_links":{"self":[{"href":"https:\/\/www.sxwelding.com\/pt\/wp-json\/wp\/v2\/product\/9479","targetHints":{"allow":["GET"]}}],"collection":[{"href":"https:\/\/www.sxwelding.com\/pt\/wp-json\/wp\/v2\/product"}],"about":[{"href":"https:\/\/www.sxwelding.com\/pt\/wp-json\/wp\/v2\/types\/product"}],"replies":[{"embeddable":true,"href":"https:\/\/www.sxwelding.com\/pt\/wp-json\/wp\/v2\/comments?post=9479"}],"wp:featuredmedia":[{"embeddable":true,"href":"https:\/\/www.sxwelding.com\/pt\/wp-json\/wp\/v2\/media\/9485"}],"wp:attachment":[{"href":"https:\/\/www.sxwelding.com\/pt\/wp-json\/wp\/v2\/media?parent=9479"}],"wp:term":[{"taxonomy":"product_brand","embeddable":true,"href":"https:\/\/www.sxwelding.com\/pt\/wp-json\/wp\/v2\/product_brand?post=9479"},{"taxonomy":"product_cat","embeddable":true,"href":"https:\/\/www.sxwelding.com\/pt\/wp-json\/wp\/v2\/product_cat?post=9479"},{"taxonomy":"product_tag","embeddable":true,"href":"https:\/\/www.sxwelding.com\/pt\/wp-json\/wp\/v2\/product_tag?post=9479"}],"curies":[{"name":"wp","href":"https:\/\/api.w.org\/{rel}","templated":true}]}}