{"id":9281,"date":"2026-03-01T01:16:48","date_gmt":"2026-03-01T01:16:48","guid":{"rendered":"http:\/\/www.sxwelding.com\/?post_type=product&#038;p=9281"},"modified":"2026-04-16T01:57:47","modified_gmt":"2026-04-16T01:57:47","slug":"non-copper-coated-welding-wire","status":"publish","type":"product","link":"https:\/\/www.sxwelding.com\/tr\/urun\/bakir-kapli-olmayan-kaynak-teli\/","title":{"rendered":"Bak\u0131r Kapl\u0131 Olmayan Kaynak Teli"},"content":{"rendered":"<p data-start=\"135\" data-end=\"454\">Bak\u0131rs\u0131z Kaynak Teli, hem \u00fcretim hem de uygulama s\u00fcre\u00e7leri s\u0131ras\u0131nda bak\u0131r kirlili\u011fini tamamen ortadan kald\u0131rmak i\u00e7in tasarlanm\u0131\u015f geli\u015fmi\u015f bir kaynak malzemesidir. \u00d6zel bir y\u00fczey aktivasyon teknolojisi sayesinde tel p\u00fcr\u00fczs\u00fcz bir y\u00fczey, m\u00fckemmel pas \u00f6nleme performans\u0131 ve \u00fcst\u00fcn elektrik iletkenli\u011fi sa\u011flar.<\/p>\n<p data-start=\"456\" data-end=\"612\">Bu, istikrarl\u0131 tel besleme, tutarl\u0131 ark performans\u0131 ve g\u00fcvenilir kaynak kalitesi sa\u011flayarak uzun s\u00fcreli s\u00fcrekli kaynak i\u015flemleri i\u00e7in idealdir.<\/p>\n<table>\n<tbody>\n<tr class=\"firstRow\">\n<td colspan=\"15\" valign=\"top\" width=\"627\"><strong>ER50-6 kimyasal bile\u015fimi (%)<\/strong><\/td>\n<\/tr>\n<tr>\n<td valign=\"top\" width=\"47\"><strong>eleman<\/strong><\/td>\n<td colspan=\"2\" valign=\"top\" width=\"53\"><strong>C<\/strong><\/td>\n<td valign=\"top\" width=\"55\"><strong>S<\/strong><\/td>\n<td colspan=\"2\" valign=\"top\" width=\"59\"><strong>Mn<\/strong><\/td>\n<td valign=\"top\" width=\"59\"><strong>Si<\/strong><\/td>\n<td valign=\"top\" width=\"59\"><strong>P<\/strong><\/td>\n<td colspan=\"2\" valign=\"top\" width=\"59\"><strong>Cr<\/strong><\/td>\n<td valign=\"top\" width=\"59\"><strong>Ni<\/strong><\/td>\n<td colspan=\"2\" valign=\"top\" width=\"59\"><strong>Mo<\/strong><\/td>\n<td valign=\"top\" width=\"59\"><strong>Cu<\/strong><\/td>\n<td valign=\"top\" width=\"60\"><strong>V<\/strong><\/td>\n<\/tr>\n<tr>\n<td valign=\"top\" width=\"47\">standart<\/td>\n<td colspan=\"2\" valign=\"top\" width=\"53\">0.06-0.14<\/td>\n<td valign=\"top\" width=\"55\">\u22640.025<\/td>\n<td colspan=\"2\" valign=\"top\" width=\"59\">1.40-1.85<\/td>\n<td valign=\"top\" width=\"59\">0.80-1.15<\/td>\n<td valign=\"top\" width=\"59\">\u22640.025<\/td>\n<td colspan=\"2\" valign=\"top\" width=\"59\">\u22640.015<\/td>\n<td valign=\"top\" width=\"59\">\u22640.015<\/td>\n<td colspan=\"2\" valign=\"top\" width=\"59\">\u22640.015<\/td>\n<td valign=\"top\" width=\"59\">\u22640.35<\/td>\n<td valign=\"top\" width=\"60\">\u22640.03<\/td>\n<\/tr>\n<tr>\n<td valign=\"top\" width=\"47\">\u00d6rnek de\u011fer<\/td>\n<td colspan=\"2\" valign=\"top\" width=\"53\">0.075<\/td>\n<td valign=\"top\" width=\"55\">0.017<\/td>\n<td colspan=\"2\" valign=\"top\" width=\"59\">1.48<\/td>\n<td valign=\"top\" width=\"59\">0.87<\/td>\n<td valign=\"top\" width=\"59\">0.016<\/td>\n<td colspan=\"2\" valign=\"top\" width=\"59\">0.026<\/td>\n<td valign=\"top\" width=\"59\">0.013<\/td>\n<td colspan=\"2\" valign=\"top\" width=\"59\">0.015<\/td>\n<td valign=\"top\" width=\"59\">0.12<\/td>\n<td valign=\"top\" width=\"60\">0.01<\/td>\n<\/tr>\n<tr>\n<td colspan=\"15\" valign=\"top\" width=\"627\"><strong>Biriktirilen metalin mekanik \u00f6zellikleri<\/strong><\/td>\n<\/tr>\n<tr>\n<td colspan=\"2\" valign=\"top\" width=\"79\"><strong>Deneysel Proje<\/strong><\/td>\n<td colspan=\"3\" valign=\"top\" width=\"131\"><strong>G\u00fc\u00e7 Rm\uff08Mpa\uff09<\/strong><\/td>\n<td colspan=\"4\" valign=\"top\" width=\"144\"><strong>Akma dayan\u0131m\u0131 Rm\uff08Mpa\uff09<\/strong><\/td>\n<td colspan=\"3\" valign=\"top\" width=\"116\"><strong>uzama A\uff08%\uff09<\/strong><\/td>\n<td colspan=\"3\" valign=\"top\" width=\"157\"><strong>V-tipi darbe testi (J)-30 \u2103<\/strong><\/td>\n<\/tr>\n<tr>\n<td colspan=\"2\" valign=\"top\" width=\"79\">standart<\/td>\n<td colspan=\"3\" valign=\"top\" width=\"131\">\u2265500<\/td>\n<td colspan=\"4\" valign=\"top\" width=\"144\">\u2265420<\/td>\n<td colspan=\"3\" valign=\"top\" width=\"116\">\u226522<\/td>\n<td colspan=\"3\" valign=\"top\" width=\"157\">\u226527<\/td>\n<\/tr>\n<tr>\n<td colspan=\"2\" valign=\"top\" width=\"79\">\u00d6rnek de\u011fer<\/td>\n<td colspan=\"3\" valign=\"top\" width=\"131\">553<\/td>\n<td colspan=\"4\" valign=\"top\" width=\"144\">458<\/td>\n<td colspan=\"3\" valign=\"top\" width=\"116\">32<\/td>\n<td colspan=\"3\" valign=\"top\" width=\"157\">91<\/td>\n<\/tr>\n<\/tbody>\n<\/table>\n<div id='gallery-1' class='gallery galleryid-9281 gallery-columns-3 gallery-size-full'><figure class='gallery-item'>\n\t\t\t<div class='gallery-icon landscape'>\n\t\t\t\t<a href='https:\/\/www.sxwelding.com\/tr\/?attachment_id=9287'><img fetchpriority=\"high\" decoding=\"async\" width=\"800\" height=\"600\" src=\"https:\/\/www.sxwelding.com\/wp-content\/uploads\/2026\/03\/1745311480742930.jpg\" class=\"attachment-full size-full\" alt=\"\" srcset=\"https:\/\/www.sxwelding.com\/wp-content\/uploads\/2026\/03\/1745311480742930.jpg 800w, https:\/\/www.sxwelding.com\/wp-content\/uploads\/2026\/03\/1745311480742930-300x225.jpg 300w, https:\/\/www.sxwelding.com\/wp-content\/uploads\/2026\/03\/1745311480742930-768x576.jpg 768w, https:\/\/www.sxwelding.com\/wp-content\/uploads\/2026\/03\/1745311480742930-16x12.jpg 16w, https:\/\/www.sxwelding.com\/wp-content\/uploads\/2026\/03\/1745311480742930-600x450.jpg 600w\" sizes=\"(max-width: 800px) 100vw, 800px\" \/><\/a>\n\t\t\t<\/div><\/figure><figure class='gallery-item'>\n\t\t\t<div class='gallery-icon landscape'>\n\t\t\t\t<a href='https:\/\/www.sxwelding.com\/tr\/?attachment_id=9288'><img decoding=\"async\" width=\"800\" height=\"600\" src=\"https:\/\/www.sxwelding.com\/wp-content\/uploads\/2026\/03\/1745311526203421.jpg\" class=\"attachment-full size-full\" alt=\"\" srcset=\"https:\/\/www.sxwelding.com\/wp-content\/uploads\/2026\/03\/1745311526203421.jpg 800w, https:\/\/www.sxwelding.com\/wp-content\/uploads\/2026\/03\/1745311526203421-300x225.jpg 300w, https:\/\/www.sxwelding.com\/wp-content\/uploads\/2026\/03\/1745311526203421-600x450.jpg 600w, https:\/\/www.sxwelding.com\/wp-content\/uploads\/2026\/03\/1745311526203421-768x576.jpg 768w, https:\/\/www.sxwelding.com\/wp-content\/uploads\/2026\/03\/1745311526203421-16x12.jpg 16w\" sizes=\"(max-width: 800px) 100vw, 800px\" \/><\/a>\n\t\t\t<\/div><\/figure><figure class='gallery-item'>\n\t\t\t<div class='gallery-icon landscape'>\n\t\t\t\t<a href='https:\/\/www.sxwelding.com\/tr\/?attachment_id=9289'><img decoding=\"async\" width=\"800\" height=\"600\" src=\"https:\/\/www.sxwelding.com\/wp-content\/uploads\/2026\/03\/1745311536923533.jpg\" class=\"attachment-full size-full\" alt=\"\" srcset=\"https:\/\/www.sxwelding.com\/wp-content\/uploads\/2026\/03\/1745311536923533.jpg 800w, https:\/\/www.sxwelding.com\/wp-content\/uploads\/2026\/03\/1745311536923533-300x225.jpg 300w, https:\/\/www.sxwelding.com\/wp-content\/uploads\/2026\/03\/1745311536923533-600x450.jpg 600w, https:\/\/www.sxwelding.com\/wp-content\/uploads\/2026\/03\/1745311536923533-768x576.jpg 768w, https:\/\/www.sxwelding.com\/wp-content\/uploads\/2026\/03\/1745311536923533-16x12.jpg 16w\" sizes=\"(max-width: 800px) 100vw, 800px\" \/><\/a>\n\t\t\t<\/div><\/figure>\n\t\t<\/div>\n\n\t\t<div data-elementor-type=\"container\" data-elementor-id=\"9430\" class=\"elementor elementor-9430\" data-elementor-post-type=\"elementor_library\">\n\t\t\t\t<div class=\"elementor-element elementor-element-70aac977 e-flex e-con-boxed e-con e-parent\" data-id=\"70aac977\" data-element_type=\"container\" data-e-type=\"container\">\n\t\t\t\t\t<div class=\"e-con-inner\">\n\t\t\t\t<div class=\"elementor-element elementor-element-7240c1f9 elementor-widget elementor-widget-heading\" data-id=\"7240c1f9\" data-element_type=\"widget\" data-e-type=\"widget\" data-widget_type=\"heading.default\">\n\t\t\t\t<div class=\"elementor-widget-container\">\n\t\t\t\t\t<h2 class=\"elementor-heading-title elementor-size-default\">A\u00e7\u0131klama<\/h2>\t\t\t\t<\/div>\n\t\t\t\t<\/div>\n\t\t<div class=\"elementor-element elementor-element-5685a292 e-con-full e-flex e-con e-child\" data-id=\"5685a292\" data-element_type=\"container\" data-e-type=\"container\">\n\t\t<div class=\"elementor-element elementor-element-18eb16e3 e-grid e-con-full e-con e-child\" data-id=\"18eb16e3\" data-element_type=\"container\" data-e-type=\"container\">\n\t\t<div class=\"elementor-element elementor-element-71d95ce3 e-con-full e-flex e-con e-child\" data-id=\"71d95ce3\" data-element_type=\"container\" data-e-type=\"container\">\n\t\t\t\t<div class=\"elementor-element elementor-element-5fdd70e1 elementor-widget elementor-widget-heading\" data-id=\"5fdd70e1\" data-element_type=\"widget\" data-e-type=\"widget\" data-widget_type=\"heading.default\">\n\t\t\t\t<div class=\"elementor-widget-container\">\n\t\t\t\t\t<h2 class=\"elementor-heading-title elementor-size-default\">Temel \u00d6zellikler<\/h2>\t\t\t\t<\/div>\n\t\t\t\t<\/div>\n\t\t\t\t<div class=\"elementor-element elementor-element-5e5190a9 elementor-widget elementor-widget-text-editor\" data-id=\"5e5190a9\" data-element_type=\"widget\" data-e-type=\"widget\" data-widget_type=\"text-editor.default\">\n\t\t\t\t<div class=\"elementor-widget-container\">\n\t\t\t\t\t\t\t\t\t<ul data-start=\"640\" data-end=\"1331\"><li data-section-id=\"12li4s\" data-start=\"640\" data-end=\"769\"><strong data-start=\"642\" data-end=\"663\">Bak\u0131r Kaplama Yok<\/strong><br data-start=\"663\" data-end=\"666\" \/>Bak\u0131r kirlili\u011fini ortadan kald\u0131rarak kaynak sistemleri i\u00e7in daha \u00e7evre dostu ve daha temiz hale getirir.<\/li><li data-section-id=\"vcjy6b\" data-start=\"771\" data-end=\"891\"><strong data-start=\"773\" data-end=\"815\">Geli\u015fmi\u015f Y\u00fczey Aktivasyon Teknolojisi<\/strong><br data-start=\"815\" data-end=\"818\" \/>P\u00fcr\u00fczs\u00fcz y\u00fczey, geli\u015fmi\u015f korozyon direnci ve geli\u015ftirilmi\u015f dayan\u0131kl\u0131l\u0131k.<\/li><li data-section-id=\"1jz369d\" data-start=\"893\" data-end=\"1000\"><strong data-start=\"895\" data-end=\"932\">M\u00fckemmel Elektriksel \u0130letkenlik<\/strong><br data-start=\"932\" data-end=\"935\" \/>Kararl\u0131 ark ate\u015flemesi ve tutarl\u0131 kaynak performans\u0131 sa\u011flar.<\/li><li data-section-id=\"23hz25\" data-start=\"1002\" data-end=\"1106\"><strong data-start=\"1004\" data-end=\"1027\">Kararl\u0131 Tel Besleme<\/strong><br data-start=\"1027\" data-end=\"1030\" \/>Besleme direncini azalt\u0131r, y\u00fcksek h\u0131zl\u0131 ve otomatik kaynak i\u00e7in uygundur.<\/li><li data-section-id=\"1oaffc5\" data-start=\"1108\" data-end=\"1217\"><strong data-start=\"1110\" data-end=\"1148\">D\u00fc\u015f\u00fck S\u0131\u00e7rama ve \u0130yi Kaynak G\u00f6r\u00fcn\u00fcm\u00fc<\/strong><br data-start=\"1148\" data-end=\"1151\" \/>Minimum son i\u015flem gerektiren temiz kaynak diki\u015fleri \u00fcretir.<\/li><li data-section-id=\"1xwj9lb\" data-start=\"1219\" data-end=\"1331\"><strong data-start=\"1221\" data-end=\"1263\">S\u00fcrekli Kaynak i\u00e7in Y\u00fcksek Verimlilik<\/strong><br data-start=\"1263\" data-end=\"1266\" \/>Uzun \u00e7al\u0131\u015fma saatleri ve end\u00fcstriyel \u00f6l\u00e7ekli uygulamalar i\u00e7in idealdir.<\/li><\/ul>\t\t\t\t\t\t\t\t<\/div>\n\t\t\t\t<\/div>\n\t\t\t\t<\/div>\n\t\t<div class=\"elementor-element elementor-element-4db891b9 e-con-full e-flex e-con e-child\" data-id=\"4db891b9\" data-element_type=\"container\" data-e-type=\"container\">\n\t\t\t\t<div class=\"elementor-element elementor-element-4be9901c elementor-widget elementor-widget-heading\" data-id=\"4be9901c\" data-element_type=\"widget\" data-e-type=\"widget\" data-widget_type=\"heading.default\">\n\t\t\t\t<div class=\"elementor-widget-container\">\n\t\t\t\t\t<h2 class=\"elementor-heading-title elementor-size-default\">Teknik Performans<\/h2>\t\t\t\t<\/div>\n\t\t\t\t<\/div>\n\t\t\t\t<div class=\"elementor-element elementor-element-6682860f elementor-widget elementor-widget-text-editor\" data-id=\"6682860f\" data-element_type=\"widget\" data-e-type=\"widget\" data-widget_type=\"text-editor.default\">\n\t\t\t\t<div class=\"elementor-widget-container\">\n\t\t\t\t\t\t\t\t\t<ul data-start=\"2262\" data-end=\"2394\">\n \t<li data-section-id=\"80n4ue\" data-start=\"2262\" data-end=\"2302\">Kararl\u0131 ark ve p\u00fcr\u00fczs\u00fcz metal transferi<\/li>\n \t<li data-section-id=\"zfa6ys\" data-start=\"2303\" data-end=\"2331\">D\u00fc\u015f\u00fck g\u00f6zeneklilik hassasiyeti<\/li>\n \t<li data-section-id=\"1vf3tgp\" data-start=\"2332\" data-end=\"2362\">Y\u00fcksek biriktirme verimlili\u011fi<\/li>\n \t<li data-section-id=\"k7cmlb\" data-start=\"2363\" data-end=\"2394\">D\u00fczg\u00fcn kaynak kordon olu\u015fumu<\/li>\n<\/ul>\nTestler, bak\u0131r i\u00e7ermeyen kaynak telinin kaynak gerilme mukavemeti ve darbe emme enerjisi gibi mekanik \u00f6zelliklerinin bak\u0131r kapl\u0131 kaynak telininkilerle kar\u015f\u0131la\u015ft\u0131r\u0131labilir oldu\u011funu ve hatta belirli ko\u015fullar alt\u0131nda (d\u00fc\u015f\u00fck s\u0131cakl\u0131kta darbe gibi) daha \u00fcst\u00fcn oldu\u011funu ve y\u00fcksek mukavemetli \u00e7eli\u011fin kaynak gereksinimlerini kar\u015f\u0131lad\u0131\u011f\u0131n\u0131 g\u00f6stermektedir.\t\t\t\t\t\t\t\t<\/div>\n\t\t\t\t<\/div>\n\t\t\t\t<\/div>\n\t\t<div class=\"elementor-element elementor-element-33f9f378 e-con-full e-flex e-con e-child\" data-id=\"33f9f378\" data-element_type=\"container\" data-e-type=\"container\">\n\t\t\t\t<div class=\"elementor-element elementor-element-2a26c6a1 elementor-widget elementor-widget-heading\" data-id=\"2a26c6a1\" data-element_type=\"widget\" data-e-type=\"widget\" data-widget_type=\"heading.default\">\n\t\t\t\t<div class=\"elementor-widget-container\">\n\t\t\t\t\t<h2 class=\"elementor-heading-title elementor-size-default\">Uygulamalar<\/h2>\t\t\t\t<\/div>\n\t\t\t\t<\/div>\n\t\t\t\t<div class=\"elementor-element elementor-element-1f0f7fdf elementor-widget elementor-widget-text-editor\" data-id=\"1f0f7fdf\" data-element_type=\"widget\" data-e-type=\"widget\" data-widget_type=\"text-editor.default\">\n\t\t\t\t<div class=\"elementor-widget-container\">\n\t\t\t\t\t\t\t\t\t<p data-start=\"1359\" data-end=\"1432\">Bak\u0131rs\u0131z Kaynak Teli, a\u015fa\u011f\u0131dakiler de dahil olmak \u00fczere \u00e7e\u015fitli end\u00fcstrilerde yayg\u0131n olarak kullan\u0131lmaktad\u0131r:<\/p><ul data-start=\"1434\" data-end=\"1616\"><li data-section-id=\"unide5\" data-start=\"1434\" data-end=\"1459\">K\u00f6m\u00fcr madencili\u011fi makineleri<\/li><li data-section-id=\"19d9gij\" data-start=\"1460\" data-end=\"1486\">\u0130n\u015faat makineleri<\/li><li data-section-id=\"x6kl1i\" data-start=\"1487\" data-end=\"1512\">Gemi in\u015fa end\u00fcstrisi<\/li><li data-section-id=\"su4pla\" data-start=\"1513\" data-end=\"1535\">K\u00f6pr\u00fc m\u00fchendisli\u011fi<\/li><li data-section-id=\"1hf4m10\" data-start=\"1536\" data-end=\"1556\">Bas\u0131n\u00e7l\u0131 kaplar<\/li><li data-section-id=\"14x245y\" data-start=\"1557\" data-end=\"1588\">\u00c7elik yap\u0131 imalat\u0131<\/li><li data-section-id=\"c82j21\" data-start=\"1589\" data-end=\"1616\">Bina altyap\u0131s\u0131<\/li><\/ul><p data-start=\"1618\" data-end=\"1642\">Ayr\u0131ca \u015funlar i\u00e7in de uygundur:<\/p><ul data-start=\"1643\" data-end=\"1756\"><li data-section-id=\"ttcr13\" data-start=\"1643\" data-end=\"1670\">D\u00fc\u015f\u00fck ala\u015f\u0131ml\u0131 \u00e7elik kayna\u011f\u0131<\/li><li data-section-id=\"3me6md\" data-start=\"1671\" data-end=\"1693\">\u0130nce levha kayna\u011f\u0131<\/li><li data-section-id=\"prsm3f\" data-start=\"1694\" data-end=\"1720\">Boru hatt\u0131 \u00e7elik kayna\u011f\u0131<\/li><li data-section-id=\"p9rif3\" data-start=\"1721\" data-end=\"1756\">Y\u00fcksek h\u0131zl\u0131 kaynak uygulamalar\u0131<\/li><\/ul>\t\t\t\t\t\t\t\t<\/div>\n\t\t\t\t<\/div>\n\t\t\t\t<\/div>\n\t\t<div class=\"elementor-element elementor-element-5bb4d65e e-con-full e-flex e-con e-child\" data-id=\"5bb4d65e\" data-element_type=\"container\" data-e-type=\"container\">\n\t\t\t\t<div class=\"elementor-element elementor-element-3c65a2b6 elementor-widget elementor-widget-heading\" data-id=\"3c65a2b6\" data-element_type=\"widget\" data-e-type=\"widget\" data-widget_type=\"heading.default\">\n\t\t\t\t<div class=\"elementor-widget-container\">\n\t\t\t\t\t<h2 class=\"elementor-heading-title elementor-size-default\">\u00dcr\u00fcn Avantajlar\u0131<\/h2>\t\t\t\t<\/div>\n\t\t\t\t<\/div>\n\t\t\t\t<div class=\"elementor-element elementor-element-2ea5f744 elementor-widget elementor-widget-text-editor\" data-id=\"2ea5f744\" data-element_type=\"widget\" data-e-type=\"widget\" data-widget_type=\"text-editor.default\">\n\t\t\t\t<div class=\"elementor-widget-container\">\n\t\t\t\t\t\t\t\t\t<ul data-start=\"1790\" data-end=\"2225\"><li data-section-id=\"dyr4bi\" data-start=\"1790\" data-end=\"1901\">Geli\u015ftirilmi\u015f Kaynak Kararl\u0131l\u0131\u011f\u0131: Bak\u0131r i\u00e7ermeyen kaynak telinin y\u00fczey kaplamas\u0131, ark stabilitesini art\u0131ran, erimi\u015f damlac\u0131klar\u0131 rafine eden ve s\u0131\u00e7ramay\u0131 azaltan aktif bile\u015fenler i\u00e7erir. \u00d6zel i\u015flem, s\u0131\u00e7rama kontrol\u00fc ve ark kararl\u0131l\u0131\u011f\u0131 sa\u011flar.<\/li><li data-section-id=\"qcoaro\" data-start=\"1903\" data-end=\"2021\">Geli\u015ftirilmi\u015f Korozyon Direnci: Baz\u0131 bak\u0131r i\u00e7ermeyen kaynak teli y\u00fczey i\u015fleme teknolojileri pas \u00f6nleme ve korozyon direncini bir araya getirerek \u00f6zellikle nemli ortamlarda telin depolama \u00f6mr\u00fcn\u00fc uzat\u0131r.<\/li><li data-section-id=\"2riw35\" data-start=\"2023\" data-end=\"2125\">Geni\u015f Uygulanabilirlik: Bak\u0131r i\u00e7ermeyen kaynak teli, CO2 gaz\u0131 korumal\u0131 kaynakta ve kar\u0131\u015f\u0131k gaz korumal\u0131 kaynakta (Ar+CO2 gibi) iyi bir uyumluluk sergiler ve \u00e7e\u015fitli \u00e7eliklerin (Q345B, d\u00fc\u015f\u00fck karbonlu \u00e7elik vb.) kayna\u011f\u0131 i\u00e7in uygundur.<\/li><li data-section-id=\"1y0ezdm\" data-start=\"2127\" data-end=\"2225\">Operasyonel G\u00fcvenlik: Bak\u0131r i\u00e7ermeyen kaynak teli bak\u0131r katman i\u00e7ermez, bu nedenle kaynak s\u0131ras\u0131nda bak\u0131r duman\u0131 veya zararl\u0131 gazlar \u00fcretmez, operat\u00f6rler i\u00e7in sa\u011fl\u0131k tehditlerini azalt\u0131r ve \u00f6zellikle kapal\u0131 veya k\u00f6t\u00fc havaland\u0131r\u0131lan \u00e7al\u0131\u015fma ortamlar\u0131 i\u00e7in uygundur.<\/li><\/ul>\t\t\t\t\t\t\t\t<\/div>\n\t\t\t\t<\/div>\n\t\t\t\t<\/div>\n\t\t\t\t<\/div>\n\t\t\t\t<\/div>\n\t\t\t\t\t<\/div>\n\t\t\t\t<\/div>\n\t\t\t\t<\/div>","protected":false},"excerpt":{"rendered":"<p>Bak\u0131rs\u0131z Kaynak Teli, hem \u00fcretim hem de kullan\u0131m s\u0131ras\u0131nda bak\u0131r kontaminasyonunu ortadan kald\u0131ran geli\u015fmi\u015f bir malzemedir. \u00d6zel y\u00fczey aktivasyon teknolojisi ile p\u00fcr\u00fczs\u00fcz bir y\u00fczey, g\u00fc\u00e7l\u00fc pas \u00f6nleme performans\u0131 ve m\u00fckemmel elektrik iletkenli\u011fi sunar.<\/p>","protected":false},"featured_media":9614,"comment_status":"closed","ping_status":"closed","template":"","meta":{"_seopress_robots_primary_cat":"none","_seopress_titles_title":"Copper-Free Welding Wire Manufacturer | Non Copper Coated Welding Wire Supplier","_seopress_titles_desc":"High-quality copper-free welding wire with no copper contamination, excellent conductivity, and stable feeding. Ideal for steel structures, pipelines, and industrial welding applications.","_seopress_robots_index":"","site-sidebar-layout":"default","site-content-layout":"","ast-site-content-layout":"default","site-content-style":"default","site-sidebar-style":"default","ast-global-header-display":"","ast-banner-title-visibility":"","ast-main-header-display":"","ast-hfb-above-header-display":"","ast-hfb-below-header-display":"","ast-hfb-mobile-header-display":"","site-post-title":"","ast-breadcrumbs-content":"","ast-featured-img":"","footer-sml-layout":"","theme-transparent-header-meta":"default","adv-header-id-meta":"","stick-header-meta":"default","header-above-stick-meta":"","header-main-stick-meta":"","header-below-stick-meta":"","astra-migrate-meta-layouts":"set","ast-page-background-enabled":"default","ast-page-background-meta":{"desktop":{"background-color":"var(--ast-global-color-4)","background-image":"","background-repeat":"repeat","background-position":"center center","background-size":"auto","background-attachment":"scroll","background-type":"","background-media":"","overlay-type":"","overlay-color":"","overlay-opacity":"","overlay-gradient":""},"tablet":{"background-color":"","background-image":"","background-repeat":"repeat","background-position":"center center","background-size":"auto","background-attachment":"scroll","background-type":"","background-media":"","overlay-type":"","overlay-color":"","overlay-opacity":"","overlay-gradient":""},"mobile":{"background-color":"","background-image":"","background-repeat":"repeat","background-position":"center center","background-size":"auto","background-attachment":"scroll","background-type":"","background-media":"","overlay-type":"","overlay-color":"","overlay-opacity":"","overlay-gradient":""}},"ast-content-background-meta":{"desktop":{"background-color":"var(--ast-global-color-5)","background-image":"","background-repeat":"repeat","background-position":"center center","background-size":"auto","background-attachment":"scroll","background-type":"","background-media":"","overlay-type":"","overlay-color":"","overlay-opacity":"","overlay-gradient":""},"tablet":{"background-color":"var(--ast-global-color-5)","background-image":"","background-repeat":"repeat","background-position":"center center","background-size":"auto","background-attachment":"scroll","background-type":"","background-media":"","overlay-type":"","overlay-color":"","overlay-opacity":"","overlay-gradient":""},"mobile":{"background-color":"var(--ast-global-color-5)","background-image":"","background-repeat":"repeat","background-position":"center center","background-size":"auto","background-attachment":"scroll","background-type":"","background-media":"","overlay-type":"","overlay-color":"","overlay-opacity":"","overlay-gradient":""}}},"product_brand":[],"product_cat":[94],"product_tag":[],"class_list":{"0":"post-9281","1":"product","2":"type-product","3":"status-publish","4":"has-post-thumbnail","6":"product_cat-non-copper-coated-welding-wire","7":"desktop-align-center","8":"tablet-align-left","9":"mobile-align-left","10":"ast-product-gallery-layout-horizontal-slider","11":"ast-product-tabs-layout-horizontal","13":"first","14":"instock","15":"shipping-taxable","16":"product-type-simple"},"_links":{"self":[{"href":"https:\/\/www.sxwelding.com\/tr\/wp-json\/wp\/v2\/product\/9281","targetHints":{"allow":["GET"]}}],"collection":[{"href":"https:\/\/www.sxwelding.com\/tr\/wp-json\/wp\/v2\/product"}],"about":[{"href":"https:\/\/www.sxwelding.com\/tr\/wp-json\/wp\/v2\/types\/product"}],"replies":[{"embeddable":true,"href":"https:\/\/www.sxwelding.com\/tr\/wp-json\/wp\/v2\/comments?post=9281"}],"wp:featuredmedia":[{"embeddable":true,"href":"https:\/\/www.sxwelding.com\/tr\/wp-json\/wp\/v2\/media\/9614"}],"wp:attachment":[{"href":"https:\/\/www.sxwelding.com\/tr\/wp-json\/wp\/v2\/media?parent=9281"}],"wp:term":[{"taxonomy":"product_brand","embeddable":true,"href":"https:\/\/www.sxwelding.com\/tr\/wp-json\/wp\/v2\/product_brand?post=9281"},{"taxonomy":"product_cat","embeddable":true,"href":"https:\/\/www.sxwelding.com\/tr\/wp-json\/wp\/v2\/product_cat?post=9281"},{"taxonomy":"product_tag","embeddable":true,"href":"https:\/\/www.sxwelding.com\/tr\/wp-json\/wp\/v2\/product_tag?post=9281"}],"curies":[{"name":"wp","href":"https:\/\/api.w.org\/{rel}","templated":true}]}}