{"id":9296,"date":"2026-03-27T01:55:46","date_gmt":"2026-03-27T01:55:46","guid":{"rendered":"http:\/\/www.sxwelding.com\/?post_type=product&#038;p=9296"},"modified":"2026-03-28T02:28:50","modified_gmt":"2026-03-28T02:28:50","slug":"argon-arc-welding-wire","status":"publish","type":"product","link":"https:\/\/www.sxwelding.com\/tr\/urun\/argon-ark-kaynak-teli%cc%87\/","title":{"rendered":"Argon Ark Kaynak Teli"},"content":{"rendered":"<p data-start=\"140\" data-end=\"323\">Our TIG Welding Wire is available in two main strength grades: <strong data-start=\"203\" data-end=\"213\">500MPa<\/strong> and <strong data-start=\"218\" data-end=\"235\">600MPa series<\/strong>, covering more than 20 specifications with diameters ranging from <strong data-start=\"302\" data-end=\"320\">1.6mm to 4.0mm<\/strong>.<\/p>\n<p data-start=\"325\" data-end=\"519\">Designed for precision welding applications, this product delivers stable arc performance, concentrated heat, and high welding efficiency, making it suitable for a wide range of industrial uses.<\/p>\n<table>\n<tbody>\n<tr class=\"firstRow\">\n<td colspan=\"13\" valign=\"top\" width=\"648\"><strong>ER50-6 kimyasal bile\u015fimi (%)<\/strong><\/td>\n<\/tr>\n<tr>\n<td valign=\"top\" width=\"67\"><strong>eleman<\/strong><\/td>\n<td valign=\"top\" width=\"53\"><strong>C<\/strong><\/td>\n<td valign=\"top\" width=\"55\"><strong>S<\/strong><\/td>\n<td colspan=\"2\" valign=\"top\" width=\"59\"><strong>Mn<\/strong><\/td>\n<td valign=\"top\" width=\"59\"><strong>Si<\/strong><\/td>\n<td valign=\"top\" width=\"59\"><strong>P<\/strong><\/td>\n<td colspan=\"2\" valign=\"top\" width=\"59\"><strong>Cr<\/strong><\/td>\n<td valign=\"top\" width=\"59\"><strong>Ni<\/strong><\/td>\n<td valign=\"top\" width=\"59\"><strong>Mo<\/strong><\/td>\n<td valign=\"top\" width=\"59\"><strong>Cu<\/strong><\/td>\n<td valign=\"top\" width=\"60\"><strong>V<\/strong><\/td>\n<\/tr>\n<tr>\n<td valign=\"top\" width=\"67\">standart<\/td>\n<td valign=\"top\" width=\"53\">0.06-<\/p>\n<p>0.14<\/td>\n<td valign=\"top\" width=\"55\">\u22640.025<\/td>\n<td colspan=\"2\" valign=\"top\" width=\"59\">1.40-1.85<\/td>\n<td valign=\"top\" width=\"79\">0.80-1.15<\/td>\n<td valign=\"top\" width=\"59\">\u22640.025<\/td>\n<td colspan=\"2\" valign=\"top\" width=\"59\">\u22640.015<\/td>\n<td valign=\"top\" width=\"59\">\u22640.015<\/td>\n<td valign=\"top\" width=\"59\">\u22640.015<\/td>\n<td valign=\"top\" width=\"59\">\u22640.35<\/td>\n<td valign=\"top\" width=\"60\">\u22640.03<\/td>\n<\/tr>\n<tr>\n<td valign=\"top\" width=\"67\">\u00d6rnek de\u011fer<\/td>\n<td valign=\"top\" width=\"53\">0.075<\/td>\n<td valign=\"top\" width=\"55\">0.017<\/td>\n<td colspan=\"2\" valign=\"top\" width=\"59\">1.48<\/td>\n<td valign=\"top\" width=\"59\">0.87<\/td>\n<td valign=\"top\" width=\"59\">0.016<\/td>\n<td colspan=\"2\" valign=\"top\" width=\"59\">0.026<\/td>\n<td valign=\"top\" width=\"59\">0.013<\/td>\n<td valign=\"top\" width=\"59\">0.015<\/td>\n<td valign=\"top\" width=\"59\">0.12<\/td>\n<td valign=\"top\" width=\"60\">0.01<\/td>\n<\/tr>\n<tr>\n<td colspan=\"13\" valign=\"top\" width=\"648\"><strong>Mechanical properties of ER50-6\/TG50 weld metal<\/strong><\/td>\n<\/tr>\n<tr>\n<td valign=\"top\" width=\"67\"><strong>test<\/strong><\/td>\n<td colspan=\"3\" valign=\"top\" width=\"135\"><strong>G\u00fc\u00e7 Rm\uff08Mpa\uff09<\/strong><\/td>\n<td colspan=\"4\" valign=\"top\" width=\"157\"><strong>Yield strength Rm\uff08Mpa\uff09<\/strong><\/td>\n<td colspan=\"2\" valign=\"top\" width=\"111\"><strong>uzama A\uff08%\uff09<\/strong><\/td>\n<td colspan=\"3\" valign=\"top\" width=\"178\"><strong>V-type impact test(J)-30\u2103<\/strong><\/td>\n<\/tr>\n<tr>\n<td valign=\"top\" width=\"67\">standart<\/td>\n<td colspan=\"3\" valign=\"top\" width=\"135\">\u2265500<\/td>\n<td colspan=\"4\" valign=\"top\" width=\"157\">\u2265420<\/td>\n<td colspan=\"2\" valign=\"top\" width=\"111\">\u226522<\/td>\n<td colspan=\"3\" valign=\"top\" width=\"178\">\u226527<\/td>\n<\/tr>\n<tr>\n<td valign=\"top\" width=\"67\">\u00d6rnek de\u011fer<\/td>\n<td colspan=\"3\" valign=\"top\" width=\"135\">557<\/td>\n<td colspan=\"4\" valign=\"top\" width=\"157\">439<\/td>\n<td colspan=\"2\" valign=\"top\" width=\"111\">28<\/td>\n<td colspan=\"3\" valign=\"top\" width=\"178\">90<\/td>\n<\/tr>\n<\/tbody>\n<\/table>\n<div id='gallery-1' class='gallery galleryid-9296 gallery-columns-3 gallery-size-full'><figure class='gallery-item'>\n\t\t\t<div class='gallery-icon landscape'>\n\t\t\t\t<a href='https:\/\/www.sxwelding.com\/tr\/?attachment_id=9416'><img fetchpriority=\"high\" decoding=\"async\" width=\"600\" height=\"600\" src=\"https:\/\/www.sxwelding.com\/wp-content\/uploads\/2026\/03\/01-17.png\" class=\"attachment-full size-full\" alt=\"\" srcset=\"https:\/\/www.sxwelding.com\/wp-content\/uploads\/2026\/03\/01-17.png 600w, https:\/\/www.sxwelding.com\/wp-content\/uploads\/2026\/03\/01-17-300x300.png 300w, https:\/\/www.sxwelding.com\/wp-content\/uploads\/2026\/03\/01-17-150x150.png 150w, https:\/\/www.sxwelding.com\/wp-content\/uploads\/2026\/03\/01-17-12x12.png 12w, https:\/\/www.sxwelding.com\/wp-content\/uploads\/2026\/03\/01-17-100x100.png 100w\" sizes=\"(max-width: 600px) 100vw, 600px\" \/><\/a>\n\t\t\t<\/div><\/figure><figure class='gallery-item'>\n\t\t\t<div class='gallery-icon landscape'>\n\t\t\t\t<a href='https:\/\/www.sxwelding.com\/tr\/?attachment_id=9299'><img decoding=\"async\" width=\"600\" height=\"600\" src=\"https:\/\/www.sxwelding.com\/wp-content\/uploads\/2026\/03\/01-3.png\" class=\"attachment-full size-full\" alt=\"\" srcset=\"https:\/\/www.sxwelding.com\/wp-content\/uploads\/2026\/03\/01-3.png 600w, https:\/\/www.sxwelding.com\/wp-content\/uploads\/2026\/03\/01-3-300x300.png 300w, https:\/\/www.sxwelding.com\/wp-content\/uploads\/2026\/03\/01-3-150x150.png 150w, https:\/\/www.sxwelding.com\/wp-content\/uploads\/2026\/03\/01-3-12x12.png 12w, https:\/\/www.sxwelding.com\/wp-content\/uploads\/2026\/03\/01-3-100x100.png 100w\" sizes=\"(max-width: 600px) 100vw, 600px\" \/><\/a>\n\t\t\t<\/div><\/figure><figure class='gallery-item'>\n\t\t\t<div class='gallery-icon landscape'>\n\t\t\t\t<a href='https:\/\/www.sxwelding.com\/tr\/?attachment_id=9300'><img decoding=\"async\" width=\"600\" height=\"600\" src=\"https:\/\/www.sxwelding.com\/wp-content\/uploads\/2026\/03\/02-2.png\" class=\"attachment-full size-full\" alt=\"\" srcset=\"https:\/\/www.sxwelding.com\/wp-content\/uploads\/2026\/03\/02-2.png 600w, https:\/\/www.sxwelding.com\/wp-content\/uploads\/2026\/03\/02-2-300x300.png 300w, https:\/\/www.sxwelding.com\/wp-content\/uploads\/2026\/03\/02-2-150x150.png 150w, https:\/\/www.sxwelding.com\/wp-content\/uploads\/2026\/03\/02-2-12x12.png 12w, https:\/\/www.sxwelding.com\/wp-content\/uploads\/2026\/03\/02-2-100x100.png 100w\" sizes=\"(max-width: 600px) 100vw, 600px\" \/><\/a>\n\t\t\t<\/div><\/figure>\n\t\t<\/div>\n\n\t\t<div data-elementor-type=\"container\" data-elementor-id=\"9420\" class=\"elementor elementor-9420\" data-elementor-post-type=\"elementor_library\">\n\t\t\t\t<div class=\"elementor-element elementor-element-b6c29de e-flex e-con-boxed e-con e-parent\" data-id=\"b6c29de\" data-element_type=\"container\" data-e-type=\"container\">\n\t\t\t\t\t<div class=\"e-con-inner\">\n\t\t\t\t<div class=\"elementor-element elementor-element-4d4bf83 elementor-widget elementor-widget-heading\" data-id=\"4d4bf83\" data-element_type=\"widget\" data-e-type=\"widget\" data-widget_type=\"heading.default\">\n\t\t\t\t<div class=\"elementor-widget-container\">\n\t\t\t\t\t<h2 class=\"elementor-heading-title elementor-size-default\">A\u00e7\u0131klama<\/h2>\t\t\t\t<\/div>\n\t\t\t\t<\/div>\n\t\t<div class=\"elementor-element elementor-element-9f0b7d7 e-con-full e-flex e-con e-child\" data-id=\"9f0b7d7\" data-element_type=\"container\" data-e-type=\"container\">\n\t\t<div class=\"elementor-element elementor-element-db2625f e-grid e-con-full e-con e-child\" data-id=\"db2625f\" data-element_type=\"container\" data-e-type=\"container\">\n\t\t<div class=\"elementor-element elementor-element-57bccad e-con-full e-flex e-con e-child\" data-id=\"57bccad\" data-element_type=\"container\" data-e-type=\"container\">\n\t\t\t\t<div class=\"elementor-element elementor-element-9ddd846 elementor-widget elementor-widget-heading\" data-id=\"9ddd846\" data-element_type=\"widget\" data-e-type=\"widget\" data-widget_type=\"heading.default\">\n\t\t\t\t<div class=\"elementor-widget-container\">\n\t\t\t\t\t<h2 class=\"elementor-heading-title elementor-size-default\">Temel \u00d6zellikler<\/h2>\t\t\t\t<\/div>\n\t\t\t\t<\/div>\n\t\t\t\t<div class=\"elementor-element elementor-element-9573b21 elementor-widget elementor-widget-text-editor\" data-id=\"9573b21\" data-element_type=\"widget\" data-e-type=\"widget\" data-widget_type=\"text-editor.default\">\n\t\t\t\t<div class=\"elementor-widget-container\">\n\t\t\t\t\t\t\t\t\t<ul data-start=\"547\" data-end=\"1129\"><li data-section-id=\"1ps902j\" data-start=\"547\" data-end=\"639\"><strong data-start=\"549\" data-end=\"575\">Kararl\u0131 Ark Performans\u0131<\/strong><br data-start=\"575\" data-end=\"578\" \/>Ensures smooth arc ignition and consistent welding quality.<\/li><li data-section-id=\"1vdf5sb\" data-start=\"641\" data-end=\"745\"><strong data-start=\"643\" data-end=\"687\">High Arc Temperature &amp; Concentrated Heat<\/strong><br data-start=\"687\" data-end=\"690\" \/>Improves penetration and enhances welding efficiency.<\/li><li data-section-id=\"e2ziw0\" data-start=\"747\" data-end=\"854\"><strong data-start=\"749\" data-end=\"784\">Narrow Heat-Affected Zone (HAZ)<\/strong><br data-start=\"784\" data-end=\"787\" \/>Minimizes material distortion and maintains structural integrity.<\/li><li data-section-id=\"1n800yy\" data-start=\"856\" data-end=\"953\"><strong data-start=\"858\" data-end=\"894\">Low Deformation &amp; Crack Tendency<\/strong><br data-start=\"894\" data-end=\"897\" \/>Reduces internal stress and improves weld reliability.<\/li><li data-section-id=\"1iiz3ij\" data-start=\"955\" data-end=\"1033\"><strong data-start=\"957\" data-end=\"980\">Smooth Wire Surface<\/strong><br data-start=\"980\" data-end=\"983\" \/>Enhances arc stability and weld seam appearance.<\/li><li data-section-id=\"nuvkxx\" data-start=\"1035\" data-end=\"1129\"><strong data-start=\"1037\" data-end=\"1066\">Excellent Weld Appearance<\/strong><br data-start=\"1066\" data-end=\"1069\" \/>Produces uniform, clean, and aesthetically pleasing welds.<\/li><\/ul>\t\t\t\t\t\t\t\t<\/div>\n\t\t\t\t<\/div>\n\t\t\t\t<\/div>\n\t\t<div class=\"elementor-element elementor-element-f436910 e-con-full e-flex e-con e-child\" data-id=\"f436910\" data-element_type=\"container\" data-e-type=\"container\">\n\t\t\t\t<div class=\"elementor-element elementor-element-80d426e elementor-widget elementor-widget-heading\" data-id=\"80d426e\" data-element_type=\"widget\" data-e-type=\"widget\" data-widget_type=\"heading.default\">\n\t\t\t\t<div class=\"elementor-widget-container\">\n\t\t\t\t\t<h2 class=\"elementor-heading-title elementor-size-default\">Advanced Manufacturing Technology<\/h2>\t\t\t\t<\/div>\n\t\t\t\t<\/div>\n\t\t\t\t<div class=\"elementor-element elementor-element-36eba0a elementor-widget elementor-widget-text-editor\" data-id=\"36eba0a\" data-element_type=\"widget\" data-e-type=\"widget\" data-widget_type=\"text-editor.default\">\n\t\t\t\t<div class=\"elementor-widget-container\">\n\t\t\t\t\t\t\t\t\t<ul data-start=\"1178\" data-end=\"1424\"><li data-section-id=\"iula08\" data-start=\"1178\" data-end=\"1254\">Uses\u00a0<strong data-start=\"1185\" data-end=\"1224\">special high-precision drawing dies<\/strong>\u00a0and\u00a0<strong data-start=\"1229\" data-end=\"1252\">straightening molds<\/strong><\/li><li data-section-id=\"hfr0su\" data-start=\"1255\" data-end=\"1322\">Ensures\u00a0<strong data-start=\"1265\" data-end=\"1290\">uniform wire diameter<\/strong>\u00a0and high dimensional accuracy<\/li><li data-section-id=\"ywtj6l\" data-start=\"1323\" data-end=\"1369\">Minimizes surface damage during production<\/li><li data-section-id=\"1l8uno\" data-start=\"1370\" data-end=\"1424\">Improves overall welding stability and consistency<\/li><\/ul>\t\t\t\t\t\t\t\t<\/div>\n\t\t\t\t<\/div>\n\t\t\t\t<\/div>\n\t\t<div class=\"elementor-element elementor-element-d1dd6d4 e-con-full e-flex e-con e-child\" data-id=\"d1dd6d4\" data-element_type=\"container\" data-e-type=\"container\">\n\t\t\t\t<div class=\"elementor-element elementor-element-a956d28 elementor-widget elementor-widget-heading\" data-id=\"a956d28\" data-element_type=\"widget\" data-e-type=\"widget\" data-widget_type=\"heading.default\">\n\t\t\t\t<div class=\"elementor-widget-container\">\n\t\t\t\t\t<h2 class=\"elementor-heading-title elementor-size-default\">Uygulamalar<\/h2>\t\t\t\t<\/div>\n\t\t\t\t<\/div>\n\t\t\t\t<div class=\"elementor-element elementor-element-bb54019 elementor-widget elementor-widget-text-editor\" data-id=\"bb54019\" data-element_type=\"widget\" data-e-type=\"widget\" data-widget_type=\"text-editor.default\">\n\t\t\t\t<div class=\"elementor-widget-container\">\n\t\t\t\t\t\t\t\t\t<p>TIG Welding Wire is widely used in:<br \/>\u2022 Steel structure fabrication<br \/>\u2022 Pressure vessels<br \/>\u2022 Pipeline welding<br \/>\u2022 Mechanical manufacturing<br \/>\u2022 Shipbuilding industry<br \/>\u2022 Precision components welding<br \/>Suitable for:<br \/>\u2022 Carbon steel and low-alloy steel<br \/>\u2022 Full-position welding applications<br \/>\u2022 High-quality and precision welding requirements<\/p>\t\t\t\t\t\t\t\t<\/div>\n\t\t\t\t<\/div>\n\t\t\t\t<\/div>\n\t\t<div class=\"elementor-element elementor-element-13cdeee e-con-full e-flex e-con e-child\" data-id=\"13cdeee\" data-element_type=\"container\" data-e-type=\"container\">\n\t\t\t\t<div class=\"elementor-element elementor-element-b4a0aab elementor-widget elementor-widget-heading\" data-id=\"b4a0aab\" data-element_type=\"widget\" data-e-type=\"widget\" data-widget_type=\"heading.default\">\n\t\t\t\t<div class=\"elementor-widget-container\">\n\t\t\t\t\t<h2 class=\"elementor-heading-title elementor-size-default\">\u00dcr\u00fcn Avantajlar\u0131<\/h2>\t\t\t\t<\/div>\n\t\t\t\t<\/div>\n\t\t\t\t<div class=\"elementor-element elementor-element-b90ff0a elementor-widget elementor-widget-text-editor\" data-id=\"b90ff0a\" data-element_type=\"widget\" data-e-type=\"widget\" data-widget_type=\"text-editor.default\">\n\t\t\t\t<div class=\"elementor-widget-container\">\n\t\t\t\t\t\t\t\t\t<p>Wide range of specifications (1.6mm\u20134.0mm)<br \/>\u2022 Covers multiple strength grades (500MPa \/ 600MPa)<br \/>\u2022 Suitable for automated and manual TIG welding<br \/>\u2022 Flexible welding performance with high efficiency<br \/>\u2022 Consistent quality meeting industrial standards<\/p>\t\t\t\t\t\t\t\t<\/div>\n\t\t\t\t<\/div>\n\t\t\t\t<\/div>\n\t\t\t\t<\/div>\n\t\t\t\t<\/div>\n\t\t\t\t\t<\/div>\n\t\t\t\t<\/div>\n\t\t\t\t<\/div>\n\t\t\n<p>&nbsp;<\/p>","protected":false},"excerpt":{"rendered":"<p>TIG Kaynak Telimiz iki ana mukavemet derecesinde mevcuttur: 500MPa ve 600MPa serisi, 1,6 mm ila 4,0 mm aras\u0131nda de\u011fi\u015fen \u00e7aplarda 20'den fazla spesifikasyonu kapsar.<\/p>","protected":false},"featured_media":9415,"comment_status":"closed","ping_status":"closed","template":"","meta":{"_seopress_robots_primary_cat":"none","_seopress_titles_title":"TIG Welding Wire Manufacturer | Argon Arc Welding Wire 500MPa 600MPa","_seopress_titles_desc":"High-quality TIG welding wire with stable arc, smooth surface, and excellent weld performance. Available in 500MPa & 600MPa grades for precision welding applications.","_seopress_robots_index":"","site-sidebar-layout":"default","site-content-layout":"","ast-site-content-layout":"default","site-content-style":"default","site-sidebar-style":"default","ast-global-header-display":"","ast-banner-title-visibility":"","ast-main-header-display":"","ast-hfb-above-header-display":"","ast-hfb-below-header-display":"","ast-hfb-mobile-header-display":"","site-post-title":"","ast-breadcrumbs-content":"","ast-featured-img":"","footer-sml-layout":"","theme-transparent-header-meta":"default","adv-header-id-meta":"","stick-header-meta":"default","header-above-stick-meta":"","header-main-stick-meta":"","header-below-stick-meta":"","astra-migrate-meta-layouts":"set","ast-page-background-enabled":"default","ast-page-background-meta":{"desktop":{"background-color":"var(--ast-global-color-4)","background-image":"","background-repeat":"repeat","background-position":"center center","background-size":"auto","background-attachment":"scroll","background-type":"","background-media":"","overlay-type":"","overlay-color":"","overlay-opacity":"","overlay-gradient":""},"tablet":{"background-color":"","background-image":"","background-repeat":"repeat","background-position":"center center","background-size":"auto","background-attachment":"scroll","background-type":"","background-media":"","overlay-type":"","overlay-color":"","overlay-opacity":"","overlay-gradient":""},"mobile":{"background-color":"","background-image":"","background-repeat":"repeat","background-position":"center center","background-size":"auto","background-attachment":"scroll","background-type":"","background-media":"","overlay-type":"","overlay-color":"","overlay-opacity":"","overlay-gradient":""}},"ast-content-background-meta":{"desktop":{"background-color":"var(--ast-global-color-5)","background-image":"","background-repeat":"repeat","background-position":"center center","background-size":"auto","background-attachment":"scroll","background-type":"","background-media":"","overlay-type":"","overlay-color":"","overlay-opacity":"","overlay-gradient":""},"tablet":{"background-color":"var(--ast-global-color-5)","background-image":"","background-repeat":"repeat","background-position":"center center","background-size":"auto","background-attachment":"scroll","background-type":"","background-media":"","overlay-type":"","overlay-color":"","overlay-opacity":"","overlay-gradient":""},"mobile":{"background-color":"var(--ast-global-color-5)","background-image":"","background-repeat":"repeat","background-position":"center center","background-size":"auto","background-attachment":"scroll","background-type":"","background-media":"","overlay-type":"","overlay-color":"","overlay-opacity":"","overlay-gradient":""}}},"product_brand":[],"product_cat":[89],"product_tag":[],"class_list":{"0":"post-9296","1":"product","2":"type-product","3":"status-publish","4":"has-post-thumbnail","6":"product_cat-argon-arc-welding-wire","7":"desktop-align-center","8":"tablet-align-left","9":"mobile-align-left","10":"ast-product-gallery-layout-horizontal-slider","11":"ast-product-tabs-layout-horizontal","13":"first","14":"instock","15":"shipping-taxable","16":"product-type-simple"},"_links":{"self":[{"href":"https:\/\/www.sxwelding.com\/tr\/wp-json\/wp\/v2\/product\/9296","targetHints":{"allow":["GET"]}}],"collection":[{"href":"https:\/\/www.sxwelding.com\/tr\/wp-json\/wp\/v2\/product"}],"about":[{"href":"https:\/\/www.sxwelding.com\/tr\/wp-json\/wp\/v2\/types\/product"}],"replies":[{"embeddable":true,"href":"https:\/\/www.sxwelding.com\/tr\/wp-json\/wp\/v2\/comments?post=9296"}],"wp:featuredmedia":[{"embeddable":true,"href":"https:\/\/www.sxwelding.com\/tr\/wp-json\/wp\/v2\/media\/9415"}],"wp:attachment":[{"href":"https:\/\/www.sxwelding.com\/tr\/wp-json\/wp\/v2\/media?parent=9296"}],"wp:term":[{"taxonomy":"product_brand","embeddable":true,"href":"https:\/\/www.sxwelding.com\/tr\/wp-json\/wp\/v2\/product_brand?post=9296"},{"taxonomy":"product_cat","embeddable":true,"href":"https:\/\/www.sxwelding.com\/tr\/wp-json\/wp\/v2\/product_cat?post=9296"},{"taxonomy":"product_tag","embeddable":true,"href":"https:\/\/www.sxwelding.com\/tr\/wp-json\/wp\/v2\/product_tag?post=9296"}],"curies":[{"name":"wp","href":"https:\/\/api.w.org\/{rel}","templated":true}]}}