{"id":9367,"date":"2026-03-27T06:03:21","date_gmt":"2026-03-27T06:03:21","guid":{"rendered":"http:\/\/www.sxwelding.com\/?post_type=product&#038;p=9367"},"modified":"2026-03-28T03:11:08","modified_gmt":"2026-03-28T03:11:08","slug":"heat-resistant-steel-welding-wire","status":"publish","type":"product","link":"https:\/\/www.sxwelding.com\/tr\/urun\/isiya-dayanikli-celik-kaynak-teli\/","title":{"rendered":"Is\u0131ya Dayan\u0131kl\u0131 \u00c7elik Kaynak Teli"},"content":{"rendered":"<p data-start=\"152\" data-end=\"317\">Is\u0131ya Dayan\u0131kl\u0131 \u00c7elik Kaynak Telimiz iki ana tipte mevcuttur: <strong data-start=\"222\" data-end=\"264\">Krom-Molibden-Vanadyum (Cr-Mo-V)<\/strong> serisi ve <strong data-start=\"276\" data-end=\"307\">Krom-Molibden (Cr-Mo)<\/strong> Seri.<\/p>\n<p data-start=\"319\" data-end=\"500\">Y\u00fcksek s\u0131cakl\u0131k uygulamalar\u0131 i\u00e7in tasarlanan bu kaynak teli, termal \u00e7atlama ve oksidasyona kar\u015f\u0131 m\u00fckemmel diren\u00e7 sunarak zorlu ortamlarda g\u00fcvenilir performans sa\u011flar.<\/p>\n<p data-start=\"319\" data-end=\"500\"><strong>H13CrMoA kaynak teli:<\/strong><\/p>\n<table>\n<tbody>\n<tr class=\"firstRow\">\n<td colspan=\"14\" valign=\"top\" width=\"652\"><strong>kimyasal bile\u015fim\uff08%\uff09<\/strong><\/td>\n<\/tr>\n<tr>\n<td valign=\"top\" width=\"71\"><strong>eleman<\/strong><\/td>\n<td colspan=\"2\" valign=\"top\" width=\"65\"><strong>C<\/strong><\/td>\n<td valign=\"top\" width=\"65\"><strong>S<\/strong><\/td>\n<td colspan=\"2\" valign=\"top\" width=\"65\"><strong>Mn<\/strong><\/td>\n<td valign=\"top\" width=\"65\"><strong>Si<\/strong><\/td>\n<td colspan=\"2\" valign=\"top\" width=\"65\"><strong>P<\/strong><\/td>\n<td valign=\"top\" width=\"65\"><strong>Cr<\/strong><\/td>\n<td colspan=\"2\" valign=\"top\" width=\"65\"><strong>Ni<\/strong><\/td>\n<td valign=\"top\" width=\"65\"><strong>Cu<\/strong><\/td>\n<td valign=\"top\" width=\"65\"><strong>Mo<\/strong><\/td>\n<\/tr>\n<tr>\n<td valign=\"top\" width=\"71\">\u00d6rnek de\u011fer<\/td>\n<td colspan=\"2\" valign=\"top\" width=\"65\">0.13<\/td>\n<td valign=\"top\" width=\"65\">0.014<\/td>\n<td colspan=\"2\" valign=\"top\" width=\"65\">0.56<\/td>\n<td valign=\"top\" width=\"65\">0.27<\/td>\n<td colspan=\"2\" valign=\"top\" width=\"65\">0.015<\/td>\n<td valign=\"top\" width=\"65\">0.94<\/td>\n<td colspan=\"2\" valign=\"top\" width=\"65\">0.030<\/td>\n<td valign=\"top\" width=\"65\">0.16<\/td>\n<td valign=\"top\" width=\"65\">0.50<\/td>\n<\/tr>\n<tr>\n<td colspan=\"14\" valign=\"top\" width=\"652\"><strong>Biriktirilen metalin mekanik \u00f6zellikleri<\/strong><\/td>\n<\/tr>\n<tr>\n<td colspan=\"2\" valign=\"top\" width=\"130\"><strong>Deneysel Proje<\/strong><\/td>\n<td colspan=\"3\" valign=\"top\" width=\"130\"><strong>G\u00fc\u00e7 Rm\uff08Mpa\uff09<\/strong><\/td>\n<td colspan=\"3\" valign=\"top\" width=\"130\"><strong>Akma dayan\u0131m\u0131\uff08Mpa\uff09<\/strong><\/td>\n<td colspan=\"3\" valign=\"top\" width=\"120\"><strong>uzama A\uff08%\uff09<\/strong><\/td>\n<td colspan=\"3\" valign=\"top\" width=\"141\"><strong>V \u015fekilli darbe testi (J)0 \u2103<\/strong><\/td>\n<\/tr>\n<tr>\n<td colspan=\"2\" valign=\"top\" width=\"130\">\u00d6rnek de\u011fer<\/td>\n<td colspan=\"3\" valign=\"top\" width=\"130\">568<\/td>\n<td colspan=\"3\" valign=\"top\" width=\"130\">480<\/td>\n<td colspan=\"3\" valign=\"top\" width=\"120\">26<\/td>\n<td colspan=\"3\" valign=\"top\" width=\"141\">68<\/td>\n<\/tr>\n<\/tbody>\n<\/table>\n<p data-section-id=\"pm8yra\" data-start=\"507\" data-end=\"527\"><strong>H08CrMoVA kaynak teli:<\/strong><\/p>\n<table>\n<tbody>\n<tr class=\"firstRow\">\n<td colspan=\"14\" valign=\"top\" width=\"652\"><strong>kimyasal bile\u015fim\uff08%\uff09<\/strong><\/td>\n<\/tr>\n<tr>\n<td valign=\"top\" width=\"71\"><strong>eleman<\/strong><\/td>\n<td colspan=\"2\" valign=\"top\" width=\"65\"><strong>C<\/strong><\/td>\n<td valign=\"top\" width=\"65\"><strong>S<\/strong><\/td>\n<td colspan=\"2\" valign=\"top\" width=\"65\"><strong>Mn<\/strong><\/td>\n<td valign=\"top\" width=\"65\"><strong>Si<\/strong><\/td>\n<td colspan=\"2\" valign=\"top\" width=\"65\"><strong>P<\/strong><\/td>\n<td valign=\"top\" width=\"65\"><strong>Cr<\/strong><\/td>\n<td colspan=\"2\" valign=\"top\" width=\"65\"><strong>Ni<\/strong><\/td>\n<td valign=\"top\" width=\"65\"><strong>Cu<\/strong><\/td>\n<td valign=\"top\" width=\"65\"><strong>Mo<\/strong><\/td>\n<\/tr>\n<tr>\n<td valign=\"top\" width=\"71\">\u00d6rnek de\u011fer<\/td>\n<td colspan=\"2\" valign=\"top\" width=\"65\">0.08<\/td>\n<td valign=\"top\" width=\"65\">0.012<\/td>\n<td colspan=\"2\" valign=\"top\" width=\"65\">0.61<\/td>\n<td valign=\"top\" width=\"65\">0.25<\/td>\n<td colspan=\"2\" valign=\"top\" width=\"65\">0.018<\/td>\n<td valign=\"top\" width=\"65\">1.10<\/td>\n<td colspan=\"2\" valign=\"top\" width=\"65\">0.030<\/td>\n<td valign=\"top\" width=\"65\">0.16<\/td>\n<td valign=\"top\" width=\"65\">0.58<\/td>\n<\/tr>\n<tr>\n<td colspan=\"14\" valign=\"top\" width=\"652\"><strong>Biriktirilen metalin mekanik \u00f6zellikleri<\/strong><\/td>\n<\/tr>\n<tr>\n<td colspan=\"2\" valign=\"top\" width=\"130\"><strong>Deneysel Proje<\/strong><\/td>\n<td colspan=\"3\" valign=\"top\" width=\"130\"><strong>G\u00fc\u00e7 Rm\uff08Mpa\uff09<\/strong><\/td>\n<td colspan=\"3\" valign=\"top\" width=\"130\"><strong>Akma dayan\u0131m\u0131\uff08Mpa\uff09<\/strong><\/td>\n<td colspan=\"3\" valign=\"top\" width=\"120\"><strong>uzama A\uff08%\uff09<\/strong><\/td>\n<td colspan=\"3\" valign=\"top\" width=\"141\"><strong>V \u015fekilli darbe testi (J)0 \u2103<\/strong><\/td>\n<\/tr>\n<tr>\n<td colspan=\"2\" valign=\"top\" width=\"130\">\u00d6rnek de\u011fer<\/td>\n<td colspan=\"3\" valign=\"top\" width=\"130\">585<\/td>\n<td colspan=\"3\" valign=\"top\" width=\"130\">490<\/td>\n<td colspan=\"3\" valign=\"top\" width=\"120\">23<\/td>\n<td colspan=\"3\" valign=\"top\" width=\"141\">70<\/td>\n<\/tr>\n<\/tbody>\n<\/table>\n<div id='gallery-1' class='gallery galleryid-9367 gallery-columns-2 gallery-size-full'><figure class='gallery-item'>\n\t\t\t<div class='gallery-icon landscape'>\n\t\t\t\t<a href='https:\/\/www.sxwelding.com\/tr\/?attachment_id=9372'><img fetchpriority=\"high\" decoding=\"async\" width=\"600\" height=\"600\" src=\"https:\/\/www.sxwelding.com\/wp-content\/uploads\/2026\/03\/01-8.png\" class=\"attachment-full size-full\" alt=\"\" srcset=\"https:\/\/www.sxwelding.com\/wp-content\/uploads\/2026\/03\/01-8.png 600w, https:\/\/www.sxwelding.com\/wp-content\/uploads\/2026\/03\/01-8-300x300.png 300w, https:\/\/www.sxwelding.com\/wp-content\/uploads\/2026\/03\/01-8-150x150.png 150w, https:\/\/www.sxwelding.com\/wp-content\/uploads\/2026\/03\/01-8-12x12.png 12w, https:\/\/www.sxwelding.com\/wp-content\/uploads\/2026\/03\/01-8-100x100.png 100w\" sizes=\"(max-width: 600px) 100vw, 600px\" \/><\/a>\n\t\t\t<\/div><\/figure><figure class='gallery-item'>\n\t\t\t<div class='gallery-icon landscape'>\n\t\t\t\t<a href='https:\/\/www.sxwelding.com\/tr\/?attachment_id=9373'><img decoding=\"async\" width=\"600\" height=\"600\" src=\"https:\/\/www.sxwelding.com\/wp-content\/uploads\/2026\/03\/2.png\" class=\"attachment-full size-full\" alt=\"\" srcset=\"https:\/\/www.sxwelding.com\/wp-content\/uploads\/2026\/03\/2.png 600w, https:\/\/www.sxwelding.com\/wp-content\/uploads\/2026\/03\/2-300x300.png 300w, https:\/\/www.sxwelding.com\/wp-content\/uploads\/2026\/03\/2-150x150.png 150w, https:\/\/www.sxwelding.com\/wp-content\/uploads\/2026\/03\/2-12x12.png 12w, https:\/\/www.sxwelding.com\/wp-content\/uploads\/2026\/03\/2-100x100.png 100w\" sizes=\"(max-width: 600px) 100vw, 600px\" \/><\/a>\n\t\t\t<\/div><\/figure>\n\t\t<\/div>\n\n\t\t<div data-elementor-type=\"container\" data-elementor-id=\"9445\" class=\"elementor elementor-9445\" data-elementor-post-type=\"elementor_library\">\n\t\t\t\t<div class=\"elementor-element elementor-element-53d41c81 e-flex e-con-boxed e-con e-parent\" data-id=\"53d41c81\" data-element_type=\"container\" data-e-type=\"container\">\n\t\t\t\t\t<div class=\"e-con-inner\">\n\t\t\t\t<div class=\"elementor-element elementor-element-6dabf9e6 elementor-widget elementor-widget-heading\" data-id=\"6dabf9e6\" data-element_type=\"widget\" data-e-type=\"widget\" data-widget_type=\"heading.default\">\n\t\t\t\t<div class=\"elementor-widget-container\">\n\t\t\t\t\t<h2 class=\"elementor-heading-title elementor-size-default\">A\u00e7\u0131klama<\/h2>\t\t\t\t<\/div>\n\t\t\t\t<\/div>\n\t\t<div class=\"elementor-element elementor-element-2094ea1d e-con-full e-flex e-con e-child\" data-id=\"2094ea1d\" data-element_type=\"container\" data-e-type=\"container\">\n\t\t<div class=\"elementor-element elementor-element-72dfd4eb e-grid e-con-full e-con e-child\" data-id=\"72dfd4eb\" data-element_type=\"container\" data-e-type=\"container\">\n\t\t<div class=\"elementor-element elementor-element-735dde37 e-con-full e-flex e-con e-child\" data-id=\"735dde37\" data-element_type=\"container\" data-e-type=\"container\">\n\t\t\t\t<div class=\"elementor-element elementor-element-39bae5b0 elementor-widget elementor-widget-heading\" data-id=\"39bae5b0\" data-element_type=\"widget\" data-e-type=\"widget\" data-widget_type=\"heading.default\">\n\t\t\t\t<div class=\"elementor-widget-container\">\n\t\t\t\t\t<h2 class=\"elementor-heading-title elementor-size-default\">Temel \u00d6zellikler<\/h2>\t\t\t\t<\/div>\n\t\t\t\t<\/div>\n\t\t\t\t<div class=\"elementor-element elementor-element-3c82d61b elementor-widget elementor-widget-text-editor\" data-id=\"3c82d61b\" data-element_type=\"widget\" data-e-type=\"widget\" data-widget_type=\"text-editor.default\">\n\t\t\t\t<div class=\"elementor-widget-container\">\n\t\t\t\t\t\t\t\t\t<ul data-start=\"528\" data-end=\"1161\"><li data-section-id=\"1cc8br6\" data-start=\"528\" data-end=\"633\"><strong data-start=\"530\" data-end=\"571\">M\u00fckemmel Y\u00fcksek S\u0131cakl\u0131k Dayan\u0131m\u0131<\/strong><br data-start=\"571\" data-end=\"574\" \/>Y\u00fcksek s\u0131cakl\u0131klar alt\u0131nda istikrarl\u0131 performans sa\u011flar.<\/li><li data-section-id=\"dmww9i\" data-start=\"635\" data-end=\"730\"><strong data-start=\"637\" data-end=\"665\">Termal \u00c7atlak Direnci<\/strong><br data-start=\"665\" data-end=\"668\" \/>Kaynak s\u0131ras\u0131nda s\u0131cak \u00e7atlama riskini etkili bir \u015fekilde azalt\u0131r.<\/li><li data-section-id=\"1lblw6l\" data-start=\"732\" data-end=\"829\"><strong data-start=\"734\" data-end=\"765\">G\u00fc\u00e7l\u00fc Oksidasyon Direnci<\/strong><br data-start=\"765\" data-end=\"768\" \/>Y\u00fcksek s\u0131cakl\u0131ktaki ortamlarda uzun hizmet \u00f6mr\u00fc sa\u011flar.<\/li><li data-section-id=\"19g205m\" data-start=\"831\" data-end=\"914\"><strong data-start=\"833\" data-end=\"859\">Kararl\u0131 Ark Performans\u0131<\/strong><br data-start=\"859\" data-end=\"862\" \/>D\u00fczg\u00fcn ark yanmas\u0131 ve tutarl\u0131 kaynak i\u015flemi.<\/li><li data-section-id=\"1p7yjkp\" data-start=\"916\" data-end=\"995\"><strong data-start=\"918\" data-end=\"939\">Kolay C\u00fcruf Temizleme<\/strong><br data-start=\"939\" data-end=\"942\" \/>Verimlili\u011fi art\u0131r\u0131r ve kaynak sonras\u0131 temizli\u011fi azalt\u0131r.<\/li><li data-section-id=\"1zpbll\" data-start=\"997\" data-end=\"1084\"><strong data-start=\"999\" data-end=\"1029\">Y\u00fcksek Biriktirme Verimlili\u011fi<\/strong><br data-start=\"1029\" data-end=\"1032\" \/>H\u0131zl\u0131 kaynak h\u0131z\u0131n\u0131 ve y\u00fcksek \u00fcretkenli\u011fi destekler.<\/li><li data-section-id=\"1sn78w5\" data-start=\"1086\" data-end=\"1161\"><strong data-start=\"1088\" data-end=\"1111\">\u0130yi Kaynak Olu\u015fumu<\/strong><br data-start=\"1111\" data-end=\"1114\" \/>D\u00fczg\u00fcn ve y\u00fcksek kaliteli kaynak diki\u015fleri \u00fcretir.<\/li><\/ul>\t\t\t\t\t\t\t\t<\/div>\n\t\t\t\t<\/div>\n\t\t\t\t<\/div>\n\t\t<div class=\"elementor-element elementor-element-53115cc0 e-con-full e-flex e-con e-child\" data-id=\"53115cc0\" data-element_type=\"container\" data-e-type=\"container\">\n\t\t\t\t<div class=\"elementor-element elementor-element-2afb1029 elementor-widget elementor-widget-heading\" data-id=\"2afb1029\" data-element_type=\"widget\" data-e-type=\"widget\" data-widget_type=\"heading.default\">\n\t\t\t\t<div class=\"elementor-widget-container\">\n\t\t\t\t\t<h2 class=\"elementor-heading-title elementor-size-default\">Teknik Performans<\/h2>\t\t\t\t<\/div>\n\t\t\t\t<\/div>\n\t\t\t\t<div class=\"elementor-element elementor-element-5b9d4d55 elementor-widget elementor-widget-text-editor\" data-id=\"5b9d4d55\" data-element_type=\"widget\" data-e-type=\"widget\" data-widget_type=\"text-editor.default\">\n\t\t\t\t<div class=\"elementor-widget-container\">\n\t\t\t\t\t\t\t\t\t<ul data-start=\"2139\" data-end=\"2324\"><li data-section-id=\"1dv6ril\" data-start=\"2139\" data-end=\"2180\">Kararl\u0131 ark ve p\u00fcr\u00fczs\u00fcz kaynak i\u015flemi<\/li><li data-section-id=\"k7cmlb\" data-start=\"2181\" data-end=\"2212\">D\u00fczg\u00fcn kaynak kordon olu\u015fumu<\/li><li data-section-id=\"1srs1k9\" data-start=\"2213\" data-end=\"2238\">D\u00fc\u015f\u00fck \u00e7atlak hassasiyeti<\/li><li data-section-id=\"jm69s0\" data-start=\"2239\" data-end=\"2278\">Y\u00fcksek kaynak h\u0131z\u0131 ve \u00fcretkenli\u011fi<\/li><li data-section-id=\"v850n3\" data-start=\"2279\" data-end=\"2324\">G\u00fc\u00e7l\u00fc mekanik mukavemet ve dayan\u0131kl\u0131l\u0131k<\/li><\/ul><p>\u00c7e\u015fitli kaynak flaks\u0131 tipleri ile kullan\u0131m i\u00e7in uygundur<br \/>Tozalt\u0131 Ark Kayna\u011f\u0131 (SAW) ve ilgili prosesler i\u00e7in ideal<br \/>Mekanize ve otomatik kaynak sistemleri ile uyumlu<\/p><h5 data-section-id=\"c03k92\" data-start=\"1168\" data-end=\"1189\"><span role=\"text\"><strong data-start=\"1172\" data-end=\"1189\">T\u00fcrleri<\/strong><\/span><\/h5><ul data-start=\"1190\" data-end=\"1395\"><li data-section-id=\"gfhp7n\" data-start=\"1190\" data-end=\"1304\"><strong data-start=\"1192\" data-end=\"1223\">Cr-Mo-V Serisi Kaynak Teli<\/strong><br data-start=\"1223\" data-end=\"1226\" \/>Daha y\u00fcksek mukavemetli ve daha zorlu \u0131s\u0131ya dayan\u0131kl\u0131 uygulamalar i\u00e7in uygundur.<\/li><li data-section-id=\"bds7n3\" data-start=\"1306\" data-end=\"1395\"><strong data-start=\"1308\" data-end=\"1337\">Cr-Mo Serisi Kaynak Teli<\/strong><br data-start=\"1337\" data-end=\"1340\" \/>Genel \u0131s\u0131ya dayan\u0131kl\u0131 \u00e7elik kayna\u011f\u0131 i\u00e7in yayg\u0131n olarak kullan\u0131l\u0131r.<\/li><\/ul><p>\u00a0<\/p>\t\t\t\t\t\t\t\t<\/div>\n\t\t\t\t<\/div>\n\t\t\t\t<\/div>\n\t\t<div class=\"elementor-element elementor-element-13540b23 e-con-full e-flex e-con e-child\" data-id=\"13540b23\" data-element_type=\"container\" data-e-type=\"container\">\n\t\t\t\t<div class=\"elementor-element elementor-element-1dc25b26 elementor-widget elementor-widget-heading\" data-id=\"1dc25b26\" data-element_type=\"widget\" data-e-type=\"widget\" data-widget_type=\"heading.default\">\n\t\t\t\t<div class=\"elementor-widget-container\">\n\t\t\t\t\t<h2 class=\"elementor-heading-title elementor-size-default\">Uygulamalar<\/h2>\t\t\t\t<\/div>\n\t\t\t\t<\/div>\n\t\t\t\t<div class=\"elementor-element elementor-element-68686a94 elementor-widget elementor-widget-text-editor\" data-id=\"68686a94\" data-element_type=\"widget\" data-e-type=\"widget\" data-widget_type=\"text-editor.default\">\n\t\t\t\t<div class=\"elementor-widget-container\">\n\t\t\t\t\t\t\t\t\t<p data-start=\"1423\" data-end=\"1492\">A\u015fa\u011f\u0131dakiler dahil olmak \u00fczere \u0131s\u0131ya dayan\u0131kl\u0131 \u00e7elik bile\u015fenlerin kayna\u011f\u0131nda yayg\u0131n olarak kullan\u0131l\u0131r:<\/p><ul data-start=\"1494\" data-end=\"1640\"><li data-section-id=\"1hf4m10\" data-start=\"1494\" data-end=\"1514\">Bas\u0131n\u00e7l\u0131 kaplar<\/li><li data-section-id=\"7271x2\" data-start=\"1515\" data-end=\"1545\">Y\u00fcksek s\u0131cakl\u0131k boru hatlar\u0131<\/li><li data-section-id=\"h5jfdm\" data-start=\"1546\" data-end=\"1571\">Enerji santrali ekipmanlar\u0131<\/li><li data-section-id=\"k96uct\" data-start=\"1572\" data-end=\"1603\">Kazanlar ve \u0131s\u0131 e\u015fanj\u00f6rleri<\/li><li data-section-id=\"1x4ve68\" data-start=\"1604\" data-end=\"1640\">Petrokimya end\u00fcstrisi ekipmanlar\u0131<\/li><\/ul>\t\t\t\t\t\t\t\t<\/div>\n\t\t\t\t<\/div>\n\t\t\t\t<\/div>\n\t\t<div class=\"elementor-element elementor-element-1600b4fc e-con-full e-flex e-con e-child\" data-id=\"1600b4fc\" data-element_type=\"container\" data-e-type=\"container\">\n\t\t\t\t<div class=\"elementor-element elementor-element-1e72260 elementor-widget elementor-widget-heading\" data-id=\"1e72260\" data-element_type=\"widget\" data-e-type=\"widget\" data-widget_type=\"heading.default\">\n\t\t\t\t<div class=\"elementor-widget-container\">\n\t\t\t\t\t<h2 class=\"elementor-heading-title elementor-size-default\">\u00dcr\u00fcn Avantajlar\u0131<\/h2>\t\t\t\t<\/div>\n\t\t\t\t<\/div>\n\t\t\t\t<div class=\"elementor-element elementor-element-b718b04 elementor-widget elementor-widget-text-editor\" data-id=\"b718b04\" data-element_type=\"widget\" data-e-type=\"widget\" data-widget_type=\"text-editor.default\">\n\t\t\t\t<div class=\"elementor-widget-container\">\n\t\t\t\t\t\t\t\t\t<ul data-start=\"1887\" data-end=\"2102\"><li data-section-id=\"zaubjj\" data-start=\"1887\" data-end=\"1941\">Depolanan metalin m\u00fckemmel mekanik \u00f6zellikleri<\/li><li data-section-id=\"9jsmbk\" data-start=\"1942\" data-end=\"1993\">Minimum hata ile istikrarl\u0131 kaynak performans\u0131<\/li><li data-section-id=\"vu5aqn\" data-start=\"1994\" data-end=\"2048\">B\u00fcy\u00fck \u00f6l\u00e7ekli end\u00fcstriyel kaynak i\u00e7in y\u00fcksek verimlilik<\/li><li data-section-id=\"rxyzmz\" data-start=\"2049\" data-end=\"2102\">Otomasyon ve s\u00fcrekli kaynak elde etmek kolayd\u0131r<\/li><\/ul>\t\t\t\t\t\t\t\t<\/div>\n\t\t\t\t<\/div>\n\t\t\t\t<\/div>\n\t\t\t\t<\/div>\n\t\t\t\t<\/div>\n\t\t\t\t\t<\/div>\n\t\t\t\t<\/div>\n\t\t\t\t<\/div>","protected":false},"excerpt":{"rendered":"<p>Firmam\u0131z iki tipte \u0131s\u0131ya dayan\u0131kl\u0131 \u00e7elik kaynak teli \u00fcretmektedir: krom-molibden-vanadyum serisi ve krom-molibden serisi. Bu teller, y\u00fcksek s\u0131cakl\u0131kta termal \u00e7atlama ve oksidasyona kar\u015f\u0131 diren\u00e7 ile karakterize edilir.<\/p>","protected":false},"featured_media":9371,"comment_status":"closed","ping_status":"closed","template":"","meta":{"_seopress_robots_primary_cat":"none","_seopress_titles_title":"Heat-Resistant Steel Welding Wire | Cr-Mo & Cr-Mo-V Welding Wire Supplier","_seopress_titles_desc":"High-quality heat-resistant steel welding wire with excellent thermal crack resistance and oxidation resistance. Ideal for pressure vessels, pipelines, and high-temperature applications.","_seopress_robots_index":"","site-sidebar-layout":"default","site-content-layout":"","ast-site-content-layout":"default","site-content-style":"default","site-sidebar-style":"default","ast-global-header-display":"","ast-banner-title-visibility":"","ast-main-header-display":"","ast-hfb-above-header-display":"","ast-hfb-below-header-display":"","ast-hfb-mobile-header-display":"","site-post-title":"","ast-breadcrumbs-content":"","ast-featured-img":"","footer-sml-layout":"","theme-transparent-header-meta":"default","adv-header-id-meta":"","stick-header-meta":"default","header-above-stick-meta":"","header-main-stick-meta":"","header-below-stick-meta":"","astra-migrate-meta-layouts":"set","ast-page-background-enabled":"default","ast-page-background-meta":{"desktop":{"background-color":"var(--ast-global-color-4)","background-image":"","background-repeat":"repeat","background-position":"center center","background-size":"auto","background-attachment":"scroll","background-type":"","background-media":"","overlay-type":"","overlay-color":"","overlay-opacity":"","overlay-gradient":""},"tablet":{"background-color":"","background-image":"","background-repeat":"repeat","background-position":"center center","background-size":"auto","background-attachment":"scroll","background-type":"","background-media":"","overlay-type":"","overlay-color":"","overlay-opacity":"","overlay-gradient":""},"mobile":{"background-color":"","background-image":"","background-repeat":"repeat","background-position":"center center","background-size":"auto","background-attachment":"scroll","background-type":"","background-media":"","overlay-type":"","overlay-color":"","overlay-opacity":"","overlay-gradient":""}},"ast-content-background-meta":{"desktop":{"background-color":"var(--ast-global-color-5)","background-image":"","background-repeat":"repeat","background-position":"center center","background-size":"auto","background-attachment":"scroll","background-type":"","background-media":"","overlay-type":"","overlay-color":"","overlay-opacity":"","overlay-gradient":""},"tablet":{"background-color":"var(--ast-global-color-5)","background-image":"","background-repeat":"repeat","background-position":"center center","background-size":"auto","background-attachment":"scroll","background-type":"","background-media":"","overlay-type":"","overlay-color":"","overlay-opacity":"","overlay-gradient":""},"mobile":{"background-color":"var(--ast-global-color-5)","background-image":"","background-repeat":"repeat","background-position":"center center","background-size":"auto","background-attachment":"scroll","background-type":"","background-media":"","overlay-type":"","overlay-color":"","overlay-opacity":"","overlay-gradient":""}}},"product_brand":[],"product_cat":[91],"product_tag":[],"class_list":{"0":"post-9367","1":"product","2":"type-product","3":"status-publish","4":"has-post-thumbnail","6":"product_cat-heat-resistant-steel-welding-wire","7":"desktop-align-center","8":"tablet-align-left","9":"mobile-align-left","10":"ast-product-gallery-layout-horizontal-slider","11":"ast-product-gallery-with-no-image","12":"ast-product-tabs-layout-horizontal","14":"first","15":"instock","16":"shipping-taxable","17":"product-type-simple"},"_links":{"self":[{"href":"https:\/\/www.sxwelding.com\/tr\/wp-json\/wp\/v2\/product\/9367","targetHints":{"allow":["GET"]}}],"collection":[{"href":"https:\/\/www.sxwelding.com\/tr\/wp-json\/wp\/v2\/product"}],"about":[{"href":"https:\/\/www.sxwelding.com\/tr\/wp-json\/wp\/v2\/types\/product"}],"replies":[{"embeddable":true,"href":"https:\/\/www.sxwelding.com\/tr\/wp-json\/wp\/v2\/comments?post=9367"}],"wp:featuredmedia":[{"embeddable":true,"href":"https:\/\/www.sxwelding.com\/tr\/wp-json\/wp\/v2\/media\/9371"}],"wp:attachment":[{"href":"https:\/\/www.sxwelding.com\/tr\/wp-json\/wp\/v2\/media?parent=9367"}],"wp:term":[{"taxonomy":"product_brand","embeddable":true,"href":"https:\/\/www.sxwelding.com\/tr\/wp-json\/wp\/v2\/product_brand?post=9367"},{"taxonomy":"product_cat","embeddable":true,"href":"https:\/\/www.sxwelding.com\/tr\/wp-json\/wp\/v2\/product_cat?post=9367"},{"taxonomy":"product_tag","embeddable":true,"href":"https:\/\/www.sxwelding.com\/tr\/wp-json\/wp\/v2\/product_tag?post=9367"}],"curies":[{"name":"wp","href":"https:\/\/api.w.org\/{rel}","templated":true}]}}