{"id":9281,"date":"2026-03-01T01:16:48","date_gmt":"2026-03-01T01:16:48","guid":{"rendered":"http:\/\/www.sxwelding.com\/?post_type=product&#038;p=9281"},"modified":"2026-04-16T01:57:47","modified_gmt":"2026-04-16T01:57:47","slug":"non-copper-coated-welding-wire","status":"publish","type":"product","link":"https:\/\/www.sxwelding.com\/vi\/product\/day-han-khong-trang-dong\/","title":{"rendered":"D\u00e2y h\u00e0n kh\u00f4ng tr\u00e1ng \u0111\u1ed3ng"},"content":{"rendered":"<p data-start=\"135\" data-end=\"454\">D\u00e2y h\u00e0n kh\u00f4ng ch\u1ee9a \u0111\u1ed3ng l\u00e0 m\u1ed9t lo\u1ea1i v\u1eadt li\u1ec7u h\u00e0n ti\u00ean ti\u1ebfn \u0111\u01b0\u1ee3c thi\u1ebft k\u1ebf \u0111\u1ec3 lo\u1ea1i b\u1ecf ho\u00e0n to\u00e0n s\u1ef1 nhi\u1ec5m \u0111\u1ed3ng trong c\u1ea3 qu\u00e1 tr\u00ecnh s\u1ea3n xu\u1ea5t v\u00e0 \u1ee9ng d\u1ee5ng. Nh\u1edd \u00e1p d\u1ee5ng c\u00f4ng ngh\u1ec7 k\u00edch ho\u1ea1t b\u1ec1 m\u1eb7t \u0111\u1eb7c bi\u1ec7t, d\u00e2y h\u00e0n n\u00e0y c\u00f3 b\u1ec1 m\u1eb7t nh\u1eb5n m\u1ecbn, kh\u1ea3 n\u0103ng ch\u1ed1ng g\u1ec9 s\u00e9t v\u01b0\u1ee3t tr\u1ed9i v\u00e0 \u0111\u1ed9 d\u1eabn \u0111i\u1ec7n cao.<\/p>\n<p data-start=\"456\" data-end=\"612\">\u0110i\u1ec1u n\u00e0y \u0111\u1ea3m b\u1ea3o qu\u00e1 tr\u00ecnh c\u1ea5p d\u00e2y \u1ed5n \u0111\u1ecbnh, hi\u1ec7u su\u1ea5t h\u1ed3 quang \u0111\u1ed3ng \u0111\u1ec1u v\u00e0 ch\u1ea5t l\u01b0\u1ee3ng h\u00e0n \u0111\u00e1ng tin c\u1eady, khi\u1ebfn n\u00f3 tr\u1edf th\u00e0nh l\u1ef1a ch\u1ecdn l\u00fd t\u01b0\u1edfng cho c\u00e1c c\u00f4ng vi\u1ec7c h\u00e0n li\u00ean t\u1ee5c trong th\u1eddi gian d\u00e0i.<\/p>\n<table>\n<tbody>\n<tr class=\"firstRow\">\n<td colspan=\"15\" valign=\"top\" width=\"627\"><strong>Th\u00e0nh ph\u1ea7n h\u00f3a h\u1ecdc c\u1ee7a ER50-6 (%)<\/strong><\/td>\n<\/tr>\n<tr>\n<td valign=\"top\" width=\"47\"><strong>ph\u1ea7n t\u1eed<\/strong><\/td>\n<td colspan=\"2\" valign=\"top\" width=\"53\"><strong>C<\/strong><\/td>\n<td valign=\"top\" width=\"55\"><strong>S<\/strong><\/td>\n<td colspan=\"2\" valign=\"top\" width=\"59\"><strong>Mn<\/strong><\/td>\n<td valign=\"top\" width=\"59\"><strong>Si<\/strong><\/td>\n<td valign=\"top\" width=\"59\"><strong>P<\/strong><\/td>\n<td colspan=\"2\" valign=\"top\" width=\"59\"><strong>Cr<\/strong><\/td>\n<td valign=\"top\" width=\"59\"><strong>Ni<\/strong><\/td>\n<td colspan=\"2\" valign=\"top\" width=\"59\"><strong>Th\u1ee9 Hai<\/strong><\/td>\n<td valign=\"top\" width=\"59\"><strong>Cu<\/strong><\/td>\n<td valign=\"top\" width=\"60\"><strong>V<\/strong><\/td>\n<\/tr>\n<tr>\n<td valign=\"top\" width=\"47\">ti\u00eau chu\u1ea9n<\/td>\n<td colspan=\"2\" valign=\"top\" width=\"53\">0.06-0.14<\/td>\n<td valign=\"top\" width=\"55\">\u22640,025<\/td>\n<td colspan=\"2\" valign=\"top\" width=\"59\">1.40-1.85<\/td>\n<td valign=\"top\" width=\"59\">0.80-1.15<\/td>\n<td valign=\"top\" width=\"59\">\u22640,025<\/td>\n<td colspan=\"2\" valign=\"top\" width=\"59\">\u22640,015<\/td>\n<td valign=\"top\" width=\"59\">\u22640,015<\/td>\n<td colspan=\"2\" valign=\"top\" width=\"59\">\u22640,015<\/td>\n<td valign=\"top\" width=\"59\">\u22640,35<\/td>\n<td valign=\"top\" width=\"60\">\u22640,03<\/td>\n<\/tr>\n<tr>\n<td valign=\"top\" width=\"47\">Gi\u00e1 tr\u1ecb v\u00ed d\u1ee5<\/td>\n<td colspan=\"2\" valign=\"top\" width=\"53\">0.075<\/td>\n<td valign=\"top\" width=\"55\">0.017<\/td>\n<td colspan=\"2\" valign=\"top\" width=\"59\">1.48<\/td>\n<td valign=\"top\" width=\"59\">0.87<\/td>\n<td valign=\"top\" width=\"59\">0.016<\/td>\n<td colspan=\"2\" valign=\"top\" width=\"59\">0.026<\/td>\n<td valign=\"top\" width=\"59\">0.013<\/td>\n<td colspan=\"2\" valign=\"top\" width=\"59\">0.015<\/td>\n<td valign=\"top\" width=\"59\">0.12<\/td>\n<td valign=\"top\" width=\"60\">0.01<\/td>\n<\/tr>\n<tr>\n<td colspan=\"15\" valign=\"top\" width=\"627\"><strong>T\u00ednh ch\u1ea5t c\u01a1 h\u1ecdc c\u1ee7a kim lo\u1ea1i l\u1eafng \u0111\u1ecdng<\/strong><\/td>\n<\/tr>\n<tr>\n<td colspan=\"2\" valign=\"top\" width=\"79\"><strong>D\u1ef1 \u00e1n th\u1eed nghi\u1ec7m<\/strong><\/td>\n<td colspan=\"3\" valign=\"top\" width=\"131\"><strong>\u0110\u1ed9 b\u1ec1n k\u00e9o (MPa)<\/strong><\/td>\n<td colspan=\"4\" valign=\"top\" width=\"144\"><strong>Gi\u1edbi h\u1ea1n ch\u1ea3y Rm (MPa)<\/strong><\/td>\n<td colspan=\"3\" valign=\"top\" width=\"116\"><strong>\u0110\u1ed9 gi\u00e3n d\u00e0i A (%)<\/strong><\/td>\n<td colspan=\"3\" valign=\"top\" width=\"157\"><strong>Th\u1eed nghi\u1ec7m va \u0111\u1eadp ki\u1ec3u ch\u1eef V (J) \u1edf -30\u00b0C<\/strong><\/td>\n<\/tr>\n<tr>\n<td colspan=\"2\" valign=\"top\" width=\"79\">ti\u00eau chu\u1ea9n<\/td>\n<td colspan=\"3\" valign=\"top\" width=\"131\">\u2265500<\/td>\n<td colspan=\"4\" valign=\"top\" width=\"144\">\u2265420<\/td>\n<td colspan=\"3\" valign=\"top\" width=\"116\">\u226522<\/td>\n<td colspan=\"3\" valign=\"top\" width=\"157\">\u226527<\/td>\n<\/tr>\n<tr>\n<td colspan=\"2\" valign=\"top\" width=\"79\">Gi\u00e1 tr\u1ecb v\u00ed d\u1ee5<\/td>\n<td colspan=\"3\" valign=\"top\" width=\"131\">553<\/td>\n<td colspan=\"4\" valign=\"top\" width=\"144\">458<\/td>\n<td colspan=\"3\" valign=\"top\" width=\"116\">32<\/td>\n<td colspan=\"3\" valign=\"top\" width=\"157\">91<\/td>\n<\/tr>\n<\/tbody>\n<\/table>\n<div id='gallery-1' class='gallery galleryid-9281 gallery-columns-3 gallery-size-full'><figure class='gallery-item'>\n\t\t\t<div class='gallery-icon landscape'>\n\t\t\t\t<a href='https:\/\/www.sxwelding.com\/vi\/?attachment_id=9287'><img fetchpriority=\"high\" decoding=\"async\" width=\"800\" height=\"600\" src=\"https:\/\/www.sxwelding.com\/wp-content\/uploads\/2026\/03\/1745311480742930.jpg\" class=\"attachment-full size-full\" alt=\"\" srcset=\"https:\/\/www.sxwelding.com\/wp-content\/uploads\/2026\/03\/1745311480742930.jpg 800w, https:\/\/www.sxwelding.com\/wp-content\/uploads\/2026\/03\/1745311480742930-300x225.jpg 300w, https:\/\/www.sxwelding.com\/wp-content\/uploads\/2026\/03\/1745311480742930-768x576.jpg 768w, https:\/\/www.sxwelding.com\/wp-content\/uploads\/2026\/03\/1745311480742930-16x12.jpg 16w, https:\/\/www.sxwelding.com\/wp-content\/uploads\/2026\/03\/1745311480742930-600x450.jpg 600w\" sizes=\"(max-width: 800px) 100vw, 800px\" \/><\/a>\n\t\t\t<\/div><\/figure><figure class='gallery-item'>\n\t\t\t<div class='gallery-icon landscape'>\n\t\t\t\t<a href='https:\/\/www.sxwelding.com\/vi\/?attachment_id=9288'><img decoding=\"async\" width=\"800\" height=\"600\" src=\"https:\/\/www.sxwelding.com\/wp-content\/uploads\/2026\/03\/1745311526203421.jpg\" class=\"attachment-full size-full\" alt=\"\" srcset=\"https:\/\/www.sxwelding.com\/wp-content\/uploads\/2026\/03\/1745311526203421.jpg 800w, https:\/\/www.sxwelding.com\/wp-content\/uploads\/2026\/03\/1745311526203421-300x225.jpg 300w, https:\/\/www.sxwelding.com\/wp-content\/uploads\/2026\/03\/1745311526203421-600x450.jpg 600w, https:\/\/www.sxwelding.com\/wp-content\/uploads\/2026\/03\/1745311526203421-768x576.jpg 768w, https:\/\/www.sxwelding.com\/wp-content\/uploads\/2026\/03\/1745311526203421-16x12.jpg 16w\" sizes=\"(max-width: 800px) 100vw, 800px\" \/><\/a>\n\t\t\t<\/div><\/figure><figure class='gallery-item'>\n\t\t\t<div class='gallery-icon landscape'>\n\t\t\t\t<a href='https:\/\/www.sxwelding.com\/vi\/?attachment_id=9289'><img decoding=\"async\" width=\"800\" height=\"600\" src=\"https:\/\/www.sxwelding.com\/wp-content\/uploads\/2026\/03\/1745311536923533.jpg\" class=\"attachment-full size-full\" alt=\"\" srcset=\"https:\/\/www.sxwelding.com\/wp-content\/uploads\/2026\/03\/1745311536923533.jpg 800w, https:\/\/www.sxwelding.com\/wp-content\/uploads\/2026\/03\/1745311536923533-300x225.jpg 300w, https:\/\/www.sxwelding.com\/wp-content\/uploads\/2026\/03\/1745311536923533-600x450.jpg 600w, https:\/\/www.sxwelding.com\/wp-content\/uploads\/2026\/03\/1745311536923533-768x576.jpg 768w, https:\/\/www.sxwelding.com\/wp-content\/uploads\/2026\/03\/1745311536923533-16x12.jpg 16w\" sizes=\"(max-width: 800px) 100vw, 800px\" \/><\/a>\n\t\t\t<\/div><\/figure>\n\t\t<\/div>\n\n\t\t<div data-elementor-type=\"container\" data-elementor-id=\"9430\" class=\"elementor elementor-9430\" data-elementor-post-type=\"elementor_library\">\n\t\t\t\t<div class=\"elementor-element elementor-element-70aac977 e-flex e-con-boxed e-con e-parent\" data-id=\"70aac977\" data-element_type=\"container\" data-e-type=\"container\">\n\t\t\t\t\t<div class=\"e-con-inner\">\n\t\t\t\t<div class=\"elementor-element elementor-element-7240c1f9 elementor-widget elementor-widget-heading\" data-id=\"7240c1f9\" data-element_type=\"widget\" data-e-type=\"widget\" data-widget_type=\"heading.default\">\n\t\t\t\t<div class=\"elementor-widget-container\">\n\t\t\t\t\t<h2 class=\"elementor-heading-title elementor-size-default\">M\u00f4 t\u1ea3<\/h2>\t\t\t\t<\/div>\n\t\t\t\t<\/div>\n\t\t<div class=\"elementor-element elementor-element-5685a292 e-con-full e-flex e-con e-child\" data-id=\"5685a292\" data-element_type=\"container\" data-e-type=\"container\">\n\t\t<div class=\"elementor-element elementor-element-18eb16e3 e-grid e-con-full e-con e-child\" data-id=\"18eb16e3\" data-element_type=\"container\" data-e-type=\"container\">\n\t\t<div class=\"elementor-element elementor-element-71d95ce3 e-con-full e-flex e-con e-child\" data-id=\"71d95ce3\" data-element_type=\"container\" data-e-type=\"container\">\n\t\t\t\t<div class=\"elementor-element elementor-element-5fdd70e1 elementor-widget elementor-widget-heading\" data-id=\"5fdd70e1\" data-element_type=\"widget\" data-e-type=\"widget\" data-widget_type=\"heading.default\">\n\t\t\t\t<div class=\"elementor-widget-container\">\n\t\t\t\t\t<h2 class=\"elementor-heading-title elementor-size-default\">C\u00e1c t\u00ednh n\u0103ng ch\u00ednh<\/h2>\t\t\t\t<\/div>\n\t\t\t\t<\/div>\n\t\t\t\t<div class=\"elementor-element elementor-element-5e5190a9 elementor-widget elementor-widget-text-editor\" data-id=\"5e5190a9\" data-element_type=\"widget\" data-e-type=\"widget\" data-widget_type=\"text-editor.default\">\n\t\t\t\t<div class=\"elementor-widget-container\">\n\t\t\t\t\t\t\t\t\t<ul data-start=\"640\" data-end=\"1331\"><li data-section-id=\"12li4s\" data-start=\"640\" data-end=\"769\"><strong data-start=\"642\" data-end=\"663\">Kh\u00f4ng c\u00f3 l\u1edbp ph\u1ee7 \u0111\u1ed3ng<\/strong><br data-start=\"663\" data-end=\"666\" \/>Lo\u1ea1i b\u1ecf \u00f4 nhi\u1ec5m do \u0111\u1ed3ng g\u00e2y ra, gi\u00fap h\u1ec7 th\u1ed1ng h\u00e0n tr\u1edf n\u00ean th\u00e2n thi\u1ec7n h\u01a1n v\u1edbi m\u00f4i tr\u01b0\u1eddng v\u00e0 s\u1ea1ch h\u01a1n.<\/li><li data-section-id=\"vcjy6b\" data-start=\"771\" data-end=\"891\"><strong data-start=\"773\" data-end=\"815\">C\u00f4ng ngh\u1ec7 k\u00edch ho\u1ea1t b\u1ec1 m\u1eb7t ti\u00ean ti\u1ebfn<\/strong><br data-start=\"815\" data-end=\"818\" \/>B\u1ec1 m\u1eb7t nh\u1eb5n, kh\u1ea3 n\u0103ng ch\u1ed1ng \u0103n m\u00f2n cao h\u01a1n v\u00e0 \u0111\u1ed9 b\u1ec1n \u0111\u01b0\u1ee3c c\u1ea3i thi\u1ec7n.<\/li><li data-section-id=\"1jz369d\" data-start=\"893\" data-end=\"1000\"><strong data-start=\"895\" data-end=\"932\">\u0110\u1ed9 d\u1eabn \u0111i\u1ec7n tuy\u1ec7t v\u1eddi<\/strong><br data-start=\"932\" data-end=\"935\" \/>\u0110\u1ea3m b\u1ea3o qu\u00e1 tr\u00ecnh \u0111\u00e1nh l\u1eeda h\u1ed3 quang \u1ed5n \u0111\u1ecbnh v\u00e0 hi\u1ec7u su\u1ea5t h\u00e0n \u0111\u1ed3ng \u0111\u1ec1u.<\/li><li data-section-id=\"23hz25\" data-start=\"1002\" data-end=\"1106\"><strong data-start=\"1004\" data-end=\"1027\">C\u01a1 ch\u1ebf c\u1ea5p d\u00e2y \u1ed5n \u0111\u1ecbnh<\/strong><br data-start=\"1027\" data-end=\"1030\" \/>Gi\u1ea3m l\u1ef1c c\u1ea3n khi c\u1ea5p li\u1ec7u, ph\u00f9 h\u1ee3p cho h\u00e0n t\u1ed1c \u0111\u1ed9 cao v\u00e0 h\u00e0n t\u1ef1 \u0111\u1ed9ng.<\/li><li data-section-id=\"1oaffc5\" data-start=\"1108\" data-end=\"1217\"><strong data-start=\"1110\" data-end=\"1148\">\u00cdt b\u1eafn t\u00f3e &amp; M\u1eb7t h\u00e0n \u0111\u1eb9p<\/strong><br data-start=\"1148\" data-end=\"1151\" \/>T\u1ea1o ra c\u00e1c \u0111\u01b0\u1eddng h\u00e0n s\u1ea1ch s\u1ebd v\u1edbi y\u00eau c\u1ea7u x\u1eed l\u00fd sau h\u00e0n t\u1ed1i thi\u1ec3u.<\/li><li data-section-id=\"1xwj9lb\" data-start=\"1219\" data-end=\"1331\"><strong data-start=\"1221\" data-end=\"1263\">Hi\u1ec7u su\u1ea5t cao cho h\u00e0n li\u00ean t\u1ee5c<\/strong><br data-start=\"1263\" data-end=\"1266\" \/>R\u1ea5t ph\u00f9 h\u1ee3p cho nh\u1eefng ca l\u00e0m vi\u1ec7c k\u00e9o d\u00e0i v\u00e0 c\u00e1c \u1ee9ng d\u1ee5ng quy m\u00f4 c\u00f4ng nghi\u1ec7p.<\/li><\/ul>\t\t\t\t\t\t\t\t<\/div>\n\t\t\t\t<\/div>\n\t\t\t\t<\/div>\n\t\t<div class=\"elementor-element elementor-element-4db891b9 e-con-full e-flex e-con e-child\" data-id=\"4db891b9\" data-element_type=\"container\" data-e-type=\"container\">\n\t\t\t\t<div class=\"elementor-element elementor-element-4be9901c elementor-widget elementor-widget-heading\" data-id=\"4be9901c\" data-element_type=\"widget\" data-e-type=\"widget\" data-widget_type=\"heading.default\">\n\t\t\t\t<div class=\"elementor-widget-container\">\n\t\t\t\t\t<h2 class=\"elementor-heading-title elementor-size-default\">Hi\u1ec7u su\u1ea5t k\u1ef9 thu\u1eadt<\/h2>\t\t\t\t<\/div>\n\t\t\t\t<\/div>\n\t\t\t\t<div class=\"elementor-element elementor-element-6682860f elementor-widget elementor-widget-text-editor\" data-id=\"6682860f\" data-element_type=\"widget\" data-e-type=\"widget\" data-widget_type=\"text-editor.default\">\n\t\t\t\t<div class=\"elementor-widget-container\">\n\t\t\t\t\t\t\t\t\t<ul data-start=\"2262\" data-end=\"2394\">\n \t<li data-section-id=\"80n4ue\" data-start=\"2262\" data-end=\"2302\">Tia h\u1ed3 quang \u1ed5n \u0111\u1ecbnh v\u00e0 qu\u00e1 tr\u00ecnh chuy\u1ec3n kim lo\u1ea1i di\u1ec5n ra tr\u01a1n tru<\/li>\n \t<li data-section-id=\"zfa6ys\" data-start=\"2303\" data-end=\"2331\">\u0110\u1ed9 nh\u1ea1y v\u1edbi \u0111\u1ed9 x\u1ed1p th\u1ea5p<\/li>\n \t<li data-section-id=\"1vf3tgp\" data-start=\"2332\" data-end=\"2362\">Hi\u1ec7u su\u1ea5t l\u1eafng \u0111\u1ecdng cao<\/li>\n \t<li data-section-id=\"k7cmlb\" data-start=\"2363\" data-end=\"2394\">H\u00ecnh th\u00e0nh \u0111\u01b0\u1eddng h\u00e0n \u0111\u1ed3ng \u0111\u1ec1u<\/li>\n<\/ul>\nC\u00e1c k\u1ebft qu\u1ea3 th\u1eed nghi\u1ec7m cho th\u1ea5y c\u00e1c t\u00ednh ch\u1ea5t c\u01a1 h\u1ecdc c\u1ee7a d\u00e2y h\u00e0n kh\u00f4ng ch\u1ee9a \u0111\u1ed3ng, ch\u1eb3ng h\u1ea1n nh\u01b0 \u0111\u1ed9 b\u1ec1n k\u00e9o m\u1ed1i h\u00e0n v\u00e0 n\u0103ng l\u01b0\u1ee3ng h\u1ea5p th\u1ee5 va \u0111\u1eadp, t\u01b0\u01a1ng \u0111\u01b0\u01a1ng v\u1edbi d\u00e2y h\u00e0n m\u1ea1 \u0111\u1ed3ng, v\u00e0 th\u1eadm ch\u00ed c\u00f2n v\u01b0\u1ee3t tr\u1ed9i h\u01a1n trong m\u1ed9t s\u1ed1 \u0111i\u1ec1u ki\u1ec7n nh\u1ea5t \u0111\u1ecbnh (ch\u1eb3ng h\u1ea1n nh\u01b0 va \u0111\u1eadp \u1edf nhi\u1ec7t \u0111\u1ed9 th\u1ea5p), \u0111\u00e1p \u1ee9ng c\u00e1c y\u00eau c\u1ea7u h\u00e0n \u0111\u1ed1i v\u1edbi th\u00e9p c\u01b0\u1eddng \u0111\u1ed9 cao.\t\t\t\t\t\t\t\t<\/div>\n\t\t\t\t<\/div>\n\t\t\t\t<\/div>\n\t\t<div class=\"elementor-element elementor-element-33f9f378 e-con-full e-flex e-con e-child\" data-id=\"33f9f378\" data-element_type=\"container\" data-e-type=\"container\">\n\t\t\t\t<div class=\"elementor-element elementor-element-2a26c6a1 elementor-widget elementor-widget-heading\" data-id=\"2a26c6a1\" data-element_type=\"widget\" data-e-type=\"widget\" data-widget_type=\"heading.default\">\n\t\t\t\t<div class=\"elementor-widget-container\">\n\t\t\t\t\t<h2 class=\"elementor-heading-title elementor-size-default\">\u1ee8ng d\u1ee5ng<\/h2>\t\t\t\t<\/div>\n\t\t\t\t<\/div>\n\t\t\t\t<div class=\"elementor-element elementor-element-1f0f7fdf elementor-widget elementor-widget-text-editor\" data-id=\"1f0f7fdf\" data-element_type=\"widget\" data-e-type=\"widget\" data-widget_type=\"text-editor.default\">\n\t\t\t\t<div class=\"elementor-widget-container\">\n\t\t\t\t\t\t\t\t\t<p data-start=\"1359\" data-end=\"1432\">D\u00e2y h\u00e0n kh\u00f4ng ch\u1ee9a \u0111\u1ed3ng \u0111\u01b0\u1ee3c s\u1eed d\u1ee5ng r\u1ed9ng r\u00e3i trong nhi\u1ec1u ng\u00e0nh c\u00f4ng nghi\u1ec7p, bao g\u1ed3m:<\/p><ul data-start=\"1434\" data-end=\"1616\"><li data-section-id=\"unide5\" data-start=\"1434\" data-end=\"1459\">M\u00e1y m\u00f3c khai th\u00e1c than<\/li><li data-section-id=\"19d9gij\" data-start=\"1460\" data-end=\"1486\">M\u00e1y m\u00f3c x\u00e2y d\u1ef1ng<\/li><li data-section-id=\"x6kl1i\" data-start=\"1487\" data-end=\"1512\">Ng\u00e0nh \u0111\u00f3ng t\u00e0u<\/li><li data-section-id=\"su4pla\" data-start=\"1513\" data-end=\"1535\">K\u1ef9 thu\u1eadt c\u1ea7u<\/li><li data-section-id=\"1hf4m10\" data-start=\"1536\" data-end=\"1556\">B\u00ecnh \u00e1p l\u1ef1c<\/li><li data-section-id=\"14x245y\" data-start=\"1557\" data-end=\"1588\">S\u1ea3n xu\u1ea5t k\u1ebft c\u1ea5u th\u00e9p<\/li><li data-section-id=\"c82j21\" data-start=\"1589\" data-end=\"1616\">X\u00e2y d\u1ef1ng c\u01a1 s\u1edf h\u1ea1 t\u1ea7ng<\/li><\/ul><p data-start=\"1618\" data-end=\"1642\">N\u00f3 c\u0169ng ph\u00f9 h\u1ee3p cho:<\/p><ul data-start=\"1643\" data-end=\"1756\"><li data-section-id=\"ttcr13\" data-start=\"1643\" data-end=\"1670\">H\u00e0n th\u00e9p h\u1ee3p kim th\u1ea5p<\/li><li data-section-id=\"3me6md\" data-start=\"1671\" data-end=\"1693\">H\u00e0n t\u1ea5m m\u1ecfng<\/li><li data-section-id=\"prsm3f\" data-start=\"1694\" data-end=\"1720\">H\u00e0n th\u00e9p \u0111\u01b0\u1eddng \u1ed1ng<\/li><li data-section-id=\"p9rif3\" data-start=\"1721\" data-end=\"1756\">C\u00e1c \u1ee9ng d\u1ee5ng h\u00e0n t\u1ed1c \u0111\u1ed9 cao<\/li><\/ul>\t\t\t\t\t\t\t\t<\/div>\n\t\t\t\t<\/div>\n\t\t\t\t<\/div>\n\t\t<div class=\"elementor-element elementor-element-5bb4d65e e-con-full e-flex e-con e-child\" data-id=\"5bb4d65e\" data-element_type=\"container\" data-e-type=\"container\">\n\t\t\t\t<div class=\"elementor-element elementor-element-3c65a2b6 elementor-widget elementor-widget-heading\" data-id=\"3c65a2b6\" data-element_type=\"widget\" data-e-type=\"widget\" data-widget_type=\"heading.default\">\n\t\t\t\t<div class=\"elementor-widget-container\">\n\t\t\t\t\t<h2 class=\"elementor-heading-title elementor-size-default\">\u01afu \u0111i\u1ec3m c\u1ee7a s\u1ea3n ph\u1ea9m<\/h2>\t\t\t\t<\/div>\n\t\t\t\t<\/div>\n\t\t\t\t<div class=\"elementor-element elementor-element-2ea5f744 elementor-widget elementor-widget-text-editor\" data-id=\"2ea5f744\" data-element_type=\"widget\" data-e-type=\"widget\" data-widget_type=\"text-editor.default\">\n\t\t\t\t<div class=\"elementor-widget-container\">\n\t\t\t\t\t\t\t\t\t<ul data-start=\"1790\" data-end=\"2225\"><li data-section-id=\"dyr4bi\" data-start=\"1790\" data-end=\"1901\">T\u0103ng c\u01b0\u1eddng \u0111\u1ed9 \u1ed5n \u0111\u1ecbnh khi h\u00e0n: L\u1edbp ph\u1ee7 b\u1ec1 m\u1eb7t c\u1ee7a d\u00e2y h\u00e0n kh\u00f4ng ch\u1ee9a \u0111\u1ed3ng ch\u1ee9a c\u00e1c th\u00e0nh ph\u1ea7n ho\u1ea1t t\u00ednh gi\u00fap t\u0103ng c\u01b0\u1eddng \u0111\u1ed9 \u1ed5n \u0111\u1ecbnh c\u1ee7a h\u1ed3 quang, l\u00e0m m\u1ecbn c\u00e1c gi\u1ecdt kim lo\u1ea1i n\u00f3ng ch\u1ea3y v\u00e0 gi\u1ea3m b\u1eafn t\u00f3e. Quy tr\u00ecnh x\u1eed l\u00fd \u0111\u1eb7c bi\u1ec7t gi\u00fap ki\u1ec3m so\u00e1t hi\u1ec7n t\u01b0\u1ee3ng b\u1eafn t\u00f3e v\u00e0 \u0111\u1ea3m b\u1ea3o \u0111\u1ed9 \u1ed5n \u0111\u1ecbnh c\u1ee7a h\u1ed3 quang.<\/li><li data-section-id=\"qcoaro\" data-start=\"1903\" data-end=\"2021\">Kh\u1ea3 n\u0103ng ch\u1ed1ng \u0103n m\u00f2n \u0111\u01b0\u1ee3c c\u1ea3i thi\u1ec7n: M\u1ed9t s\u1ed1 c\u00f4ng ngh\u1ec7 x\u1eed l\u00fd b\u1ec1 m\u1eb7t d\u00e2y h\u00e0n kh\u00f4ng ch\u1ee9a \u0111\u1ed3ng k\u1ebft h\u1ee3p c\u1ea3 kh\u1ea3 n\u0103ng ch\u1ed1ng g\u1ec9 v\u00e0 ch\u1ed1ng \u0103n m\u00f2n, gi\u00fap k\u00e9o d\u00e0i th\u1eddi gian b\u1ea3o qu\u1ea3n c\u1ee7a d\u00e2y, \u0111\u1eb7c bi\u1ec7t l\u00e0 trong m\u00f4i tr\u01b0\u1eddng \u1ea9m \u01b0\u1edbt.<\/li><li data-section-id=\"2riw35\" data-start=\"2023\" data-end=\"2125\">Kh\u1ea3 n\u0103ng \u1ee9ng d\u1ee5ng r\u1ed9ng r\u00e3i: D\u00e2y h\u00e0n kh\u00f4ng ch\u1ee9a \u0111\u1ed3ng th\u1ec3 hi\u1ec7n kh\u1ea3 n\u0103ng th\u00edch \u1ee9ng t\u1ed1t trong h\u00e0n kh\u00ed CO\u2082 v\u00e0 h\u00e0n kh\u00ed h\u1ed7n h\u1ee3p (nh\u01b0 Ar+CO\u2082), \u0111\u1ed3ng th\u1eddi ph\u00f9 h\u1ee3p \u0111\u1ec3 h\u00e0n c\u00e1c lo\u1ea1i th\u00e9p kh\u00e1c nhau (nh\u01b0 Q345B, th\u00e9p cacbon th\u1ea5p, v.v.).<\/li><li data-section-id=\"1y0ezdm\" data-start=\"2127\" data-end=\"2225\">An to\u00e0n trong qu\u00e1 tr\u00ecnh v\u1eadn h\u00e0nh: D\u00e2y h\u00e0n kh\u00f4ng ch\u1ee9a \u0111\u1ed3ng kh\u00f4ng c\u00f3 l\u1edbp \u0111\u1ed3ng, do \u0111\u00f3 kh\u00f4ng t\u1ea1o ra kh\u00f3i \u0111\u1ed3ng hay kh\u00ed \u0111\u1ed9c h\u1ea1i trong qu\u00e1 tr\u00ecnh h\u00e0n, gi\u00fap gi\u1ea3m thi\u1ec3u nguy c\u01a1 \u1ea3nh h\u01b0\u1edfng \u0111\u1ebfn s\u1ee9c kh\u1ecfe c\u1ee7a ng\u01b0\u1eddi v\u1eadn h\u00e0nh, v\u00e0 \u0111\u1eb7c bi\u1ec7t ph\u00f9 h\u1ee3p v\u1edbi c\u00e1c m\u00f4i tr\u01b0\u1eddng l\u00e0m vi\u1ec7c k\u00edn ho\u1eb7c th\u00f4ng gi\u00f3 k\u00e9m.<\/li><\/ul>\t\t\t\t\t\t\t\t<\/div>\n\t\t\t\t<\/div>\n\t\t\t\t<\/div>\n\t\t\t\t<\/div>\n\t\t\t\t<\/div>\n\t\t\t\t\t<\/div>\n\t\t\t\t<\/div>\n\t\t\t\t<\/div>","protected":false},"excerpt":{"rendered":"<p>D\u00e2y h\u00e0n kh\u00f4ng ch\u1ee9a \u0111\u1ed3ng l\u00e0 m\u1ed9t lo\u1ea1i v\u1eadt li\u1ec7u ti\u00ean ti\u1ebfn gi\u00fap lo\u1ea1i b\u1ecf ho\u00e0n to\u00e0n nguy c\u01a1 nhi\u1ec5m \u0111\u1ed3ng trong c\u1ea3 qu\u00e1 tr\u00ecnh s\u1ea3n xu\u1ea5t v\u00e0 s\u1eed d\u1ee5ng. Nh\u1edd c\u00f4ng ngh\u1ec7 k\u00edch ho\u1ea1t b\u1ec1 m\u1eb7t \u0111\u1eb7c bi\u1ec7t, s\u1ea3n ph\u1ea9m mang l\u1ea1i b\u1ec1 m\u1eb7t nh\u1eb5n m\u1ecbn, kh\u1ea3 n\u0103ng ch\u1ed1ng g\u1ec9 s\u00e9t v\u01b0\u1ee3t tr\u1ed9i v\u00e0 \u0111\u1ed9 d\u1eabn \u0111i\u1ec7n tuy\u1ec7t v\u1eddi.<\/p>","protected":false},"featured_media":9614,"comment_status":"closed","ping_status":"closed","template":"","meta":{"_seopress_robots_primary_cat":"none","_seopress_titles_title":"Copper-Free Welding Wire Manufacturer | Non Copper Coated Welding Wire Supplier","_seopress_titles_desc":"High-quality copper-free welding wire with no copper contamination, excellent conductivity, and stable feeding. Ideal for steel structures, pipelines, and industrial welding applications.","_seopress_robots_index":"","site-sidebar-layout":"default","site-content-layout":"","ast-site-content-layout":"default","site-content-style":"default","site-sidebar-style":"default","ast-global-header-display":"","ast-banner-title-visibility":"","ast-main-header-display":"","ast-hfb-above-header-display":"","ast-hfb-below-header-display":"","ast-hfb-mobile-header-display":"","site-post-title":"","ast-breadcrumbs-content":"","ast-featured-img":"","footer-sml-layout":"","theme-transparent-header-meta":"default","adv-header-id-meta":"","stick-header-meta":"default","header-above-stick-meta":"","header-main-stick-meta":"","header-below-stick-meta":"","astra-migrate-meta-layouts":"set","ast-page-background-enabled":"default","ast-page-background-meta":{"desktop":{"background-color":"var(--ast-global-color-4)","background-image":"","background-repeat":"repeat","background-position":"center center","background-size":"auto","background-attachment":"scroll","background-type":"","background-media":"","overlay-type":"","overlay-color":"","overlay-opacity":"","overlay-gradient":""},"tablet":{"background-color":"","background-image":"","background-repeat":"repeat","background-position":"center center","background-size":"auto","background-attachment":"scroll","background-type":"","background-media":"","overlay-type":"","overlay-color":"","overlay-opacity":"","overlay-gradient":""},"mobile":{"background-color":"","background-image":"","background-repeat":"repeat","background-position":"center center","background-size":"auto","background-attachment":"scroll","background-type":"","background-media":"","overlay-type":"","overlay-color":"","overlay-opacity":"","overlay-gradient":""}},"ast-content-background-meta":{"desktop":{"background-color":"var(--ast-global-color-5)","background-image":"","background-repeat":"repeat","background-position":"center center","background-size":"auto","background-attachment":"scroll","background-type":"","background-media":"","overlay-type":"","overlay-color":"","overlay-opacity":"","overlay-gradient":""},"tablet":{"background-color":"var(--ast-global-color-5)","background-image":"","background-repeat":"repeat","background-position":"center center","background-size":"auto","background-attachment":"scroll","background-type":"","background-media":"","overlay-type":"","overlay-color":"","overlay-opacity":"","overlay-gradient":""},"mobile":{"background-color":"var(--ast-global-color-5)","background-image":"","background-repeat":"repeat","background-position":"center center","background-size":"auto","background-attachment":"scroll","background-type":"","background-media":"","overlay-type":"","overlay-color":"","overlay-opacity":"","overlay-gradient":""}}},"product_brand":[],"product_cat":[94],"product_tag":[],"class_list":{"0":"post-9281","1":"product","2":"type-product","3":"status-publish","4":"has-post-thumbnail","6":"product_cat-non-copper-coated-welding-wire","7":"desktop-align-center","8":"tablet-align-left","9":"mobile-align-left","10":"ast-product-gallery-layout-horizontal-slider","11":"ast-product-tabs-layout-horizontal","13":"first","14":"instock","15":"shipping-taxable","16":"product-type-simple"},"_links":{"self":[{"href":"https:\/\/www.sxwelding.com\/vi\/wp-json\/wp\/v2\/product\/9281","targetHints":{"allow":["GET"]}}],"collection":[{"href":"https:\/\/www.sxwelding.com\/vi\/wp-json\/wp\/v2\/product"}],"about":[{"href":"https:\/\/www.sxwelding.com\/vi\/wp-json\/wp\/v2\/types\/product"}],"replies":[{"embeddable":true,"href":"https:\/\/www.sxwelding.com\/vi\/wp-json\/wp\/v2\/comments?post=9281"}],"wp:featuredmedia":[{"embeddable":true,"href":"https:\/\/www.sxwelding.com\/vi\/wp-json\/wp\/v2\/media\/9614"}],"wp:attachment":[{"href":"https:\/\/www.sxwelding.com\/vi\/wp-json\/wp\/v2\/media?parent=9281"}],"wp:term":[{"taxonomy":"product_brand","embeddable":true,"href":"https:\/\/www.sxwelding.com\/vi\/wp-json\/wp\/v2\/product_brand?post=9281"},{"taxonomy":"product_cat","embeddable":true,"href":"https:\/\/www.sxwelding.com\/vi\/wp-json\/wp\/v2\/product_cat?post=9281"},{"taxonomy":"product_tag","embeddable":true,"href":"https:\/\/www.sxwelding.com\/vi\/wp-json\/wp\/v2\/product_tag?post=9281"}],"curies":[{"name":"wp","href":"https:\/\/api.w.org\/{rel}","templated":true}]}}