{"id":9296,"date":"2026-03-27T01:55:46","date_gmt":"2026-03-27T01:55:46","guid":{"rendered":"http:\/\/www.sxwelding.com\/?post_type=product&#038;p=9296"},"modified":"2026-03-28T02:28:50","modified_gmt":"2026-03-28T02:28:50","slug":"argon-arc-welding-wire","status":"publish","type":"product","link":"https:\/\/www.sxwelding.com\/vi\/product\/day-han-ho-quang-argon\/","title":{"rendered":"D\u00e2y h\u00e0n h\u1ed3 quang kh\u00ed argon"},"content":{"rendered":"<p data-start=\"140\" data-end=\"323\">D\u00e2y h\u00e0n TIG c\u1ee7a ch\u00fang t\u00f4i c\u00f3 hai lo\u1ea1i \u0111\u1ed9 b\u1ec1n ch\u00ednh: <strong data-start=\"203\" data-end=\"213\">500 MPa<\/strong> v\u00e0 <strong data-start=\"218\" data-end=\"235\">D\u00f2ng 600 MPa<\/strong>, bao g\u1ed3m h\u01a1n 20 lo\u1ea1i v\u1edbi \u0111\u01b0\u1eddng k\u00ednh dao \u0111\u1ed9ng t\u1eeb <strong data-start=\"302\" data-end=\"320\">1,6 mm \u0111\u1ebfn 4,0 mm<\/strong>.<\/p>\n<p data-start=\"325\" data-end=\"519\">\u0110\u01b0\u1ee3c thi\u1ebft k\u1ebf d\u00e0nh cho c\u00e1c \u1ee9ng d\u1ee5ng h\u00e0n ch\u00ednh x\u00e1c, s\u1ea3n ph\u1ea9m n\u00e0y mang l\u1ea1i hi\u1ec7u su\u1ea5t h\u1ed3 quang \u1ed5n \u0111\u1ecbnh, nhi\u1ec7t t\u1eadp trung v\u00e0 hi\u1ec7u su\u1ea5t h\u00e0n cao, nh\u1edd \u0111\u00f3 ph\u00f9 h\u1ee3p v\u1edbi nhi\u1ec1u \u1ee9ng d\u1ee5ng c\u00f4ng nghi\u1ec7p kh\u00e1c nhau.<\/p>\n<table>\n<tbody>\n<tr class=\"firstRow\">\n<td colspan=\"13\" valign=\"top\" width=\"648\"><strong>Th\u00e0nh ph\u1ea7n h\u00f3a h\u1ecdc c\u1ee7a ER50-6 (%)<\/strong><\/td>\n<\/tr>\n<tr>\n<td valign=\"top\" width=\"67\"><strong>ph\u1ea7n t\u1eed<\/strong><\/td>\n<td valign=\"top\" width=\"53\"><strong>C<\/strong><\/td>\n<td valign=\"top\" width=\"55\"><strong>S<\/strong><\/td>\n<td colspan=\"2\" valign=\"top\" width=\"59\"><strong>Mn<\/strong><\/td>\n<td valign=\"top\" width=\"59\"><strong>Si<\/strong><\/td>\n<td valign=\"top\" width=\"59\"><strong>P<\/strong><\/td>\n<td colspan=\"2\" valign=\"top\" width=\"59\"><strong>Cr<\/strong><\/td>\n<td valign=\"top\" width=\"59\"><strong>Ni<\/strong><\/td>\n<td valign=\"top\" width=\"59\"><strong>Th\u1ee9 Hai<\/strong><\/td>\n<td valign=\"top\" width=\"59\"><strong>Cu<\/strong><\/td>\n<td valign=\"top\" width=\"60\"><strong>V<\/strong><\/td>\n<\/tr>\n<tr>\n<td valign=\"top\" width=\"67\">ti\u00eau chu\u1ea9n<\/td>\n<td valign=\"top\" width=\"53\">0.06-<\/p>\n<p>0.14<\/td>\n<td valign=\"top\" width=\"55\">\u22640,025<\/td>\n<td colspan=\"2\" valign=\"top\" width=\"59\">1.40-1.85<\/td>\n<td valign=\"top\" width=\"79\">0.80-1.15<\/td>\n<td valign=\"top\" width=\"59\">\u22640,025<\/td>\n<td colspan=\"2\" valign=\"top\" width=\"59\">\u22640,015<\/td>\n<td valign=\"top\" width=\"59\">\u22640,015<\/td>\n<td valign=\"top\" width=\"59\">\u22640,015<\/td>\n<td valign=\"top\" width=\"59\">\u22640,35<\/td>\n<td valign=\"top\" width=\"60\">\u22640,03<\/td>\n<\/tr>\n<tr>\n<td valign=\"top\" width=\"67\">Gi\u00e1 tr\u1ecb v\u00ed d\u1ee5<\/td>\n<td valign=\"top\" width=\"53\">0.075<\/td>\n<td valign=\"top\" width=\"55\">0.017<\/td>\n<td colspan=\"2\" valign=\"top\" width=\"59\">1.48<\/td>\n<td valign=\"top\" width=\"59\">0.87<\/td>\n<td valign=\"top\" width=\"59\">0.016<\/td>\n<td colspan=\"2\" valign=\"top\" width=\"59\">0.026<\/td>\n<td valign=\"top\" width=\"59\">0.013<\/td>\n<td valign=\"top\" width=\"59\">0.015<\/td>\n<td valign=\"top\" width=\"59\">0.12<\/td>\n<td valign=\"top\" width=\"60\">0.01<\/td>\n<\/tr>\n<tr>\n<td colspan=\"13\" valign=\"top\" width=\"648\"><strong>T\u00ednh ch\u1ea5t c\u01a1 h\u1ecdc c\u1ee7a kim lo\u1ea1i h\u00e0n ER50-6\/TG50<\/strong><\/td>\n<\/tr>\n<tr>\n<td valign=\"top\" width=\"67\"><strong>ki\u1ec3m tra<\/strong><\/td>\n<td colspan=\"3\" valign=\"top\" width=\"135\"><strong>\u0110\u1ed9 b\u1ec1n k\u00e9o (MPa)<\/strong><\/td>\n<td colspan=\"4\" valign=\"top\" width=\"157\"><strong>Gi\u1edbi h\u1ea1n ch\u1ea3y Rm (MPa)<\/strong><\/td>\n<td colspan=\"2\" valign=\"top\" width=\"111\"><strong>\u0110\u1ed9 gi\u00e3n d\u00e0i A (%)<\/strong><\/td>\n<td colspan=\"3\" valign=\"top\" width=\"178\"><strong>Th\u1eed nghi\u1ec7m va \u0111\u1eadp ki\u1ec3u ch\u1eef V (J) \u1edf -30\u00b0C<\/strong><\/td>\n<\/tr>\n<tr>\n<td valign=\"top\" width=\"67\">ti\u00eau chu\u1ea9n<\/td>\n<td colspan=\"3\" valign=\"top\" width=\"135\">\u2265500<\/td>\n<td colspan=\"4\" valign=\"top\" width=\"157\">\u2265420<\/td>\n<td colspan=\"2\" valign=\"top\" width=\"111\">\u226522<\/td>\n<td colspan=\"3\" valign=\"top\" width=\"178\">\u226527<\/td>\n<\/tr>\n<tr>\n<td valign=\"top\" width=\"67\">Gi\u00e1 tr\u1ecb v\u00ed d\u1ee5<\/td>\n<td colspan=\"3\" valign=\"top\" width=\"135\">557<\/td>\n<td colspan=\"4\" valign=\"top\" width=\"157\">439<\/td>\n<td colspan=\"2\" valign=\"top\" width=\"111\">28<\/td>\n<td colspan=\"3\" valign=\"top\" width=\"178\">90<\/td>\n<\/tr>\n<\/tbody>\n<\/table>\n<div id='gallery-1' class='gallery galleryid-9296 gallery-columns-3 gallery-size-full'><figure class='gallery-item'>\n\t\t\t<div class='gallery-icon landscape'>\n\t\t\t\t<a href='https:\/\/www.sxwelding.com\/vi\/?attachment_id=9416'><img fetchpriority=\"high\" decoding=\"async\" width=\"600\" height=\"600\" src=\"https:\/\/www.sxwelding.com\/wp-content\/uploads\/2026\/03\/01-17.png\" class=\"attachment-full size-full\" alt=\"\" srcset=\"https:\/\/www.sxwelding.com\/wp-content\/uploads\/2026\/03\/01-17.png 600w, https:\/\/www.sxwelding.com\/wp-content\/uploads\/2026\/03\/01-17-300x300.png 300w, https:\/\/www.sxwelding.com\/wp-content\/uploads\/2026\/03\/01-17-150x150.png 150w, https:\/\/www.sxwelding.com\/wp-content\/uploads\/2026\/03\/01-17-12x12.png 12w, https:\/\/www.sxwelding.com\/wp-content\/uploads\/2026\/03\/01-17-100x100.png 100w\" sizes=\"(max-width: 600px) 100vw, 600px\" \/><\/a>\n\t\t\t<\/div><\/figure><figure class='gallery-item'>\n\t\t\t<div class='gallery-icon landscape'>\n\t\t\t\t<a href='https:\/\/www.sxwelding.com\/vi\/?attachment_id=9299'><img decoding=\"async\" width=\"600\" height=\"600\" src=\"https:\/\/www.sxwelding.com\/wp-content\/uploads\/2026\/03\/01-3.png\" class=\"attachment-full size-full\" alt=\"\" srcset=\"https:\/\/www.sxwelding.com\/wp-content\/uploads\/2026\/03\/01-3.png 600w, https:\/\/www.sxwelding.com\/wp-content\/uploads\/2026\/03\/01-3-300x300.png 300w, https:\/\/www.sxwelding.com\/wp-content\/uploads\/2026\/03\/01-3-150x150.png 150w, https:\/\/www.sxwelding.com\/wp-content\/uploads\/2026\/03\/01-3-12x12.png 12w, https:\/\/www.sxwelding.com\/wp-content\/uploads\/2026\/03\/01-3-100x100.png 100w\" sizes=\"(max-width: 600px) 100vw, 600px\" \/><\/a>\n\t\t\t<\/div><\/figure><figure class='gallery-item'>\n\t\t\t<div class='gallery-icon landscape'>\n\t\t\t\t<a href='https:\/\/www.sxwelding.com\/vi\/?attachment_id=9300'><img decoding=\"async\" width=\"600\" height=\"600\" src=\"https:\/\/www.sxwelding.com\/wp-content\/uploads\/2026\/03\/02-2.png\" class=\"attachment-full size-full\" alt=\"\" srcset=\"https:\/\/www.sxwelding.com\/wp-content\/uploads\/2026\/03\/02-2.png 600w, https:\/\/www.sxwelding.com\/wp-content\/uploads\/2026\/03\/02-2-300x300.png 300w, https:\/\/www.sxwelding.com\/wp-content\/uploads\/2026\/03\/02-2-150x150.png 150w, https:\/\/www.sxwelding.com\/wp-content\/uploads\/2026\/03\/02-2-12x12.png 12w, https:\/\/www.sxwelding.com\/wp-content\/uploads\/2026\/03\/02-2-100x100.png 100w\" sizes=\"(max-width: 600px) 100vw, 600px\" \/><\/a>\n\t\t\t<\/div><\/figure>\n\t\t<\/div>\n\n\t\t<div data-elementor-type=\"container\" data-elementor-id=\"9420\" class=\"elementor elementor-9420\" data-elementor-post-type=\"elementor_library\">\n\t\t\t\t<div class=\"elementor-element elementor-element-b6c29de e-flex e-con-boxed e-con e-parent\" data-id=\"b6c29de\" data-element_type=\"container\" data-e-type=\"container\">\n\t\t\t\t\t<div class=\"e-con-inner\">\n\t\t\t\t<div class=\"elementor-element elementor-element-4d4bf83 elementor-widget elementor-widget-heading\" data-id=\"4d4bf83\" data-element_type=\"widget\" data-e-type=\"widget\" data-widget_type=\"heading.default\">\n\t\t\t\t<div class=\"elementor-widget-container\">\n\t\t\t\t\t<h2 class=\"elementor-heading-title elementor-size-default\">M\u00f4 t\u1ea3<\/h2>\t\t\t\t<\/div>\n\t\t\t\t<\/div>\n\t\t<div class=\"elementor-element elementor-element-9f0b7d7 e-con-full e-flex e-con e-child\" data-id=\"9f0b7d7\" data-element_type=\"container\" data-e-type=\"container\">\n\t\t<div class=\"elementor-element elementor-element-db2625f e-grid e-con-full e-con e-child\" data-id=\"db2625f\" data-element_type=\"container\" data-e-type=\"container\">\n\t\t<div class=\"elementor-element elementor-element-57bccad e-con-full e-flex e-con e-child\" data-id=\"57bccad\" data-element_type=\"container\" data-e-type=\"container\">\n\t\t\t\t<div class=\"elementor-element elementor-element-9ddd846 elementor-widget elementor-widget-heading\" data-id=\"9ddd846\" data-element_type=\"widget\" data-e-type=\"widget\" data-widget_type=\"heading.default\">\n\t\t\t\t<div class=\"elementor-widget-container\">\n\t\t\t\t\t<h2 class=\"elementor-heading-title elementor-size-default\">C\u00e1c t\u00ednh n\u0103ng ch\u00ednh<\/h2>\t\t\t\t<\/div>\n\t\t\t\t<\/div>\n\t\t\t\t<div class=\"elementor-element elementor-element-9573b21 elementor-widget elementor-widget-text-editor\" data-id=\"9573b21\" data-element_type=\"widget\" data-e-type=\"widget\" data-widget_type=\"text-editor.default\">\n\t\t\t\t<div class=\"elementor-widget-container\">\n\t\t\t\t\t\t\t\t\t<ul data-start=\"547\" data-end=\"1129\"><li data-section-id=\"1ps902j\" data-start=\"547\" data-end=\"639\"><strong data-start=\"549\" data-end=\"575\">Hi\u1ec7u su\u1ea5t h\u1ed3 quang \u1ed5n \u0111\u1ecbnh<\/strong><br data-start=\"575\" data-end=\"578\" \/>\u0110\u1ea3m b\u1ea3o qu\u00e1 tr\u00ecnh \u0111\u00e1nh l\u1eeda h\u1ed3 quang di\u1ec5n ra tr\u01a1n tru v\u00e0 ch\u1ea5t l\u01b0\u1ee3ng h\u00e0n \u1ed5n \u0111\u1ecbnh.<\/li><li data-section-id=\"1vdf5sb\" data-start=\"641\" data-end=\"745\"><strong data-start=\"643\" data-end=\"687\">Nhi\u1ec7t \u0111\u1ed9 v\u00f2m cao &amp; nhi\u1ec7t t\u1eadp trung<\/strong><br data-start=\"687\" data-end=\"690\" \/>Gi\u00fap t\u0103ng kh\u1ea3 n\u0103ng th\u1ea5m v\u00e0 n\u00e2ng cao hi\u1ec7u qu\u1ea3 h\u00e0n.<\/li><li data-section-id=\"e2ziw0\" data-start=\"747\" data-end=\"854\"><strong data-start=\"749\" data-end=\"784\">V\u00f9ng ch\u1ecbu \u1ea3nh h\u01b0\u1edfng nhi\u1ec7t (HAZ) h\u1eb9p<\/strong><br data-start=\"784\" data-end=\"787\" \/>Gi\u1ea3m thi\u1ec3u s\u1ef1 bi\u1ebfn d\u1ea1ng c\u1ee7a v\u1eadt li\u1ec7u v\u00e0 duy tr\u00ec t\u00ednh to\u00e0n v\u1eb9n c\u1ea5u tr\u00fac.<\/li><li data-section-id=\"1n800yy\" data-start=\"856\" data-end=\"953\"><strong data-start=\"858\" data-end=\"894\">\u0110\u1ed9 bi\u1ebfn d\u1ea1ng th\u1ea5p v\u00e0 \u00edt b\u1ecb n\u1ee9t<\/strong><br data-start=\"894\" data-end=\"897\" \/>Gi\u1ea3m \u1ee9ng su\u1ea5t b\u00ean trong v\u00e0 n\u00e2ng cao \u0111\u1ed9 tin c\u1eady c\u1ee7a m\u1ed1i h\u00e0n.<\/li><li data-section-id=\"1iiz3ij\" data-start=\"955\" data-end=\"1033\"><strong data-start=\"957\" data-end=\"980\">B\u1ec1 m\u1eb7t d\u00e2y nh\u1eb5n<\/strong><br data-start=\"980\" data-end=\"983\" \/>Gi\u00fap t\u0103ng c\u01b0\u1eddng \u0111\u1ed9 \u1ed5n \u0111\u1ecbnh c\u1ee7a h\u1ed3 quang v\u00e0 c\u1ea3i thi\u1ec7n b\u1ec1 m\u1eb7t \u0111\u01b0\u1eddng h\u00e0n.<\/li><li data-section-id=\"nuvkxx\" data-start=\"1035\" data-end=\"1129\"><strong data-start=\"1037\" data-end=\"1066\">B\u1ec1 m\u1eb7t m\u1ed1i h\u00e0n \u0111\u1eb9p<\/strong><br data-start=\"1066\" data-end=\"1069\" \/>T\u1ea1o ra c\u00e1c m\u1ed1i h\u00e0n \u0111\u1ed3ng \u0111\u1ec1u, s\u1ea1ch s\u1ebd v\u00e0 th\u1ea9m m\u1ef9.<\/li><\/ul>\t\t\t\t\t\t\t\t<\/div>\n\t\t\t\t<\/div>\n\t\t\t\t<\/div>\n\t\t<div class=\"elementor-element elementor-element-f436910 e-con-full e-flex e-con e-child\" data-id=\"f436910\" data-element_type=\"container\" data-e-type=\"container\">\n\t\t\t\t<div class=\"elementor-element elementor-element-80d426e elementor-widget elementor-widget-heading\" data-id=\"80d426e\" data-element_type=\"widget\" data-e-type=\"widget\" data-widget_type=\"heading.default\">\n\t\t\t\t<div class=\"elementor-widget-container\">\n\t\t\t\t\t<h2 class=\"elementor-heading-title elementor-size-default\">C\u00f4ng ngh\u1ec7 s\u1ea3n xu\u1ea5t ti\u00ean ti\u1ebfn<\/h2>\t\t\t\t<\/div>\n\t\t\t\t<\/div>\n\t\t\t\t<div class=\"elementor-element elementor-element-36eba0a elementor-widget elementor-widget-text-editor\" data-id=\"36eba0a\" data-element_type=\"widget\" data-e-type=\"widget\" data-widget_type=\"text-editor.default\">\n\t\t\t\t<div class=\"elementor-widget-container\">\n\t\t\t\t\t\t\t\t\t<ul data-start=\"1178\" data-end=\"1424\"><li data-section-id=\"iula08\" data-start=\"1178\" data-end=\"1254\">C\u00f4ng d\u1ee5ng\u00a0<strong data-start=\"1185\" data-end=\"1224\">c\u00e1c khu\u00f4n d\u1eadp k\u00e9o \u0111\u1eb7c bi\u1ec7t c\u00f3 \u0111\u1ed9 ch\u00ednh x\u00e1c cao<\/strong>\u00a0v\u00e0\u00a0<strong data-start=\"1229\" data-end=\"1252\">khu\u00f4n l\u00e0m th\u1eb3ng<\/strong><\/li><li data-section-id=\"hfr0su\" data-start=\"1255\" data-end=\"1322\">\u0110\u1ea3m b\u1ea3o\u00a0<strong data-start=\"1265\" data-end=\"1290\">\u0111\u01b0\u1eddng k\u00ednh d\u00e2y \u0111\u1ed3ng nh\u1ea5t<\/strong>\u00a0v\u00e0 \u0111\u1ed9 ch\u00ednh x\u00e1c cao v\u1ec1 chi\u1ec1u<\/li><li data-section-id=\"ywtj6l\" data-start=\"1323\" data-end=\"1369\">Gi\u1ea3m thi\u1ec3u h\u01b0 h\u1ecfng b\u1ec1 m\u1eb7t trong qu\u00e1 tr\u00ecnh s\u1ea3n xu\u1ea5t<\/li><li data-section-id=\"1l8uno\" data-start=\"1370\" data-end=\"1424\">N\u00e2ng cao \u0111\u1ed9 \u1ed5n \u0111\u1ecbnh v\u00e0 t\u00ednh nh\u1ea5t qu\u00e1n chung trong qu\u00e1 tr\u00ecnh h\u00e0n<\/li><\/ul>\t\t\t\t\t\t\t\t<\/div>\n\t\t\t\t<\/div>\n\t\t\t\t<\/div>\n\t\t<div class=\"elementor-element elementor-element-d1dd6d4 e-con-full e-flex e-con e-child\" data-id=\"d1dd6d4\" data-element_type=\"container\" data-e-type=\"container\">\n\t\t\t\t<div class=\"elementor-element elementor-element-a956d28 elementor-widget elementor-widget-heading\" data-id=\"a956d28\" data-element_type=\"widget\" data-e-type=\"widget\" data-widget_type=\"heading.default\">\n\t\t\t\t<div class=\"elementor-widget-container\">\n\t\t\t\t\t<h2 class=\"elementor-heading-title elementor-size-default\">\u1ee8ng d\u1ee5ng<\/h2>\t\t\t\t<\/div>\n\t\t\t\t<\/div>\n\t\t\t\t<div class=\"elementor-element elementor-element-bb54019 elementor-widget elementor-widget-text-editor\" data-id=\"bb54019\" data-element_type=\"widget\" data-e-type=\"widget\" data-widget_type=\"text-editor.default\">\n\t\t\t\t<div class=\"elementor-widget-container\">\n\t\t\t\t\t\t\t\t\t<p>D\u00e2y h\u00e0n TIG \u0111\u01b0\u1ee3c s\u1eed d\u1ee5ng r\u1ed9ng r\u00e3i trong:<br \/>\u2022 Gia c\u00f4ng k\u1ebft c\u1ea5u th\u00e9p<br \/>\u2022 B\u00ecnh \u00e1p l\u1ef1c<br \/>\u2022 H\u00e0n \u1ed1ng<br \/>\u2022 S\u1ea3n xu\u1ea5t c\u01a1 kh\u00ed<br \/>\u2022 Ng\u00e0nh \u0111\u00f3ng t\u00e0u<br \/>\u2022 H\u00e0n c\u00e1c b\u1ed9 ph\u1eadn ch\u00ednh x\u00e1c<br \/>Ph\u00f9 h\u1ee3p v\u1edbi:<br \/>\u2022 Th\u00e9p cacbon v\u00e0 th\u00e9p h\u1ee3p kim th\u1ea5p<br \/>\u2022 C\u00e1c \u1ee9ng d\u1ee5ng h\u00e0n to\u00e0n v\u1ecb tr\u00ed<br \/>\u2022 Y\u00eau c\u1ea7u v\u1ec1 h\u00e0n ch\u1ea5t l\u01b0\u1ee3ng cao v\u00e0 \u0111\u1ed9 ch\u00ednh x\u00e1c<\/p>\t\t\t\t\t\t\t\t<\/div>\n\t\t\t\t<\/div>\n\t\t\t\t<\/div>\n\t\t<div class=\"elementor-element elementor-element-13cdeee e-con-full e-flex e-con e-child\" data-id=\"13cdeee\" data-element_type=\"container\" data-e-type=\"container\">\n\t\t\t\t<div class=\"elementor-element elementor-element-b4a0aab elementor-widget elementor-widget-heading\" data-id=\"b4a0aab\" data-element_type=\"widget\" data-e-type=\"widget\" data-widget_type=\"heading.default\">\n\t\t\t\t<div class=\"elementor-widget-container\">\n\t\t\t\t\t<h2 class=\"elementor-heading-title elementor-size-default\">\u01afu \u0111i\u1ec3m c\u1ee7a s\u1ea3n ph\u1ea9m<\/h2>\t\t\t\t<\/div>\n\t\t\t\t<\/div>\n\t\t\t\t<div class=\"elementor-element elementor-element-b90ff0a elementor-widget elementor-widget-text-editor\" data-id=\"b90ff0a\" data-element_type=\"widget\" data-e-type=\"widget\" data-widget_type=\"text-editor.default\">\n\t\t\t\t<div class=\"elementor-widget-container\">\n\t\t\t\t\t\t\t\t\t<p>Ph\u1ea1m vi th\u00f4ng s\u1ed1 k\u1ef9 thu\u1eadt \u0111a d\u1ea1ng (1,6 mm\u20134,0 mm)<br \/>\u2022 \u00c1p d\u1ee5ng cho nhi\u1ec1u c\u1ea5p \u0111\u1ed9 c\u01b0\u1eddng \u0111\u1ed9 (500MPa \/ 600MPa)<br \/>\u2022 Ph\u00f9 h\u1ee3p cho h\u00e0n TIG t\u1ef1 \u0111\u1ed9ng v\u00e0 th\u1ee7 c\u00f4ng<br \/>\u2022 Kh\u1ea3 n\u0103ng h\u00e0n linh ho\u1ea1t v\u1edbi hi\u1ec7u su\u1ea5t cao<br \/>\u2022 Ch\u1ea5t l\u01b0\u1ee3ng \u1ed5n \u0111\u1ecbnh, \u0111\u00e1p \u1ee9ng c\u00e1c ti\u00eau chu\u1ea9n c\u00f4ng nghi\u1ec7p<\/p>\t\t\t\t\t\t\t\t<\/div>\n\t\t\t\t<\/div>\n\t\t\t\t<\/div>\n\t\t\t\t<\/div>\n\t\t\t\t<\/div>\n\t\t\t\t\t<\/div>\n\t\t\t\t<\/div>\n\t\t\t\t<\/div>\n\t\t\n<p>&nbsp;<\/p>","protected":false},"excerpt":{"rendered":"<p>D\u00e2y h\u00e0n TIG c\u1ee7a ch\u00fang t\u00f4i c\u00f3 hai c\u1ea5p \u0111\u1ed9 \u0111\u1ed9 b\u1ec1n ch\u00ednh: d\u00f2ng 500MPa v\u00e0 600MPa, bao g\u1ed3m h\u01a1n 20 ch\u1ee7ng lo\u1ea1i v\u1edbi \u0111\u01b0\u1eddng k\u00ednh dao \u0111\u1ed9ng t\u1eeb 1,6mm \u0111\u1ebfn 4,0mm.<\/p>","protected":false},"featured_media":9415,"comment_status":"closed","ping_status":"closed","template":"","meta":{"_seopress_robots_primary_cat":"none","_seopress_titles_title":"TIG Welding Wire Manufacturer | Argon Arc Welding Wire 500MPa 600MPa","_seopress_titles_desc":"High-quality TIG welding wire with stable arc, smooth surface, and excellent weld performance. Available in 500MPa & 600MPa grades for precision welding applications.","_seopress_robots_index":"","site-sidebar-layout":"default","site-content-layout":"","ast-site-content-layout":"default","site-content-style":"default","site-sidebar-style":"default","ast-global-header-display":"","ast-banner-title-visibility":"","ast-main-header-display":"","ast-hfb-above-header-display":"","ast-hfb-below-header-display":"","ast-hfb-mobile-header-display":"","site-post-title":"","ast-breadcrumbs-content":"","ast-featured-img":"","footer-sml-layout":"","theme-transparent-header-meta":"default","adv-header-id-meta":"","stick-header-meta":"default","header-above-stick-meta":"","header-main-stick-meta":"","header-below-stick-meta":"","astra-migrate-meta-layouts":"set","ast-page-background-enabled":"default","ast-page-background-meta":{"desktop":{"background-color":"var(--ast-global-color-4)","background-image":"","background-repeat":"repeat","background-position":"center center","background-size":"auto","background-attachment":"scroll","background-type":"","background-media":"","overlay-type":"","overlay-color":"","overlay-opacity":"","overlay-gradient":""},"tablet":{"background-color":"","background-image":"","background-repeat":"repeat","background-position":"center center","background-size":"auto","background-attachment":"scroll","background-type":"","background-media":"","overlay-type":"","overlay-color":"","overlay-opacity":"","overlay-gradient":""},"mobile":{"background-color":"","background-image":"","background-repeat":"repeat","background-position":"center center","background-size":"auto","background-attachment":"scroll","background-type":"","background-media":"","overlay-type":"","overlay-color":"","overlay-opacity":"","overlay-gradient":""}},"ast-content-background-meta":{"desktop":{"background-color":"var(--ast-global-color-5)","background-image":"","background-repeat":"repeat","background-position":"center center","background-size":"auto","background-attachment":"scroll","background-type":"","background-media":"","overlay-type":"","overlay-color":"","overlay-opacity":"","overlay-gradient":""},"tablet":{"background-color":"var(--ast-global-color-5)","background-image":"","background-repeat":"repeat","background-position":"center center","background-size":"auto","background-attachment":"scroll","background-type":"","background-media":"","overlay-type":"","overlay-color":"","overlay-opacity":"","overlay-gradient":""},"mobile":{"background-color":"var(--ast-global-color-5)","background-image":"","background-repeat":"repeat","background-position":"center center","background-size":"auto","background-attachment":"scroll","background-type":"","background-media":"","overlay-type":"","overlay-color":"","overlay-opacity":"","overlay-gradient":""}}},"product_brand":[],"product_cat":[89],"product_tag":[],"class_list":{"0":"post-9296","1":"product","2":"type-product","3":"status-publish","4":"has-post-thumbnail","6":"product_cat-argon-arc-welding-wire","7":"desktop-align-center","8":"tablet-align-left","9":"mobile-align-left","10":"ast-product-gallery-layout-horizontal-slider","11":"ast-product-tabs-layout-horizontal","13":"first","14":"instock","15":"shipping-taxable","16":"product-type-simple"},"_links":{"self":[{"href":"https:\/\/www.sxwelding.com\/vi\/wp-json\/wp\/v2\/product\/9296","targetHints":{"allow":["GET"]}}],"collection":[{"href":"https:\/\/www.sxwelding.com\/vi\/wp-json\/wp\/v2\/product"}],"about":[{"href":"https:\/\/www.sxwelding.com\/vi\/wp-json\/wp\/v2\/types\/product"}],"replies":[{"embeddable":true,"href":"https:\/\/www.sxwelding.com\/vi\/wp-json\/wp\/v2\/comments?post=9296"}],"wp:featuredmedia":[{"embeddable":true,"href":"https:\/\/www.sxwelding.com\/vi\/wp-json\/wp\/v2\/media\/9415"}],"wp:attachment":[{"href":"https:\/\/www.sxwelding.com\/vi\/wp-json\/wp\/v2\/media?parent=9296"}],"wp:term":[{"taxonomy":"product_brand","embeddable":true,"href":"https:\/\/www.sxwelding.com\/vi\/wp-json\/wp\/v2\/product_brand?post=9296"},{"taxonomy":"product_cat","embeddable":true,"href":"https:\/\/www.sxwelding.com\/vi\/wp-json\/wp\/v2\/product_cat?post=9296"},{"taxonomy":"product_tag","embeddable":true,"href":"https:\/\/www.sxwelding.com\/vi\/wp-json\/wp\/v2\/product_tag?post=9296"}],"curies":[{"name":"wp","href":"https:\/\/api.w.org\/{rel}","templated":true}]}}