{"id":9367,"date":"2026-03-27T06:03:21","date_gmt":"2026-03-27T06:03:21","guid":{"rendered":"http:\/\/www.sxwelding.com\/?post_type=product&#038;p=9367"},"modified":"2026-03-28T03:11:08","modified_gmt":"2026-03-28T03:11:08","slug":"heat-resistant-steel-welding-wire","status":"publish","type":"product","link":"https:\/\/www.sxwelding.com\/vi\/product\/day-han-thep-chiu-nhiet\/","title":{"rendered":"D\u00e2y h\u00e0n th\u00e9p ch\u1ecbu nhi\u1ec7t"},"content":{"rendered":"<p data-start=\"152\" data-end=\"317\">D\u00e2y h\u00e0n th\u00e9p ch\u1ecbu nhi\u1ec7t c\u1ee7a ch\u00fang t\u00f4i c\u00f3 hai lo\u1ea1i ch\u00ednh: <strong data-start=\"222\" data-end=\"264\">Crom-Molypden-Vanadi (Cr-Mo-V)<\/strong> lo\u1ea1t phim v\u00e0 <strong data-start=\"276\" data-end=\"307\">Crom-Molypden (Cr-Mo)<\/strong> lo\u1ea1t phim.<\/p>\n<p data-start=\"319\" data-end=\"500\">\u0110\u01b0\u1ee3c thi\u1ebft k\u1ebf d\u00e0nh cho c\u00e1c \u1ee9ng d\u1ee5ng \u1edf nhi\u1ec7t \u0111\u1ed9 cao, d\u00e2y h\u00e0n n\u00e0y c\u00f3 kh\u1ea3 n\u0103ng ch\u1ed1ng n\u1ee9t do nhi\u1ec7t v\u00e0 ch\u1ed1ng oxy h\u00f3a v\u01b0\u1ee3t tr\u1ed9i, \u0111\u1ea3m b\u1ea3o hi\u1ec7u su\u1ea5t \u1ed5n \u0111\u1ecbnh trong c\u00e1c \u0111i\u1ec1u ki\u1ec7n kh\u1eafc nghi\u1ec7t.<\/p>\n<p data-start=\"319\" data-end=\"500\"><strong>D\u00e2y h\u00e0n H13CrMoA:<\/strong><\/p>\n<table>\n<tbody>\n<tr class=\"firstRow\">\n<td colspan=\"14\" valign=\"top\" width=\"652\"><strong>th\u00e0nh ph\u1ea7n h\u00f3a h\u1ecdc (%)<\/strong><\/td>\n<\/tr>\n<tr>\n<td valign=\"top\" width=\"71\"><strong>ph\u1ea7n t\u1eed<\/strong><\/td>\n<td colspan=\"2\" valign=\"top\" width=\"65\"><strong>C<\/strong><\/td>\n<td valign=\"top\" width=\"65\"><strong>S<\/strong><\/td>\n<td colspan=\"2\" valign=\"top\" width=\"65\"><strong>Mn<\/strong><\/td>\n<td valign=\"top\" width=\"65\"><strong>Si<\/strong><\/td>\n<td colspan=\"2\" valign=\"top\" width=\"65\"><strong>P<\/strong><\/td>\n<td valign=\"top\" width=\"65\"><strong>Cr<\/strong><\/td>\n<td colspan=\"2\" valign=\"top\" width=\"65\"><strong>Ni<\/strong><\/td>\n<td valign=\"top\" width=\"65\"><strong>Cu<\/strong><\/td>\n<td valign=\"top\" width=\"65\"><strong>Th\u1ee9 Hai<\/strong><\/td>\n<\/tr>\n<tr>\n<td valign=\"top\" width=\"71\">Gi\u00e1 tr\u1ecb v\u00ed d\u1ee5<\/td>\n<td colspan=\"2\" valign=\"top\" width=\"65\">0.13<\/td>\n<td valign=\"top\" width=\"65\">0.014<\/td>\n<td colspan=\"2\" valign=\"top\" width=\"65\">0.56<\/td>\n<td valign=\"top\" width=\"65\">0.27<\/td>\n<td colspan=\"2\" valign=\"top\" width=\"65\">0.015<\/td>\n<td valign=\"top\" width=\"65\">0.94<\/td>\n<td colspan=\"2\" valign=\"top\" width=\"65\">0.030<\/td>\n<td valign=\"top\" width=\"65\">0.16<\/td>\n<td valign=\"top\" width=\"65\">0.50<\/td>\n<\/tr>\n<tr>\n<td colspan=\"14\" valign=\"top\" width=\"652\"><strong>T\u00ednh ch\u1ea5t c\u01a1 h\u1ecdc c\u1ee7a kim lo\u1ea1i l\u1eafng \u0111\u1ecdng<\/strong><\/td>\n<\/tr>\n<tr>\n<td colspan=\"2\" valign=\"top\" width=\"130\"><strong>D\u1ef1 \u00e1n th\u1eed nghi\u1ec7m<\/strong><\/td>\n<td colspan=\"3\" valign=\"top\" width=\"130\"><strong>\u0110\u1ed9 b\u1ec1n k\u00e9o (MPa)<\/strong><\/td>\n<td colspan=\"3\" valign=\"top\" width=\"130\"><strong>Gi\u1edbi h\u1ea1n ch\u1ea3y (MPa)<\/strong><\/td>\n<td colspan=\"3\" valign=\"top\" width=\"120\"><strong>\u0110\u1ed9 gi\u00e3n d\u00e0i A (%)<\/strong><\/td>\n<td colspan=\"3\" valign=\"top\" width=\"141\"><strong>Th\u1eed nghi\u1ec7m va \u0111\u1eadp h\u00ecnh ch\u1eef V (J) \u1edf 0\u00b0C<\/strong><\/td>\n<\/tr>\n<tr>\n<td colspan=\"2\" valign=\"top\" width=\"130\">Gi\u00e1 tr\u1ecb v\u00ed d\u1ee5<\/td>\n<td colspan=\"3\" valign=\"top\" width=\"130\">568<\/td>\n<td colspan=\"3\" valign=\"top\" width=\"130\">480<\/td>\n<td colspan=\"3\" valign=\"top\" width=\"120\">26<\/td>\n<td colspan=\"3\" valign=\"top\" width=\"141\">68<\/td>\n<\/tr>\n<\/tbody>\n<\/table>\n<p data-section-id=\"pm8yra\" data-start=\"507\" data-end=\"527\"><strong>D\u00e2y h\u00e0n H08CrMoVA:<\/strong><\/p>\n<table>\n<tbody>\n<tr class=\"firstRow\">\n<td colspan=\"14\" valign=\"top\" width=\"652\"><strong>th\u00e0nh ph\u1ea7n h\u00f3a h\u1ecdc (%)<\/strong><\/td>\n<\/tr>\n<tr>\n<td valign=\"top\" width=\"71\"><strong>ph\u1ea7n t\u1eed<\/strong><\/td>\n<td colspan=\"2\" valign=\"top\" width=\"65\"><strong>C<\/strong><\/td>\n<td valign=\"top\" width=\"65\"><strong>S<\/strong><\/td>\n<td colspan=\"2\" valign=\"top\" width=\"65\"><strong>Mn<\/strong><\/td>\n<td valign=\"top\" width=\"65\"><strong>Si<\/strong><\/td>\n<td colspan=\"2\" valign=\"top\" width=\"65\"><strong>P<\/strong><\/td>\n<td valign=\"top\" width=\"65\"><strong>Cr<\/strong><\/td>\n<td colspan=\"2\" valign=\"top\" width=\"65\"><strong>Ni<\/strong><\/td>\n<td valign=\"top\" width=\"65\"><strong>Cu<\/strong><\/td>\n<td valign=\"top\" width=\"65\"><strong>Th\u1ee9 Hai<\/strong><\/td>\n<\/tr>\n<tr>\n<td valign=\"top\" width=\"71\">Gi\u00e1 tr\u1ecb v\u00ed d\u1ee5<\/td>\n<td colspan=\"2\" valign=\"top\" width=\"65\">0.08<\/td>\n<td valign=\"top\" width=\"65\">0.012<\/td>\n<td colspan=\"2\" valign=\"top\" width=\"65\">0.61<\/td>\n<td valign=\"top\" width=\"65\">0.25<\/td>\n<td colspan=\"2\" valign=\"top\" width=\"65\">0.018<\/td>\n<td valign=\"top\" width=\"65\">1.10<\/td>\n<td colspan=\"2\" valign=\"top\" width=\"65\">0.030<\/td>\n<td valign=\"top\" width=\"65\">0.16<\/td>\n<td valign=\"top\" width=\"65\">0.58<\/td>\n<\/tr>\n<tr>\n<td colspan=\"14\" valign=\"top\" width=\"652\"><strong>T\u00ednh ch\u1ea5t c\u01a1 h\u1ecdc c\u1ee7a kim lo\u1ea1i l\u1eafng \u0111\u1ecdng<\/strong><\/td>\n<\/tr>\n<tr>\n<td colspan=\"2\" valign=\"top\" width=\"130\"><strong>D\u1ef1 \u00e1n th\u1eed nghi\u1ec7m<\/strong><\/td>\n<td colspan=\"3\" valign=\"top\" width=\"130\"><strong>\u0110\u1ed9 b\u1ec1n k\u00e9o (MPa)<\/strong><\/td>\n<td colspan=\"3\" valign=\"top\" width=\"130\"><strong>Gi\u1edbi h\u1ea1n ch\u1ea3y (MPa)<\/strong><\/td>\n<td colspan=\"3\" valign=\"top\" width=\"120\"><strong>\u0110\u1ed9 gi\u00e3n d\u00e0i A (%)<\/strong><\/td>\n<td colspan=\"3\" valign=\"top\" width=\"141\"><strong>Th\u1eed nghi\u1ec7m va \u0111\u1eadp h\u00ecnh ch\u1eef V (J) \u1edf 0\u00b0C<\/strong><\/td>\n<\/tr>\n<tr>\n<td colspan=\"2\" valign=\"top\" width=\"130\">Gi\u00e1 tr\u1ecb v\u00ed d\u1ee5<\/td>\n<td colspan=\"3\" valign=\"top\" width=\"130\">585<\/td>\n<td colspan=\"3\" valign=\"top\" width=\"130\">490<\/td>\n<td colspan=\"3\" valign=\"top\" width=\"120\">23<\/td>\n<td colspan=\"3\" valign=\"top\" width=\"141\">70<\/td>\n<\/tr>\n<\/tbody>\n<\/table>\n<div id='gallery-1' class='gallery galleryid-9367 gallery-columns-2 gallery-size-full'><figure class='gallery-item'>\n\t\t\t<div class='gallery-icon landscape'>\n\t\t\t\t<a href='https:\/\/www.sxwelding.com\/vi\/?attachment_id=9372'><img fetchpriority=\"high\" decoding=\"async\" width=\"600\" height=\"600\" src=\"https:\/\/www.sxwelding.com\/wp-content\/uploads\/2026\/03\/01-8.png\" class=\"attachment-full size-full\" alt=\"\" srcset=\"https:\/\/www.sxwelding.com\/wp-content\/uploads\/2026\/03\/01-8.png 600w, https:\/\/www.sxwelding.com\/wp-content\/uploads\/2026\/03\/01-8-300x300.png 300w, https:\/\/www.sxwelding.com\/wp-content\/uploads\/2026\/03\/01-8-150x150.png 150w, https:\/\/www.sxwelding.com\/wp-content\/uploads\/2026\/03\/01-8-12x12.png 12w, https:\/\/www.sxwelding.com\/wp-content\/uploads\/2026\/03\/01-8-100x100.png 100w\" sizes=\"(max-width: 600px) 100vw, 600px\" \/><\/a>\n\t\t\t<\/div><\/figure><figure class='gallery-item'>\n\t\t\t<div class='gallery-icon landscape'>\n\t\t\t\t<a href='https:\/\/www.sxwelding.com\/vi\/?attachment_id=9373'><img decoding=\"async\" width=\"600\" height=\"600\" src=\"https:\/\/www.sxwelding.com\/wp-content\/uploads\/2026\/03\/2.png\" class=\"attachment-full size-full\" alt=\"\" srcset=\"https:\/\/www.sxwelding.com\/wp-content\/uploads\/2026\/03\/2.png 600w, https:\/\/www.sxwelding.com\/wp-content\/uploads\/2026\/03\/2-300x300.png 300w, https:\/\/www.sxwelding.com\/wp-content\/uploads\/2026\/03\/2-150x150.png 150w, https:\/\/www.sxwelding.com\/wp-content\/uploads\/2026\/03\/2-12x12.png 12w, https:\/\/www.sxwelding.com\/wp-content\/uploads\/2026\/03\/2-100x100.png 100w\" sizes=\"(max-width: 600px) 100vw, 600px\" \/><\/a>\n\t\t\t<\/div><\/figure>\n\t\t<\/div>\n\n\t\t<div data-elementor-type=\"container\" data-elementor-id=\"9445\" class=\"elementor elementor-9445\" data-elementor-post-type=\"elementor_library\">\n\t\t\t\t<div class=\"elementor-element elementor-element-53d41c81 e-flex e-con-boxed e-con e-parent\" data-id=\"53d41c81\" data-element_type=\"container\" data-e-type=\"container\">\n\t\t\t\t\t<div class=\"e-con-inner\">\n\t\t\t\t<div class=\"elementor-element elementor-element-6dabf9e6 elementor-widget elementor-widget-heading\" data-id=\"6dabf9e6\" data-element_type=\"widget\" data-e-type=\"widget\" data-widget_type=\"heading.default\">\n\t\t\t\t<div class=\"elementor-widget-container\">\n\t\t\t\t\t<h2 class=\"elementor-heading-title elementor-size-default\">M\u00f4 t\u1ea3<\/h2>\t\t\t\t<\/div>\n\t\t\t\t<\/div>\n\t\t<div class=\"elementor-element elementor-element-2094ea1d e-con-full e-flex e-con e-child\" data-id=\"2094ea1d\" data-element_type=\"container\" data-e-type=\"container\">\n\t\t<div class=\"elementor-element elementor-element-72dfd4eb e-grid e-con-full e-con e-child\" data-id=\"72dfd4eb\" data-element_type=\"container\" data-e-type=\"container\">\n\t\t<div class=\"elementor-element elementor-element-735dde37 e-con-full e-flex e-con e-child\" data-id=\"735dde37\" data-element_type=\"container\" data-e-type=\"container\">\n\t\t\t\t<div class=\"elementor-element elementor-element-39bae5b0 elementor-widget elementor-widget-heading\" data-id=\"39bae5b0\" data-element_type=\"widget\" data-e-type=\"widget\" data-widget_type=\"heading.default\">\n\t\t\t\t<div class=\"elementor-widget-container\">\n\t\t\t\t\t<h2 class=\"elementor-heading-title elementor-size-default\">C\u00e1c t\u00ednh n\u0103ng ch\u00ednh<\/h2>\t\t\t\t<\/div>\n\t\t\t\t<\/div>\n\t\t\t\t<div class=\"elementor-element elementor-element-3c82d61b elementor-widget elementor-widget-text-editor\" data-id=\"3c82d61b\" data-element_type=\"widget\" data-e-type=\"widget\" data-widget_type=\"text-editor.default\">\n\t\t\t\t<div class=\"elementor-widget-container\">\n\t\t\t\t\t\t\t\t\t<ul data-start=\"528\" data-end=\"1161\"><li data-section-id=\"1cc8br6\" data-start=\"528\" data-end=\"633\"><strong data-start=\"530\" data-end=\"571\">Kh\u1ea3 n\u0103ng ch\u1ecbu nhi\u1ec7t \u0111\u1ed9 cao tuy\u1ec7t v\u1eddi<\/strong><br data-start=\"571\" data-end=\"574\" \/>Duy tr\u00ec hi\u1ec7u su\u1ea5t \u1ed5n \u0111\u1ecbnh \u1edf nhi\u1ec7t \u0111\u1ed9 cao.<\/li><li data-section-id=\"dmww9i\" data-start=\"635\" data-end=\"730\"><strong data-start=\"637\" data-end=\"665\">Kh\u1ea3 n\u0103ng ch\u1ed1ng n\u1ee9t do nhi\u1ec7t<\/strong><br data-start=\"665\" data-end=\"668\" \/>Gi\u00fap gi\u1ea3m thi\u1ec3u hi\u1ec7u qu\u1ea3 nguy c\u01a1 n\u1ee9t do nhi\u1ec7t trong qu\u00e1 tr\u00ecnh h\u00e0n.<\/li><li data-section-id=\"1lblw6l\" data-start=\"732\" data-end=\"829\"><strong data-start=\"734\" data-end=\"765\">Kh\u1ea3 n\u0103ng ch\u1ed1ng oxy h\u00f3a cao<\/strong><br data-start=\"765\" data-end=\"768\" \/>\u0110\u1ea3m b\u1ea3o tu\u1ed5i th\u1ecd cao trong m\u00f4i tr\u01b0\u1eddng nhi\u1ec7t \u0111\u1ed9 cao.<\/li><li data-section-id=\"19g205m\" data-start=\"831\" data-end=\"914\"><strong data-start=\"833\" data-end=\"859\">Hi\u1ec7u su\u1ea5t h\u1ed3 quang \u1ed5n \u0111\u1ecbnh<\/strong><br data-start=\"859\" data-end=\"862\" \/>Qu\u00e1 tr\u00ecnh h\u00e0n m\u01b0\u1ee3t m\u00e0 v\u00e0 \u1ed5n \u0111\u1ecbnh.<\/li><li data-section-id=\"1p7yjkp\" data-start=\"916\" data-end=\"995\"><strong data-start=\"918\" data-end=\"939\">Lo\u1ea1i b\u1ecf x\u1ec9 d\u1ec5 d\u00e0ng<\/strong><br data-start=\"939\" data-end=\"942\" \/>Gi\u00fap n\u00e2ng cao hi\u1ec7u qu\u1ea3 v\u00e0 gi\u1ea3m thi\u1ec3u c\u00f4ng \u0111o\u1ea1n l\u00e0m s\u1ea1ch sau khi h\u00e0n.<\/li><li data-section-id=\"1zpbll\" data-start=\"997\" data-end=\"1084\"><strong data-start=\"999\" data-end=\"1029\">Hi\u1ec7u su\u1ea5t l\u1eafng \u0111\u1ecdng cao<\/strong><br data-start=\"1029\" data-end=\"1032\" \/>H\u1ed7 tr\u1ee3 t\u1ed1c \u0111\u1ed9 h\u00e0n nhanh v\u00e0 n\u0103ng su\u1ea5t cao.<\/li><li data-section-id=\"1sn78w5\" data-start=\"1086\" data-end=\"1161\"><strong data-start=\"1088\" data-end=\"1111\">H\u00ecnh th\u00e0nh m\u1ed1i h\u00e0n t\u1ed1t<\/strong><br data-start=\"1111\" data-end=\"1114\" \/>T\u1ea1o ra c\u00e1c \u0111\u01b0\u1eddng h\u00e0n \u0111\u1ed3ng \u0111\u1ec1u v\u00e0 ch\u1ea5t l\u01b0\u1ee3ng cao.<\/li><\/ul>\t\t\t\t\t\t\t\t<\/div>\n\t\t\t\t<\/div>\n\t\t\t\t<\/div>\n\t\t<div class=\"elementor-element elementor-element-53115cc0 e-con-full e-flex e-con e-child\" data-id=\"53115cc0\" data-element_type=\"container\" data-e-type=\"container\">\n\t\t\t\t<div class=\"elementor-element elementor-element-2afb1029 elementor-widget elementor-widget-heading\" data-id=\"2afb1029\" data-element_type=\"widget\" data-e-type=\"widget\" data-widget_type=\"heading.default\">\n\t\t\t\t<div class=\"elementor-widget-container\">\n\t\t\t\t\t<h2 class=\"elementor-heading-title elementor-size-default\">Hi\u1ec7u su\u1ea5t k\u1ef9 thu\u1eadt<\/h2>\t\t\t\t<\/div>\n\t\t\t\t<\/div>\n\t\t\t\t<div class=\"elementor-element elementor-element-5b9d4d55 elementor-widget elementor-widget-text-editor\" data-id=\"5b9d4d55\" data-element_type=\"widget\" data-e-type=\"widget\" data-widget_type=\"text-editor.default\">\n\t\t\t\t<div class=\"elementor-widget-container\">\n\t\t\t\t\t\t\t\t\t<ul data-start=\"2139\" data-end=\"2324\"><li data-section-id=\"1dv6ril\" data-start=\"2139\" data-end=\"2180\">\u0110\u01b0\u1eddng h\u00e0n \u1ed5n \u0111\u1ecbnh v\u00e0 qu\u00e1 tr\u00ecnh h\u00e0n di\u1ec5n ra tr\u01a1n tru<\/li><li data-section-id=\"k7cmlb\" data-start=\"2181\" data-end=\"2212\">H\u00ecnh th\u00e0nh \u0111\u01b0\u1eddng h\u00e0n \u0111\u1ed3ng \u0111\u1ec1u<\/li><li data-section-id=\"1srs1k9\" data-start=\"2213\" data-end=\"2238\">\u0110\u1ed9 nh\u1ea1y n\u1ee9t th\u1ea5p<\/li><li data-section-id=\"jm69s0\" data-start=\"2239\" data-end=\"2278\">T\u1ed1c \u0111\u1ed9 h\u00e0n cao v\u00e0 n\u0103ng su\u1ea5t cao<\/li><li data-section-id=\"v850n3\" data-start=\"2279\" data-end=\"2324\">\u0110\u1ed9 b\u1ec1n c\u01a1 h\u1ecdc cao v\u00e0 \u0111\u1ed9 b\u1ec1n t\u1ed1t<\/li><\/ul><p>Th\u00edch h\u1ee3p \u0111\u1ec3 s\u1eed d\u1ee5ng v\u1edbi c\u00e1c lo\u1ea1i b\u1ed9t h\u00e0n kh\u00e1c nhau<br \/>R\u1ea5t th\u00edch h\u1ee3p cho h\u00e0n h\u1ed3 quang ch\u00ecm (SAW) v\u00e0 c\u00e1c quy tr\u00ecnh li\u00ean quan<br \/>T\u01b0\u01a1ng th\u00edch v\u1edbi c\u00e1c h\u1ec7 th\u1ed1ng h\u00e0n c\u01a1 kh\u00ed v\u00e0 t\u1ef1 \u0111\u1ed9ng<\/p><h5 data-section-id=\"c03k92\" data-start=\"1168\" data-end=\"1189\"><span role=\"text\"><strong data-start=\"1172\" data-end=\"1189\">C\u00e1c lo\u1ea1i<\/strong><\/span><\/h5><ul data-start=\"1190\" data-end=\"1395\"><li data-section-id=\"gfhp7n\" data-start=\"1190\" data-end=\"1304\"><strong data-start=\"1192\" data-end=\"1223\">D\u00e2y h\u00e0n d\u00f2ng Cr-Mo-V<\/strong><br data-start=\"1223\" data-end=\"1226\" \/>Ph\u00f9 h\u1ee3p cho c\u00e1c \u1ee9ng d\u1ee5ng y\u00eau c\u1ea7u \u0111\u1ed9 b\u1ec1n cao h\u01a1n v\u00e0 kh\u1ea3 n\u0103ng ch\u1ecbu nhi\u1ec7t t\u1ed1t h\u01a1n.<\/li><li data-section-id=\"bds7n3\" data-start=\"1306\" data-end=\"1395\"><strong data-start=\"1308\" data-end=\"1337\">D\u00e2y h\u00e0n d\u00f2ng Cr-Mo<\/strong><br data-start=\"1337\" data-end=\"1340\" \/>\u0110\u01b0\u1ee3c s\u1eed d\u1ee5ng r\u1ed9ng r\u00e3i trong h\u00e0n th\u00e9p ch\u1ecbu nhi\u1ec7t th\u00f4ng th\u01b0\u1eddng.<\/li><\/ul><p>\u00a0<\/p>\t\t\t\t\t\t\t\t<\/div>\n\t\t\t\t<\/div>\n\t\t\t\t<\/div>\n\t\t<div class=\"elementor-element elementor-element-13540b23 e-con-full e-flex e-con e-child\" data-id=\"13540b23\" data-element_type=\"container\" data-e-type=\"container\">\n\t\t\t\t<div class=\"elementor-element elementor-element-1dc25b26 elementor-widget elementor-widget-heading\" data-id=\"1dc25b26\" data-element_type=\"widget\" data-e-type=\"widget\" data-widget_type=\"heading.default\">\n\t\t\t\t<div class=\"elementor-widget-container\">\n\t\t\t\t\t<h2 class=\"elementor-heading-title elementor-size-default\">\u1ee8ng d\u1ee5ng<\/h2>\t\t\t\t<\/div>\n\t\t\t\t<\/div>\n\t\t\t\t<div class=\"elementor-element elementor-element-68686a94 elementor-widget elementor-widget-text-editor\" data-id=\"68686a94\" data-element_type=\"widget\" data-e-type=\"widget\" data-widget_type=\"text-editor.default\">\n\t\t\t\t<div class=\"elementor-widget-container\">\n\t\t\t\t\t\t\t\t\t<p data-start=\"1423\" data-end=\"1492\">\u0110\u01b0\u1ee3c s\u1eed d\u1ee5ng r\u1ed9ng r\u00e3i trong h\u00e0n c\u00e1c chi ti\u1ebft th\u00e9p ch\u1ecbu nhi\u1ec7t, bao g\u1ed3m:<\/p><ul data-start=\"1494\" data-end=\"1640\"><li data-section-id=\"1hf4m10\" data-start=\"1494\" data-end=\"1514\">B\u00ecnh \u00e1p l\u1ef1c<\/li><li data-section-id=\"7271x2\" data-start=\"1515\" data-end=\"1545\">\u0110\u01b0\u1eddng \u1ed1ng ch\u1ecbu nhi\u1ec7t \u0111\u1ed9 cao<\/li><li data-section-id=\"h5jfdm\" data-start=\"1546\" data-end=\"1571\">Thi\u1ebft b\u1ecb nh\u00e0 m\u00e1y \u0111i\u1ec7n<\/li><li data-section-id=\"k96uct\" data-start=\"1572\" data-end=\"1603\">N\u1ed3i h\u01a1i v\u00e0 thi\u1ebft b\u1ecb trao \u0111\u1ed5i nhi\u1ec7t<\/li><li data-section-id=\"1x4ve68\" data-start=\"1604\" data-end=\"1640\">Thi\u1ebft b\u1ecb cho ng\u00e0nh h\u00f3a d\u1ea7u<\/li><\/ul>\t\t\t\t\t\t\t\t<\/div>\n\t\t\t\t<\/div>\n\t\t\t\t<\/div>\n\t\t<div class=\"elementor-element elementor-element-1600b4fc e-con-full e-flex e-con e-child\" data-id=\"1600b4fc\" data-element_type=\"container\" data-e-type=\"container\">\n\t\t\t\t<div class=\"elementor-element elementor-element-1e72260 elementor-widget elementor-widget-heading\" data-id=\"1e72260\" data-element_type=\"widget\" data-e-type=\"widget\" data-widget_type=\"heading.default\">\n\t\t\t\t<div class=\"elementor-widget-container\">\n\t\t\t\t\t<h2 class=\"elementor-heading-title elementor-size-default\">\u01afu \u0111i\u1ec3m c\u1ee7a s\u1ea3n ph\u1ea9m<\/h2>\t\t\t\t<\/div>\n\t\t\t\t<\/div>\n\t\t\t\t<div class=\"elementor-element elementor-element-b718b04 elementor-widget elementor-widget-text-editor\" data-id=\"b718b04\" data-element_type=\"widget\" data-e-type=\"widget\" data-widget_type=\"text-editor.default\">\n\t\t\t\t<div class=\"elementor-widget-container\">\n\t\t\t\t\t\t\t\t\t<ul data-start=\"1887\" data-end=\"2102\"><li data-section-id=\"zaubjj\" data-start=\"1887\" data-end=\"1941\">C\u00e1c t\u00ednh ch\u1ea5t c\u01a1 h\u1ecdc v\u01b0\u1ee3t tr\u1ed9i c\u1ee7a kim lo\u1ea1i \u0111\u01b0\u1ee3c ph\u1ee7<\/li><li data-section-id=\"9jsmbk\" data-start=\"1942\" data-end=\"1993\">Hi\u1ec7u su\u1ea5t h\u00e0n \u1ed5n \u0111\u1ecbnh v\u1edbi t\u1ef7 l\u1ec7 khuy\u1ebft t\u1eadt th\u1ea5p<\/li><li data-section-id=\"vu5aqn\" data-start=\"1994\" data-end=\"2048\">Hi\u1ec7u su\u1ea5t cao cho h\u00e0n c\u00f4ng nghi\u1ec7p quy m\u00f4 l\u1edbn<\/li><li data-section-id=\"rxyzmz\" data-start=\"2049\" data-end=\"2102\">D\u1ec5 d\u00e0ng th\u1ef1c hi\u1ec7n t\u1ef1 \u0111\u1ed9ng h\u00f3a v\u00e0 h\u00e0n li\u00ean t\u1ee5c<\/li><\/ul>\t\t\t\t\t\t\t\t<\/div>\n\t\t\t\t<\/div>\n\t\t\t\t<\/div>\n\t\t\t\t<\/div>\n\t\t\t\t<\/div>\n\t\t\t\t\t<\/div>\n\t\t\t\t<\/div>\n\t\t\t\t<\/div>","protected":false},"excerpt":{"rendered":"<p>C\u00f4ng ty ch\u00fang t\u00f4i s\u1ea3n xu\u1ea5t d\u00e2y h\u00e0n th\u00e9p ch\u1ecbu nhi\u1ec7t v\u1edbi hai lo\u1ea1i: d\u00f2ng crom-molypden-vanadi v\u00e0 d\u00f2ng crom-molypden. C\u00e1c lo\u1ea1i d\u00e2y n\u00e0y c\u00f3 \u0111\u1eb7c t\u00ednh ch\u1ed1ng n\u1ee9t do nhi\u1ec7t \u0111\u1ed9 cao v\u00e0 ch\u1ed1ng oxy h\u00f3a.<\/p>","protected":false},"featured_media":9371,"comment_status":"closed","ping_status":"closed","template":"","meta":{"_seopress_robots_primary_cat":"none","_seopress_titles_title":"Heat-Resistant Steel Welding Wire | Cr-Mo & Cr-Mo-V Welding Wire Supplier","_seopress_titles_desc":"High-quality heat-resistant steel welding wire with excellent thermal crack resistance and oxidation resistance. Ideal for pressure vessels, pipelines, and high-temperature applications.","_seopress_robots_index":"","site-sidebar-layout":"default","site-content-layout":"","ast-site-content-layout":"default","site-content-style":"default","site-sidebar-style":"default","ast-global-header-display":"","ast-banner-title-visibility":"","ast-main-header-display":"","ast-hfb-above-header-display":"","ast-hfb-below-header-display":"","ast-hfb-mobile-header-display":"","site-post-title":"","ast-breadcrumbs-content":"","ast-featured-img":"","footer-sml-layout":"","theme-transparent-header-meta":"default","adv-header-id-meta":"","stick-header-meta":"default","header-above-stick-meta":"","header-main-stick-meta":"","header-below-stick-meta":"","astra-migrate-meta-layouts":"set","ast-page-background-enabled":"default","ast-page-background-meta":{"desktop":{"background-color":"var(--ast-global-color-4)","background-image":"","background-repeat":"repeat","background-position":"center center","background-size":"auto","background-attachment":"scroll","background-type":"","background-media":"","overlay-type":"","overlay-color":"","overlay-opacity":"","overlay-gradient":""},"tablet":{"background-color":"","background-image":"","background-repeat":"repeat","background-position":"center center","background-size":"auto","background-attachment":"scroll","background-type":"","background-media":"","overlay-type":"","overlay-color":"","overlay-opacity":"","overlay-gradient":""},"mobile":{"background-color":"","background-image":"","background-repeat":"repeat","background-position":"center center","background-size":"auto","background-attachment":"scroll","background-type":"","background-media":"","overlay-type":"","overlay-color":"","overlay-opacity":"","overlay-gradient":""}},"ast-content-background-meta":{"desktop":{"background-color":"var(--ast-global-color-5)","background-image":"","background-repeat":"repeat","background-position":"center center","background-size":"auto","background-attachment":"scroll","background-type":"","background-media":"","overlay-type":"","overlay-color":"","overlay-opacity":"","overlay-gradient":""},"tablet":{"background-color":"var(--ast-global-color-5)","background-image":"","background-repeat":"repeat","background-position":"center center","background-size":"auto","background-attachment":"scroll","background-type":"","background-media":"","overlay-type":"","overlay-color":"","overlay-opacity":"","overlay-gradient":""},"mobile":{"background-color":"var(--ast-global-color-5)","background-image":"","background-repeat":"repeat","background-position":"center center","background-size":"auto","background-attachment":"scroll","background-type":"","background-media":"","overlay-type":"","overlay-color":"","overlay-opacity":"","overlay-gradient":""}}},"product_brand":[],"product_cat":[91],"product_tag":[],"class_list":{"0":"post-9367","1":"product","2":"type-product","3":"status-publish","4":"has-post-thumbnail","6":"product_cat-heat-resistant-steel-welding-wire","7":"desktop-align-center","8":"tablet-align-left","9":"mobile-align-left","10":"ast-product-gallery-layout-horizontal-slider","11":"ast-product-gallery-with-no-image","12":"ast-product-tabs-layout-horizontal","14":"first","15":"instock","16":"shipping-taxable","17":"product-type-simple"},"_links":{"self":[{"href":"https:\/\/www.sxwelding.com\/vi\/wp-json\/wp\/v2\/product\/9367","targetHints":{"allow":["GET"]}}],"collection":[{"href":"https:\/\/www.sxwelding.com\/vi\/wp-json\/wp\/v2\/product"}],"about":[{"href":"https:\/\/www.sxwelding.com\/vi\/wp-json\/wp\/v2\/types\/product"}],"replies":[{"embeddable":true,"href":"https:\/\/www.sxwelding.com\/vi\/wp-json\/wp\/v2\/comments?post=9367"}],"wp:featuredmedia":[{"embeddable":true,"href":"https:\/\/www.sxwelding.com\/vi\/wp-json\/wp\/v2\/media\/9371"}],"wp:attachment":[{"href":"https:\/\/www.sxwelding.com\/vi\/wp-json\/wp\/v2\/media?parent=9367"}],"wp:term":[{"taxonomy":"product_brand","embeddable":true,"href":"https:\/\/www.sxwelding.com\/vi\/wp-json\/wp\/v2\/product_brand?post=9367"},{"taxonomy":"product_cat","embeddable":true,"href":"https:\/\/www.sxwelding.com\/vi\/wp-json\/wp\/v2\/product_cat?post=9367"},{"taxonomy":"product_tag","embeddable":true,"href":"https:\/\/www.sxwelding.com\/vi\/wp-json\/wp\/v2\/product_tag?post=9367"}],"curies":[{"name":"wp","href":"https:\/\/api.w.org\/{rel}","templated":true}]}}