{"id":9466,"date":"2026-03-28T03:49:29","date_gmt":"2026-03-28T03:49:29","guid":{"rendered":"http:\/\/www.sxwelding.com\/?post_type=product&#038;p=9466"},"modified":"2026-03-28T03:58:03","modified_gmt":"2026-03-28T03:58:03","slug":"drum-packed-welding-wire","status":"publish","type":"product","link":"https:\/\/www.sxwelding.com\/vi\/product\/day-han-dong-goi-dang-cuon\/","title":{"rendered":"D\u00e2y h\u00e0n cu\u1ed9n"},"content":{"rendered":"<p data-start=\"218\" data-end=\"479\">Drum packed welding wire is specially designed for high-efficiency automated and robotic welding systems. With smooth wire feeding performance and stable arc characteristics, it significantly improves production efficiency and ensures consistent weld quality.<\/p>\n<p data-start=\"481\" data-end=\"728\">Our drum packed welding wire has been widely used in large-scale manufacturing groups and industrial production lines, earning high recognition for its excellent feeding performance, superior weld appearance, and outstanding mechanical properties.<\/p>\n<div id='gallery-1' class='gallery galleryid-9466 gallery-columns-3 gallery-size-full'><figure class='gallery-item'>\n\t\t\t<div class='gallery-icon landscape'>\n\t\t\t\t<a href='https:\/\/www.sxwelding.com\/vi\/?attachment_id=9472'><img fetchpriority=\"high\" decoding=\"async\" width=\"600\" height=\"600\" src=\"https:\/\/www.sxwelding.com\/wp-content\/uploads\/2026\/03\/01-19.png\" class=\"attachment-full size-full\" alt=\"\" srcset=\"https:\/\/www.sxwelding.com\/wp-content\/uploads\/2026\/03\/01-19.png 600w, https:\/\/www.sxwelding.com\/wp-content\/uploads\/2026\/03\/01-19-300x300.png 300w, https:\/\/www.sxwelding.com\/wp-content\/uploads\/2026\/03\/01-19-150x150.png 150w, https:\/\/www.sxwelding.com\/wp-content\/uploads\/2026\/03\/01-19-12x12.png 12w, https:\/\/www.sxwelding.com\/wp-content\/uploads\/2026\/03\/01-19-100x100.png 100w\" sizes=\"(max-width: 600px) 100vw, 600px\" \/><\/a>\n\t\t\t<\/div><\/figure><figure class='gallery-item'>\n\t\t\t<div class='gallery-icon landscape'>\n\t\t\t\t<a href='https:\/\/www.sxwelding.com\/vi\/?attachment_id=9473'><img decoding=\"async\" width=\"600\" height=\"600\" src=\"https:\/\/www.sxwelding.com\/wp-content\/uploads\/2026\/03\/02-11.png\" class=\"attachment-full size-full\" alt=\"\" srcset=\"https:\/\/www.sxwelding.com\/wp-content\/uploads\/2026\/03\/02-11.png 600w, https:\/\/www.sxwelding.com\/wp-content\/uploads\/2026\/03\/02-11-300x300.png 300w, https:\/\/www.sxwelding.com\/wp-content\/uploads\/2026\/03\/02-11-150x150.png 150w, https:\/\/www.sxwelding.com\/wp-content\/uploads\/2026\/03\/02-11-12x12.png 12w, https:\/\/www.sxwelding.com\/wp-content\/uploads\/2026\/03\/02-11-100x100.png 100w\" sizes=\"(max-width: 600px) 100vw, 600px\" \/><\/a>\n\t\t\t<\/div><\/figure><figure class='gallery-item'>\n\t\t\t<div class='gallery-icon landscape'>\n\t\t\t\t<a href='https:\/\/www.sxwelding.com\/vi\/?attachment_id=9474'><img decoding=\"async\" width=\"600\" height=\"600\" src=\"https:\/\/www.sxwelding.com\/wp-content\/uploads\/2026\/03\/03-8.png\" class=\"attachment-full size-full\" alt=\"\" srcset=\"https:\/\/www.sxwelding.com\/wp-content\/uploads\/2026\/03\/03-8.png 600w, https:\/\/www.sxwelding.com\/wp-content\/uploads\/2026\/03\/03-8-300x300.png 300w, https:\/\/www.sxwelding.com\/wp-content\/uploads\/2026\/03\/03-8-150x150.png 150w, https:\/\/www.sxwelding.com\/wp-content\/uploads\/2026\/03\/03-8-12x12.png 12w, https:\/\/www.sxwelding.com\/wp-content\/uploads\/2026\/03\/03-8-100x100.png 100w\" sizes=\"(max-width: 600px) 100vw, 600px\" \/><\/a>\n\t\t\t<\/div><\/figure>\n\t\t<\/div>\n\n\t\t<div data-elementor-type=\"container\" data-elementor-id=\"9475\" class=\"elementor elementor-9475\" data-elementor-post-type=\"elementor_library\">\n\t\t\t\t<div class=\"elementor-element elementor-element-650e09a9 e-flex e-con-boxed e-con e-parent\" data-id=\"650e09a9\" data-element_type=\"container\" data-e-type=\"container\">\n\t\t\t\t\t<div class=\"e-con-inner\">\n\t\t\t\t<div class=\"elementor-element elementor-element-fcaea55 elementor-widget elementor-widget-heading\" data-id=\"fcaea55\" data-element_type=\"widget\" data-e-type=\"widget\" data-widget_type=\"heading.default\">\n\t\t\t\t<div class=\"elementor-widget-container\">\n\t\t\t\t\t<h2 class=\"elementor-heading-title elementor-size-default\">M\u00f4 t\u1ea3<\/h2>\t\t\t\t<\/div>\n\t\t\t\t<\/div>\n\t\t<div class=\"elementor-element elementor-element-7adf3b2c e-con-full e-flex e-con e-child\" data-id=\"7adf3b2c\" data-element_type=\"container\" data-e-type=\"container\">\n\t\t<div class=\"elementor-element elementor-element-260c5b97 e-grid e-con-full e-con e-child\" data-id=\"260c5b97\" data-element_type=\"container\" data-e-type=\"container\">\n\t\t<div class=\"elementor-element elementor-element-40f90da4 e-con-full e-flex e-con e-child\" data-id=\"40f90da4\" data-element_type=\"container\" data-e-type=\"container\">\n\t\t\t\t<div class=\"elementor-element elementor-element-2dad076d elementor-widget elementor-widget-heading\" data-id=\"2dad076d\" data-element_type=\"widget\" data-e-type=\"widget\" data-widget_type=\"heading.default\">\n\t\t\t\t<div class=\"elementor-widget-container\">\n\t\t\t\t\t<h2 class=\"elementor-heading-title elementor-size-default\">C\u00e1c t\u00ednh n\u0103ng ch\u00ednh<\/h2>\t\t\t\t<\/div>\n\t\t\t\t<\/div>\n\t\t\t\t<div class=\"elementor-element elementor-element-546396d elementor-widget elementor-widget-text-editor\" data-id=\"546396d\" data-element_type=\"widget\" data-e-type=\"widget\" data-widget_type=\"text-editor.default\">\n\t\t\t\t<div class=\"elementor-widget-container\">\n\t\t\t\t\t\t\t\t\t<ul><li data-section-id=\"n0gpwp\" data-start=\"755\" data-end=\"812\">Smooth and continuous wire feeding, reducing downtime<\/li><li data-section-id=\"17oaom\" data-start=\"813\" data-end=\"867\">High welding efficiency, ideal for mass production<\/li><li data-section-id=\"7umpx2\" data-start=\"868\" data-end=\"899\">Stable arc with low spatter<\/li><li data-section-id=\"wt3lpm\" data-start=\"900\" data-end=\"934\">Excellent weld bead appearance<\/li><li data-section-id=\"1vf3tgp\" data-start=\"935\" data-end=\"965\">Hi\u1ec7u su\u1ea5t l\u1eafng \u0111\u1ecdng cao<\/li><li data-section-id=\"shcl8x\" data-start=\"966\" data-end=\"1015\">Consistent and reliable mechanical properties<\/li><li data-section-id=\"1f599vw\" data-start=\"1016\" data-end=\"1065\">Suitable for long-duration continuous welding<\/li><\/ul>\t\t\t\t\t\t\t\t<\/div>\n\t\t\t\t<\/div>\n\t\t\t\t<\/div>\n\t\t<div class=\"elementor-element elementor-element-346b28eb e-con-full e-flex e-con e-child\" data-id=\"346b28eb\" data-element_type=\"container\" data-e-type=\"container\">\n\t\t\t\t<div class=\"elementor-element elementor-element-7439453a elementor-widget elementor-widget-heading\" data-id=\"7439453a\" data-element_type=\"widget\" data-e-type=\"widget\" data-widget_type=\"heading.default\">\n\t\t\t\t<div class=\"elementor-widget-container\">\n\t\t\t\t\t<h2 class=\"elementor-heading-title elementor-size-default\">Advanced High-Strength Options<\/h2>\t\t\t\t<\/div>\n\t\t\t\t<\/div>\n\t\t\t\t<div class=\"elementor-element elementor-element-48fe16b8 elementor-widget elementor-widget-text-editor\" data-id=\"48fe16b8\" data-element_type=\"widget\" data-e-type=\"widget\" data-widget_type=\"text-editor.default\">\n\t\t\t\t<div class=\"elementor-widget-container\">\n\t\t\t\t\t\t\t\t\t<p data-start=\"1110\" data-end=\"1181\">We have developed high-strength drum packed welding wires, including:<\/p><ul data-start=\"1182\" data-end=\"1251\"><li data-section-id=\"1bcdkqs\" data-start=\"1182\" data-end=\"1216\"><strong data-start=\"1184\" data-end=\"1214\">600 MPa grade welding wire<\/strong><\/li><li data-section-id=\"zrgjvp\" data-start=\"1217\" data-end=\"1251\"><strong data-start=\"1219\" data-end=\"1249\">700 MPa grade welding wire<\/strong><\/li><\/ul><p data-start=\"1253\" data-end=\"1324\">These products are designed for mixed gas shielded welding and offer:<\/p><ul data-start=\"1325\" data-end=\"1454\"><li data-section-id=\"1lw4x0v\" data-start=\"1325\" data-end=\"1350\">High tensile strength<\/li><li data-section-id=\"tq1hfw\" data-start=\"1351\" data-end=\"1387\">Excellent deposition performance<\/li><li data-section-id=\"jg0l1g\" data-start=\"1388\" data-end=\"1426\">Stable arc and feeding performance<\/li><li data-section-id=\"o8r618\" data-start=\"1427\" data-end=\"1454\">Superior weld formation<\/li><\/ul>\t\t\t\t\t\t\t\t<\/div>\n\t\t\t\t<\/div>\n\t\t\t\t<\/div>\n\t\t<div class=\"elementor-element elementor-element-60aa9ac3 e-con-full e-flex e-con e-child\" data-id=\"60aa9ac3\" data-element_type=\"container\" data-e-type=\"container\">\n\t\t\t\t<div class=\"elementor-element elementor-element-5a326463 elementor-widget elementor-widget-heading\" data-id=\"5a326463\" data-element_type=\"widget\" data-e-type=\"widget\" data-widget_type=\"heading.default\">\n\t\t\t\t<div class=\"elementor-widget-container\">\n\t\t\t\t\t<h2 class=\"elementor-heading-title elementor-size-default\">\u1ee8ng d\u1ee5ng<\/h2>\t\t\t\t<\/div>\n\t\t\t\t<\/div>\n\t\t\t\t<div class=\"elementor-element elementor-element-47375fc8 elementor-widget elementor-widget-text-editor\" data-id=\"47375fc8\" data-element_type=\"widget\" data-e-type=\"widget\" data-widget_type=\"text-editor.default\">\n\t\t\t\t<div class=\"elementor-widget-container\">\n\t\t\t\t\t\t\t\t\t<p data-start=\"1757\" data-end=\"1790\">This product is widely used in:<\/p><ul data-start=\"1791\" data-end=\"1995\"><li data-section-id=\"mo1eui\" data-start=\"1791\" data-end=\"1830\">Large-scale equipment manufacturing<\/li><li data-section-id=\"aekkfc\" data-start=\"1831\" data-end=\"1871\">Nuclear power infrastructure welding<\/li><li data-section-id=\"1e73b38\" data-start=\"1872\" data-end=\"1902\">Long seam welding projects<\/li><li data-section-id=\"filrav\" data-start=\"1903\" data-end=\"1944\">Robotic and automated welding systems<\/li><li data-section-id=\"5wr5k4\" data-start=\"1945\" data-end=\"1995\">Heavy industry and steel structure fabrication<\/li><\/ul>\t\t\t\t\t\t\t\t<\/div>\n\t\t\t\t<\/div>\n\t\t\t\t<\/div>\n\t\t<div class=\"elementor-element elementor-element-710d1e0f e-con-full e-flex e-con e-child\" data-id=\"710d1e0f\" data-element_type=\"container\" data-e-type=\"container\">\n\t\t\t\t<div class=\"elementor-element elementor-element-26fe0dd3 elementor-widget elementor-widget-heading\" data-id=\"26fe0dd3\" data-element_type=\"widget\" data-e-type=\"widget\" data-widget_type=\"heading.default\">\n\t\t\t\t<div class=\"elementor-widget-container\">\n\t\t\t\t\t<h2 class=\"elementor-heading-title elementor-size-default\">\u01afu \u0111i\u1ec3m c\u1ee7a s\u1ea3n ph\u1ea9m<\/h2>\t\t\t\t<\/div>\n\t\t\t\t<\/div>\n\t\t\t\t<div class=\"elementor-element elementor-element-58d71055 elementor-widget elementor-widget-text-editor\" data-id=\"58d71055\" data-element_type=\"widget\" data-e-type=\"widget\" data-widget_type=\"text-editor.default\">\n\t\t\t\t<div class=\"elementor-widget-container\">\n\t\t\t\t\t\t\t\t\t<ul><li data-section-id=\"ctszs3\" data-start=\"2020\" data-end=\"2067\">Reduce labor costs and improve productivity<\/li><li data-section-id=\"1him1ph\" data-start=\"2068\" data-end=\"2105\">Ensure consistent welding quality<\/li><li data-section-id=\"1jzafke\" data-start=\"2106\" data-end=\"2157\">Suitable for continuous, high-volume operations<\/li><li data-section-id=\"16t2omi\" data-start=\"2158\" data-end=\"2202\">Improve overall manufacturing efficiency<\/li><\/ul>\t\t\t\t\t\t\t\t<\/div>\n\t\t\t\t<\/div>\n\t\t\t\t<\/div>\n\t\t\t\t<\/div>\n\t\t\t\t<\/div>\n\t\t\t\t\t<\/div>\n\t\t\t\t<\/div>\n\t\t\t\t<\/div>","protected":false},"excerpt":{"rendered":"<p>High-quality drum packed welding wire with smooth feeding, stable arc, and high efficiency. Ideal for robotic and automated welding applications in heavy industry.<\/p>","protected":false},"featured_media":9469,"comment_status":"closed","ping_status":"closed","template":"","meta":{"_seopress_robots_primary_cat":"none","_seopress_titles_title":"Drum Packed Welding Wire | High Efficiency MIG Wire for Automated Welding","_seopress_titles_desc":"High-quality drum packed welding wire with smooth feeding, stable arc, and high efficiency. Ideal for robotic and automated welding applications in heavy industry.","_seopress_robots_index":"","site-sidebar-layout":"default","site-content-layout":"","ast-site-content-layout":"default","site-content-style":"default","site-sidebar-style":"default","ast-global-header-display":"","ast-banner-title-visibility":"","ast-main-header-display":"","ast-hfb-above-header-display":"","ast-hfb-below-header-display":"","ast-hfb-mobile-header-display":"","site-post-title":"","ast-breadcrumbs-content":"","ast-featured-img":"","footer-sml-layout":"","theme-transparent-header-meta":"default","adv-header-id-meta":"","stick-header-meta":"default","header-above-stick-meta":"","header-main-stick-meta":"","header-below-stick-meta":"","astra-migrate-meta-layouts":"set","ast-page-background-enabled":"default","ast-page-background-meta":{"desktop":{"background-color":"var(--ast-global-color-4)","background-image":"","background-repeat":"repeat","background-position":"center center","background-size":"auto","background-attachment":"scroll","background-type":"","background-media":"","overlay-type":"","overlay-color":"","overlay-opacity":"","overlay-gradient":""},"tablet":{"background-color":"","background-image":"","background-repeat":"repeat","background-position":"center center","background-size":"auto","background-attachment":"scroll","background-type":"","background-media":"","overlay-type":"","overlay-color":"","overlay-opacity":"","overlay-gradient":""},"mobile":{"background-color":"","background-image":"","background-repeat":"repeat","background-position":"center center","background-size":"auto","background-attachment":"scroll","background-type":"","background-media":"","overlay-type":"","overlay-color":"","overlay-opacity":"","overlay-gradient":""}},"ast-content-background-meta":{"desktop":{"background-color":"var(--ast-global-color-5)","background-image":"","background-repeat":"repeat","background-position":"center center","background-size":"auto","background-attachment":"scroll","background-type":"","background-media":"","overlay-type":"","overlay-color":"","overlay-opacity":"","overlay-gradient":""},"tablet":{"background-color":"var(--ast-global-color-5)","background-image":"","background-repeat":"repeat","background-position":"center center","background-size":"auto","background-attachment":"scroll","background-type":"","background-media":"","overlay-type":"","overlay-color":"","overlay-opacity":"","overlay-gradient":""},"mobile":{"background-color":"var(--ast-global-color-5)","background-image":"","background-repeat":"repeat","background-position":"center center","background-size":"auto","background-attachment":"scroll","background-type":"","background-media":"","overlay-type":"","overlay-color":"","overlay-opacity":"","overlay-gradient":""}}},"product_brand":[],"product_cat":[102],"product_tag":[],"class_list":{"0":"post-9466","1":"product","2":"type-product","3":"status-publish","4":"has-post-thumbnail","6":"product_cat-drum-packed-welding-wire","7":"desktop-align-center","8":"tablet-align-left","9":"mobile-align-left","10":"ast-product-gallery-layout-horizontal-slider","11":"ast-product-tabs-layout-horizontal","13":"first","14":"instock","15":"shipping-taxable","16":"product-type-simple"},"_links":{"self":[{"href":"https:\/\/www.sxwelding.com\/vi\/wp-json\/wp\/v2\/product\/9466","targetHints":{"allow":["GET"]}}],"collection":[{"href":"https:\/\/www.sxwelding.com\/vi\/wp-json\/wp\/v2\/product"}],"about":[{"href":"https:\/\/www.sxwelding.com\/vi\/wp-json\/wp\/v2\/types\/product"}],"replies":[{"embeddable":true,"href":"https:\/\/www.sxwelding.com\/vi\/wp-json\/wp\/v2\/comments?post=9466"}],"wp:featuredmedia":[{"embeddable":true,"href":"https:\/\/www.sxwelding.com\/vi\/wp-json\/wp\/v2\/media\/9469"}],"wp:attachment":[{"href":"https:\/\/www.sxwelding.com\/vi\/wp-json\/wp\/v2\/media?parent=9466"}],"wp:term":[{"taxonomy":"product_brand","embeddable":true,"href":"https:\/\/www.sxwelding.com\/vi\/wp-json\/wp\/v2\/product_brand?post=9466"},{"taxonomy":"product_cat","embeddable":true,"href":"https:\/\/www.sxwelding.com\/vi\/wp-json\/wp\/v2\/product_cat?post=9466"},{"taxonomy":"product_tag","embeddable":true,"href":"https:\/\/www.sxwelding.com\/vi\/wp-json\/wp\/v2\/product_tag?post=9466"}],"curies":[{"name":"wp","href":"https:\/\/api.w.org\/{rel}","templated":true}]}}